{"id":996,"date":"2024-01-27T23:43:19","date_gmt":"2024-01-27T22:43:19","guid":{"rendered":"https:\/\/www.interactiv-technologies.com\/?page_id=996"},"modified":"2025-06-13T14:27:58","modified_gmt":"2025-06-13T12:27:58","slug":"essai-gratuit-avec-votre-pdf-interactiv-doc-flipbooks","status":"publish","type":"page","link":"https:\/\/www.interactiv-technologies.com\/fr\/catalogue-interactif\/formulaire-essai-gratuit-flipbooks\/","title":{"rendered":"Formulaire Essai Gratuit Interactiv&rsquo; Doc"},"content":{"rendered":"\n<div class=\"wp-block-group alignfull has-vert-accent-background-color has-background has-global-padding is-layout-constrained wp-block-group-is-layout-constrained\" style=\"padding-top:var(--wp--preset--spacing--40);padding-bottom:var(--wp--preset--spacing--60)\">\n<div class=\"wp-block-group alignwide has-blanc-color has-text-color has-link-color has-small-font-size wp-elements-bf8c93ea3ef9660c3f317439d4e72dba has-global-padding is-layout-constrained wp-block-group-is-layout-constrained\"><div class=\"alignwide wp-block-wpseopress-breadcrumbs\"><nav  aria-label=\"Fil d&#039;Ariane\"><ol class=\"breadcrumb\" itemscope itemtype=\"https:\/\/schema.org\/BreadcrumbList\"><li class=\"breadcrumb-item active\" aria-current=\"page\" itemprop=\"itemListElement\" itemscope itemtype=\"https:\/\/schema.org\/ListItem\"><span itemprop=\"name\">Accueil<\/span><meta itemprop=\"position\" content=\"1\"><\/li><\/ol><\/nav><\/div><\/div>\n\n\n\n<h1 class=\"wp-block-heading has-text-align-center has-blanc-color has-text-color has-link-color wp-elements-42c02f7655b655dc676de2c4f7dcb229\">Essai gratuit avec votre PDF &#8211; Interactiv&rsquo; Doc (flipbooks)<\/h1>\n<\/div>\n\n\n\n<div class=\"wp-block-columns is-layout-flex wp-container-core-columns-is-layout-12a0b04b wp-block-columns-is-layout-flex\" style=\"padding-top:var(--wp--preset--spacing--40)\">\n<div class=\"wp-block-column is-layout-flow wp-block-column-is-layout-flow\" style=\"flex-basis:66.66%\">\n<h2 class=\"wp-block-heading\">Testez gratuitement notre logiciel de flipbook interactif \u00e9volu\u00e9<\/h2>\n\n\n\n<p>Vous cherchez une solution facile \u00e0 prendre en main pour diffuser efficacement votre catalogue produits, votre brochure ou tout autre document ? Essayez notre plateforme <strong><a href=\"https:\/\/www.interactiv-technologies.com\/fr\/catalogue-interactif\/\"><mark style=\"background-color:rgba(0, 0, 0, 0)\" class=\"has-inline-color has-vert-accent-color\">Interactiv&rsquo; Doc<\/mark><\/a><\/strong> qui transforme votre document en un flipbook interactif feuilletable et moderne.<\/p>\n\n\n\n<p><strong>Pour ce faire, remplissez le formulaire ci-contre<\/strong> avec vos coordonn\u00e9es et ajoutez votre fichier pour le d\u00e9couvrir sous une version interactive et personnalis\u00e9e aux couleurs de votre identit\u00e9 visuelle.<\/p>\n\n\n\n<p><em>La dur\u00e9e du t\u00e9l\u00e9chargement de votre fichier d\u00e9pend de sa taille et peut prendre plusieurs minutes.<\/em><\/p>\n\n\n\n<p><strong>En tant qu\u2019\u00e9diteur et int\u00e9grateur fran\u00e7ais<\/strong>, notre solution logicielle est d\u00e9velopp\u00e9e et d\u00e9ploy\u00e9e directement par notre \u00e9quipe d\u2019experts en interne. Dot\u00e9 d&rsquo;une offre compl\u00e8te de logiciels et de services autour de la gestion de l\u2019information produits, nous mettons \u00e0 votre disposition notre expertise m\u00e9tier pour vous accompagner de A \u00e0 Z dans la r\u00e9alisation de votre projet.<\/p>\n<\/div>\n\n\n\n<div class=\"wp-block-column is-layout-flow wp-block-column-is-layout-flow\" style=\"flex-basis:33.33%\">\n<div class=\"wp-block-group has-global-padding is-layout-constrained wp-block-group-is-layout-constrained\">\n<form class=\"wp-block-interactiv-technologies-it-form needs-validation it-pattern-form-simple it-pattern-form-simple--file it-pattern-card\" novalidate action=\"\" method=\"post\" enctype=\"multipart\/form-data\"><div class=\"it-form-ribbon\">D\u00e9di\u00e9 aux professionnels<\/div>\n<p class=\"it-form-title\">Testez gratuitement<\/p>\n\n\n\n<div class=\"wp-block-group has-global-padding is-layout-constrained wp-container-core-group-is-layout-7bc66994 wp-block-group-is-layout-constrained\">\n<div class=\"wp-block-interactiv-technologies-it-field it-form-field it-form-field-status it-form-field--required it-form-field--is-floating form-floating is-style-floating\" data-field-name=\"status\" data-field-type=\"status\" data-field-label=\"Vous \u00eates\" data-field-required=\"true\"><select id=\"it_form_status\" class=\"it-form-field-control form-select\" name=\"status\" required><option value=\"\" disabled selected>S\u00e9lectionner un statut<\/option><option value=\"company\">Une soci\u00e9t\u00e9<\/option><option value=\"agency\">Une agence<\/option><option value=\"freelance\">Un(e) freelance<\/option><option value=\"association\">Une association<\/option><option value=\"individual\">Un particulier<\/option><\/select><label class=\"it-form-field-label\" for=\"it_form_status\">Vous \u00eates<\/label><div class=\"invalid-feedback\"><\/div><\/div>\n\n\n\n<div class=\"wp-block-interactiv-technologies-it-field it-form-field it-form-field-text it-form-field--is-floating form-floating is-style-floating\" data-field-name=\"society\" data-field-type=\"text\" data-field-label=\"Soci\u00e9t\u00e9\" data-field-required=\"false\"><input id=\"it_form_society\" class=\"it-form-field-control form-control\" type=\"text\" name=\"society\" placeholder=\"Soci\u00e9t\u00e9\"\/><label class=\"it-form-field-label\" for=\"it_form_society\">Soci\u00e9t\u00e9<\/label><div class=\"invalid-feedback\"><\/div><\/div>\n\n\n\n<div class=\"wp-block-interactiv-technologies-it-field it-form-field it-form-field-text it-form-field--required it-form-field--is-floating form-floating is-style-floating\" data-field-name=\"identity\" data-field-type=\"text\" data-field-label=\"Nom Pr\u00e9nom\" data-field-required=\"true\"><input id=\"it_form_identity\" class=\"it-form-field-control form-control\" type=\"text\" name=\"identity\" placeholder=\"Nom Pr\u00e9nom\" required\/><label class=\"it-form-field-label\" for=\"it_form_identity\">Nom Pr\u00e9nom<\/label><div class=\"invalid-feedback\"><\/div><\/div>\n\n\n\n<div class=\"wp-block-interactiv-technologies-it-field it-form-field it-form-field-email it-form-field--required it-form-field--is-floating form-floating is-style-floating\" data-field-name=\"mail\" data-field-type=\"email\" data-field-label=\"E-mail\" data-field-required=\"true\"><input id=\"it_form_mail\" class=\"it-form-field-control form-control\" type=\"email\" name=\"mail\" placeholder=\"\" required\/><label class=\"it-form-field-label\" for=\"it_form_mail\">E-mail<\/label><div class=\"invalid-feedback\"><\/div><\/div>\n\n\n\n<div class=\"wp-block-interactiv-technologies-it-field it-form-field it-form-field-text it-form-field--required it-form-field--is-floating form-floating is-style-floating\" data-field-name=\"phone\" data-field-type=\"text\" data-field-label=\"T\u00e9l\u00e9phone\" data-field-required=\"true\"><input id=\"it_form_phone\" class=\"it-form-field-control form-control\" type=\"text\" name=\"phone\" placeholder=\"T\u00e9l\u00e9phone\" required\/><label class=\"it-form-field-label\" for=\"it_form_phone\">T\u00e9l\u00e9phone<\/label><div class=\"invalid-feedback\"><\/div><\/div>\n\n\n\n<div class=\"wp-block-interactiv-technologies-it-field it-form-field it-form-field-file it-form-field--is-stacked is-style-stacked\" data-field-name=\"pdf\" data-field-type=\"file\" data-field-label=\"Chargez votre fichier (facultatif)\" data-field-required=\"false\" style=\"margin-top:var(--wp--preset--spacing--40)\"><input type=\"hidden\" class=\"it-form-field-control-accept\" name=\"pdf_accept\" value=\"\"\/><input id=\"it_form_pdf\" class=\"it-form-field-control form-control\" type=\"file\" name=\"pdf\" accept=\"\"\/><label class=\"it-form-field-label\" for=\"it_form_pdf\">Chargez votre fichier (facultatif)<\/label><div class=\"invalid-feedback\"><\/div><\/div>\n\n\n\n<div class=\"wp-block-interactiv-technologies-it-field it-form-field it-form-field-consent it-form-field--consent form-check it-form-field--required\" data-field-name=\"consent\" data-field-type=\"consent\" data-field-label=\"\" data-field-required=\"true\" style=\"margin-top:var(--wp--preset--spacing--30)\"><input id=\"it_form_consent\" class=\"it-form-field-control form-check-input\" type=\"checkbox\" name=\"consent\" value=\"ok\" required\/><label class=\"it-form-field-inputs-label form-check-label\" for=\"it_form_consent\">En soumettant ce formulaire, j\u2019accepte que les informations saisies soient exploit\u00e9es dans le cadre de la demande de d\u00e9monstration et la relation commerciale qui peut en d\u00e9couler.<br \/>\r\nPour connaitre et exercer vos droits, veuillez consulter notre <a href=\"https:\/\/www.interactiv-technologies.com\/fr\/politique-de-confidentialite-relative-aux-donnees-personnelles\/\">politique de confidentialit\u00e9<\/a>.<\/label><div class=\"invalid-feedback\"><\/div><\/div>\n<\/div>\n<div class=\"wp-block-interactiv-technologies-it-field it-form-field it-form-field-email it-form-field--is-floating form-floating is-style-floating hasNoName\" data-field-name=\"mail_double_check\" data-field-type=\"email\" data-field-label=\"Enter email again\" data-field-required=\"false\"><input class=\"it-form-field-control form-control\" type=\"email\" name=\"mail_double_check\" id=\"it_form_mail_double_check\" placeholder=\"Enter email again\"\/><label class=\"it-form-field-label\" for=\"it_form_mail_double_check\">Enter email again<\/label><div class=\"invalid-feedback\"><\/div><\/div><input type=\"hidden\" name=\"name\" value=\"Testez gratuitement\"\/><input type=\"hidden\" name=\"product\" value=\"itdoc\"\/><input type=\"hidden\" name=\"tpl\" value=\"2711\"\/><input type=\"hidden\" name=\"landing\" value=\"950\"\/><button class=\"btn-form-submit it-form-submit-btn\" type=\"submit\">Je valide<\/button><input type=\"hidden\" id=\"_wpnonce\" name=\"_wpnonce\" value=\"a283542e01\" \/><input type=\"hidden\" name=\"_wp_http_referer\" value=\"\/fr\/wp-json\/wp\/v2\/pages\/996\" \/><\/form>\n<\/div>\n<\/div>\n<\/div>\n","protected":false},"excerpt":{"rendered":"<p>Essai gratuit avec votre PDF &#8211; Interactiv&rsquo; Doc (flipbooks) Testez gratuitement notre logiciel de flipbook interactif \u00e9volu\u00e9 Vous cherchez une solution facile \u00e0 prendre en main pour diffuser efficacement votre catalogue produits, votre brochure ou tout autre document ? Essayez notre plateforme Interactiv&rsquo; Doc qui transforme votre document en un flipbook interactif feuilletable et moderne. [&hellip;]<\/p>\n","protected":false},"author":2,"featured_media":0,"parent":1289,"menu_order":0,"comment_status":"closed","ping_status":"closed","template":"","meta":{"_seopress_robots_primary_cat":"","_seopress_titles_title":"%%post_title%% Flipbooks %%sep%% %%sitetitle%%","_seopress_titles_desc":"Obtenez votre essai gratuit d'Interactiv' Doc, notre solution pour des catalogues \/ flipbooks interactifs sur cette page","_seopress_robots_index":"","_it_page_product":"ITDoc","_it_call_to_action":["{\"text\":\"Demandez une d\u00e9mo\",\"url\":\"\/fr\/catalogue-interactif\/formulaire-demonstration-flipbooks\/\"}","{\"text\":\"Obtenez votre tarif\",\"url\":\"\/fr\/catalogue-interactif\/prix-devis-flipbook\/\"}","{\"text\":\"\",\"url\":\"\"}","{\"text\":\"\",\"url\":\"\"}"],"footnotes":""},"class_list":["post-996","page","type-page","status-publish","hentry"],"_links":{"self":[{"href":"https:\/\/www.interactiv-technologies.com\/fr\/wp-json\/wp\/v2\/pages\/996","targetHints":{"allow":["GET"]}}],"collection":[{"href":"https:\/\/www.interactiv-technologies.com\/fr\/wp-json\/wp\/v2\/pages"}],"about":[{"href":"https:\/\/www.interactiv-technologies.com\/fr\/wp-json\/wp\/v2\/types\/page"}],"author":[{"embeddable":true,"href":"https:\/\/www.interactiv-technologies.com\/fr\/wp-json\/wp\/v2\/users\/2"}],"replies":[{"embeddable":true,"href":"https:\/\/www.interactiv-technologies.com\/fr\/wp-json\/wp\/v2\/comments?post=996"}],"version-history":[{"count":8,"href":"https:\/\/www.interactiv-technologies.com\/fr\/wp-json\/wp\/v2\/pages\/996\/revisions"}],"predecessor-version":[{"id":12438,"href":"https:\/\/www.interactiv-technologies.com\/fr\/wp-json\/wp\/v2\/pages\/996\/revisions\/12438"}],"up":[{"embeddable":true,"href":"https:\/\/www.interactiv-technologies.com\/fr\/wp-json\/wp\/v2\/pages\/1289"}],"wp:attachment":[{"href":"https:\/\/www.interactiv-technologies.com\/fr\/wp-json\/wp\/v2\/media?parent=996"}],"curies":[{"name":"wp","href":"https:\/\/api.w.org\/{rel}","templated":true}]}}