{"id":993,"date":"2024-01-27T23:40:49","date_gmt":"2024-01-27T22:40:49","guid":{"rendered":"https:\/\/www.interactiv-technologies.com\/?page_id=993"},"modified":"2024-07-22T15:08:58","modified_gmt":"2024-07-22T13:08:58","slug":"test-un-pim-est-il-adapte-a-votre-entreprise","status":"publish","type":"page","link":"https:\/\/www.interactiv-technologies.com\/fr\/base-de-donnees-produits-pim\/test-pim-adapte-entreprise\/","title":{"rendered":"Test : PIM adapt\u00e9 \u00e0 votre entreprise ?"},"content":{"rendered":"\n<div class=\"wp-block-group alignfull has-rouge-accent-background-color has-background has-global-padding is-layout-constrained wp-block-group-is-layout-constrained\" style=\"padding-top:var(--wp--preset--spacing--40);padding-bottom:var(--wp--preset--spacing--60)\">\n<div class=\"wp-block-group alignwide has-blanc-color has-text-color has-link-color has-small-font-size wp-elements-c841a1b92e5602c57e0ccc8a7ec884c5 has-global-padding is-layout-constrained wp-block-group-is-layout-constrained\"><div class=\"alignwide wp-block-wpseopress-breadcrumbs\"><nav  aria-label=\"Fil d&#039;Ariane\"><ol class=\"breadcrumb\" itemscope itemtype=\"https:\/\/schema.org\/BreadcrumbList\"><li class=\"breadcrumb-item active\" aria-current=\"page\" itemprop=\"itemListElement\" itemscope itemtype=\"https:\/\/schema.org\/ListItem\"><span itemprop=\"name\">Accueil<\/span><meta itemprop=\"position\" content=\"1\"><\/li><\/ol><\/nav><\/div><\/div>\n\n\n\n<h1 class=\"wp-block-heading has-text-align-center has-blanc-color has-text-color has-link-color wp-elements-ce67b9fec692f95335b00f37a2519444\">Test : un PIM est-il adapt\u00e9 \u00e0 votre entreprise ? <\/h1>\n<\/div>\n\n\n\n<div class=\"wp-block-media-text alignwide has-media-on-the-right is-stacked-on-mobile\" style=\"margin-top:0;margin-right:0;margin-bottom:0;margin-left:0;padding-top:0;padding-right:var(--wp--preset--spacing--80);padding-bottom:0;padding-left:0;grid-template-columns:auto 25%\"><div class=\"wp-block-media-text__content\">\n<h2 class=\"wp-block-heading\">Faites le test pour le savoir<\/h2>\n\n\n\n<p>La 1\u00e8re \u00e9tape avant de se renseigner sur l\u2019acquisition d\u2019un PIM est d\u00e9j\u00e0 de savoir si un PIM sera utile \u00e0 votre entreprise.<\/p>\n\n\n\n<p>C\u2019est pourquoi, nous vous proposons&nbsp;<strong>d\u2019analyser rapidement<\/strong>&nbsp;vos besoins et ainsi de vous indiquer si un PIM peut \u00eatre adapt\u00e9 \u00e0 votre soci\u00e9t\u00e9.&nbsp;<strong>C\u2019est gratuit et \u00e7a ne vous engage \u00e0 rien.<\/strong><\/p>\n\n\n\n<p>En&nbsp;<strong>3 minutes<\/strong>, r\u00e9pondez aux&nbsp;<strong>5 questions<\/strong>&nbsp;ci-dessous.<\/p>\n\n\n\n<p>Remarque : vous ne souhaitez pas r\u00e9pondre aux questions ? Remplissez alors&nbsp;uniquement vos coordonn\u00e9es.<\/p>\n\n\n\n<p><em>Si vous ins\u00e9rez votre PDF \u00e0 la question 5, la dur\u00e9e du t\u00e9l\u00e9chargement de votre fichier (qui d\u00e9pend de sa taille) peut prendre plusieurs minutes<\/em><\/p>\n<\/div><figure class=\"wp-block-media-text__media\"><img loading=\"lazy\" decoding=\"async\" width=\"500\" height=\"258\" src=\"https:\/\/www.interactiv-technologies.com\/app\/uploads\/2024\/01\/PIm-adapte-a-votre-entreprise-PNG.png\" alt=\"\" class=\"wp-image-994 size-full\" srcset=\"https:\/\/www.interactiv-technologies.com\/app\/uploads\/2024\/01\/PIm-adapte-a-votre-entreprise-PNG.png 500w, https:\/\/www.interactiv-technologies.com\/app\/uploads\/2024\/01\/PIm-adapte-a-votre-entreprise-PNG-300x155.png 300w\" sizes=\"auto, (max-width: 500px) 100vw, 500px\" \/><\/figure><\/div>\n\n\n\n<div class=\"wp-block-group has-global-padding is-layout-constrained wp-block-group-is-layout-constrained\">\n<section class=\"wp-block-group it-pattern-card it-pattern-form-test-container it-pattern-form-test-container--database is-layout-flow wp-block-group-is-layout-flow\">\n<h2 class=\"wp-block-heading has-text-align-center has-medium-font-size\">Test : un PIM est-il adapt\u00e9 \u00e0 votre entreprise ?<\/h2>\n\n\n\n<form class=\"wp-block-interactiv-technologies-it-form needs-validation it-pattern-form-test it-pattern-form-test--database\" novalidate action=\"\" method=\"post\" enctype=\"multipart\/form-data\">\n<div class=\"wp-block-columns is-layout-flex wp-container-core-columns-is-layout-28f84493 wp-block-columns-is-layout-flex\">\n<div class=\"wp-block-column is-layout-flow wp-block-column-is-layout-flow\" style=\"flex-basis:35%\">\n<p class=\"it-pattern-form-price-estimate-big-number has-large-font-size\">#1<\/p>\n\n\n\n<p>Combien de r\u00e9f\u00e9rences produits commercialisez-vous ?<\/p>\n\n\n\n<p>(facultatif)<\/p>\n<\/div>\n\n\n\n<div class=\"wp-block-column is-vertically-aligned-center is-layout-flow wp-block-column-is-layout-flow\">\n<div class=\"wp-block-interactiv-technologies-it-field it-form-field it-form-field-radio it-form-field--is-stacked is-style-stacked\" data-field-name=\"nbreferences\" data-field-type=\"radio\" data-field-label=\"\" data-field-required=\"false\"><div id=\"it_form_nbreferences\" class=\"it-form-field-control it-form-field-radio-inputs it-form-field-checkinputs it-form-field-checkinputs--column\"><div class=\"form-check\"><input class=\"it-form-field-inputs-control form-check-input\" type=\"radio\" name=\"nbreferences\" value=\"Je ne sais pas\" id=\"it_form_nbreferences_je_ne_sais_pas\"\/><label class=\"it-form-field-inputs-label form-check-label\" for=\"it_form_nbreferences_je_ne_sais_pas\">Je ne sais pas<\/label><\/div><div class=\"form-check\"><input class=\"it-form-field-inputs-control form-check-input\" type=\"radio\" name=\"nbreferences\" value=\"0\" id=\"it_form_nbreferences_0\"\/><label class=\"it-form-field-inputs-label form-check-label\" for=\"it_form_nbreferences_0\">0<\/label><\/div><div class=\"form-check\"><input class=\"it-form-field-inputs-control form-check-input\" type=\"radio\" name=\"nbreferences\" value=\"Entre 1 et 200\" id=\"it_form_nbreferences_entre_1_et_200\"\/><label class=\"it-form-field-inputs-label form-check-label\" for=\"it_form_nbreferences_entre_1_et_200\">Entre 1 et 200<\/label><\/div><div class=\"form-check\"><input class=\"it-form-field-inputs-control form-check-input\" type=\"radio\" name=\"nbreferences\" value=\"Entre 200 et 1 000\" id=\"it_form_nbreferences_entre_200_et_1_000\"\/><label class=\"it-form-field-inputs-label form-check-label\" for=\"it_form_nbreferences_entre_200_et_1_000\">Entre 200 et 1 000<\/label><\/div><div class=\"form-check\"><input class=\"it-form-field-inputs-control form-check-input\" type=\"radio\" name=\"nbreferences\" value=\"Entre 1 000 et 10 000\" id=\"it_form_nbreferences_entre_1_000_et_10_000\"\/><label class=\"it-form-field-inputs-label form-check-label\" for=\"it_form_nbreferences_entre_1_000_et_10_000\">Entre 1 000 et 10 000<\/label><\/div><div class=\"form-check\"><input class=\"it-form-field-inputs-control form-check-input\" type=\"radio\" name=\"nbreferences\" value=\"Entre 10 000 et 30 000\" id=\"it_form_nbreferences_entre_10_000_et_30_000\"\/><label class=\"it-form-field-inputs-label form-check-label\" for=\"it_form_nbreferences_entre_10_000_et_30_000\">Entre 10 000 et 30 000<\/label><\/div><div class=\"form-check\"><input class=\"it-form-field-inputs-control form-check-input\" type=\"radio\" name=\"nbreferences\" value=\"Entre 30 000 et 50 000\" id=\"it_form_nbreferences_entre_30_000_et_50_000\"\/><label class=\"it-form-field-inputs-label form-check-label\" for=\"it_form_nbreferences_entre_30_000_et_50_000\">Entre 30 000 et 50 000<\/label><\/div><div class=\"form-check\"><input class=\"it-form-field-inputs-control form-check-input\" type=\"radio\" name=\"nbreferences\" value=\"Plus de 50 000\" id=\"it_form_nbreferences_plus_de_50_000\"\/><label class=\"it-form-field-inputs-label form-check-label\" for=\"it_form_nbreferences_plus_de_50_000\">Plus de 50 000<\/label><\/div><\/div><div class=\"invalid-feedback\"><\/div><\/div>\n<\/div>\n<\/div>\n\n\n\n<div class=\"wp-block-columns is-layout-flex wp-container-core-columns-is-layout-28f84493 wp-block-columns-is-layout-flex\">\n<div class=\"wp-block-column is-layout-flow wp-block-column-is-layout-flow\" style=\"flex-basis:35%\">\n<p class=\"it-pattern-form-price-estimate-big-number has-large-font-size\">#2<\/p>\n\n\n\n<p>Combien de collaborateurs de votre entreprise ont besoin d\u2019acc\u00e9der aux donn\u00e9es produits ?<\/p>\n\n\n\n<p>(facultatif)<\/p>\n<\/div>\n\n\n\n<div class=\"wp-block-column is-vertically-aligned-center is-layout-flow wp-block-column-is-layout-flow\">\n<div class=\"wp-block-interactiv-technologies-it-field it-form-field it-form-field-radio\" data-field-name=\"nbcollaborateurs\" data-field-type=\"radio\" data-field-label=\"\" data-field-required=\"false\"><div id=\"it_form_nbcollaborateurs\" class=\"it-form-field-control it-form-field-radio-inputs it-form-field-checkinputs it-form-field-checkinputs--column\"><div class=\"form-check\"><input class=\"it-form-field-inputs-control form-check-input\" type=\"radio\" name=\"nbcollaborateurs\" value=\"Je ne sais pas\" id=\"it_form_nbcollaborateurs_je_ne_sais_pas\"\/><label class=\"it-form-field-inputs-label form-check-label\" for=\"it_form_nbcollaborateurs_je_ne_sais_pas\">Je ne sais pas<\/label><\/div><div class=\"form-check\"><input class=\"it-form-field-inputs-control form-check-input\" type=\"radio\" name=\"nbcollaborateurs\" value=\"Moins de 3\" id=\"it_form_nbcollaborateurs_moins_de_3\"\/><label class=\"it-form-field-inputs-label form-check-label\" for=\"it_form_nbcollaborateurs_moins_de_3\">Moins de 3<\/label><\/div><div class=\"form-check\"><input class=\"it-form-field-inputs-control form-check-input\" type=\"radio\" name=\"nbcollaborateurs\" value=\"Entre 3 et 7\" id=\"it_form_nbcollaborateurs_entre_3_et_7\"\/><label class=\"it-form-field-inputs-label form-check-label\" for=\"it_form_nbcollaborateurs_entre_3_et_7\">Entre 3 et 7<\/label><\/div><div class=\"form-check\"><input class=\"it-form-field-inputs-control form-check-input\" type=\"radio\" name=\"nbcollaborateurs\" value=\"Entre 8 et 12\" id=\"it_form_nbcollaborateurs_entre_8_et_12\"\/><label class=\"it-form-field-inputs-label form-check-label\" for=\"it_form_nbcollaborateurs_entre_8_et_12\">Entre 8 et 12<\/label><\/div><div class=\"form-check\"><input class=\"it-form-field-inputs-control form-check-input\" type=\"radio\" name=\"nbcollaborateurs\" value=\"Entre 13 et 30\" id=\"it_form_nbcollaborateurs_entre_13_et_30\"\/><label class=\"it-form-field-inputs-label form-check-label\" for=\"it_form_nbcollaborateurs_entre_13_et_30\">Entre 13 et 30<\/label><\/div><div class=\"form-check\"><input class=\"it-form-field-inputs-control form-check-input\" type=\"radio\" name=\"nbcollaborateurs\" value=\"Plus de 30\" id=\"it_form_nbcollaborateurs_plus_de_30\"\/><label class=\"it-form-field-inputs-label form-check-label\" for=\"it_form_nbcollaborateurs_plus_de_30\">Plus de 30<\/label><\/div><\/div><div class=\"invalid-feedback\"><\/div><\/div>\n<\/div>\n<\/div>\n\n\n\n<div class=\"wp-block-columns is-layout-flex wp-container-core-columns-is-layout-28f84493 wp-block-columns-is-layout-flex\">\n<div class=\"wp-block-column is-layout-flow wp-block-column-is-layout-flow\" style=\"flex-basis:35%\">\n<p class=\"it-pattern-form-price-estimate-big-number has-large-font-size\">#3<\/p>\n\n\n\n<p>Quels sont les supports de diffusion de vos donn\u00e9es Produits ?<\/p>\n\n\n\n<p>(plusieurs r\u00e9ponses possibles)<\/p>\n<\/div>\n\n\n\n<div class=\"wp-block-column is-vertically-aligned-center is-layout-flow wp-block-column-is-layout-flow\">\n<div class=\"wp-block-interactiv-technologies-it-field it-form-field it-form-field-checkbox\" data-field-name=\"diffusion[]\" data-field-type=\"checkbox\" data-field-label=\"\" data-field-required=\"false\"><div id=\"it_form_diffusion\" class=\"it-form-field-control it-form-field-checkbox-inputs it-form-field-checkinputs it-form-field-checkinputs--column\"><div class=\"form-check\"><input class=\"it-form-field-inputs-control form-check-input\" type=\"checkbox\" name=\"diffusion[]\" value=\"Je ne sais pas\" id=\"it_form_diffusion_je_ne_sais_pas\"\/><label class=\"it-form-field-inputs-label form-check-label\" for=\"it_form_diffusion_je_ne_sais_pas\">Je ne sais pas<\/label><\/div><div class=\"form-check\"><input class=\"it-form-field-inputs-control form-check-input\" type=\"checkbox\" name=\"diffusion[]\" value=\"Catalogue g\u00e9n\u00e9ral\" id=\"it_form_diffusion_catalogue_g\u00e9n\u00e9ral\"\/><label class=\"it-form-field-inputs-label form-check-label\" for=\"it_form_diffusion_catalogue_g\u00e9n\u00e9ral\">Catalogue g\u00e9n\u00e9ral<\/label><\/div><div class=\"form-check\"><input class=\"it-form-field-inputs-control form-check-input\" type=\"checkbox\" name=\"diffusion[]\" value=\"Catalogue(s) sp\u00e9cifique(s)\" id=\"it_form_diffusion_catalogues_sp\u00e9cifiques\"\/><label class=\"it-form-field-inputs-label form-check-label\" for=\"it_form_diffusion_catalogues_sp\u00e9cifiques\">Catalogue(s) sp\u00e9cifique(s)<\/label><\/div><div class=\"form-check\"><input class=\"it-form-field-inputs-control form-check-input\" type=\"checkbox\" name=\"diffusion[]\" value=\"Fiche(s) technique(s)\" id=\"it_form_diffusion_fiches_techniques\"\/><label class=\"it-form-field-inputs-label form-check-label\" for=\"it_form_diffusion_fiches_techniques\">Fiche(s) technique(s)<\/label><\/div><div class=\"form-check\"><input class=\"it-form-field-inputs-control form-check-input\" type=\"checkbox\" name=\"diffusion[]\" value=\"Fiche(s) produit(s)\" id=\"it_form_diffusion_fiches_produits\"\/><label class=\"it-form-field-inputs-label form-check-label\" for=\"it_form_diffusion_fiches_produits\">Fiche(s) produit(s)<\/label><\/div><div class=\"form-check\"><input class=\"it-form-field-inputs-control form-check-input\" type=\"checkbox\" name=\"diffusion[]\" value=\"Site(s) Internet\" id=\"it_form_diffusion_sites_internet\"\/><label class=\"it-form-field-inputs-label form-check-label\" for=\"it_form_diffusion_sites_internet\">Site(s) Internet<\/label><\/div><div class=\"form-check\"><input class=\"it-form-field-inputs-control form-check-input\" type=\"checkbox\" name=\"diffusion[]\" value=\"Application(s) mobile(s)\" id=\"it_form_diffusion_applications_mobiles\"\/><label class=\"it-form-field-inputs-label form-check-label\" for=\"it_form_diffusion_applications_mobiles\">Application(s) mobile(s)<\/label><\/div><div class=\"form-check\"><input class=\"it-form-field-inputs-control form-check-input\" type=\"checkbox\" name=\"diffusion[]\" value=\"Place(s) de march\u00e9 (Amazon, Cdiscount, etc.)\" id=\"it_form_diffusion_places_de_march\u00e9_amazon_cdiscount_etc\"\/><label class=\"it-form-field-inputs-label form-check-label\" for=\"it_form_diffusion_places_de_march\u00e9_amazon_cdiscount_etc\">Place(s) de march\u00e9 (Amazon, Cdiscount, etc.)<\/label><\/div><div class=\"form-check\"><input class=\"it-form-field-inputs-control form-check-input\" type=\"checkbox\" name=\"diffusion[]\" value=\"Communication \u00e0 vos clients\" id=\"it_form_diffusion_communication_\u00e0_vos_clients\"\/><label class=\"it-form-field-inputs-label form-check-label\" for=\"it_form_diffusion_communication_\u00e0_vos_clients\">Communication \u00e0 vos clients<\/label><\/div><div class=\"form-check\"><input class=\"it-form-field-inputs-control form-check-input\" type=\"checkbox\" name=\"diffusion[]\" value=\"Autres\" id=\"it_form_diffusion_autres\"\/><label class=\"it-form-field-inputs-label form-check-label\" for=\"it_form_diffusion_autres\">Autres<\/label><\/div><\/div><div class=\"invalid-feedback\"><\/div><\/div>\n<\/div>\n<\/div>\n\n\n\n<div class=\"wp-block-columns is-layout-flex wp-container-core-columns-is-layout-28f84493 wp-block-columns-is-layout-flex\">\n<div class=\"wp-block-column is-layout-flow wp-block-column-is-layout-flow\" style=\"flex-basis:35%\">\n<p class=\"it-pattern-form-price-estimate-big-number has-large-font-size\">#4<\/p>\n\n\n\n<p>Quelle est l\u2019URL du site Internet o\u00f9 figurent vos produits ?<\/p>\n\n\n\n<p>(facultatif)<\/p>\n<\/div>\n\n\n\n<div class=\"wp-block-column is-vertically-aligned-center is-layout-flow wp-block-column-is-layout-flow\">\n<div class=\"wp-block-interactiv-technologies-it-field it-form-field it-form-field-text it-form-field--is-floating form-floating is-style-floating\" data-field-name=\"url\" data-field-type=\"text\" data-field-label=\"Indiquez votre URL\" data-field-required=\"false\"><input id=\"it_form_url\" class=\"it-form-field-control form-control\" type=\"text\" name=\"url\" placeholder=\"\"\/><label class=\"it-form-field-label\" for=\"it_form_url\">Indiquez votre URL<\/label><div class=\"invalid-feedback\"><\/div><\/div>\n<\/div>\n<\/div>\n\n\n\n<div class=\"wp-block-columns is-layout-flex wp-container-core-columns-is-layout-28f84493 wp-block-columns-is-layout-flex\">\n<div class=\"wp-block-column is-layout-flow wp-block-column-is-layout-flow\" style=\"flex-basis:35%\">\n<p class=\"it-pattern-form-price-estimate-big-number has-large-font-size\">#5<\/p>\n\n\n\n<p>Si vous avez des catalogues ou brochures avec des donn\u00e9es produits, vous pouvez ins\u00e9rer ici un exemple PDF :<\/p>\n\n\n\n<p>(facultatif)<\/p>\n<\/div>\n\n\n\n<div class=\"wp-block-column is-vertically-aligned-center is-layout-flow wp-block-column-is-layout-flow\">\n<div class=\"wp-block-interactiv-technologies-it-field it-form-field it-form-field-file it-form-field--is-stacked it-form-field--required is-style-stacked\" data-field-name=\"pdf\" data-field-type=\"file\" data-field-label=\"Chargez un document\" data-field-required=\"false\" style=\"margin-top:var(--wp--preset--spacing--40)\"><input type=\"hidden\" class=\"it-form-field-control-maxsize\" name=\"pdf_maxsize\" data-size-in-mbytes=\"100\" value=\"104857600\"\/><input type=\"hidden\" class=\"it-form-field-control-accept\" name=\"pdf_accept\" value=\"pdf\"\/><input id=\"it_form_pdf\" class=\"it-form-field-control form-control\" type=\"file\" name=\"pdf\" accept=\"application\/pdf\"\/><small class=\"it-form-field-file-help it-form-field-help\">Type(s) accept\u00e9(s) : <span>pdf<\/span><\/small><label class=\"it-form-field-label\" for=\"it_form_pdf\">Chargez un document<\/label><div class=\"invalid-feedback\"><\/div><\/div>\n<\/div>\n<\/div>\n\n\n\n<div class=\"wp-block-columns is-layout-flex wp-container-core-columns-is-layout-28f84493 wp-block-columns-is-layout-flex\">\n<div class=\"wp-block-column is-layout-flow wp-block-column-is-layout-flow\" style=\"flex-basis:35%\">\n<p class=\"it-pattern-form-price-estimate-big-number has-large-font-size\">#6<\/p>\n\n\n\n<p>Si vous avez des commentaires ou des questions, merci de les indiquer ici :<\/p>\n\n\n\n<p>(facultatif)<\/p>\n<\/div>\n\n\n\n<div class=\"wp-block-column is-vertically-aligned-center is-layout-flow wp-block-column-is-layout-flow\">\n<div class=\"wp-block-interactiv-technologies-it-field it-form-field it-form-field-textarea it-form-field--is-floating form-floating is-style-floating\" data-field-name=\"commentaires\" data-field-type=\"textarea\" data-field-label=\"Commentaires\" data-field-required=\"false\"><textarea id=\"it_form_commentaires\" class=\"it-form-field-control form-control\" name=\"commentaires\" placeholder=\"\" style=\"height:5rem\"><\/textarea><label class=\"it-form-field-label\" for=\"it_form_commentaires\">Commentaires<\/label><div class=\"invalid-feedback\"><\/div><\/div>\n<\/div>\n<\/div>\n\n\n\n<div class=\"wp-block-columns is-layout-flex wp-container-core-columns-is-layout-28f84493 wp-block-columns-is-layout-flex\">\n<div class=\"wp-block-column is-layout-flow wp-block-column-is-layout-flow\" style=\"flex-basis:35%\">\n<p class=\"it-pattern-form-price-estimate-big-number has-large-font-size\">#7<\/p>\n\n\n\n<p>Vos informations<\/p>\n<\/div>\n\n\n\n<div class=\"wp-block-column has-global-padding is-content-justification-left is-layout-constrained wp-container-core-column-is-layout-79dd21d6 wp-block-column-is-layout-constrained\">\n<div class=\"wp-block-interactiv-technologies-it-field it-form-field it-form-field-status it-form-field--required it-form-field--is-floating form-floating is-style-floating\" data-field-name=\"status\" data-field-type=\"status\" data-field-label=\"Vous \u00eates\" data-field-required=\"true\"><select id=\"it_form_status\" class=\"it-form-field-control form-select\" name=\"status\" required><option value=\"\" disabled selected>S\u00e9lectionner un statut<\/option><option value=\"company\">Une soci\u00e9t\u00e9<\/option><option value=\"agency\">Une agence<\/option><option value=\"freelance\">Un(e) freelance<\/option><option value=\"association\">Une association<\/option><option value=\"individual\">Un particulier<\/option><\/select><label class=\"it-form-field-label\" for=\"it_form_status\">Vous \u00eates<\/label><div class=\"invalid-feedback\"><\/div><\/div>\n\n\n\n<div class=\"wp-block-interactiv-technologies-it-field it-form-field it-form-field-text it-form-field--is-floating form-floating is-style-floating\" data-field-name=\"society\" data-field-type=\"text\" data-field-label=\"Soci\u00e9t\u00e9\" data-field-required=\"false\"><input id=\"it_form_society\" class=\"it-form-field-control form-control\" type=\"text\" name=\"society\" placeholder=\"Soci\u00e9t\u00e9\"\/><label class=\"it-form-field-label\" for=\"it_form_society\">Soci\u00e9t\u00e9<\/label><div class=\"invalid-feedback\"><\/div><\/div>\n\n\n\n<div class=\"wp-block-interactiv-technologies-it-field it-form-field it-form-field-text it-form-field--required it-form-field--is-floating form-floating is-style-floating\" data-field-name=\"identity\" data-field-type=\"text\" data-field-label=\"Nom Pr\u00e9nom\" data-field-required=\"true\"><input id=\"it_form_identity\" class=\"it-form-field-control form-control\" type=\"text\" name=\"identity\" placeholder=\"Nom Pr\u00e9nom\" required\/><label class=\"it-form-field-label\" for=\"it_form_identity\">Nom Pr\u00e9nom<\/label><div class=\"invalid-feedback\"><\/div><\/div>\n\n\n\n<div class=\"wp-block-interactiv-technologies-it-field it-form-field it-form-field-email it-form-field--required it-form-field--is-floating form-floating is-style-floating\" data-field-name=\"mail\" data-field-type=\"email\" data-field-label=\"E-mail\" data-field-required=\"true\"><input id=\"it_form_mail\" class=\"it-form-field-control form-control\" type=\"email\" name=\"mail\" placeholder=\"\" required\/><label class=\"it-form-field-label\" for=\"it_form_mail\">E-mail<\/label><div class=\"invalid-feedback\"><\/div><\/div>\n\n\n\n<div class=\"wp-block-interactiv-technologies-it-field it-form-field it-form-field-text it-form-field--required it-form-field--is-floating form-floating is-style-floating\" data-field-name=\"phone\" data-field-type=\"text\" data-field-label=\"T\u00e9l\u00e9phone\" data-field-required=\"true\"><input id=\"it_form_phone\" class=\"it-form-field-control form-control\" type=\"text\" name=\"phone\" placeholder=\"T\u00e9l\u00e9phone\" required\/><label class=\"it-form-field-label\" for=\"it_form_phone\">T\u00e9l\u00e9phone<\/label><div class=\"invalid-feedback\"><\/div><\/div>\n\n\n\n<div class=\"wp-block-interactiv-technologies-it-field it-form-field it-form-field-consent it-form-field--consent form-check it-form-field--required\" data-field-name=\"consent\" data-field-type=\"consent\" data-field-label=\"\" data-field-required=\"true\" style=\"margin-top:var(--wp--preset--spacing--30)\"><input id=\"it_form_consent\" class=\"it-form-field-control form-check-input\" type=\"checkbox\" name=\"consent\" value=\"ok\" required\/><label class=\"it-form-field-inputs-label form-check-label\" for=\"it_form_consent\">En soumettant ce formulaire, j\u2019accepte que les informations saisies soient exploit\u00e9es dans le cadre de la demande de d\u00e9monstration et la relation commerciale qui peut en d\u00e9couler.<br \/>\r\nPour connaitre et exercer vos droits, veuillez consulter notre <a href=\"https:\/\/www.interactiv-technologies.com\/fr\/politique-de-confidentialite-relative-aux-donnees-personnelles\/\">politique de confidentialit\u00e9<\/a>.<\/label><div class=\"invalid-feedback\"><\/div><\/div>\n<\/div>\n<\/div>\n<div class=\"wp-block-interactiv-technologies-it-field it-form-field it-form-field-email it-form-field--is-floating form-floating is-style-floating hasNoName\" data-field-name=\"mail_double_check\" data-field-type=\"email\" data-field-label=\"Enter email again\" data-field-required=\"false\"><input class=\"it-form-field-control form-control\" type=\"email\" name=\"mail_double_check\" id=\"it_form_mail_double_check\" placeholder=\"Enter email again\"\/><label class=\"it-form-field-label\" for=\"it_form_mail_double_check\">Enter email again<\/label><div class=\"invalid-feedback\"><\/div><\/div><input type=\"hidden\" name=\"name\" value=\"Test PIM Adapt\u00e9\"\/><input type=\"hidden\" name=\"product\" value=\"itdatabase\"\/><input type=\"hidden\" name=\"tpl\" value=\"2724\"\/><input type=\"hidden\" name=\"landing\" value=\"3128\"\/><button class=\"btn-form-submit it-form-submit-btn\" type=\"submit\">Je valide pour conna\u00eetre le r\u00e9sultat<\/button><input type=\"hidden\" id=\"_wpnonce\" name=\"_wpnonce\" value=\"718ea306a7\" \/><input type=\"hidden\" name=\"_wp_http_referer\" value=\"\/fr\/wp-json\/wp\/v2\/pages\/993\" \/><\/form>\n<\/section>\n<\/div>\n","protected":false},"excerpt":{"rendered":"<p>Test : un PIM est-il adapt\u00e9 \u00e0 votre entreprise ? Faites le test pour le savoir La 1\u00e8re \u00e9tape avant de se renseigner sur l\u2019acquisition d\u2019un PIM est d\u00e9j\u00e0 de savoir si un PIM sera utile \u00e0 votre entreprise. C\u2019est pourquoi, nous vous proposons&nbsp;d\u2019analyser rapidement&nbsp;vos besoins et ainsi de vous indiquer si un PIM peut [&hellip;]<\/p>\n","protected":false},"author":2,"featured_media":0,"parent":1559,"menu_order":0,"comment_status":"closed","ping_status":"closed","template":"","meta":{"_seopress_robots_primary_cat":"","_seopress_titles_title":"%%post_title%% %%sep%% %%sitetitle%%","_seopress_titles_desc":"","_seopress_robots_index":"","_it_page_product":"ITDataBase","_it_call_to_action":["{\"text\":\"Demandez une d\u00e9mo\",\"url\":\"https:\/\/www.interactiv-technologies.com\/fr\/base-de-donnees-produits-pim\/formulaire-demonstration-pim\/\"}","{\"text\":\"Testez gratuitement\",\"url\":\"https:\/\/www.interactiv-technologies.com\/fr\/base-de-donnees-produits-pim\/formulaire-essai-gratuit-pim\/\"}","{\"text\":\"Obtenez votre tarif\",\"url\":\"https:\/\/www.interactiv-technologies.com\/fr\/base-de-donnees-produits-pim\/prix-devis-pim\/\"}","{\"text\":\"\",\"url\":\"\"}"],"footnotes":""},"class_list":["post-993","page","type-page","status-publish","hentry"],"_links":{"self":[{"href":"https:\/\/www.interactiv-technologies.com\/fr\/wp-json\/wp\/v2\/pages\/993","targetHints":{"allow":["GET"]}}],"collection":[{"href":"https:\/\/www.interactiv-technologies.com\/fr\/wp-json\/wp\/v2\/pages"}],"about":[{"href":"https:\/\/www.interactiv-technologies.com\/fr\/wp-json\/wp\/v2\/types\/page"}],"author":[{"embeddable":true,"href":"https:\/\/www.interactiv-technologies.com\/fr\/wp-json\/wp\/v2\/users\/2"}],"replies":[{"embeddable":true,"href":"https:\/\/www.interactiv-technologies.com\/fr\/wp-json\/wp\/v2\/comments?post=993"}],"version-history":[{"count":32,"href":"https:\/\/www.interactiv-technologies.com\/fr\/wp-json\/wp\/v2\/pages\/993\/revisions"}],"predecessor-version":[{"id":5874,"href":"https:\/\/www.interactiv-technologies.com\/fr\/wp-json\/wp\/v2\/pages\/993\/revisions\/5874"}],"up":[{"embeddable":true,"href":"https:\/\/www.interactiv-technologies.com\/fr\/wp-json\/wp\/v2\/pages\/1559"}],"wp:attachment":[{"href":"https:\/\/www.interactiv-technologies.com\/fr\/wp-json\/wp\/v2\/media?parent=993"}],"curies":[{"name":"wp","href":"https:\/\/api.w.org\/{rel}","templated":true}]}}