{"id":989,"date":"2024-01-27T23:37:42","date_gmt":"2024-01-27T22:37:42","guid":{"rendered":"https:\/\/www.interactiv-technologies.com\/?page_id=989"},"modified":"2024-07-05T10:17:53","modified_gmt":"2024-07-05T08:17:53","slug":"test-votre-document-est-il-automatisable","status":"publish","type":"page","link":"https:\/\/www.interactiv-technologies.com\/fr\/automatisation-catalogues-indesign\/test-document-automatisable\/","title":{"rendered":"Test : document est-il automatisable ?"},"content":{"rendered":"\n<div class=\"wp-block-group alignfull has-violet-accent-background-color has-background has-global-padding is-layout-constrained wp-block-group-is-layout-constrained\" style=\"padding-top:var(--wp--preset--spacing--40);padding-bottom:var(--wp--preset--spacing--60)\">\n<div class=\"wp-block-group alignwide has-blanc-color has-text-color has-link-color has-small-font-size wp-elements-c841a1b92e5602c57e0ccc8a7ec884c5 has-global-padding is-layout-constrained wp-block-group-is-layout-constrained\"><div class=\"alignwide wp-block-wpseopress-breadcrumbs\"><nav  aria-label=\"Fil d&#039;Ariane\"><ol class=\"breadcrumb\" itemscope itemtype=\"https:\/\/schema.org\/BreadcrumbList\"><li class=\"breadcrumb-item active\" aria-current=\"page\" itemprop=\"itemListElement\" itemscope itemtype=\"https:\/\/schema.org\/ListItem\"><span itemprop=\"name\">Accueil<\/span><meta itemprop=\"position\" content=\"1\"><\/li><\/ol><\/nav><\/div><\/div>\n\n\n\n<h1 class=\"wp-block-heading has-text-align-center has-blanc-color has-text-color has-link-color wp-elements-609e9bb662e711c31d12b7d6c49d8621\">Test : votre document est-il automatisable ?<\/h1>\n<\/div>\n\n\n\n<div class=\"wp-block-columns is-layout-flex wp-container-core-columns-is-layout-28f84493 wp-block-columns-is-layout-flex\">\n<div class=\"wp-block-column is-layout-flow wp-block-column-is-layout-flow\" style=\"flex-basis:66.66%\">\n<h2 class=\"wp-block-heading\">Faites le test pour le savoir<\/h2>\n\n\n\n<p><strong>Plus de 3\/4<\/strong>&nbsp;des catalogues \/ fiches produits \/ fiches techniques \/ annuaires \/ \u00e9tiquettes, \u2026&nbsp;<strong>sont automatisables<\/strong>&nbsp;: et le v\u00f4tre ?<\/p>\n\n\n\n<p>Si votre document est automatisable,<strong>&nbsp;vous pourrez alors utiliser le plug-in d\u2019InDesign de mise en page automatique EasyCatalog<\/strong>, permettant de lier vos donn\u00e9es \u00e0 votre document InDesign et pr\u00e9sentant de nombreux avantages : gain de temps, actualisations facilit\u00e9es, risque d\u2019erreurs minimis\u00e9, etc.<\/p>\n\n\n\n<p>En&nbsp;<strong>3 minutes<\/strong>, r\u00e9pondez aux 5 questions pour savoir si votre document est automatisable.<\/p>\n\n\n\n<p><em>Si vous ins\u00e9rez votre PDF \u00e0 la question 4, la dur\u00e9e du t\u00e9l\u00e9chargement de votre fichier (qui d\u00e9pend de sa taille) peut prendre plusieurs minutes<\/em>.<\/p>\n<\/div>\n\n\n\n<div class=\"wp-block-column is-vertically-aligned-center is-layout-flow wp-block-column-is-layout-flow\" style=\"flex-basis:33.33%\">\n<div class=\"wp-block-group is-vertical is-content-justification-center is-layout-flex wp-container-core-group-is-layout-fa38c63a wp-block-group-is-layout-flex\">\n<figure class=\"wp-block-image aligncenter size-large is-resized\"><img loading=\"lazy\" decoding=\"async\" width=\"1024\" height=\"998\" src=\"https:\/\/www.interactiv-technologies.com\/app\/uploads\/2024\/01\/1200px-Adobe_InDesign_CC_icon.svg_-1024x998.png\" alt=\"\" class=\"wp-image-1259\" style=\"width:76px;height:auto\" srcset=\"https:\/\/www.interactiv-technologies.com\/app\/uploads\/2024\/01\/1200px-Adobe_InDesign_CC_icon.svg_-1024x998.png 1024w, https:\/\/www.interactiv-technologies.com\/app\/uploads\/2024\/01\/1200px-Adobe_InDesign_CC_icon.svg_-300x293.png 300w, https:\/\/www.interactiv-technologies.com\/app\/uploads\/2024\/01\/1200px-Adobe_InDesign_CC_icon.svg_-768x749.png 768w, https:\/\/www.interactiv-technologies.com\/app\/uploads\/2024\/01\/1200px-Adobe_InDesign_CC_icon.svg_.png 1200w\" sizes=\"auto, (max-width: 1024px) 100vw, 1024px\" \/><\/figure>\n\n\n\n<figure class=\"wp-block-image aligncenter size-full is-resized\"><img loading=\"lazy\" decoding=\"async\" width=\"525\" height=\"82\" src=\"https:\/\/www.interactiv-technologies.com\/app\/uploads\/2024\/07\/Logo_EASYCATALOG_COULEUR-4.png\" alt=\"\" class=\"wp-image-7334\" style=\"width:243px;height:auto\" srcset=\"https:\/\/www.interactiv-technologies.com\/app\/uploads\/2024\/07\/Logo_EASYCATALOG_COULEUR-4.png 525w, https:\/\/www.interactiv-technologies.com\/app\/uploads\/2024\/07\/Logo_EASYCATALOG_COULEUR-4-300x47.png 300w\" sizes=\"auto, (max-width: 525px) 100vw, 525px\" \/><\/figure>\n<\/div>\n<\/div>\n<\/div>\n\n\n\n<div class=\"wp-block-group has-global-padding is-layout-constrained wp-block-group-is-layout-constrained\">\n<section class=\"wp-block-group it-pattern-card it-pattern-form-test-container it-pattern-form-test-container--publisher is-layout-flow wp-block-group-is-layout-flow\">\n<h2 class=\"wp-block-heading has-text-align-center has-medium-font-size\">Test : votre document est-il automatisable ?<\/h2>\n\n\n\n<form class=\"wp-block-interactiv-technologies-it-form needs-validation it-pattern-form-test it-pattern-form-test--publisher\" novalidate action=\"\" method=\"post\" enctype=\"multipart\/form-data\">\n<div class=\"wp-block-columns is-layout-flex wp-container-core-columns-is-layout-28f84493 wp-block-columns-is-layout-flex\">\n<div class=\"wp-block-column is-layout-flow wp-block-column-is-layout-flow\" style=\"flex-basis:35%\">\n<p class=\"it-pattern-form-price-estimate-big-number has-large-font-size\">#1<\/p>\n\n\n\n<p>Quel(s) type(s) de documents souhaitez-vous cr\u00e9er ?<\/p>\n\n\n\n<p>(plusieurs r\u00e9ponses possibles)<\/p>\n<\/div>\n\n\n\n<div class=\"wp-block-column is-vertically-aligned-center is-layout-flow wp-block-column-is-layout-flow\">\n<div class=\"wp-block-interactiv-technologies-it-field it-form-field it-form-field-checkbox it-form-field--is-stacked is-style-stacked\" data-field-name=\"type[]\" data-field-type=\"checkbox\" data-field-label=\"\" data-field-required=\"false\"><div id=\"it_form_type\" class=\"it-form-field-control it-form-field-checkbox-inputs it-form-field-checkinputs it-form-field-checkinputs--column\"><div class=\"form-check\"><input class=\"it-form-field-inputs-control form-check-input\" type=\"checkbox\" name=\"type[]\" value=\"Je ne sais pas\" id=\"it_form_type_je_ne_sais_pas\"\/><label class=\"it-form-field-inputs-label form-check-label\" for=\"it_form_type_je_ne_sais_pas\">Je ne sais pas<\/label><\/div><div class=\"form-check\"><input class=\"it-form-field-inputs-control form-check-input\" type=\"checkbox\" name=\"type[]\" value=\"Des catalogues\" id=\"it_form_type_des_catalogues\"\/><label class=\"it-form-field-inputs-label form-check-label\" for=\"it_form_type_des_catalogues\">Des catalogues<\/label><\/div><div class=\"form-check\"><input class=\"it-form-field-inputs-control form-check-input\" type=\"checkbox\" name=\"type[]\" value=\"Des fiches produits\" id=\"it_form_type_des_fiches_produits\"\/><label class=\"it-form-field-inputs-label form-check-label\" for=\"it_form_type_des_fiches_produits\">Des fiches produits<\/label><\/div><div class=\"form-check\"><input class=\"it-form-field-inputs-control form-check-input\" type=\"checkbox\" name=\"type[]\" value=\"Des fiches techniques\" id=\"it_form_type_des_fiches_techniques\"\/><label class=\"it-form-field-inputs-label form-check-label\" for=\"it_form_type_des_fiches_techniques\">Des fiches techniques<\/label><\/div><div class=\"form-check\"><input class=\"it-form-field-inputs-control form-check-input\" type=\"checkbox\" name=\"type[]\" value=\"Des brochures\" id=\"it_form_type_des_brochures\"\/><label class=\"it-form-field-inputs-label form-check-label\" for=\"it_form_type_des_brochures\">Des brochures<\/label><\/div><div class=\"form-check\"><input class=\"it-form-field-inputs-control form-check-input\" type=\"checkbox\" name=\"type[]\" value=\"Des annuaires\" id=\"it_form_type_des_annuaires\"\/><label class=\"it-form-field-inputs-label form-check-label\" for=\"it_form_type_des_annuaires\">Des annuaires<\/label><\/div><div class=\"form-check\"><input class=\"it-form-field-inputs-control form-check-input\" type=\"checkbox\" name=\"type[]\" value=\"Autres\" id=\"it_form_type_autres\"\/><label class=\"it-form-field-inputs-label form-check-label\" for=\"it_form_type_autres\">Autres<\/label><\/div><\/div><div class=\"invalid-feedback\"><\/div><\/div>\n<\/div>\n<\/div>\n\n\n\n<div class=\"wp-block-columns is-layout-flex wp-container-core-columns-is-layout-28f84493 wp-block-columns-is-layout-flex\">\n<div class=\"wp-block-column is-layout-flow wp-block-column-is-layout-flow\" style=\"flex-basis:35%\">\n<p class=\"it-pattern-form-price-estimate-big-number has-large-font-size\">#2<\/p>\n\n\n\n<p>O\u00f9 se trouvent les donn\u00e9es qui alimentent ces documents ?<\/p>\n\n\n\n<p>(plusieurs r\u00e9ponses possibles)<\/p>\n<\/div>\n\n\n\n<div class=\"wp-block-column is-vertically-aligned-center is-layout-flow wp-block-column-is-layout-flow\">\n<div class=\"wp-block-interactiv-technologies-it-field it-form-field it-form-field-checkbox\" data-field-name=\"documentsdatas[]\" data-field-type=\"checkbox\" data-field-label=\"\" data-field-required=\"false\"><div id=\"it_form_documentsdatas\" class=\"it-form-field-control it-form-field-checkbox-inputs it-form-field-checkinputs it-form-field-checkinputs--column\"><div class=\"form-check\"><input class=\"it-form-field-inputs-control form-check-input\" type=\"checkbox\" name=\"documentsdatas[]\" value=\"Je ne sais pas\" id=\"it_form_documentsdatas_je_ne_sais_pas\"\/><label class=\"it-form-field-inputs-label form-check-label\" for=\"it_form_documentsdatas_je_ne_sais_pas\">Je ne sais pas<\/label><\/div><div class=\"form-check\"><input class=\"it-form-field-inputs-control form-check-input\" type=\"checkbox\" name=\"documentsdatas[]\" value=\"Dans un seul fichier (de type Excel ou CSV)\" id=\"it_form_documentsdatas_dans_un_seul_fichier_de_type_excel_ou_csv\"\/><label class=\"it-form-field-inputs-label form-check-label\" for=\"it_form_documentsdatas_dans_un_seul_fichier_de_type_excel_ou_csv\">Dans un seul fichier (de type Excel ou CSV)<\/label><\/div><div class=\"form-check\"><input class=\"it-form-field-inputs-control form-check-input\" type=\"checkbox\" name=\"documentsdatas[]\" value=\"Dans plusieurs fichiers (de type Excel ou CSV)\" id=\"it_form_documentsdatas_dans_plusieurs_fichiers_de_type_excel_ou_csv\"\/><label class=\"it-form-field-inputs-label form-check-label\" for=\"it_form_documentsdatas_dans_plusieurs_fichiers_de_type_excel_ou_csv\">Dans plusieurs fichiers (de type Excel ou CSV)<\/label><\/div><div class=\"form-check\"><input class=\"it-form-field-inputs-control form-check-input\" type=\"checkbox\" name=\"documentsdatas[]\" value=\"Dans un logiciel de gestion de donn\u00e9es (PIM)\" id=\"it_form_documentsdatas_dans_un_logiciel_de_gestion_de_donn\u00e9es_pim\"\/><label class=\"it-form-field-inputs-label form-check-label\" for=\"it_form_documentsdatas_dans_un_logiciel_de_gestion_de_donn\u00e9es_pim\">Dans un logiciel de gestion de donn\u00e9es (PIM)<\/label><\/div><div class=\"form-check\"><input class=\"it-form-field-inputs-control form-check-input\" type=\"checkbox\" name=\"documentsdatas[]\" value=\"Dans un ERP ou un MDM\" id=\"it_form_documentsdatas_dans_un_erp_ou_un_mdm\"\/><label class=\"it-form-field-inputs-label form-check-label\" for=\"it_form_documentsdatas_dans_un_erp_ou_un_mdm\">Dans un ERP ou un MDM<\/label><\/div><div class=\"form-check\"><input class=\"it-form-field-inputs-control form-check-input\" type=\"checkbox\" name=\"documentsdatas[]\" value=\"Dans un logiciel de PAO (InDesign, etc.)\" id=\"it_form_documentsdatas_dans_un_logiciel_de_pao_indesign_etc\"\/><label class=\"it-form-field-inputs-label form-check-label\" for=\"it_form_documentsdatas_dans_un_logiciel_de_pao_indesign_etc\">Dans un logiciel de PAO (InDesign, etc.)<\/label><\/div><div class=\"form-check\"><input class=\"it-form-field-inputs-control form-check-input\" type=\"checkbox\" name=\"documentsdatas[]\" value=\"Sur le site internet\" id=\"it_form_documentsdatas_sur_le_site_internet\"\/><label class=\"it-form-field-inputs-label form-check-label\" for=\"it_form_documentsdatas_sur_le_site_internet\">Sur le site internet<\/label><\/div><div class=\"form-check\"><input class=\"it-form-field-inputs-control form-check-input\" type=\"checkbox\" name=\"documentsdatas[]\" value=\"Autres\" id=\"it_form_documentsdatas_autres\"\/><label class=\"it-form-field-inputs-label form-check-label\" for=\"it_form_documentsdatas_autres\">Autres<\/label><\/div><\/div><div class=\"invalid-feedback\"><\/div><\/div>\n<\/div>\n<\/div>\n\n\n\n<div class=\"wp-block-columns is-layout-flex wp-container-core-columns-is-layout-28f84493 wp-block-columns-is-layout-flex\">\n<div class=\"wp-block-column is-layout-flow wp-block-column-is-layout-flow\" style=\"flex-basis:35%\">\n<p class=\"it-pattern-form-price-estimate-big-number has-large-font-size\">#3<\/p>\n\n\n\n<p>Globalement, la mise en forme des pages concernant vos donn\u00e9es produits (donn\u00e9es de contacts pour un annuaire) est plut\u00f4t :<\/p>\n\n\n\n<p>(plusieurs r\u00e9ponses possibles)<\/p>\n<\/div>\n\n\n\n<div class=\"wp-block-column is-vertically-aligned-center is-layout-flow wp-block-column-is-layout-flow\">\n<div class=\"wp-block-interactiv-technologies-it-field it-form-field it-form-field-checkbox\" data-field-name=\"pagetype[]\" data-field-type=\"checkbox\" data-field-label=\"\" data-field-required=\"false\"><div id=\"it_form_pagetype\" class=\"it-form-field-control it-form-field-checkbox-inputs it-form-field-checkinputs it-form-field-checkinputs--column\"><div class=\"form-check\"><input class=\"it-form-field-inputs-control form-check-input\" type=\"checkbox\" name=\"pagetype[]\" value=\"Je ne sais pas\" id=\"it_form_pagetype_je_ne_sais_pas\"\/><label class=\"it-form-field-inputs-label form-check-label\" for=\"it_form_pagetype_je_ne_sais_pas\">Je ne sais pas<\/label><\/div><div class=\"form-check\"><input class=\"it-form-field-inputs-control form-check-input\" type=\"checkbox\" name=\"pagetype[]\" value=\"H\u00e9t\u00e9rog\u00e8ne : quasiment aucune page ne se ressemble\" id=\"it_form_pagetype_h\u00e9t\u00e9rog\u00e8ne__quasiment_aucune_page_ne_se_ressemble\"\/><label class=\"it-form-field-inputs-label form-check-label\" for=\"it_form_pagetype_h\u00e9t\u00e9rog\u00e8ne__quasiment_aucune_page_ne_se_ressemble\">H\u00e9t\u00e9rog\u00e8ne : quasiment aucune page ne se ressemble<\/label><\/div><div class=\"form-check\"><input class=\"it-form-field-inputs-control form-check-input\" type=\"checkbox\" name=\"pagetype[]\" value=\"Cela d\u00e9pend : il y a des pages similaires et des pages uniques \/ il y a plusieurs mises en pages\" id=\"it_form_pagetype_cela_d\u00e9pend__il_y_a_des_pages_similaires_et_des_pages_uniques__il_y_a_plusieurs_mises_en_pages\"\/><label class=\"it-form-field-inputs-label form-check-label\" for=\"it_form_pagetype_cela_d\u00e9pend__il_y_a_des_pages_similaires_et_des_pages_uniques__il_y_a_plusieurs_mises_en_pages\">Cela d\u00e9pend : il y a des pages similaires et des pages uniques \/ il y a plusieurs mises en pages<\/label><\/div><div class=\"form-check\"><input class=\"it-form-field-inputs-control form-check-input\" type=\"checkbox\" name=\"pagetype[]\" value=\"Homog\u00e8ne : la mise en page est souvent la m\u00eame\" id=\"it_form_pagetype_homog\u00e8ne__la_mise_en_page_est_souvent_la_m\u00eame\"\/><label class=\"it-form-field-inputs-label form-check-label\" for=\"it_form_pagetype_homog\u00e8ne__la_mise_en_page_est_souvent_la_m\u00eame\">Homog\u00e8ne : la mise en page est souvent la m\u00eame<\/label><\/div><\/div><div class=\"invalid-feedback\"><\/div><\/div>\n<\/div>\n<\/div>\n\n\n\n<div class=\"wp-block-columns is-layout-flex wp-container-core-columns-is-layout-28f84493 wp-block-columns-is-layout-flex\">\n<div class=\"wp-block-column is-layout-flow wp-block-column-is-layout-flow\" style=\"flex-basis:35%\">\n<p class=\"it-pattern-form-price-estimate-big-number has-large-font-size\">#4<\/p>\n\n\n\n<p>Analyse de votre document : vous pouvez ins\u00e9rer quelques pages ou l\u2019int\u00e9gralit\u00e9 de votre document actuel PDF<\/p>\n\n\n\n<p>(facultatif)<\/p>\n<\/div>\n\n\n\n<div class=\"wp-block-column is-vertically-aligned-center is-layout-flow wp-block-column-is-layout-flow\">\n<div class=\"wp-block-interactiv-technologies-it-field it-form-field it-form-field-file it-form-field--is-stacked is-style-stacked\" data-field-name=\"pdf\" data-field-type=\"file\" data-field-label=\"Chargez un fichier\" data-field-required=\"false\" style=\"margin-top:var(--wp--preset--spacing--40)\"><input type=\"hidden\" class=\"it-form-field-control-maxsize\" name=\"pdf_maxsize\" data-size-in-mbytes=\"100\" value=\"104857600\"\/><input type=\"hidden\" class=\"it-form-field-control-accept\" name=\"pdf_accept\" value=\"pdf\"\/><input id=\"it_form_pdf\" class=\"it-form-field-control form-control\" type=\"file\" name=\"pdf\" accept=\"application\/pdf\"\/><small class=\"it-form-field-file-help it-form-field-help\">Type(s) accept\u00e9(s) : <span>pdf<\/span><\/small><label class=\"it-form-field-label\" for=\"it_form_pdf\">Chargez un fichier<\/label><div class=\"invalid-feedback\"><\/div><\/div>\n<\/div>\n<\/div>\n\n\n\n<div class=\"wp-block-columns is-layout-flex wp-container-core-columns-is-layout-28f84493 wp-block-columns-is-layout-flex\">\n<div class=\"wp-block-column is-layout-flow wp-block-column-is-layout-flow\" style=\"flex-basis:35%\">\n<p class=\"it-pattern-form-price-estimate-big-number has-large-font-size\">#5<\/p>\n\n\n\n<p>Si vous avez des commentaires ou des questions, merci de les indiquer ici :<\/p>\n\n\n\n<p>(facultatif)<\/p>\n<\/div>\n\n\n\n<div class=\"wp-block-column is-vertically-aligned-center is-layout-flow wp-block-column-is-layout-flow\">\n<div class=\"wp-block-interactiv-technologies-it-field it-form-field it-form-field-textarea it-form-field--is-floating form-floating is-style-floating\" data-field-name=\"commentaires\" data-field-type=\"textarea\" data-field-label=\"Commentaires\" data-field-required=\"false\"><textarea id=\"it_form_commentaires\" class=\"it-form-field-control form-control\" name=\"commentaires\" placeholder=\"\" style=\"height:5rem\"><\/textarea><label class=\"it-form-field-label\" for=\"it_form_commentaires\">Commentaires<\/label><div class=\"invalid-feedback\"><\/div><\/div>\n<\/div>\n<\/div>\n\n\n\n<div class=\"wp-block-columns is-layout-flex wp-container-core-columns-is-layout-28f84493 wp-block-columns-is-layout-flex\">\n<div class=\"wp-block-column is-layout-flow wp-block-column-is-layout-flow\" style=\"flex-basis:35%\">\n<p class=\"it-pattern-form-price-estimate-big-number has-large-font-size\">#6<\/p>\n\n\n\n<p>Vos informations<\/p>\n<\/div>\n\n\n\n<div class=\"wp-block-column has-global-padding is-content-justification-left is-layout-constrained wp-container-core-column-is-layout-79dd21d6 wp-block-column-is-layout-constrained\">\n<div class=\"wp-block-interactiv-technologies-it-field it-form-field it-form-field-status it-form-field--required it-form-field--is-floating form-floating is-style-floating\" data-field-name=\"status\" data-field-type=\"status\" data-field-label=\"Vous \u00eates\" data-field-required=\"true\"><select id=\"it_form_status\" class=\"it-form-field-control form-select\" name=\"status\" required><option value=\"\" disabled selected>S\u00e9lectionner un statut<\/option><option value=\"company\">Une soci\u00e9t\u00e9<\/option><option value=\"agency\">Une agence<\/option><option value=\"freelance\">Un(e) freelance<\/option><option value=\"association\">Une association<\/option><option value=\"individual\">Un particulier<\/option><\/select><label class=\"it-form-field-label\" for=\"it_form_status\">Vous \u00eates<\/label><div class=\"invalid-feedback\"><\/div><\/div>\n\n\n\n<div class=\"wp-block-interactiv-technologies-it-field it-form-field it-form-field-text it-form-field--is-floating form-floating is-style-floating\" data-field-name=\"society\" data-field-type=\"text\" data-field-label=\"Soci\u00e9t\u00e9\" data-field-required=\"false\"><input id=\"it_form_society\" class=\"it-form-field-control form-control\" type=\"text\" name=\"society\" placeholder=\"Soci\u00e9t\u00e9\"\/><label class=\"it-form-field-label\" for=\"it_form_society\">Soci\u00e9t\u00e9<\/label><div class=\"invalid-feedback\"><\/div><\/div>\n\n\n\n<div class=\"wp-block-interactiv-technologies-it-field it-form-field it-form-field-text it-form-field--required it-form-field--is-floating form-floating is-style-floating\" data-field-name=\"identity\" data-field-type=\"text\" data-field-label=\"Nom Pr\u00e9nom\" data-field-required=\"true\"><input id=\"it_form_identity\" class=\"it-form-field-control form-control\" type=\"text\" name=\"identity\" placeholder=\"Nom Pr\u00e9nom\" required\/><label class=\"it-form-field-label\" for=\"it_form_identity\">Nom Pr\u00e9nom<\/label><div class=\"invalid-feedback\"><\/div><\/div>\n\n\n\n<div class=\"wp-block-interactiv-technologies-it-field it-form-field it-form-field-email it-form-field--required it-form-field--is-floating form-floating is-style-floating\" data-field-name=\"mail\" data-field-type=\"email\" data-field-label=\"E-mail\" data-field-required=\"true\"><input id=\"it_form_mail\" class=\"it-form-field-control form-control\" type=\"email\" name=\"mail\" placeholder=\"\" required\/><label class=\"it-form-field-label\" for=\"it_form_mail\">E-mail<\/label><div class=\"invalid-feedback\"><\/div><\/div>\n\n\n\n<div class=\"wp-block-interactiv-technologies-it-field it-form-field it-form-field-text it-form-field--required it-form-field--is-floating form-floating is-style-floating\" data-field-name=\"phone\" data-field-type=\"text\" data-field-label=\"T\u00e9l\u00e9phone\" data-field-required=\"true\"><input id=\"it_form_phone\" class=\"it-form-field-control form-control\" type=\"text\" name=\"phone\" placeholder=\"T\u00e9l\u00e9phone\" required\/><label class=\"it-form-field-label\" for=\"it_form_phone\">T\u00e9l\u00e9phone<\/label><div class=\"invalid-feedback\"><\/div><\/div>\n\n\n\n<div class=\"wp-block-interactiv-technologies-it-field it-form-field it-form-field-consent it-form-field--consent form-check it-form-field--required\" data-field-name=\"consent\" data-field-type=\"consent\" data-field-label=\"\" data-field-required=\"true\" style=\"margin-top:var(--wp--preset--spacing--30)\"><input id=\"it_form_consent\" class=\"it-form-field-control form-check-input\" type=\"checkbox\" name=\"consent\" value=\"ok\" required\/><label class=\"it-form-field-inputs-label form-check-label\" for=\"it_form_consent\">En soumettant ce formulaire, j\u2019accepte que les informations saisies soient exploit\u00e9es dans le cadre de la demande de d\u00e9monstration et la relation commerciale qui peut en d\u00e9couler.<br \/>\r\nPour connaitre et exercer vos droits, veuillez consulter notre <a href=\"https:\/\/www.interactiv-technologies.com\/fr\/politique-de-confidentialite-relative-aux-donnees-personnelles\/\">politique de confidentialit\u00e9<\/a>.<\/label><div class=\"invalid-feedback\"><\/div><\/div>\n<\/div>\n<\/div>\n<div class=\"wp-block-interactiv-technologies-it-field it-form-field it-form-field-email it-form-field--is-floating form-floating is-style-floating hasNoName\" data-field-name=\"mail_double_check\" data-field-type=\"email\" data-field-label=\"Enter email again\" data-field-required=\"false\"><input class=\"it-form-field-control form-control\" type=\"email\" name=\"mail_double_check\" id=\"it_form_mail_double_check\" placeholder=\"Enter email again\"\/><label class=\"it-form-field-label\" for=\"it_form_mail_double_check\">Enter email again<\/label><div class=\"invalid-feedback\"><\/div><\/div><input type=\"hidden\" name=\"name\" value=\"Test document automatisable\"\/><input type=\"hidden\" name=\"product\" value=\"itpublisher\"\/><input type=\"hidden\" name=\"tpl\" value=\"2723\"\/><input type=\"hidden\" name=\"landing\" value=\"3129\"\/><button class=\"btn-form-submit it-form-submit-btn\" type=\"submit\">Je valide pour conna\u00eetre le r\u00e9sultat<\/button><input type=\"hidden\" id=\"_wpnonce\" name=\"_wpnonce\" value=\"48e2d68e8a\" \/><input type=\"hidden\" name=\"_wp_http_referer\" value=\"\/fr\/wp-json\/wp\/v2\/pages\/989\" \/><\/form>\n<\/section>\n<\/div>\n","protected":false},"excerpt":{"rendered":"<p>Test : votre document est-il automatisable ? Faites le test pour le savoir Plus de 3\/4&nbsp;des catalogues \/ fiches produits \/ fiches techniques \/ annuaires \/ \u00e9tiquettes, \u2026&nbsp;sont automatisables&nbsp;: et le v\u00f4tre ? Si votre document est automatisable,&nbsp;vous pourrez alors utiliser le plug-in d\u2019InDesign de mise en page automatique EasyCatalog, permettant de lier vos donn\u00e9es [&hellip;]<\/p>\n","protected":false},"author":2,"featured_media":0,"parent":3043,"menu_order":0,"comment_status":"closed","ping_status":"closed","template":"","meta":{"_seopress_robots_primary_cat":"","_seopress_titles_title":"%%post_title%% %%sep%% %%sitetitle%%","_seopress_titles_desc":"","_seopress_robots_index":"","_it_page_product":"ITPublisher","_it_call_to_action":["{\"text\":\"T\u00e9l\u00e9chargez EasyCatalog\",\"url\":\"https:\/\/www.interactiv-technologies.com\/fr\/interactiv-publisher\/telecharger-easycatalog\/\"}","{\"text\":\"Demandez une d\u00e9mo\",\"url\":\"https:\/\/www.interactiv-technologies.com\/fr\/automatisation-catalogues-indesign\/formulaire-demonstration-easycatalog\/\"}","{\"text\":\"Testez gratuitement\",\"url\":\"https:\/\/www.interactiv-technologies.com\/fr\/automatisation-catalogues-indesign\/formulaire-essai-gratuit-easycatalog\/\"}","{\"text\":\"Obtenez votre tarif\",\"url\":\"https:\/\/www.interactiv-technologies.com\/fr\/automatisation-catalogues-indesign\/prix-devis-easycatalog\/\"}"],"footnotes":""},"class_list":["post-989","page","type-page","status-publish","hentry"],"_links":{"self":[{"href":"https:\/\/www.interactiv-technologies.com\/fr\/wp-json\/wp\/v2\/pages\/989","targetHints":{"allow":["GET"]}}],"collection":[{"href":"https:\/\/www.interactiv-technologies.com\/fr\/wp-json\/wp\/v2\/pages"}],"about":[{"href":"https:\/\/www.interactiv-technologies.com\/fr\/wp-json\/wp\/v2\/types\/page"}],"author":[{"embeddable":true,"href":"https:\/\/www.interactiv-technologies.com\/fr\/wp-json\/wp\/v2\/users\/2"}],"replies":[{"embeddable":true,"href":"https:\/\/www.interactiv-technologies.com\/fr\/wp-json\/wp\/v2\/comments?post=989"}],"version-history":[{"count":21,"href":"https:\/\/www.interactiv-technologies.com\/fr\/wp-json\/wp\/v2\/pages\/989\/revisions"}],"predecessor-version":[{"id":7336,"href":"https:\/\/www.interactiv-technologies.com\/fr\/wp-json\/wp\/v2\/pages\/989\/revisions\/7336"}],"up":[{"embeddable":true,"href":"https:\/\/www.interactiv-technologies.com\/fr\/wp-json\/wp\/v2\/pages\/3043"}],"wp:attachment":[{"href":"https:\/\/www.interactiv-technologies.com\/fr\/wp-json\/wp\/v2\/media?parent=989"}],"curies":[{"name":"wp","href":"https:\/\/api.w.org\/{rel}","templated":true}]}}