{"id":985,"date":"2024-01-27T23:31:51","date_gmt":"2024-01-27T22:31:51","guid":{"rendered":"https:\/\/www.interactiv-technologies.com\/?page_id=985"},"modified":"2024-06-27T17:57:24","modified_gmt":"2024-06-27T15:57:24","slug":"estimation-tarifaire-it-doc","status":"publish","type":"page","link":"https:\/\/www.interactiv-technologies.com\/fr\/catalogue-interactif\/prix-devis-flipbook\/","title":{"rendered":"Formulaire Doc &#8211; Estimation Tarif"},"content":{"rendered":"\n<div class=\"wp-block-group alignfull has-vert-accent-background-color has-background has-global-padding is-layout-constrained wp-block-group-is-layout-constrained\" style=\"padding-top:var(--wp--preset--spacing--40);padding-bottom:var(--wp--preset--spacing--60)\">\n<div class=\"wp-block-group alignwide has-blanc-color has-text-color has-link-color has-small-font-size wp-elements-c841a1b92e5602c57e0ccc8a7ec884c5 has-global-padding is-layout-constrained wp-block-group-is-layout-constrained\"><div class=\"alignwide wp-block-wpseopress-breadcrumbs\"><nav  aria-label=\"Fil d&#039;Ariane\"><ol class=\"breadcrumb\" itemscope itemtype=\"https:\/\/schema.org\/BreadcrumbList\"><li class=\"breadcrumb-item active\" aria-current=\"page\" itemprop=\"itemListElement\" itemscope itemtype=\"https:\/\/schema.org\/ListItem\"><span itemprop=\"name\">Accueil<\/span><meta itemprop=\"position\" content=\"1\"><\/li><\/ol><\/nav><\/div><\/div>\n\n\n\n<h1 class=\"wp-block-heading has-text-align-center has-blanc-color has-text-color has-link-color wp-elements-553254862eaea990771a1af1d9067ffb\">Estimation tarifaire Interactiv\u2019 Doc &#8211; Documents interactifs feuilletables<\/h1>\n<\/div>\n\n\n\n<div class=\"wp-block-group has-global-padding is-layout-constrained wp-block-group-is-layout-constrained\">\n<p>Interactiv\u2019 Doc vous permet de transformer votre document&nbsp;<strong>PDF<\/strong>&nbsp;en un&nbsp;<strong>document interactif feuilletable<\/strong>, et d\u2019y ajouter de multiples&nbsp;<strong>fonctionnalit\u00e9s<\/strong>&nbsp;(sommaire, formulaire, statistiques, devis et commandes, zones interactives, r\u00e9f\u00e9rencement naturel du contenu etc).<\/p>\n\n\n\n<p>En&nbsp;<strong>3 minutes<\/strong>, r\u00e9pondez aux&nbsp;<strong>4 questions<\/strong>&nbsp;suivantes pour avoir un&nbsp;<strong>devis<\/strong>&nbsp;<strong>personnalis\u00e9<\/strong>&nbsp;en fonction de vos besoins.<\/p>\n\n\n\n<p>Si vous ins\u00e9rez votre PDF \u00e0 la question 4, la dur\u00e9e du t\u00e9l\u00e9chargement de votre fichier (qui d\u00e9pend de sa taille) peut prendre plusieurs minutes.<\/p>\n<\/div>\n\n\n\n<div class=\"wp-block-group has-global-padding is-layout-constrained wp-block-group-is-layout-constrained\">\n<section class=\"wp-block-group it-pattern-card it-pattern-form-price-estimate-container it-pattern-form-price-estimate-container--doc is-layout-flow wp-block-group-is-layout-flow\">\n<h2 class=\"wp-block-heading has-text-align-center has-medium-font-size\">Estimation tarifaire de notre outil flipbook<\/h2>\n\n\n\n<form class=\"wp-block-interactiv-technologies-it-form needs-validation it-pattern-form-price-estimate it-pattern-form-price-estimate--doc\" novalidate action=\"\" method=\"post\" enctype=\"multipart\/form-data\">\n<div class=\"wp-block-columns is-layout-flex wp-container-core-columns-is-layout-28f84493 wp-block-columns-is-layout-flex\">\n<div class=\"wp-block-column is-layout-flow wp-block-column-is-layout-flow\" style=\"flex-basis:35%\">\n<p class=\"it-pattern-form-price-estimate-big-number has-large-font-size\">#1<\/p>\n\n\n\n<p>Combien de document(s) PDF souhaiteriez-vous transformer en document(s) interactif(s) feuilletable(s) ?<\/p>\n\n\n\n<p>(facultatif)<\/p>\n<\/div>\n\n\n\n<div class=\"wp-block-column is-vertically-aligned-center is-layout-flow wp-block-column-is-layout-flow\">\n<div class=\"wp-block-interactiv-technologies-it-field it-form-field it-form-field-radio\" data-field-name=\"nbdocuments\" data-field-type=\"radio\" data-field-label=\"\" data-field-required=\"false\"><div id=\"it_form_nbdocuments\" class=\"it-form-field-control it-form-field-radio-inputs it-form-field-checkinputs it-form-field-checkinputs--column\"><div class=\"form-check\"><input class=\"it-form-field-inputs-control form-check-input\" type=\"radio\" name=\"nbdocuments\" value=\"Je ne sais pas\" id=\"it_form_nbdocuments_je_ne_sais_pas\"\/><label class=\"it-form-field-inputs-label form-check-label\" for=\"it_form_nbdocuments_je_ne_sais_pas\">Je ne sais pas<\/label><\/div><div class=\"form-check\"><input class=\"it-form-field-inputs-control form-check-input\" type=\"radio\" name=\"nbdocuments\" value=\"De 1 \u00e0 3\" id=\"it_form_nbdocuments_de_1_\u00e0_3\"\/><label class=\"it-form-field-inputs-label form-check-label\" for=\"it_form_nbdocuments_de_1_\u00e0_3\">De 1 \u00e0 3<\/label><\/div><div class=\"form-check\"><input class=\"it-form-field-inputs-control form-check-input\" type=\"radio\" name=\"nbdocuments\" value=\"De 4 \u00e0 9\" id=\"it_form_nbdocuments_de_4_\u00e0_9\"\/><label class=\"it-form-field-inputs-label form-check-label\" for=\"it_form_nbdocuments_de_4_\u00e0_9\">De 4 \u00e0 9<\/label><\/div><div class=\"form-check\"><input class=\"it-form-field-inputs-control form-check-input\" type=\"radio\" name=\"nbdocuments\" value=\"De 10 \u00e0 15\" id=\"it_form_nbdocuments_de_10_\u00e0_15\"\/><label class=\"it-form-field-inputs-label form-check-label\" for=\"it_form_nbdocuments_de_10_\u00e0_15\">De 10 \u00e0 15<\/label><\/div><div class=\"form-check\"><input class=\"it-form-field-inputs-control form-check-input\" type=\"radio\" name=\"nbdocuments\" value=\"Plus de 15\" id=\"it_form_nbdocuments_plus_de_15\"\/><label class=\"it-form-field-inputs-label form-check-label\" for=\"it_form_nbdocuments_plus_de_15\">Plus de 15<\/label><\/div><\/div><div class=\"invalid-feedback\"><\/div><\/div>\n<\/div>\n<\/div>\n\n\n\n<div class=\"wp-block-columns is-layout-flex wp-container-core-columns-is-layout-28f84493 wp-block-columns-is-layout-flex\">\n<div class=\"wp-block-column is-layout-flow wp-block-column-is-layout-flow\" style=\"flex-basis:35%\">\n<p class=\"it-pattern-form-price-estimate-big-number has-large-font-size\">#2<\/p>\n\n\n\n<p>Quel est le nombre de pages maximal de votre(vos) document(s) ?<\/p>\n\n\n\n<p>(facultatif)<\/p>\n<\/div>\n\n\n\n<div class=\"wp-block-column is-vertically-aligned-center is-layout-flow wp-block-column-is-layout-flow\">\n<div class=\"wp-block-interactiv-technologies-it-field it-form-field it-form-field-radio\" data-field-name=\"nbpages\" data-field-type=\"radio\" data-field-label=\"\" data-field-required=\"false\"><div id=\"it_form_nbpages\" class=\"it-form-field-control it-form-field-radio-inputs it-form-field-checkinputs it-form-field-checkinputs--column\"><div class=\"form-check\"><input class=\"it-form-field-inputs-control form-check-input\" type=\"radio\" name=\"nbpages\" value=\"Je ne sais pas\" id=\"it_form_nbpages_je_ne_sais_pas\"\/><label class=\"it-form-field-inputs-label form-check-label\" for=\"it_form_nbpages_je_ne_sais_pas\">Je ne sais pas<\/label><\/div><div class=\"form-check\"><input class=\"it-form-field-inputs-control form-check-input\" type=\"radio\" name=\"nbpages\" value=\"0 \u00e0 20 pages\" id=\"it_form_nbpages_0_\u00e0_20_pages\"\/><label class=\"it-form-field-inputs-label form-check-label\" for=\"it_form_nbpages_0_\u00e0_20_pages\">0 \u00e0 20 pages<\/label><\/div><div class=\"form-check\"><input class=\"it-form-field-inputs-control form-check-input\" type=\"radio\" name=\"nbpages\" value=\"21 \u00e0 50 pages\" id=\"it_form_nbpages_21_\u00e0_50_pages\"\/><label class=\"it-form-field-inputs-label form-check-label\" for=\"it_form_nbpages_21_\u00e0_50_pages\">21 \u00e0 50 pages<\/label><\/div><div class=\"form-check\"><input class=\"it-form-field-inputs-control form-check-input\" type=\"radio\" name=\"nbpages\" value=\"51 \u00e0 100 pages\" id=\"it_form_nbpages_51_\u00e0_100_pages\"\/><label class=\"it-form-field-inputs-label form-check-label\" for=\"it_form_nbpages_51_\u00e0_100_pages\">51 \u00e0 100 pages<\/label><\/div><div class=\"form-check\"><input class=\"it-form-field-inputs-control form-check-input\" type=\"radio\" name=\"nbpages\" value=\"101 \u00e0 200 pages\" id=\"it_form_nbpages_101_\u00e0_200_pages\"\/><label class=\"it-form-field-inputs-label form-check-label\" for=\"it_form_nbpages_101_\u00e0_200_pages\">101 \u00e0 200 pages<\/label><\/div><div class=\"form-check\"><input class=\"it-form-field-inputs-control form-check-input\" type=\"radio\" name=\"nbpages\" value=\"Plus de 200 pages\" id=\"it_form_nbpages_plus_de_200_pages\"\/><label class=\"it-form-field-inputs-label form-check-label\" for=\"it_form_nbpages_plus_de_200_pages\">Plus de 200 pages<\/label><\/div><\/div><div class=\"invalid-feedback\"><\/div><\/div>\n<\/div>\n<\/div>\n\n\n\n<div class=\"wp-block-columns is-layout-flex wp-container-core-columns-is-layout-28f84493 wp-block-columns-is-layout-flex\">\n<div class=\"wp-block-column is-layout-flow wp-block-column-is-layout-flow\" style=\"flex-basis:35%\">\n<p class=\"it-pattern-form-price-estimate-big-number has-large-font-size\">#3<\/p>\n\n\n\n<p>De nombreuses fonctionnalit\u00e9s avanc\u00e9es peuvent \u00eatre ajout\u00e9es \u00e0 la version basique. Si vous \u00eates int\u00e9ress\u00e9(e), cochez la ou les case(s) correspondante(s) :<\/p>\n\n\n\n<p>(facultatif)<\/p>\n<\/div>\n\n\n\n<div class=\"wp-block-column is-vertically-aligned-center is-layout-flow wp-block-column-is-layout-flow\">\n<div class=\"wp-block-interactiv-technologies-it-field it-form-field it-form-field-checkbox\" data-field-name=\"fonctionnalites[]\" data-field-type=\"checkbox\" data-field-label=\"\" data-field-required=\"false\"><div id=\"it_form_fonctionnalites\" class=\"it-form-field-control it-form-field-checkbox-inputs it-form-field-checkinputs it-form-field-checkinputs--column\"><div class=\"form-check\"><input class=\"it-form-field-inputs-control form-check-input\" type=\"checkbox\" name=\"fonctionnalites[]\" value=\"Zones interactives (m\u00e9dias, liens internes ou URL, etc.)\" id=\"it_form_fonctionnalites_zones_interactives_m\u00e9dias_liens_internes_ou_url_etc\"\/><label class=\"it-form-field-inputs-label form-check-label\" for=\"it_form_fonctionnalites_zones_interactives_m\u00e9dias_liens_internes_ou_url_etc\">Zones interactives (m\u00e9dias, liens internes ou URL, etc.)<\/label><\/div><div class=\"form-check\"><input class=\"it-form-field-inputs-control form-check-input\" type=\"checkbox\" name=\"fonctionnalites[]\" value=\"Collecte de coordonn\u00e9es prospects (formulaires)\" id=\"it_form_fonctionnalites_collecte_de_coordonn\u00e9es_prospects_formulaires\"\/><label class=\"it-form-field-inputs-label form-check-label\" for=\"it_form_fonctionnalites_collecte_de_coordonn\u00e9es_prospects_formulaires\">Collecte de coordonn\u00e9es prospects (formulaires)<\/label><\/div><div class=\"form-check\"><input class=\"it-form-field-inputs-control form-check-input\" type=\"checkbox\" name=\"fonctionnalites[]\" value=\"Syst\u00e8me de commande (devis, achat)\" id=\"it_form_fonctionnalites_syst\u00e8me_de_commande_devis_achat\"\/><label class=\"it-form-field-inputs-label form-check-label\" for=\"it_form_fonctionnalites_syst\u00e8me_de_commande_devis_achat\">Syst\u00e8me de commande (devis, achat)<\/label><\/div><div class=\"form-check\"><input class=\"it-form-field-inputs-control form-check-input\" type=\"checkbox\" name=\"fonctionnalites[]\" value=\"R\u00e9f\u00e9rencement naturel (SEO)\" id=\"it_form_fonctionnalites_r\u00e9f\u00e9rencement_naturel_seo\"\/><label class=\"it-form-field-inputs-label form-check-label\" for=\"it_form_fonctionnalites_r\u00e9f\u00e9rencement_naturel_seo\">R\u00e9f\u00e9rencement naturel (SEO)<\/label><\/div><div class=\"form-check\"><input class=\"it-form-field-inputs-control form-check-input\" type=\"checkbox\" name=\"fonctionnalites[]\" value=\"Statistiques avanc\u00e9es\" id=\"it_form_fonctionnalites_statistiques_avanc\u00e9es\"\/><label class=\"it-form-field-inputs-label form-check-label\" for=\"it_form_fonctionnalites_statistiques_avanc\u00e9es\">Statistiques avanc\u00e9es<\/label><\/div><div class=\"form-check\"><input class=\"it-form-field-inputs-control form-check-input\" type=\"checkbox\" name=\"fonctionnalites[]\" value=\"Application tablette (Apps)\" id=\"it_form_fonctionnalites_application_tablette_apps\"\/><label class=\"it-form-field-inputs-label form-check-label\" for=\"it_form_fonctionnalites_application_tablette_apps\">Application tablette (Apps)<\/label><\/div><div class=\"form-check\"><input class=\"it-form-field-inputs-control form-check-input\" type=\"checkbox\" name=\"fonctionnalites[]\" value=\"Sommaire et\/ou signets\" id=\"it_form_fonctionnalites_sommaire_etou_signets\"\/><label class=\"it-form-field-inputs-label form-check-label\" for=\"it_form_fonctionnalites_sommaire_etou_signets\">Sommaire et\/ou signets<\/label><\/div><\/div><div class=\"invalid-feedback\"><\/div><\/div>\n<\/div>\n<\/div>\n\n\n\n<div class=\"wp-block-columns is-layout-flex wp-container-core-columns-is-layout-28f84493 wp-block-columns-is-layout-flex\">\n<div class=\"wp-block-column is-layout-flow wp-block-column-is-layout-flow\" style=\"flex-basis:35%\">\n<p class=\"it-pattern-form-price-estimate-big-number has-large-font-size\">#4<\/p>\n\n\n\n<p>Pour tester le rendu avec l\u2019un de vos documents, ins\u00e9rez votre PDF ici :<\/p>\n\n\n\n<p>(facultatif)<\/p>\n<\/div>\n\n\n\n<div class=\"wp-block-column is-vertically-aligned-center is-layout-flow wp-block-column-is-layout-flow\">\n<div class=\"wp-block-interactiv-technologies-it-field it-form-field it-form-field-file it-form-field--is-stacked it-form-field--required is-style-stacked\" data-field-name=\"pdf\" data-field-type=\"file\" data-field-label=\"Chargez un document\" data-field-required=\"false\" style=\"margin-top:var(--wp--preset--spacing--40)\"><input type=\"hidden\" class=\"it-form-field-control-maxsize\" name=\"pdf_maxsize\" data-size-in-mbytes=\"100\" value=\"104857600\"\/><input type=\"hidden\" class=\"it-form-field-control-accept\" name=\"pdf_accept\" value=\"\"\/><input id=\"it_form_pdf\" class=\"it-form-field-control form-control\" type=\"file\" name=\"pdf\" accept=\"application\/pdf,application\/msword,application\/vnd.openxmlformats-officedocument.wordprocessingml.document,application\/vnd.oasis.opendocument.text,application\/vnd.ms-excel,application\/vnd.openxmlformats-officedocument.spreadsheetml.sheet,application\/vnd.oasis.opendocument.spreadsheet,text\/csv,image\/*\"\/><label class=\"it-form-field-label\" for=\"it_form_pdf\">Chargez un document<\/label><div class=\"invalid-feedback\"><\/div><\/div>\n<\/div>\n<\/div>\n\n\n\n<div class=\"wp-block-columns is-layout-flex wp-container-core-columns-is-layout-28f84493 wp-block-columns-is-layout-flex\">\n<div class=\"wp-block-column is-layout-flow wp-block-column-is-layout-flow\" style=\"flex-basis:35%\">\n<p class=\"it-pattern-form-price-estimate-big-number has-large-font-size\">#5<\/p>\n\n\n\n<p>Vos informations<\/p>\n<\/div>\n\n\n\n<div class=\"wp-block-column has-global-padding is-content-justification-left is-layout-constrained wp-container-core-column-is-layout-79dd21d6 wp-block-column-is-layout-constrained\">\n<div class=\"wp-block-interactiv-technologies-it-field it-form-field it-form-field-status it-form-field--required it-form-field--is-floating form-floating is-style-floating\" data-field-name=\"status\" data-field-type=\"status\" data-field-label=\"Vous \u00eates\" data-field-required=\"true\"><select id=\"it_form_status\" class=\"it-form-field-control form-select\" name=\"status\" required><option value=\"\" disabled selected>S\u00e9lectionner un statut<\/option><option value=\"company\">Une soci\u00e9t\u00e9<\/option><option value=\"agency\">Une agence<\/option><option value=\"freelance\">Un(e) freelance<\/option><option value=\"association\">Une association<\/option><option value=\"individual\">Un particulier<\/option><\/select><label class=\"it-form-field-label\" for=\"it_form_status\">Vous \u00eates<\/label><div class=\"invalid-feedback\"><\/div><\/div>\n\n\n\n<div class=\"wp-block-interactiv-technologies-it-field it-form-field it-form-field-text it-form-field--is-floating form-floating is-style-floating\" data-field-name=\"society\" data-field-type=\"text\" data-field-label=\"Soci\u00e9t\u00e9\" data-field-required=\"false\"><input id=\"it_form_society\" class=\"it-form-field-control form-control\" type=\"text\" name=\"society\" placeholder=\"Soci\u00e9t\u00e9\"\/><label class=\"it-form-field-label\" for=\"it_form_society\">Soci\u00e9t\u00e9<\/label><div class=\"invalid-feedback\"><\/div><\/div>\n\n\n\n<div class=\"wp-block-interactiv-technologies-it-field it-form-field it-form-field-text it-form-field--required it-form-field--is-floating form-floating is-style-floating\" data-field-name=\"identity\" data-field-type=\"text\" data-field-label=\"Nom Pr\u00e9nom\" data-field-required=\"true\"><input id=\"it_form_identity\" class=\"it-form-field-control form-control\" type=\"text\" name=\"identity\" placeholder=\"Nom Pr\u00e9nom\" required\/><label class=\"it-form-field-label\" for=\"it_form_identity\">Nom Pr\u00e9nom<\/label><div class=\"invalid-feedback\"><\/div><\/div>\n\n\n\n<div class=\"wp-block-interactiv-technologies-it-field it-form-field it-form-field-email it-form-field--required it-form-field--is-floating form-floating is-style-floating\" data-field-name=\"mail\" data-field-type=\"email\" data-field-label=\"E-mail\" data-field-required=\"true\"><input id=\"it_form_mail\" class=\"it-form-field-control form-control\" type=\"email\" name=\"mail\" placeholder=\"\" required\/><label class=\"it-form-field-label\" for=\"it_form_mail\">E-mail<\/label><div class=\"invalid-feedback\"><\/div><\/div>\n\n\n\n<div class=\"wp-block-interactiv-technologies-it-field it-form-field it-form-field-text it-form-field--required it-form-field--is-floating form-floating is-style-floating\" data-field-name=\"phone\" data-field-type=\"text\" data-field-label=\"T\u00e9l\u00e9phone\" data-field-required=\"true\"><input id=\"it_form_phone\" class=\"it-form-field-control form-control\" type=\"text\" name=\"phone\" placeholder=\"T\u00e9l\u00e9phone\" required\/><label class=\"it-form-field-label\" for=\"it_form_phone\">T\u00e9l\u00e9phone<\/label><div class=\"invalid-feedback\"><\/div><\/div>\n\n\n\n<div class=\"wp-block-interactiv-technologies-it-field it-form-field it-form-field-consent it-form-field--consent form-check it-form-field--required\" data-field-name=\"consent\" data-field-type=\"consent\" data-field-label=\"\" data-field-required=\"true\" style=\"margin-top:var(--wp--preset--spacing--30)\"><input id=\"it_form_consent\" class=\"it-form-field-control form-check-input\" type=\"checkbox\" name=\"consent\" value=\"ok\" required\/><label class=\"it-form-field-inputs-label form-check-label\" for=\"it_form_consent\">En soumettant ce formulaire, j\u2019accepte que les informations saisies soient exploit\u00e9es dans le cadre de la demande de d\u00e9monstration et la relation commerciale qui peut en d\u00e9couler.<br \/>\r\nPour connaitre et exercer vos droits, veuillez consulter notre <a href=\"https:\/\/www.interactiv-technologies.com\/fr\/politique-de-confidentialite-relative-aux-donnees-personnelles\/\">politique de confidentialit\u00e9<\/a>.<\/label><div class=\"invalid-feedback\"><\/div><\/div>\n<\/div>\n<\/div>\n<div class=\"wp-block-interactiv-technologies-it-field it-form-field it-form-field-email it-form-field--is-floating form-floating is-style-floating hasNoName\" data-field-name=\"mail_double_check\" data-field-type=\"email\" data-field-label=\"Enter email again\" data-field-required=\"false\"><input class=\"it-form-field-control form-control\" type=\"email\" name=\"mail_double_check\" id=\"it_form_mail_double_check\" placeholder=\"Enter email again\"\/><label class=\"it-form-field-label\" for=\"it_form_mail_double_check\">Enter email again<\/label><div class=\"invalid-feedback\"><\/div><\/div><input type=\"hidden\" name=\"name\" value=\"Estimation tarifaire Doc\"\/><input type=\"hidden\" name=\"product\" value=\"itdoc\"\/><input type=\"hidden\" name=\"tpl\" value=\"2718\"\/><input type=\"hidden\" name=\"landing\" value=\"1187\"\/><button class=\"btn-form-submit it-form-submit-btn\" type=\"submit\">Je valide pour conna\u00eetre le r\u00e9sultat<\/button><input type=\"hidden\" id=\"_wpnonce\" name=\"_wpnonce\" value=\"e579eb271c\" \/><input type=\"hidden\" name=\"_wp_http_referer\" value=\"\/fr\/wp-json\/wp\/v2\/pages\/985\" \/><\/form>\n<\/section>\n<\/div>\n","protected":false},"excerpt":{"rendered":"<p>Estimation tarifaire Interactiv\u2019 Doc &#8211; Documents interactifs feuilletables Interactiv\u2019 Doc vous permet de transformer votre document&nbsp;PDF&nbsp;en un&nbsp;document interactif feuilletable, et d\u2019y ajouter de multiples&nbsp;fonctionnalit\u00e9s&nbsp;(sommaire, formulaire, statistiques, devis et commandes, zones interactives, r\u00e9f\u00e9rencement naturel du contenu etc). En&nbsp;3 minutes, r\u00e9pondez aux&nbsp;4 questions&nbsp;suivantes pour avoir un&nbsp;devis&nbsp;personnalis\u00e9&nbsp;en fonction de vos besoins. Si vous ins\u00e9rez votre PDF \u00e0 la [&hellip;]<\/p>\n","protected":false},"author":2,"featured_media":0,"parent":1289,"menu_order":0,"comment_status":"closed","ping_status":"closed","template":"","meta":{"_seopress_robots_primary_cat":"","_seopress_titles_title":"%%post_title%% %%sep%% %%sitetitle%%","_seopress_titles_desc":"Obtenez votre estimation personnalis\u00e9e du tarif d'Interactiv' Doc, catalogues interactifs feuilletables \/ flipbook, en moins de 3 minutes !","_seopress_robots_index":"","_it_page_product":"ITDoc","_it_call_to_action":["{\"text\":\"Testez gratuitement\",\"url\":\"https:\/\/www.interactiv-technologies.com\/fr\/catalogue-interactif\/formulaire-essai-gratuit-flipbooks\/\"}","{\"text\":\"Demandez une d\u00e9mo\",\"url\":\"https:\/\/www.interactiv-technologies.com\/fr\/catalogue-interactif\/formulaire-demonstration-flipbooks\/\"}","{\"text\":\"\",\"url\":\"\"}","{\"text\":\"\",\"url\":\"\"}"],"footnotes":""},"class_list":["post-985","page","type-page","status-publish","hentry"],"_links":{"self":[{"href":"https:\/\/www.interactiv-technologies.com\/fr\/wp-json\/wp\/v2\/pages\/985","targetHints":{"allow":["GET"]}}],"collection":[{"href":"https:\/\/www.interactiv-technologies.com\/fr\/wp-json\/wp\/v2\/pages"}],"about":[{"href":"https:\/\/www.interactiv-technologies.com\/fr\/wp-json\/wp\/v2\/types\/page"}],"author":[{"embeddable":true,"href":"https:\/\/www.interactiv-technologies.com\/fr\/wp-json\/wp\/v2\/users\/2"}],"replies":[{"embeddable":true,"href":"https:\/\/www.interactiv-technologies.com\/fr\/wp-json\/wp\/v2\/comments?post=985"}],"version-history":[{"count":11,"href":"https:\/\/www.interactiv-technologies.com\/fr\/wp-json\/wp\/v2\/pages\/985\/revisions"}],"predecessor-version":[{"id":7130,"href":"https:\/\/www.interactiv-technologies.com\/fr\/wp-json\/wp\/v2\/pages\/985\/revisions\/7130"}],"up":[{"embeddable":true,"href":"https:\/\/www.interactiv-technologies.com\/fr\/wp-json\/wp\/v2\/pages\/1289"}],"wp:attachment":[{"href":"https:\/\/www.interactiv-technologies.com\/fr\/wp-json\/wp\/v2\/media?parent=985"}],"curies":[{"name":"wp","href":"https:\/\/api.w.org\/{rel}","templated":true}]}}