{"id":978,"date":"2024-01-27T23:27:08","date_gmt":"2024-01-27T22:27:08","guid":{"rendered":"https:\/\/www.interactiv-technologies.com\/?page_id=978"},"modified":"2024-05-22T16:58:33","modified_gmt":"2024-05-22T14:58:33","slug":"978-2","status":"publish","type":"page","link":"https:\/\/www.interactiv-technologies.com\/fr\/automatisation-catalogues-indesign\/prix-devis-easycatalog\/","title":{"rendered":"Formulaire Publisher &#8211; Estimation Tarif"},"content":{"rendered":"\n<div class=\"wp-block-group alignfull has-violet-accent-background-color has-background has-global-padding is-layout-constrained wp-block-group-is-layout-constrained\" style=\"padding-top:var(--wp--preset--spacing--40);padding-bottom:var(--wp--preset--spacing--60)\">\n<div class=\"wp-block-group alignwide has-blanc-color has-text-color has-link-color has-small-font-size wp-elements-c841a1b92e5602c57e0ccc8a7ec884c5 has-global-padding is-layout-constrained wp-block-group-is-layout-constrained\"><div class=\"alignwide wp-block-wpseopress-breadcrumbs\"><nav  aria-label=\"Fil d&#039;Ariane\"><ol class=\"breadcrumb\" itemscope itemtype=\"https:\/\/schema.org\/BreadcrumbList\"><li class=\"breadcrumb-item active\" aria-current=\"page\" itemprop=\"itemListElement\" itemscope itemtype=\"https:\/\/schema.org\/ListItem\"><span itemprop=\"name\">Accueil<\/span><meta itemprop=\"position\" content=\"1\"><\/li><\/ol><\/nav><\/div><\/div>\n\n\n\n<h1 class=\"wp-block-heading has-text-align-center has-blanc-color has-text-color has-link-color wp-elements-886e48f89a3c43da2c69742e599f1ba1\">Estimation tarifaire pour la mise en page automatis\u00e9e sur InDesign (EasyCatalog)<\/h1>\n<\/div>\n\n\n\n<div class=\"wp-block-group has-global-padding is-layout-constrained wp-block-group-is-layout-constrained\">\n<p>Vous souhaitez&nbsp;<strong>faciliter<\/strong>&nbsp;la&nbsp;<strong>cr\u00e9ation<\/strong>&nbsp;de vos&nbsp;<strong>catalogues<\/strong>, fiches produits, annuaires, \u00e9tiquettes etc\u2026 ?<\/p>\n\n\n\n<p>Gr\u00e2ce au plug-in&nbsp;<strong>d\u2019InDesign<\/strong>&nbsp;de&nbsp;<strong>mise en page automatis\u00e9e<\/strong>&nbsp;(EasyCatalog), nous vous proposons des&nbsp;<strong>solutions<\/strong>. Vous pouvez&nbsp;:<\/p>\n\n\n\n<ul class=\"wp-block-list\">\n<li>soit nous confier la&nbsp;<strong>r\u00e9alisation<\/strong>&nbsp;de votre catalogue \/ votre document<\/li>\n\n\n\n<li>soit<strong>&nbsp;r\u00e9aliser vous-m\u00eames<\/strong>&nbsp;vos catalogues \/ documents de fa\u00e7on automatis\u00e9e gr\u00e2ce \u00e0 EasyCatalog<\/li>\n\n\n\n<li>soit b\u00e9n\u00e9ficier de notre&nbsp;<strong>accompagnement<\/strong>&nbsp;sur EasyCatalog<\/li>\n<\/ul>\n\n\n\n<p>En&nbsp;<strong>3 minutes<\/strong>, r\u00e9pondez aux<strong>&nbsp;3 questions<\/strong>&nbsp;suivantes pour avoir un devis en fonction de vos besoins.<\/p>\n<\/div>\n\n\n\n<div class=\"wp-block-group has-global-padding is-layout-constrained wp-block-group-is-layout-constrained\">\n<section class=\"wp-block-group it-pattern-card it-pattern-form-price-estimate-container it-pattern-form-price-estimate-container--publisher is-layout-flow wp-block-group-is-layout-flow\">\n<h2 class=\"wp-block-heading has-text-align-center has-medium-font-size\">Estimation tarifaire de la mise en page automatis\u00e9e<\/h2>\n\n\n\n<form class=\"wp-block-interactiv-technologies-it-form needs-validation it-pattern-form-price-estimate it-pattern-form-price-estimate--publisher\" novalidate action=\"\" method=\"post\" enctype=\"multipart\/form-data\">\n<div class=\"wp-block-columns is-layout-flex wp-container-core-columns-is-layout-28f84493 wp-block-columns-is-layout-flex\">\n<div class=\"wp-block-column is-layout-flow wp-block-column-is-layout-flow\" style=\"flex-basis:35%\">\n<p class=\"it-pattern-form-price-estimate-big-number has-large-font-size\">#1<\/p>\n\n\n\n<p>Quel(s) type(s) de documents souhaitez-vous cr\u00e9er ?<\/p>\n\n\n\n<p>(plusieurs r\u00e9ponses possibles)<\/p>\n<\/div>\n\n\n\n<div class=\"wp-block-column is-vertically-aligned-center is-layout-flow wp-block-column-is-layout-flow\">\n<div class=\"wp-block-interactiv-technologies-it-field it-form-field it-form-field-checkbox it-form-field--is-stacked is-style-stacked\" data-field-name=\"type[]\" data-field-type=\"checkbox\" data-field-label=\"\" data-field-required=\"false\"><div id=\"it_form_type\" class=\"it-form-field-control it-form-field-checkbox-inputs it-form-field-checkinputs it-form-field-checkinputs--column\"><div class=\"form-check\"><input class=\"it-form-field-inputs-control form-check-input\" type=\"checkbox\" name=\"type[]\" value=\"Je ne sais pas\" id=\"it_form_type_je_ne_sais_pas\"\/><label class=\"it-form-field-inputs-label form-check-label\" for=\"it_form_type_je_ne_sais_pas\">Je ne sais pas<\/label><\/div><div class=\"form-check\"><input class=\"it-form-field-inputs-control form-check-input\" type=\"checkbox\" name=\"type[]\" value=\"Des catalogues\" id=\"it_form_type_des_catalogues\"\/><label class=\"it-form-field-inputs-label form-check-label\" for=\"it_form_type_des_catalogues\">Des catalogues<\/label><\/div><div class=\"form-check\"><input class=\"it-form-field-inputs-control form-check-input\" type=\"checkbox\" name=\"type[]\" value=\"Des fiches produits\" id=\"it_form_type_des_fiches_produits\"\/><label class=\"it-form-field-inputs-label form-check-label\" for=\"it_form_type_des_fiches_produits\">Des fiches produits<\/label><\/div><div class=\"form-check\"><input class=\"it-form-field-inputs-control form-check-input\" type=\"checkbox\" name=\"type[]\" value=\"Des fiches techniques\" id=\"it_form_type_des_fiches_techniques\"\/><label class=\"it-form-field-inputs-label form-check-label\" for=\"it_form_type_des_fiches_techniques\">Des fiches techniques<\/label><\/div><div class=\"form-check\"><input class=\"it-form-field-inputs-control form-check-input\" type=\"checkbox\" name=\"type[]\" value=\"Des brochures\" id=\"it_form_type_des_brochures\"\/><label class=\"it-form-field-inputs-label form-check-label\" for=\"it_form_type_des_brochures\">Des brochures<\/label><\/div><div class=\"form-check\"><input class=\"it-form-field-inputs-control form-check-input\" type=\"checkbox\" name=\"type[]\" value=\"Des annuaires\" id=\"it_form_type_des_annuaires\"\/><label class=\"it-form-field-inputs-label form-check-label\" for=\"it_form_type_des_annuaires\">Des annuaires<\/label><\/div><div class=\"form-check\"><input class=\"it-form-field-inputs-control form-check-input\" type=\"checkbox\" name=\"type[]\" value=\"Autres\" id=\"it_form_type_autres\"\/><label class=\"it-form-field-inputs-label form-check-label\" for=\"it_form_type_autres\">Autres<\/label><\/div><\/div><div class=\"invalid-feedback\"><\/div><\/div>\n<\/div>\n<\/div>\n\n\n\n<div class=\"wp-block-columns is-layout-flex wp-container-core-columns-is-layout-28f84493 wp-block-columns-is-layout-flex\">\n<div class=\"wp-block-column is-layout-flow wp-block-column-is-layout-flow\" style=\"flex-basis:35%\">\n<p class=\"it-pattern-form-price-estimate-big-number has-large-font-size\">#2<\/p>\n\n\n\n<p>Quel(s) logiciel(s) utilisez-vous actuellement pour r\u00e9aliser vos publications ?<\/p>\n\n\n\n<p>(plusieurs r\u00e9ponses possibles)<\/p>\n<\/div>\n\n\n\n<div class=\"wp-block-column is-layout-flow wp-block-column-is-layout-flow\">\n<div class=\"wp-block-interactiv-technologies-it-field it-form-field it-form-field-checkbox it-form-field--is-stacked is-style-stacked\" data-field-name=\"logiciel[]\" data-field-type=\"checkbox\" data-field-label=\"\" data-field-required=\"false\"><div id=\"it_form_logiciel\" class=\"it-form-field-control it-form-field-checkbox-inputs it-form-field-checkinputs it-form-field-checkinputs--column\"><div class=\"form-check\"><input class=\"it-form-field-inputs-control form-check-input\" type=\"checkbox\" name=\"logiciel[]\" value=\"Je ne sais pas\" id=\"it_form_logiciel_je_ne_sais_pas\"\/><label class=\"it-form-field-inputs-label form-check-label\" for=\"it_form_logiciel_je_ne_sais_pas\">Je ne sais pas<\/label><\/div><div class=\"form-check\"><input class=\"it-form-field-inputs-control form-check-input\" type=\"checkbox\" name=\"logiciel[]\" value=\"InDesign\" id=\"it_form_logiciel_indesign\"\/><label class=\"it-form-field-inputs-label form-check-label\" for=\"it_form_logiciel_indesign\">InDesign<\/label><\/div><div class=\"form-check\"><input class=\"it-form-field-inputs-control form-check-input\" type=\"checkbox\" name=\"logiciel[]\" value=\"Quark\" id=\"it_form_logiciel_quark\"\/><label class=\"it-form-field-inputs-label form-check-label\" for=\"it_form_logiciel_quark\">Quark<\/label><\/div><div class=\"form-check\"><input class=\"it-form-field-inputs-control form-check-input\" type=\"checkbox\" name=\"logiciel[]\" value=\"Word\" id=\"it_form_logiciel_word\"\/><label class=\"it-form-field-inputs-label form-check-label\" for=\"it_form_logiciel_word\">Word<\/label><\/div><div class=\"form-check\"><input class=\"it-form-field-inputs-control form-check-input\" type=\"checkbox\" name=\"logiciel[]\" value=\"Powerpoint\" id=\"it_form_logiciel_powerpoint\"\/><label class=\"it-form-field-inputs-label form-check-label\" for=\"it_form_logiciel_powerpoint\">Powerpoint<\/label><\/div><div class=\"form-check\"><input class=\"it-form-field-inputs-control form-check-input\" type=\"checkbox\" name=\"logiciel[]\" value=\"Je fais appel \u00e0 des prestataires pour mes publications\" id=\"it_form_logiciel_je_fais_appel_\u00e0_des_prestataires_pour_mes_publications\"\/><label class=\"it-form-field-inputs-label form-check-label\" for=\"it_form_logiciel_je_fais_appel_\u00e0_des_prestataires_pour_mes_publications\">Je fais appel \u00e0 des prestataires pour mes publications<\/label><\/div><div class=\"form-check\"><input class=\"it-form-field-inputs-control form-check-input\" type=\"checkbox\" name=\"logiciel[]\" value=\"Autre\" id=\"it_form_logiciel_autre\"\/><label class=\"it-form-field-inputs-label form-check-label\" for=\"it_form_logiciel_autre\">Autre<\/label><\/div><\/div><div class=\"invalid-feedback\"><\/div><\/div>\n<\/div>\n<\/div>\n\n\n\n<div class=\"wp-block-columns is-layout-flex wp-container-core-columns-is-layout-28f84493 wp-block-columns-is-layout-flex\">\n<div class=\"wp-block-column is-layout-flow wp-block-column-is-layout-flow\" style=\"flex-basis:35%\">\n<p class=\"it-pattern-form-price-estimate-big-number has-large-font-size\">#3<\/p>\n\n\n\n<p>Quelle(s) collaboration(s) souhaitez-vous ?<\/p>\n\n\n\n<p>(plusieurs r\u00e9ponses possibles)<\/p>\n<\/div>\n\n\n\n<div class=\"wp-block-column is-vertically-aligned-center is-layout-flow wp-block-column-is-layout-flow\">\n<div class=\"wp-block-interactiv-technologies-it-field it-form-field it-form-field-checkbox it-form-field--is-stacked is-style-stacked\" data-field-name=\"collaboration[]\" data-field-type=\"checkbox\" data-field-label=\"\" data-field-required=\"false\"><div id=\"it_form_collaboration\" class=\"it-form-field-control it-form-field-checkbox-inputs it-form-field-checkinputs it-form-field-checkinputs--column\"><div class=\"form-check\"><input class=\"it-form-field-inputs-control form-check-input\" type=\"checkbox\" name=\"collaboration[]\" value=\"Je ne sais pas\" id=\"it_form_collaboration_je_ne_sais_pas\"\/><label class=\"it-form-field-inputs-label form-check-label\" for=\"it_form_collaboration_je_ne_sais_pas\">Je ne sais pas<\/label><\/div><div class=\"form-check\"><input class=\"it-form-field-inputs-control form-check-input\" type=\"checkbox\" name=\"collaboration[]\" value=\"Acquisition d'EasyCatalog\" id=\"it_form_collaboration_acquisition_deasycatalog\"\/><label class=\"it-form-field-inputs-label form-check-label\" for=\"it_form_collaboration_acquisition_deasycatalog\">Acquisition d&rsquo;EasyCatalog<\/label><\/div><div class=\"form-check\"><input class=\"it-form-field-inputs-control form-check-input\" type=\"checkbox\" name=\"collaboration[]\" value=\"Formation \u00e0 EasyCatalog\" id=\"it_form_collaboration_formation_\u00e0_easycatalog\"\/><label class=\"it-form-field-inputs-label form-check-label\" for=\"it_form_collaboration_formation_\u00e0_easycatalog\">Formation \u00e0 EasyCatalog<\/label><\/div><div class=\"form-check\"><input class=\"it-form-field-inputs-control form-check-input\" type=\"checkbox\" name=\"collaboration[]\" value=\"Sous-traitance : r\u00e9alisation de documents par Interactiv' Technologies\" id=\"it_form_collaboration_sous_traitance__r\u00e9alisation_de_documents_par_interactiv_technologies\"\/><label class=\"it-form-field-inputs-label form-check-label\" for=\"it_form_collaboration_sous_traitance__r\u00e9alisation_de_documents_par_interactiv_technologies\">Sous-traitance : r\u00e9alisation de documents par Interactiv&rsquo; Technologies<\/label><\/div><div class=\"form-check\"><input class=\"it-form-field-inputs-control form-check-input\" type=\"checkbox\" name=\"collaboration[]\" value=\"Autres\" id=\"it_form_collaboration_autres\"\/><label class=\"it-form-field-inputs-label form-check-label\" for=\"it_form_collaboration_autres\">Autres<\/label><\/div><\/div><div class=\"invalid-feedback\"><\/div><\/div>\n<\/div>\n<\/div>\n\n\n\n<div class=\"wp-block-columns is-layout-flex wp-container-core-columns-is-layout-28f84493 wp-block-columns-is-layout-flex\">\n<div class=\"wp-block-column is-layout-flow wp-block-column-is-layout-flow\" style=\"flex-basis:35%\">\n<p class=\"it-pattern-form-price-estimate-big-number has-large-font-size\">#4<\/p>\n\n\n\n<p>Vos informations<\/p>\n<\/div>\n\n\n\n<div class=\"wp-block-column has-global-padding is-content-justification-left is-layout-constrained wp-container-core-column-is-layout-79dd21d6 wp-block-column-is-layout-constrained\">\n<div class=\"wp-block-interactiv-technologies-it-field it-form-field it-form-field-status it-form-field--required it-form-field--is-floating form-floating is-style-floating\" data-field-name=\"status\" data-field-type=\"status\" data-field-label=\"Vous \u00eates\" data-field-required=\"true\"><select id=\"it_form_status\" class=\"it-form-field-control form-select\" name=\"status\" required><option value=\"\" disabled selected>S\u00e9lectionner un statut<\/option><option value=\"company\">Une soci\u00e9t\u00e9<\/option><option value=\"agency\">Une agence<\/option><option value=\"freelance\">Un(e) freelance<\/option><option value=\"association\">Une association<\/option><option value=\"individual\">Un particulier<\/option><\/select><label class=\"it-form-field-label\" for=\"it_form_status\">Vous \u00eates<\/label><div class=\"invalid-feedback\"><\/div><\/div>\n\n\n\n<div class=\"wp-block-interactiv-technologies-it-field it-form-field it-form-field-text it-form-field--is-floating form-floating is-style-floating\" data-field-name=\"society\" data-field-type=\"text\" data-field-label=\"Soci\u00e9t\u00e9\" data-field-required=\"false\"><input id=\"it_form_society\" class=\"it-form-field-control form-control\" type=\"text\" name=\"society\" placeholder=\"Soci\u00e9t\u00e9\"\/><label class=\"it-form-field-label\" for=\"it_form_society\">Soci\u00e9t\u00e9<\/label><div class=\"invalid-feedback\"><\/div><\/div>\n\n\n\n<div class=\"wp-block-interactiv-technologies-it-field it-form-field it-form-field-text it-form-field--required it-form-field--is-floating form-floating is-style-floating\" data-field-name=\"identity\" data-field-type=\"text\" data-field-label=\"Nom Pr\u00e9nom\" data-field-required=\"true\"><input id=\"it_form_identity\" class=\"it-form-field-control form-control\" type=\"text\" name=\"identity\" placeholder=\"Nom Pr\u00e9nom\" required\/><label class=\"it-form-field-label\" for=\"it_form_identity\">Nom Pr\u00e9nom<\/label><div class=\"invalid-feedback\"><\/div><\/div>\n\n\n\n<div class=\"wp-block-interactiv-technologies-it-field it-form-field it-form-field-email it-form-field--required it-form-field--is-floating form-floating is-style-floating\" data-field-name=\"mail\" data-field-type=\"email\" data-field-label=\"E-mail\" data-field-required=\"true\"><input id=\"it_form_mail\" class=\"it-form-field-control form-control\" type=\"email\" name=\"mail\" placeholder=\"\" required\/><label class=\"it-form-field-label\" for=\"it_form_mail\">E-mail<\/label><div class=\"invalid-feedback\"><\/div><\/div>\n\n\n\n<div class=\"wp-block-interactiv-technologies-it-field it-form-field it-form-field-text it-form-field--required it-form-field--is-floating form-floating is-style-floating\" data-field-name=\"phone\" data-field-type=\"text\" data-field-label=\"T\u00e9l\u00e9phone\" data-field-required=\"true\"><input id=\"it_form_phone\" class=\"it-form-field-control form-control\" type=\"text\" name=\"phone\" placeholder=\"T\u00e9l\u00e9phone\" required\/><label class=\"it-form-field-label\" for=\"it_form_phone\">T\u00e9l\u00e9phone<\/label><div class=\"invalid-feedback\"><\/div><\/div>\n\n\n\n<div class=\"wp-block-interactiv-technologies-it-field it-form-field it-form-field-consent it-form-field--consent form-check it-form-field--required\" data-field-name=\"consent\" data-field-type=\"consent\" data-field-label=\"\" data-field-required=\"true\" style=\"margin-top:var(--wp--preset--spacing--30)\"><input id=\"it_form_consent\" class=\"it-form-field-control form-check-input\" type=\"checkbox\" name=\"consent\" value=\"ok\" required\/><label class=\"it-form-field-inputs-label form-check-label\" for=\"it_form_consent\">En soumettant ce formulaire, j\u2019accepte que les informations saisies soient exploit\u00e9es dans le cadre de la demande de d\u00e9monstration et la relation commerciale qui peut en d\u00e9couler.<br \/>\r\nPour connaitre et exercer vos droits, veuillez consulter notre <a href=\"https:\/\/www.interactiv-technologies.com\/fr\/politique-de-confidentialite-relative-aux-donnees-personnelles\/\">politique de confidentialit\u00e9<\/a>.<\/label><div class=\"invalid-feedback\"><\/div><\/div>\n<\/div>\n<\/div>\n<div class=\"wp-block-interactiv-technologies-it-field it-form-field it-form-field-email it-form-field--is-floating form-floating is-style-floating hasNoName\" data-field-name=\"mail_double_check\" data-field-type=\"email\" data-field-label=\"Enter email again\" data-field-required=\"false\"><input class=\"it-form-field-control form-control\" type=\"email\" name=\"mail_double_check\" id=\"it_form_mail_double_check\" placeholder=\"Enter email again\"\/><label class=\"it-form-field-label\" for=\"it_form_mail_double_check\">Enter email again<\/label><div class=\"invalid-feedback\"><\/div><\/div><input type=\"hidden\" name=\"name\" value=\"Estimation tarifaire Publisher\"\/><input type=\"hidden\" name=\"product\" value=\"itpublisher\"\/><input type=\"hidden\" name=\"tpl\" value=\"2719\"\/><input type=\"hidden\" name=\"landing\" value=\"1187\"\/><button class=\"btn-form-submit it-form-submit-btn\" type=\"submit\">Je valide pour conna\u00eetre le r\u00e9sultat<\/button><input type=\"hidden\" id=\"_wpnonce\" name=\"_wpnonce\" value=\"a4b2010f80\" \/><input type=\"hidden\" name=\"_wp_http_referer\" value=\"\/fr\/wp-json\/wp\/v2\/pages\/978\" \/><\/form>\n<\/section>\n<\/div>\n","protected":false},"excerpt":{"rendered":"<p>Estimation tarifaire pour la mise en page automatis\u00e9e sur InDesign (EasyCatalog) Vous souhaitez&nbsp;faciliter&nbsp;la&nbsp;cr\u00e9ation&nbsp;de vos&nbsp;catalogues, fiches produits, annuaires, \u00e9tiquettes etc\u2026 ? Gr\u00e2ce au plug-in&nbsp;d\u2019InDesign&nbsp;de&nbsp;mise en page automatis\u00e9e&nbsp;(EasyCatalog), nous vous proposons des&nbsp;solutions. Vous pouvez&nbsp;: En&nbsp;3 minutes, r\u00e9pondez aux&nbsp;3 questions&nbsp;suivantes pour avoir un devis en fonction de vos besoins. Estimation tarifaire de la mise en page automatis\u00e9e<\/p>\n","protected":false},"author":2,"featured_media":0,"parent":3043,"menu_order":0,"comment_status":"closed","ping_status":"closed","template":"","meta":{"_seopress_robots_primary_cat":"","_seopress_titles_title":"%%post_title%% %%sep%% %%sitetitle%%","_seopress_titles_desc":"","_seopress_robots_index":"","_it_page_product":"ITPublisher","_it_call_to_action":["{\"text\":\"T\u00e9l\u00e9chargez EasyCatalog\",\"url\":\"https:\/\/www.interactiv-technologies.com\/fr\/interactiv-publisher\/telecharger-easycatalog\/\"}","{\"text\":\"Demandez une d\u00e9mo\",\"url\":\"https:\/\/www.interactiv-technologies.com\/fr\/automatisation-catalogues-indesign\/formulaire-demonstration-easycatalog\/\"}","{\"text\":\"Testez gratuitement\",\"url\":\"https:\/\/www.interactiv-technologies.com\/fr\/automatisation-catalogues-indesign\/formulaire-essai-gratuit-easycatalog\/\"}","{\"text\":\"\",\"url\":\"\"}"],"footnotes":""},"class_list":["post-978","page","type-page","status-publish","hentry"],"_links":{"self":[{"href":"https:\/\/www.interactiv-technologies.com\/fr\/wp-json\/wp\/v2\/pages\/978","targetHints":{"allow":["GET"]}}],"collection":[{"href":"https:\/\/www.interactiv-technologies.com\/fr\/wp-json\/wp\/v2\/pages"}],"about":[{"href":"https:\/\/www.interactiv-technologies.com\/fr\/wp-json\/wp\/v2\/types\/page"}],"author":[{"embeddable":true,"href":"https:\/\/www.interactiv-technologies.com\/fr\/wp-json\/wp\/v2\/users\/2"}],"replies":[{"embeddable":true,"href":"https:\/\/www.interactiv-technologies.com\/fr\/wp-json\/wp\/v2\/comments?post=978"}],"version-history":[{"count":13,"href":"https:\/\/www.interactiv-technologies.com\/fr\/wp-json\/wp\/v2\/pages\/978\/revisions"}],"predecessor-version":[{"id":6140,"href":"https:\/\/www.interactiv-technologies.com\/fr\/wp-json\/wp\/v2\/pages\/978\/revisions\/6140"}],"up":[{"embeddable":true,"href":"https:\/\/www.interactiv-technologies.com\/fr\/wp-json\/wp\/v2\/pages\/3043"}],"wp:attachment":[{"href":"https:\/\/www.interactiv-technologies.com\/fr\/wp-json\/wp\/v2\/media?parent=978"}],"curies":[{"name":"wp","href":"https:\/\/api.w.org\/{rel}","templated":true}]}}