{"id":6347,"date":"2024-05-24T17:56:55","date_gmt":"2024-05-24T15:56:55","guid":{"rendered":"https:\/\/www.interactiv-technologies.com\/?page_id=6347"},"modified":"2026-04-17T11:28:09","modified_gmt":"2026-04-17T09:28:09","slug":"rapport-annuel-interactif","status":"publish","type":"page","link":"https:\/\/www.interactiv-technologies.com\/fr\/catalogue-interactif\/rapport-annuel-interactif\/","title":{"rendered":"Rapport annuel interactif"},"content":{"rendered":"\n<div class=\"wp-block-group alignfull has-vert-accent-background-color has-background has-global-padding is-layout-constrained wp-block-group-is-layout-constrained\" style=\"padding-top:var(--wp--preset--spacing--40);padding-bottom:var(--wp--preset--spacing--60)\">\n<div class=\"wp-block-group alignwide has-blanc-color has-text-color has-link-color has-small-font-size wp-elements-bf8c93ea3ef9660c3f317439d4e72dba has-global-padding is-layout-constrained wp-block-group-is-layout-constrained\"><div class=\"alignwide wp-block-wpseopress-breadcrumbs\"><nav  aria-label=\"Fil d&#039;Ariane\"><ol class=\"breadcrumb\" itemscope itemtype=\"https:\/\/schema.org\/BreadcrumbList\"><li class=\"breadcrumb-item active\" aria-current=\"page\" itemprop=\"itemListElement\" itemscope itemtype=\"https:\/\/schema.org\/ListItem\"><span itemprop=\"name\">Accueil<\/span><meta itemprop=\"position\" content=\"1\"><\/li><\/ol><\/nav><\/div><\/div>\n\n\n\n<h1 class=\"wp-block-heading has-text-align-center has-blanc-color has-text-color has-link-color wp-elements-8cbc28e7fb62684e382f78741646e2a3\">Votre rapport annuel interactif et dynamique !<\/h1>\n<\/div>\n\n\n\n<div class=\"wp-block-columns are-vertically-aligned-center is-layout-flex wp-container-core-columns-is-layout-a54e0cfc wp-block-columns-is-layout-flex\" style=\"padding-top:var(--wp--preset--spacing--60);padding-bottom:var(--wp--preset--spacing--60)\">\n<div class=\"wp-block-column is-vertically-aligned-center is-layout-flow wp-block-column-is-layout-flow\" style=\"flex-basis:66%\">\n<p><strong>Conversion<\/strong> de votre <strong>PDF<\/strong> en quelques clics<\/p>\n\n\n\n<p>Ajout d&rsquo;\u00e9l\u00e9ments <strong>multim\u00e9dias<\/strong> : vid\u00e9o, son, image de fond&#8230;<\/p>\n\n\n\n<p><strong>Compatible<\/strong> smartphones et tablettes<\/p>\n\n\n\n<div class=\"wp-block-buttons is-content-justification-left is-layout-flex wp-container-core-buttons-is-layout-fc4fd283 wp-block-buttons-is-layout-flex\">\n<div class=\"wp-block-button is-style-fill\"><a class=\"wp-block-button__link wp-element-button\" href=\"#formulaire\">\n                    G\u00e9n\u00e9rez votre rapport annuel interactif                <\/a><\/div>\n<\/div>\n<\/div>\n\n\n\n<div class=\"wp-block-column is-vertically-aligned-center is-layout-flow wp-block-column-is-layout-flow\" style=\"flex-basis:33%\">\n<figure class=\"wp-block-image size-full\"><img loading=\"lazy\" decoding=\"async\" width=\"800\" height=\"450\" src=\"https:\/\/www.interactiv-technologies.com\/app\/uploads\/2026\/04\/GIF-Comatec-DOC.gif\" alt=\"GIF montrant le catalogue interactif de l'entreprise Comatec cr\u00e9\u00e9 sur Interactiv' Doc\" class=\"wp-image-16331\" title=\"Votre rapport annuel interactif et dynamique !\"\/><\/figure>\n<\/div>\n<\/div>\n\n\n\n<div class=\"wp-block-columns are-vertically-aligned-center is-layout-flex wp-container-core-columns-is-layout-a54e0cfc wp-block-columns-is-layout-flex\" style=\"padding-top:var(--wp--preset--spacing--60);padding-bottom:var(--wp--preset--spacing--60)\">\n<div class=\"wp-block-column is-vertically-aligned-center is-layout-flow wp-block-column-is-layout-flow\" style=\"flex-basis:33%\">\n<figure class=\"wp-block-image size-large\"><img loading=\"lazy\" decoding=\"async\" width=\"1024\" height=\"576\" src=\"https:\/\/www.interactiv-technologies.com\/app\/uploads\/2026\/04\/Visuels-Flat-Design-DOC-2026-2.0-5-1024x576.jpg\" alt=\"Image montrant deux personnes qui pr\u00e9sentent un rapport annuel interactif\" class=\"wp-image-16349\" title=\"Transformez votre PDF en rapport annuel interactif\" srcset=\"https:\/\/www.interactiv-technologies.com\/app\/uploads\/2026\/04\/Visuels-Flat-Design-DOC-2026-2.0-5-1024x576.jpg 1024w, https:\/\/www.interactiv-technologies.com\/app\/uploads\/2026\/04\/Visuels-Flat-Design-DOC-2026-2.0-5-300x169.jpg 300w, https:\/\/www.interactiv-technologies.com\/app\/uploads\/2026\/04\/Visuels-Flat-Design-DOC-2026-2.0-5-768x432.jpg 768w, https:\/\/www.interactiv-technologies.com\/app\/uploads\/2026\/04\/Visuels-Flat-Design-DOC-2026-2.0-5-1536x864.jpg 1536w, https:\/\/www.interactiv-technologies.com\/app\/uploads\/2026\/04\/Visuels-Flat-Design-DOC-2026-2.0-5.jpg 1920w\" sizes=\"auto, (max-width: 1024px) 100vw, 1024px\" \/><\/figure>\n<\/div>\n\n\n\n<div class=\"wp-block-column is-vertically-aligned-center is-layout-flow wp-block-column-is-layout-flow\" style=\"flex-basis:66%\">\n<h2 class=\"wp-block-heading\">Transformez votre PDF en rapport annuel interactif<\/h2>\n\n\n\n<p>Vous souhaitez marquer les esprits de vos collaborateurs, des journalistes, de votre comit\u00e9 de direction ou de vos actionnaires ? Gr\u00e2ce \u00e0 Interactiv&rsquo; Doc, g\u00e9n\u00e9rateur de documents interactifs vous pouvez cr\u00e9er un rapport annuel interactif enrichi avec des <strong>vid\u00e9os, des effets d&rsquo;animation, des photos HD, des fonds d&rsquo;\u00e9crans personnalis\u00e9s<\/strong>, en toute simplicit\u00e9 et sans aucune connaissance technique.<\/p>\n<\/div>\n<\/div>\n\n\n\n<div class=\"wp-block-columns are-vertically-aligned-center is-layout-flex wp-container-core-columns-is-layout-a54e0cfc wp-block-columns-is-layout-flex\" style=\"padding-top:var(--wp--preset--spacing--60);padding-bottom:var(--wp--preset--spacing--60)\">\n<div class=\"wp-block-column is-vertically-aligned-center is-layout-flow wp-block-column-is-layout-flow\" style=\"flex-basis:66%\">\n<h2 class=\"wp-block-heading\">Le document interactif nouvelle g\u00e9n\u00e9ration<\/h2>\n\n\n\n<p>Nos documents, catalogues et brochures interactives <strong>s&rsquo;affichent parfaitement sur mobiles et tablettes<\/strong>. Ils disposent d&rsquo;effets d&rsquo;<strong>animation pageflip <\/strong>s\u00e9duisants, <strong>d&rsquo;un sommaire cliquable<\/strong>, de<strong> liens entre les pages <\/strong>et de<strong> renvois sur votre site internet<\/strong> qui rendent la lecture plus conviviale qu&rsquo;avec un fichier PDF classique ou un diaporama PowerPoint.<\/p>\n\n\n\n<p>Il peut \u00eatre lu directement <strong>via une adresse internet<\/strong> ou en utilisant un support physique comme un <strong>CD-ROM, une cl\u00e9 USB, un ordinateur portable, une tablette<\/strong>, pour \u00eatre par exemple projet\u00e9 lors d&rsquo;une r\u00e9union professionnelle. Le <a href=\"https:\/\/www.interactiv-technologies.com\/catalogue-interactif\/\">catalogue interactif<\/a> peut \u00eatre <strong>accessible hors-ligne<\/strong>.<\/p>\n<\/div>\n\n\n\n<div class=\"wp-block-column is-vertically-aligned-center is-layout-flow wp-block-column-is-layout-flow\" style=\"flex-basis:33%\">\n<figure class=\"wp-block-image size-large\"><img loading=\"lazy\" decoding=\"async\" width=\"1024\" height=\"576\" src=\"https:\/\/www.interactiv-technologies.com\/app\/uploads\/2026\/04\/Visuels-Flat-Design-DOC-2026-2.0-6-1024x576.jpg\" alt=\"Image montrant un catalogue interactif sur une tablette\" class=\"wp-image-16351\" title=\"Le document interactif nouvelle g\u00e9n\u00e9ration\" srcset=\"https:\/\/www.interactiv-technologies.com\/app\/uploads\/2026\/04\/Visuels-Flat-Design-DOC-2026-2.0-6-1024x576.jpg 1024w, https:\/\/www.interactiv-technologies.com\/app\/uploads\/2026\/04\/Visuels-Flat-Design-DOC-2026-2.0-6-300x169.jpg 300w, https:\/\/www.interactiv-technologies.com\/app\/uploads\/2026\/04\/Visuels-Flat-Design-DOC-2026-2.0-6-768x432.jpg 768w, https:\/\/www.interactiv-technologies.com\/app\/uploads\/2026\/04\/Visuels-Flat-Design-DOC-2026-2.0-6-1536x864.jpg 1536w, https:\/\/www.interactiv-technologies.com\/app\/uploads\/2026\/04\/Visuels-Flat-Design-DOC-2026-2.0-6.jpg 1920w\" sizes=\"auto, (max-width: 1024px) 100vw, 1024px\" \/><\/figure>\n<\/div>\n<\/div>\n\n\n\n<hr class=\"wp-block-separator has-alpha-channel-opacity\"\/>\n\n\n\n<h2 class=\"wp-block-heading has-text-align-center\"><span style=\"color: #808080;\">Cr\u00e9er un rapport annuel&nbsp;interactif&nbsp;:<\/span><\/h2>\n\n\n\n<div class=\"wp-block-columns are-vertically-aligned-center is-layout-flex wp-container-core-columns-is-layout-a54e0cfc wp-block-columns-is-layout-flex\" style=\"padding-top:var(--wp--preset--spacing--60);padding-bottom:var(--wp--preset--spacing--60)\">\n<div class=\"wp-block-column is-vertically-aligned-center is-layout-flow wp-block-column-is-layout-flow\" style=\"flex-basis:50%\">\n<figure class=\"wp-block-image size-large\"><img loading=\"lazy\" decoding=\"async\" width=\"1024\" height=\"576\" src=\"https:\/\/www.interactiv-technologies.com\/app\/uploads\/2026\/04\/Visuels-Flat-Design-DOC-2026-2.0-4-1-1024x576.jpg\" alt=\"Image montrant un exemple de catalogue interactif sur un \u00e9cran d'ordinateur portable. \" class=\"wp-image-16345\" title=\"rapport annuel interactif \" srcset=\"https:\/\/www.interactiv-technologies.com\/app\/uploads\/2026\/04\/Visuels-Flat-Design-DOC-2026-2.0-4-1-1024x576.jpg 1024w, https:\/\/www.interactiv-technologies.com\/app\/uploads\/2026\/04\/Visuels-Flat-Design-DOC-2026-2.0-4-1-300x169.jpg 300w, https:\/\/www.interactiv-technologies.com\/app\/uploads\/2026\/04\/Visuels-Flat-Design-DOC-2026-2.0-4-1-768x432.jpg 768w, https:\/\/www.interactiv-technologies.com\/app\/uploads\/2026\/04\/Visuels-Flat-Design-DOC-2026-2.0-4-1-1536x864.jpg 1536w, https:\/\/www.interactiv-technologies.com\/app\/uploads\/2026\/04\/Visuels-Flat-Design-DOC-2026-2.0-4-1.jpg 1920w\" sizes=\"auto, (max-width: 1024px) 100vw, 1024px\" \/><\/figure>\n<\/div>\n\n\n\n<div class=\"wp-block-column is-vertically-aligned-center is-layout-flow wp-block-column-is-layout-flow\" style=\"flex-basis:50%\">\n<div class=\"wp-block-group has-global-padding is-layout-constrained wp-block-group-is-layout-constrained\">\n<form class=\"wp-block-interactiv-technologies-it-form needs-validation it-pattern-form-simple it-pattern-form-simple--file it-pattern-card\" novalidate action=\"\" method=\"post\" enctype=\"multipart\/form-data\"><div class=\"it-form-ribbon\">D\u00e9di\u00e9 aux professionnels<\/div>\n<p class=\"it-form-title\">Testez gratuitement<\/p>\n\n\n\n<div class=\"wp-block-group has-global-padding is-layout-constrained wp-container-core-group-is-layout-7bc66994 wp-block-group-is-layout-constrained\">\n<div class=\"wp-block-interactiv-technologies-it-field it-form-field it-form-field-status it-form-field--required it-form-field--is-floating form-floating is-style-floating\" data-field-name=\"status\" data-field-type=\"status\" data-field-label=\"Vous \u00eates\" data-field-required=\"true\"><select id=\"it_form_status\" class=\"it-form-field-control form-select\" name=\"status\" required><option value=\"\" disabled selected>S\u00e9lectionner un statut<\/option><option value=\"company\">Une soci\u00e9t\u00e9<\/option><option value=\"agency\">Une agence<\/option><option value=\"freelance\">Un(e) freelance<\/option><option value=\"association\">Une association<\/option><option value=\"individual\">Un particulier<\/option><\/select><label class=\"it-form-field-label\" for=\"it_form_status\">Vous \u00eates<\/label><div class=\"invalid-feedback\"><\/div><\/div>\n\n\n\n<div class=\"wp-block-interactiv-technologies-it-field it-form-field it-form-field-text it-form-field--is-floating form-floating is-style-floating\" data-field-name=\"society\" data-field-type=\"text\" data-field-label=\"Soci\u00e9t\u00e9\" data-field-required=\"false\"><input id=\"it_form_society\" class=\"it-form-field-control form-control\" type=\"text\" name=\"society\" placeholder=\"Soci\u00e9t\u00e9\"\/><label class=\"it-form-field-label\" for=\"it_form_society\">Soci\u00e9t\u00e9<\/label><div class=\"invalid-feedback\"><\/div><\/div>\n\n\n\n<div class=\"wp-block-interactiv-technologies-it-field it-form-field it-form-field-text it-form-field--required it-form-field--is-floating form-floating is-style-floating\" data-field-name=\"identity\" data-field-type=\"text\" data-field-label=\"Nom Pr\u00e9nom\" data-field-required=\"true\"><input id=\"it_form_identity\" class=\"it-form-field-control form-control\" type=\"text\" name=\"identity\" placeholder=\"Nom Pr\u00e9nom\" required\/><label class=\"it-form-field-label\" for=\"it_form_identity\">Nom Pr\u00e9nom<\/label><div class=\"invalid-feedback\"><\/div><\/div>\n\n\n\n<div class=\"wp-block-interactiv-technologies-it-field it-form-field it-form-field-email it-form-field--required it-form-field--is-floating form-floating is-style-floating\" data-field-name=\"mail\" data-field-type=\"email\" data-field-label=\"E-mail\" data-field-required=\"true\"><input id=\"it_form_mail\" class=\"it-form-field-control form-control\" type=\"email\" name=\"mail\" placeholder=\"\" required\/><label class=\"it-form-field-label\" for=\"it_form_mail\">E-mail<\/label><div class=\"invalid-feedback\"><\/div><\/div>\n\n\n\n<div class=\"wp-block-interactiv-technologies-it-field it-form-field it-form-field-text it-form-field--required it-form-field--is-floating form-floating is-style-floating\" data-field-name=\"phone\" data-field-type=\"text\" data-field-label=\"T\u00e9l\u00e9phone\" data-field-required=\"true\"><input id=\"it_form_phone\" class=\"it-form-field-control form-control\" type=\"text\" name=\"phone\" placeholder=\"T\u00e9l\u00e9phone\" required\/><label class=\"it-form-field-label\" for=\"it_form_phone\">T\u00e9l\u00e9phone<\/label><div class=\"invalid-feedback\"><\/div><\/div>\n\n\n\n<div class=\"wp-block-interactiv-technologies-it-field it-form-field it-form-field-file it-form-field--is-stacked is-style-stacked\" data-field-name=\"pdf\" data-field-type=\"file\" data-field-label=\"Chargez votre fichier (facultatif)\" data-field-required=\"false\" style=\"margin-top:var(--wp--preset--spacing--40)\"><input type=\"hidden\" class=\"it-form-field-control-accept\" name=\"pdf_accept\" value=\"\"\/><input id=\"it_form_pdf\" class=\"it-form-field-control form-control\" type=\"file\" name=\"pdf\" accept=\"\"\/><label class=\"it-form-field-label\" for=\"it_form_pdf\">Chargez votre fichier (facultatif)<\/label><div class=\"invalid-feedback\"><\/div><\/div>\n\n\n\n<div class=\"wp-block-interactiv-technologies-it-field it-form-field it-form-field-consent it-form-field--consent form-check it-form-field--required\" data-field-name=\"consent\" data-field-type=\"consent\" data-field-label=\"\" data-field-required=\"true\" style=\"margin-top:var(--wp--preset--spacing--30)\"><input id=\"it_form_consent\" class=\"it-form-field-control form-check-input\" type=\"checkbox\" name=\"consent\" value=\"ok\" required\/><label class=\"it-form-field-inputs-label form-check-label\" for=\"it_form_consent\">En soumettant ce formulaire, j\u2019accepte que les informations saisies soient exploit\u00e9es dans le cadre de la demande de d\u00e9monstration et la relation commerciale qui peut en d\u00e9couler.<br \/>\r\nPour connaitre et exercer vos droits, veuillez consulter notre <a href=\"https:\/\/www.interactiv-technologies.com\/fr\/politique-de-confidentialite-relative-aux-donnees-personnelles\/\">politique de confidentialit\u00e9<\/a>.<\/label><div class=\"invalid-feedback\"><\/div><\/div>\n<\/div>\n<div class=\"wp-block-interactiv-technologies-it-field it-form-field it-form-field-email it-form-field--is-floating form-floating is-style-floating hasNoName\" data-field-name=\"mail_double_check\" data-field-type=\"email\" data-field-label=\"Enter email again\" data-field-required=\"false\"><input class=\"it-form-field-control form-control\" type=\"email\" name=\"mail_double_check\" id=\"it_form_mail_double_check\" placeholder=\"Enter email again\"\/><label class=\"it-form-field-label\" for=\"it_form_mail_double_check\">Enter email again<\/label><div class=\"invalid-feedback\"><\/div><\/div><input type=\"hidden\" name=\"name\" value=\"Testez gratuitement\"\/><input type=\"hidden\" name=\"product\" value=\"itdoc\"\/><input type=\"hidden\" name=\"tpl\" value=\"2711\"\/><input type=\"hidden\" name=\"landing\" value=\"950\"\/><button class=\"btn-form-submit it-form-submit-btn\" type=\"submit\">Je valide<\/button><input type=\"hidden\" id=\"_wpnonce\" name=\"_wpnonce\" value=\"6bc82eb038\" \/><input type=\"hidden\" name=\"_wp_http_referer\" value=\"\/fr\/wp-json\/wp\/v2\/pages\/6347\" \/><\/form>\n<\/div>\n<\/div>\n<\/div>\n\n\n\n<div class=\"wp-block-columns is-layout-flex wp-container-core-columns-is-layout-a54e0cfc wp-block-columns-is-layout-flex\" style=\"padding-top:var(--wp--preset--spacing--60);padding-bottom:var(--wp--preset--spacing--60)\">\n<div class=\"wp-block-column is-layout-flow wp-block-column-is-layout-flow\" style=\"flex-basis:100%\">\n<figure class=\"wp-block-image aligncenter size-large is-resized\"><img loading=\"lazy\" decoding=\"async\" width=\"1024\" height=\"512\" src=\"https:\/\/www.interactiv-technologies.com\/app\/uploads\/2026\/04\/Banniere-site-DOC-Footer-2026-1024x512.jpg\" alt=\"Banni\u00e8re montrant l'\u00e9volution d'un simple fichier PDF en un catalogue interactif \u00e9volu\u00e9 disponible sur tous les supports\" class=\"wp-image-16322\" style=\"width:726px;height:auto\" title=\"\" srcset=\"https:\/\/www.interactiv-technologies.com\/app\/uploads\/2026\/04\/Banniere-site-DOC-Footer-2026-1024x512.jpg 1024w, https:\/\/www.interactiv-technologies.com\/app\/uploads\/2026\/04\/Banniere-site-DOC-Footer-2026-300x150.jpg 300w, https:\/\/www.interactiv-technologies.com\/app\/uploads\/2026\/04\/Banniere-site-DOC-Footer-2026-768x384.jpg 768w, https:\/\/www.interactiv-technologies.com\/app\/uploads\/2026\/04\/Banniere-site-DOC-Footer-2026-1536x768.jpg 1536w, https:\/\/www.interactiv-technologies.com\/app\/uploads\/2026\/04\/Banniere-site-DOC-Footer-2026-2048x1024.jpg 2048w\" sizes=\"auto, (max-width: 1024px) 100vw, 1024px\" \/><\/figure>\n<\/div>\n<\/div>\n\n\n\n<hr class=\"wp-block-separator has-alpha-channel-opacity\"\/>\n\n\n\n<div class=\"wp-block-columns is-layout-flex wp-container-core-columns-is-layout-a54e0cfc wp-block-columns-is-layout-flex\" style=\"padding-top:var(--wp--preset--spacing--60);padding-bottom:var(--wp--preset--spacing--60)\">\n<div class=\"wp-block-column is-layout-flow wp-block-column-is-layout-flow\" style=\"flex-basis:33.333333333333%\">\n<h2 class=\"wp-block-heading has-text-align-center\">Brochures interactives<\/h2>\n\n\n\n<p class=\"has-text-align-center\">Transformez votre <strong>brochure<\/strong> <strong>commerciale<\/strong> au format PDF en brochure interactive en ligne pour renforcer le nombre de mises en relations avec votre entreprise. Collectez facilement des <strong>e-mails<\/strong> <strong>de prospects<\/strong>.<\/p>\n\n\n\n<div class=\"wp-block-buttons is-content-justification-center is-layout-flex wp-container-core-buttons-is-layout-a89b3969 wp-block-buttons-is-layout-flex\">\n<div class=\"wp-block-button is-style-fill\"><a class=\"wp-block-button__link wp-element-button\" href=\"\">\n                    Cr\u00e9er une brochure interactive                <\/a><\/div>\n<\/div>\n<\/div>\n\n\n\n<div class=\"wp-block-column is-layout-flow wp-block-column-is-layout-flow\" style=\"flex-basis:33.333333333333%\">\n<h2 class=\"wp-block-heading has-text-align-center\">Catalogue virtuel interactif<\/h2>\n\n\n\n<p class=\"has-text-align-center\">Dynamisez un <strong>catalogue<\/strong> au format <strong>PDF<\/strong> en ajoutant un sommaire, des zones cliquables, ou m\u00eame&nbsp;un panier e-commerce pour permette d&rsquo;acheter directement vos produits. G\u00e9n\u00e9rez du <strong>chiffre<\/strong> <strong>d&rsquo;affaires<\/strong> <strong>additionnel<\/strong> facilement !<\/p>\n\n\n\n<div class=\"wp-block-buttons is-content-justification-center is-layout-flex wp-container-core-buttons-is-layout-a89b3969 wp-block-buttons-is-layout-flex\">\n<div class=\"wp-block-button is-style-fill\"><a class=\"wp-block-button__link wp-element-button\" href=\"\">\n                    Cr\u00e9er un catalogue virtuel                <\/a><\/div>\n<\/div>\n<\/div>\n\n\n\n<div class=\"wp-block-column is-layout-flow wp-block-column-is-layout-flow\" style=\"flex-basis:33.333333333333%\">\n<h2 class=\"wp-block-heading has-text-align-center\">Document virtuel interactif<\/h2>\n\n\n\n<p class=\"has-text-align-center\">Passez du PDF statique au <strong>document interactif<\/strong> anim\u00e9, avec des vid\u00e9os, des zones cliquables, etc. Proposez un moteur de recherche performant, analysez les recherches et adaptez votre <strong>strat\u00e9gie digitale<\/strong> !<\/p>\n\n\n\n<div class=\"wp-block-buttons is-content-justification-center is-layout-flex wp-container-core-buttons-is-layout-a89b3969 wp-block-buttons-is-layout-flex\">\n<div class=\"wp-block-button is-style-fill\"><a class=\"wp-block-button__link wp-element-button\" href=\"\">\n                    Cr\u00e9er un document interactif                <\/a><\/div>\n<\/div>\n<\/div>\n<\/div>\n","protected":false},"excerpt":{"rendered":"<p>Votre rapport annuel interactif et dynamique ! Conversion de votre PDF en quelques clics Ajout d&rsquo;\u00e9l\u00e9ments multim\u00e9dias : vid\u00e9o, son, image de fond&#8230; Compatible smartphones et tablettes Transformez votre PDF en rapport annuel interactif Vous souhaitez marquer les esprits de vos collaborateurs, des journalistes, de votre comit\u00e9 de direction ou de vos actionnaires ? Gr\u00e2ce [&hellip;]<\/p>\n","protected":false},"author":1,"featured_media":0,"parent":1289,"menu_order":0,"comment_status":"closed","ping_status":"closed","template":"","meta":{"_seopress_robots_primary_cat":"","_seopress_titles_title":"Comment cr\u00e9er un rapport annuel interactif ? \u00bb Interactiv' Doc","_seopress_titles_desc":"T\u00e9l\u00e9chargez un fichier PDF et faites en un support interactif pour pr\u00e9senter les chiffres de l'ann\u00e9e pour votre soci\u00e9t\u00e9, de mani\u00e8re ludique et dynamique !","_seopress_robots_index":"","_it_page_product":"ITDoc","_it_call_to_action":["{\"text\":\"Testez gratuitement\",\"url\":\"https:\/\/www.interactiv-technologies.com\/fr\/catalogue-interactif\/formulaire-essai-gratuit-flipbooks\/\"}","{\"text\":\"Demandez une d\u00e9mo\",\"url\":\"https:\/\/www.interactiv-technologies.com\/fr\/catalogue-interactif\/formulaire-demonstration-flipbooks\/\"}","{\"text\":\"Obtenez votre tarif\",\"url\":\"https:\/\/www.interactiv-technologies.com\/fr\/catalogue-interactif\/prix-devis-flipbook\/\"}","{\"text\":\"\",\"url\":\"\"}"],"footnotes":""},"class_list":["post-6347","page","type-page","status-publish","hentry"],"_links":{"self":[{"href":"https:\/\/www.interactiv-technologies.com\/fr\/wp-json\/wp\/v2\/pages\/6347","targetHints":{"allow":["GET"]}}],"collection":[{"href":"https:\/\/www.interactiv-technologies.com\/fr\/wp-json\/wp\/v2\/pages"}],"about":[{"href":"https:\/\/www.interactiv-technologies.com\/fr\/wp-json\/wp\/v2\/types\/page"}],"author":[{"embeddable":true,"href":"https:\/\/www.interactiv-technologies.com\/fr\/wp-json\/wp\/v2\/users\/1"}],"replies":[{"embeddable":true,"href":"https:\/\/www.interactiv-technologies.com\/fr\/wp-json\/wp\/v2\/comments?post=6347"}],"version-history":[{"count":8,"href":"https:\/\/www.interactiv-technologies.com\/fr\/wp-json\/wp\/v2\/pages\/6347\/revisions"}],"predecessor-version":[{"id":16745,"href":"https:\/\/www.interactiv-technologies.com\/fr\/wp-json\/wp\/v2\/pages\/6347\/revisions\/16745"}],"up":[{"embeddable":true,"href":"https:\/\/www.interactiv-technologies.com\/fr\/wp-json\/wp\/v2\/pages\/1289"}],"wp:attachment":[{"href":"https:\/\/www.interactiv-technologies.com\/fr\/wp-json\/wp\/v2\/media?parent=6347"}],"curies":[{"name":"wp","href":"https:\/\/api.w.org\/{rel}","templated":true}]}}