{"id":3165,"date":"2021-04-16T10:22:10","date_gmt":"2021-04-16T08:22:10","guid":{"rendered":"https:\/\/www.interactiv-technologies.com\/formulaire-projet-formation\/"},"modified":"2025-06-24T09:49:18","modified_gmt":"2025-06-24T07:49:18","slug":"formulaire-projet-formation","status":"publish","type":"page","link":"https:\/\/www.interactiv-technologies.com\/fr\/formation-easycatalog-adobe-indesign\/formulaire-projet-formation\/","title":{"rendered":"Formulaire Parlons de Votre Projet"},"content":{"rendered":"\n<div class=\"wp-block-group alignfull has-bleu-accent-background-color has-background has-global-padding is-layout-constrained wp-block-group-is-layout-constrained\" style=\"padding-top:var(--wp--preset--spacing--40);padding-bottom:var(--wp--preset--spacing--60)\">\n<div class=\"wp-block-group alignwide has-blanc-color has-text-color has-link-color has-small-font-size wp-elements-bf8c93ea3ef9660c3f317439d4e72dba has-global-padding is-layout-constrained wp-block-group-is-layout-constrained\"><div class=\"alignwide wp-block-wpseopress-breadcrumbs\"><nav  aria-label=\"Fil d&#039;Ariane\"><ol class=\"breadcrumb\" itemscope itemtype=\"https:\/\/schema.org\/BreadcrumbList\"><li class=\"breadcrumb-item active\" aria-current=\"page\" itemprop=\"itemListElement\" itemscope itemtype=\"https:\/\/schema.org\/ListItem\"><span itemprop=\"name\">Accueil<\/span><meta itemprop=\"position\" content=\"1\"><\/li><\/ol><\/nav><\/div><\/div>\n\n\n\n<h1 class=\"wp-block-heading has-text-align-center has-blanc-color has-text-color has-link-color wp-elements-e5425ba701a26ef7accf2500052d1f37\">Parlons de votre projet de formation (EasyCatalog, InDesign&#8230;) !<\/h1>\n<\/div>\n\n\n\n<div class=\"wp-block-columns is-layout-flex wp-container-core-columns-is-layout-28f84493 wp-block-columns-is-layout-flex\">\n<div class=\"wp-block-column is-layout-flow wp-block-column-is-layout-flow\" style=\"flex-basis:66.66%\">\n<div class=\"wp-block-group is-vertical is-layout-flex wp-container-core-group-is-layout-fe9cc265 wp-block-group-is-layout-flex\">\n<figure class=\"wp-block-image alignleft is-resized\"><img loading=\"lazy\" decoding=\"async\" width=\"2623\" height=\"491\" src=\"https:\/\/www.interactiv-technologies.com\/app\/uploads\/2024\/01\/bandeau-qualiopi.png\" alt=\"\" class=\"wp-image-317\" style=\"width:560px;height:auto\" srcset=\"https:\/\/www.interactiv-technologies.com\/app\/uploads\/2024\/01\/bandeau-qualiopi.png 2623w, https:\/\/www.interactiv-technologies.com\/app\/uploads\/2024\/01\/bandeau-qualiopi-300x56.png 300w, https:\/\/www.interactiv-technologies.com\/app\/uploads\/2024\/01\/bandeau-qualiopi-1024x192.png 1024w, https:\/\/www.interactiv-technologies.com\/app\/uploads\/2024\/01\/bandeau-qualiopi-768x144.png 768w, https:\/\/www.interactiv-technologies.com\/app\/uploads\/2024\/01\/bandeau-qualiopi-1536x288.png 1536w, https:\/\/www.interactiv-technologies.com\/app\/uploads\/2024\/01\/bandeau-qualiopi-2048x383.png 2048w\" sizes=\"auto, (max-width: 2623px) 100vw, 2623px\" \/><\/figure>\n\n\n\n<p>Vous souhaitez vous former aux logiciels de PAO (Publication Assist\u00e9e par Ordinateur) ? <\/p>\n\n\n\n<p>Chez Interactiv&rsquo; Technologies, \u00e9diteur et int\u00e9grateur fran\u00e7ais de logiciels depuis 2008, nous proposons des formations compl\u00e8tes et pr\u00e9par\u00e9es afin que vous ma\u00eetrisiez les outils, mais nous proposons aussi de concevoir un accompagnement sur mesure pour r\u00e9pondre \u00e0 vos besoins autour d&rsquo;InDesign, d&rsquo;<a href=\"https:\/\/www.interactiv-technologies.com\/fr\/interactiv-publisher\/\">EasyCatalog<\/a> (le plugin d&rsquo;automatisation) et tout autre logiciel de PAO.<\/p>\n\n\n\n<p>Nos formations s&rsquo;adaptent \u00e0 tous : d\u00e9butants\/experts, elles sont <strong>certifi\u00e9es Qualiopi<\/strong>, et peuvent donc \u00eatre prises en charge par vos cr\u00e9dits de formation, par votre entreprise, par votre OPCO. Individuelles ou collectives, en pr\u00e9sentiel ou \u00e0 distance&#8230; faites-nous part de vos pr\u00e9f\u00e9rences !<\/p>\n\n\n\n<p><strong>Partagez nous votre besoin en remplissant directement le formulaire ci-contre ou contactez nous  notre \u00e9quipe d&rsquo;experts au 09 70 24 89 90.<\/strong><\/p>\n<\/div>\n<\/div>\n\n\n\n<div class=\"wp-block-column is-layout-flow wp-block-column-is-layout-flow\" style=\"flex-basis:33.33%\">\n<div class=\"wp-block-group has-global-padding is-layout-constrained wp-block-group-is-layout-constrained\">\n<form class=\"wp-block-interactiv-technologies-it-form needs-validation it-pattern-form-simple it-pattern-form-simple--msg it-pattern-card\" novalidate action=\"\" method=\"post\" enctype=\"multipart\/form-data\"><div class=\"it-form-ribbon\">D\u00e9di\u00e9 aux professionnels<\/div>\n<p class=\"it-form-title\">Parlons de votre projet !<\/p>\n\n\n\n<div class=\"wp-block-group has-global-padding is-layout-constrained wp-container-core-group-is-layout-7bc66994 wp-block-group-is-layout-constrained\">\n<div class=\"wp-block-interactiv-technologies-it-field it-form-field it-form-field-status it-form-field--required it-form-field--is-floating form-floating is-style-floating\" data-field-name=\"status\" data-field-type=\"status\" data-field-label=\"Vous \u00eates\" data-field-required=\"true\"><select id=\"it_form_status\" class=\"it-form-field-control form-select\" name=\"status\" required><option value=\"\" disabled selected>S\u00e9lectionner un statut<\/option><option value=\"company\">Une soci\u00e9t\u00e9<\/option><option value=\"agency\">Une agence<\/option><option value=\"freelance\">Un(e) freelance<\/option><option value=\"association\">Une association<\/option><option value=\"individual\">Un particulier<\/option><\/select><label class=\"it-form-field-label\" for=\"it_form_status\">Vous \u00eates<\/label><div class=\"invalid-feedback\"><\/div><\/div>\n\n\n\n<div class=\"wp-block-interactiv-technologies-it-field it-form-field it-form-field-text it-form-field--is-floating form-floating is-style-floating\" data-field-name=\"society\" data-field-type=\"text\" data-field-label=\"Soci\u00e9t\u00e9\" data-field-required=\"false\"><input id=\"it_form_society\" class=\"it-form-field-control form-control\" type=\"text\" name=\"society\" placeholder=\"Soci\u00e9t\u00e9\"\/><label class=\"it-form-field-label\" for=\"it_form_society\">Soci\u00e9t\u00e9<\/label><div class=\"invalid-feedback\"><\/div><\/div>\n\n\n\n<div class=\"wp-block-interactiv-technologies-it-field it-form-field it-form-field-text it-form-field--required it-form-field--is-floating form-floating is-style-floating\" data-field-name=\"identity\" data-field-type=\"text\" data-field-label=\"Nom Pr\u00e9nom\" data-field-required=\"true\"><input id=\"it_form_identity\" class=\"it-form-field-control form-control\" type=\"text\" name=\"identity\" placeholder=\"Nom Pr\u00e9nom\" required\/><label class=\"it-form-field-label\" for=\"it_form_identity\">Nom Pr\u00e9nom<\/label><div class=\"invalid-feedback\"><\/div><\/div>\n\n\n\n<div class=\"wp-block-interactiv-technologies-it-field it-form-field it-form-field-email it-form-field--required it-form-field--is-floating form-floating is-style-floating\" data-field-name=\"mail\" data-field-type=\"email\" data-field-label=\"E-mail\" data-field-required=\"true\"><input id=\"it_form_mail\" class=\"it-form-field-control form-control\" type=\"email\" name=\"mail\" placeholder=\"\" required\/><label class=\"it-form-field-label\" for=\"it_form_mail\">E-mail<\/label><div class=\"invalid-feedback\"><\/div><\/div>\n\n\n\n<div class=\"wp-block-interactiv-technologies-it-field it-form-field it-form-field-text it-form-field--required it-form-field--is-floating form-floating is-style-floating\" data-field-name=\"phone\" data-field-type=\"text\" data-field-label=\"T\u00e9l\u00e9phone\" data-field-required=\"true\"><input id=\"it_form_phone\" class=\"it-form-field-control form-control\" type=\"text\" name=\"phone\" placeholder=\"T\u00e9l\u00e9phone\" required\/><label class=\"it-form-field-label\" for=\"it_form_phone\">T\u00e9l\u00e9phone<\/label><div class=\"invalid-feedback\"><\/div><\/div>\n\n\n\n<div class=\"wp-block-interactiv-technologies-it-field it-form-field it-form-field-textarea it-form-field--is-floating form-floating is-style-floating\" data-field-name=\"msg\" data-field-type=\"textarea\" data-field-label=\"Message (facultatif)\" data-field-required=\"false\"><textarea id=\"it_form_msg\" class=\"it-form-field-control form-control\" name=\"msg\" placeholder=\"Message\" style=\"height:4.2rem\"><\/textarea><label class=\"it-form-field-label\" for=\"it_form_msg\">Message (facultatif)<\/label><div class=\"invalid-feedback\"><\/div><\/div>\n\n\n\n<div class=\"wp-block-interactiv-technologies-it-field it-form-field it-form-field-consent it-form-field--consent form-check it-form-field--required\" data-field-name=\"consent\" data-field-type=\"consent\" data-field-label=\"\" data-field-required=\"true\" style=\"margin-top:var(--wp--preset--spacing--30)\"><input id=\"it_form_consent\" class=\"it-form-field-control form-check-input\" type=\"checkbox\" name=\"consent\" value=\"ok\" required\/><label class=\"it-form-field-inputs-label form-check-label\" for=\"it_form_consent\">En soumettant ce formulaire, j\u2019accepte que les informations saisies soient exploit\u00e9es dans le cadre de la demande de d\u00e9monstration et la relation commerciale qui peut en d\u00e9couler.<br \/>\r\nPour connaitre et exercer vos droits, veuillez consulter notre <a href=\"https:\/\/www.interactiv-technologies.com\/fr\/politique-de-confidentialite-relative-aux-donnees-personnelles\/\">politique de confidentialit\u00e9<\/a>.<\/label><div class=\"invalid-feedback\"><\/div><\/div>\n<\/div>\n<div class=\"wp-block-interactiv-technologies-it-field it-form-field it-form-field-email it-form-field--is-floating form-floating is-style-floating hasNoName\" data-field-name=\"mail_double_check\" data-field-type=\"email\" data-field-label=\"Enter email again\" data-field-required=\"false\"><input class=\"it-form-field-control form-control\" type=\"email\" name=\"mail_double_check\" id=\"it_form_mail_double_check\" placeholder=\"Enter email again\"\/><label class=\"it-form-field-label\" for=\"it_form_mail_double_check\">Enter email again<\/label><div class=\"invalid-feedback\"><\/div><\/div><input type=\"hidden\" name=\"name\" value=\"Parlons de votre projet\"\/><input type=\"hidden\" name=\"product\" value=\"formation\"\/><input type=\"hidden\" name=\"tpl\" value=\"2710\"\/><input type=\"hidden\" name=\"landing\" value=\"950\"\/><button class=\"btn-form-submit it-form-submit-btn\" type=\"submit\">Contactez-moi<\/button><input type=\"hidden\" id=\"_wpnonce\" name=\"_wpnonce\" value=\"d48de5530b\" \/><input type=\"hidden\" name=\"_wp_http_referer\" value=\"\/fr\/wp-json\/wp\/v2\/pages\/3165\" \/><\/form>\n<\/div>\n<\/div>\n<\/div>\n","protected":false},"excerpt":{"rendered":"<p>Parlons de votre projet de formation (EasyCatalog, InDesign&#8230;) ! Vous souhaitez vous former aux logiciels de PAO (Publication Assist\u00e9e par Ordinateur) ? Chez Interactiv&rsquo; Technologies, \u00e9diteur et int\u00e9grateur fran\u00e7ais de logiciels depuis 2008, nous proposons des formations compl\u00e8tes et pr\u00e9par\u00e9es afin que vous ma\u00eetrisiez les outils, mais nous proposons aussi de concevoir un accompagnement sur [&hellip;]<\/p>\n","protected":false},"author":1,"featured_media":0,"parent":3047,"menu_order":0,"comment_status":"closed","ping_status":"closed","template":"","meta":{"_seopress_robots_primary_cat":"","_seopress_titles_title":"%%post_title%% %%sep%% %%sitetitle%%","_seopress_titles_desc":"Parlons de votre projet ! Contactez-nous pour d\u00e9finir votre projet de formation (EasyCatalog, InDesign\u2026), formations certifi\u00e9es Qualiopi et DataDock","_seopress_robots_index":"","_it_page_product":"Formation","_it_call_to_action":["{\"text\":\"T\u00e9l\u00e9chargez EasyCatalog\",\"url\":\"\/fr\/telecharger-easycatalog\/\"}","{\"text\":\"Obtenez votre tarif\",\"url\":\"\/fr\/formation-easycatalog-adobe-indesign\/prix-devis-formation\/\"}"],"footnotes":""},"class_list":["post-3165","page","type-page","status-publish","hentry"],"_links":{"self":[{"href":"https:\/\/www.interactiv-technologies.com\/fr\/wp-json\/wp\/v2\/pages\/3165","targetHints":{"allow":["GET"]}}],"collection":[{"href":"https:\/\/www.interactiv-technologies.com\/fr\/wp-json\/wp\/v2\/pages"}],"about":[{"href":"https:\/\/www.interactiv-technologies.com\/fr\/wp-json\/wp\/v2\/types\/page"}],"author":[{"embeddable":true,"href":"https:\/\/www.interactiv-technologies.com\/fr\/wp-json\/wp\/v2\/users\/1"}],"replies":[{"embeddable":true,"href":"https:\/\/www.interactiv-technologies.com\/fr\/wp-json\/wp\/v2\/comments?post=3165"}],"version-history":[{"count":15,"href":"https:\/\/www.interactiv-technologies.com\/fr\/wp-json\/wp\/v2\/pages\/3165\/revisions"}],"predecessor-version":[{"id":12681,"href":"https:\/\/www.interactiv-technologies.com\/fr\/wp-json\/wp\/v2\/pages\/3165\/revisions\/12681"}],"up":[{"embeddable":true,"href":"https:\/\/www.interactiv-technologies.com\/fr\/wp-json\/wp\/v2\/pages\/3047"}],"wp:attachment":[{"href":"https:\/\/www.interactiv-technologies.com\/fr\/wp-json\/wp\/v2\/media?parent=3165"}],"curies":[{"name":"wp","href":"https:\/\/api.w.org\/{rel}","templated":true}]}}