{"id":3157,"date":"2020-12-16T10:26:15","date_gmt":"2020-12-16T09:26:15","guid":{"rendered":"https:\/\/www.interactiv-technologies.com\/fr\/automatisation-catalogues-indesign\/generer-mise-page-automatique-indesign\/"},"modified":"2026-02-27T14:52:09","modified_gmt":"2026-02-27T13:52:09","slug":"generez-mise-en-page-automatique-dans-indesign-easycatalog","status":"publish","type":"page","link":"https:\/\/www.interactiv-technologies.com\/fr\/automatisation-catalogues-indesign\/generer-mise-page-automatique-indesign\/","title":{"rendered":"G\u00e9n\u00e9rez une mise en page automatique dans InDesign"},"content":{"rendered":"\n<div class=\"wp-block-group alignfull has-violet-accent-background-color has-background has-global-padding is-layout-constrained wp-block-group-is-layout-constrained\" style=\"padding-top:var(--wp--preset--spacing--40);padding-bottom:var(--wp--preset--spacing--60)\">\n<div class=\"wp-block-group alignwide has-blanc-color has-text-color has-link-color has-small-font-size wp-elements-bf8c93ea3ef9660c3f317439d4e72dba has-global-padding is-layout-constrained wp-block-group-is-layout-constrained\"><div class=\"alignwide wp-block-wpseopress-breadcrumbs\"><nav  aria-label=\"Fil d&#039;Ariane\"><ol class=\"breadcrumb\" itemscope itemtype=\"https:\/\/schema.org\/BreadcrumbList\"><li class=\"breadcrumb-item active\" aria-current=\"page\" itemprop=\"itemListElement\" itemscope itemtype=\"https:\/\/schema.org\/ListItem\"><span itemprop=\"name\">Accueil<\/span><meta itemprop=\"position\" content=\"1\"><\/li><\/ol><\/nav><\/div><\/div>\n\n\n\n<h1 class=\"wp-block-heading has-text-align-center has-blanc-color has-text-color has-link-color wp-elements-2c8857019cad178d914cf8f15b18dbff\">G\u00e9n\u00e9rez une mise en page automatique dans InDesign<\/h1>\n<\/div>\n\n\n\n<div class=\"wp-block-columns are-vertically-aligned-center is-layout-flex wp-container-core-columns-is-layout-ef350914 wp-block-columns-is-layout-flex\" style=\"padding-top:var(--wp--preset--spacing--30);padding-bottom:var(--wp--preset--spacing--30)\">\n<div class=\"wp-block-column is-vertically-aligned-center is-layout-flow wp-block-column-is-layout-flow\" style=\"flex-basis:100%\">\n<figure class=\"wp-block-image aligncenter size-full is-resized\"><img loading=\"lazy\" decoding=\"async\" width=\"3248\" height=\"1350\" src=\"https:\/\/www.interactiv-technologies.com\/app\/uploads\/2017\/06\/Mise-en-page-automatique_Banniere-article.png\" alt=\"G\u00e9n\u00e9rer facilement une mise en page automatique pour vos supports marketing sur InDesign via le plug-in EasyCatalog\" class=\"wp-image-8199\" style=\"width:678px;height:auto\" title=\"Transformez votre PDF en rapport annuel interactif\" srcset=\"https:\/\/www.interactiv-technologies.com\/app\/uploads\/2017\/06\/Mise-en-page-automatique_Banniere-article.png 3248w, https:\/\/www.interactiv-technologies.com\/app\/uploads\/2017\/06\/Mise-en-page-automatique_Banniere-article-300x125.png 300w, https:\/\/www.interactiv-technologies.com\/app\/uploads\/2017\/06\/Mise-en-page-automatique_Banniere-article-1024x426.png 1024w, https:\/\/www.interactiv-technologies.com\/app\/uploads\/2017\/06\/Mise-en-page-automatique_Banniere-article-768x319.png 768w, https:\/\/www.interactiv-technologies.com\/app\/uploads\/2017\/06\/Mise-en-page-automatique_Banniere-article-1536x638.png 1536w, https:\/\/www.interactiv-technologies.com\/app\/uploads\/2017\/06\/Mise-en-page-automatique_Banniere-article-2048x851.png 2048w\" sizes=\"auto, (max-width: 3248px) 100vw, 3248px\" \/><\/figure>\n\n\n\n<h2 class=\"wp-block-heading\">Introduction<\/h2>\n\n\n\n<p>La production de catalogues, brochures ou rapports annuels sous InDesign est souvent chronophage et source d\u2019erreurs. Les \u00e9quipes doivent copier-coller des donn\u00e9es issues de multiples fichiers (Excel, PIM, ERP), ajuster manuellement les mises en page et recommencer \u00e0 chaque mise \u00e0 jour produit.<\/p>\n\n\n\n<p>Au final, vos \u00e9quipes perdent du temps en consacrant une grande partie de leur \u00e9nergie \u00e0 la production et subissent un stress plus important pendant les p\u00e9riodes de bouclage. L&rsquo;entreprise prend aussi le risque de souffrir des cons\u00e9quences de la multiplication des incoh\u00e9rences et co\u00fbts de production \u00e9lev\u00e9s.<\/p>\n\n\n\n<p style=\"border-left-color:var(--wp--preset--color--violet-accent);border-left-width:3px;padding-right:var(--wp--preset--spacing--30);padding-left:var(--wp--preset--spacing--30)\">\ud83d\udca1 En automatisant la mise en page de leurs supports, nos clients constatent des am\u00e9liorations notables : jusqu&rsquo;\u00e0 50% du temps gagn\u00e9 sur la production de leur catalogue, une r\u00e9duction quasiment totale des erreurs et incoh\u00e9rences et une r\u00e9duction de 20% de leurs co\u00fbts de production sur ces supports.<\/p>\n\n\n\n<div class=\"wp-block-buttons is-content-justification-left is-layout-flex wp-container-core-buttons-is-layout-fc4fd283 wp-block-buttons-is-layout-flex\">\n<div class=\"wp-block-button is-style-fill\"><a class=\"wp-block-button__link wp-element-button\" href=\"https:\/\/www.interactiv-technologies.com\/fr\/automatisation-catalogues-indesign\/formulaire-essai-gratuit-easycatalog\/\">Testez gratuitement l&rsquo;automatisation<\/a><\/div>\n<\/div>\n<\/div>\n<\/div>\n\n\n\n<div class=\"wp-block-columns are-vertically-aligned-center is-layout-flex wp-container-core-columns-is-layout-a54e0cfc wp-block-columns-is-layout-flex\" style=\"padding-top:var(--wp--preset--spacing--60);padding-bottom:var(--wp--preset--spacing--60)\">\n<div class=\"wp-block-column is-vertically-aligned-center is-layout-flow wp-block-column-is-layout-flow\" style=\"flex-basis:66%\">\n<h2 class=\"wp-block-heading\">Automatisez votre processus de production<\/h2>\n\n\n\n<p>Le plug-in Easy Catalog d&rsquo;<a href=\"https:\/\/www.interactiv-technologies.com\/fr\/interactiv-publisher\/\" data-type=\"link\" data-id=\"https:\/\/www.interactiv-technologies.com\/fr\/interactiv-publisher\/\" target=\"_blank\" rel=\"noreferrer noopener\">Interactiv&rsquo; Publisher<\/a> vous permet de :<\/p>\n\n\n\n<ul class=\"wp-block-list\">\n<li>de cr\u00e9er des biblioth\u00e8ques de templates et des pr\u00e9sentations de produit<\/li>\n\n\n\n<li>puis de g\u00e9n\u00e9rer rapidement des documents de plusieurs centaines de pages avec une donn\u00e9e correcte<\/li>\n\n\n\n<li>Et de les mettre \u00e0 jour \u00e0 tout moment si votre donn\u00e9e \u00e9volue et ce, en quelques clics !<\/li>\n<\/ul>\n\n\n\n<p>En r\u00e9sum\u00e9, quelque soit le support que vous cherchez \u00e0 faire (catalogue, fiche produits, brochure&#8230;), vous avez la garantie de pouvoir g\u00e9n\u00e9rer toutes sortes de mises en page automatis\u00e9es gr\u00e2ce \u00e0 un outil polyvalent tout en gardant la flexibilit\u00e9 et la personnalisation offerte par InDesign. <\/p>\n\n\n\n<p>Ainsi, vos \u00e9quipes marketing, infographistes ou designers graphiques profiteront d&rsquo;un processus de production simplifi\u00e9 et automatis\u00e9 afin de gagner du temps et d&rsquo;\u00e9conomiser de l&rsquo;\u00e9nergie sur une t\u00e2che fastidieuse et strat\u00e9gique. Offrez-leur la possibilit\u00e9 de se concentrer sur des t\u00e2ches de fond primordiales gr\u00e2ce aux gains de ressources faits sur la forme !<\/p>\n<\/div>\n\n\n\n<div class=\"wp-block-column is-vertically-aligned-center is-layout-flow wp-block-column-is-layout-flow\" style=\"flex-basis:33%\">\n<figure class=\"wp-block-image aligncenter is-resized\"><img decoding=\"async\" src=\"https:\/\/www.interactiv-technologies.com\/app\/uploads\/nos_solutions_interactiv_Publisher.png\" alt=\"Automatisez votre processus de production et gagnez du temps sur la cr\u00e9ation de vos catalogues avec EasyCatalog\" style=\"width:319px;height:auto\" title=\"Votre rapport annuel interactif et dynamique !\"\/><\/figure>\n<\/div>\n<\/div>\n\n\n\n<div class=\"wp-block-columns are-vertically-aligned-center is-layout-flex wp-container-core-columns-is-layout-a54e0cfc wp-block-columns-is-layout-flex\" style=\"padding-top:var(--wp--preset--spacing--60);padding-bottom:var(--wp--preset--spacing--60)\">\n<div class=\"wp-block-column is-vertically-aligned-center is-layout-flow wp-block-column-is-layout-flow\" style=\"flex-basis:33%\">\n<figure class=\"wp-block-image\"><img decoding=\"async\" src=\"https:\/\/www.interactiv-technologies.com\/app\/uploads\/Economique-et-rapide-e1491927218117.png\" alt=\"Cr\u00e9ez vos templates, injectez vos donn\u00e9es et exportez vos designs en PDF facilement avec l'automatisation EasyCatalog\" title=\"Transformez votre PDF en rapport annuel interactif\"\/><\/figure>\n<\/div>\n\n\n\n<div class=\"wp-block-column is-vertically-aligned-center is-layout-flow wp-block-column-is-layout-flow\" style=\"flex-basis:66%\">\n<h2 class=\"wp-block-heading\">Une mise en page automatique facilement ajustable et adaptable<\/h2>\n\n\n\n<h4 class=\"wp-block-heading\">Comment \u00e7a marche ?<\/h4>\n\n\n\n<ul class=\"wp-block-list\">\n<li>Cr\u00e9ez vos templates InDesign dynamiques,<\/li>\n\n\n\n<li>Injectez directement vos donn\u00e9es,<\/li>\n\n\n\n<li>G\u00e9n\u00e9rez un grand nombre de pages en quelques minutes,<\/li>\n\n\n\n<li>faites des retouches manuelles \u00e0 tout moment pour ajuster une colonne, un espace vide ou un texte,<\/li>\n\n\n\n<li>Exportez-le en PDF pour diffusion digitale ou impression !<\/li>\n<\/ul>\n\n\n\n<p>Avec Interactiv&rsquo; Publisher et <a href=\"https:\/\/easycatalog-france.fr\/\" data-type=\"link\" data-id=\"https:\/\/easycatalog-france.fr\/\" target=\"_blank\" rel=\"noreferrer noopener\">EasyCatalog<\/a>, vous <strong>g\u00e9n\u00e9rez automatiquement vos documents<\/strong> et mises en pages tout en gardant <strong>la souplesse de InDesign.&nbsp;<\/strong><\/p>\n\n\n\n<p style=\"border-left-color:var(--wp--preset--color--violet-accent);border-left-width:3px;padding-right:var(--wp--preset--spacing--30);padding-left:var(--wp--preset--spacing--30)\">\ud83d\udca1 Vous souhaitez opter pour la mise en page automatis\u00e9e de vos supports mais vous aimeriez d\u00e9couvrir les \u00e9tapes cl\u00e9s de ce processus ? Nous vous expliquons pas \u00e0 pas comment proc\u00e9der avec des astuces et des vid\u00e9os de d\u00e9mo \u00e0 travers nos <a href=\"https:\/\/www.interactiv-technologies.com\/fr\/automatisation-catalogues-indesign\/tutos-videos-easycatalog\/\" data-type=\"link\" data-id=\"https:\/\/www.interactiv-technologies.com\/fr\/automatisation-catalogues-indesign\/tutos-videos-easycatalog\/\" target=\"_blank\" rel=\"noreferrer noopener\">tutos vid\u00e9os EasyCatalog<\/a> pour InDesign.<\/p>\n\n\n\n<div class=\"wp-block-buttons is-content-justification-left is-layout-flex wp-container-core-buttons-is-layout-fc4fd283 wp-block-buttons-is-layout-flex\">\n<div class=\"wp-block-button is-style-fill\"><a class=\"wp-block-button__link wp-element-button\" href=\"https:\/\/www.interactiv-technologies.com\/fr\/interactiv-publisher\/telecharger-easycatalog\/\">\n                    T\u00e9l\u00e9chargez EasyCatalog                <\/a><\/div>\n<\/div>\n<\/div>\n<\/div>\n\n\n\n<hr class=\"wp-block-separator has-alpha-channel-opacity\"\/>\n\n\n\n<h2 class=\"wp-block-heading has-text-align-center\">Envie de d\u00e9couvrir la solution en live ? <\/h2>\n\n\n\n<p class=\"has-text-align-center\">Demandez une d\u00e9monstration gratuite d\u00e8s \u00e0 pr\u00e9sent. Un de nos experts vous fera d\u00e9couvrir pendant une courte pr\u00e9sentation de 30 min tous les avantages \u00e0 l&rsquo;automatisation InDesign et \u00e0 l&rsquo;utilisation d&rsquo;EasyCatalog pour la production de vos supports marketing et commerciaux. <br>Vous pouvez aussi nous contacter par email \u00e0 <strong>contact[at]interactiv.tech<\/strong> ou par t\u00e9l\u00e9phone au <strong>0 970 248 990<\/strong>.<\/p>\n\n\n\n<div class=\"wp-block-columns are-vertically-aligned-center is-layout-flex wp-container-core-columns-is-layout-a54e0cfc wp-block-columns-is-layout-flex\" style=\"padding-top:var(--wp--preset--spacing--60);padding-bottom:var(--wp--preset--spacing--60)\">\n<div class=\"wp-block-column is-vertically-aligned-center is-layout-flow wp-block-column-is-layout-flow\" style=\"flex-basis:50%\">\n<figure class=\"wp-block-image\"><img decoding=\"async\" src=\"https:\/\/www.interactiv-technologies.com\/app\/uploads\/indesign.png\" alt=\"Automation via EasyCatalog : produisez vos catalogues marketing deux fois plus vite\" title=\"rapport annuel interactif \"\/><\/figure>\n<\/div>\n\n\n\n<div class=\"wp-block-column is-vertically-aligned-center is-layout-flow wp-block-column-is-layout-flow\" style=\"flex-basis:50%\">\n<div class=\"wp-block-group has-global-padding is-layout-constrained wp-block-group-is-layout-constrained\">\n<form class=\"wp-block-interactiv-technologies-it-form needs-validation it-pattern-form-simple it-pattern-card\" novalidate action=\"\" method=\"post\" enctype=\"multipart\/form-data\"><div class=\"it-form-ribbon\">D\u00e9di\u00e9 aux professionnels<\/div>\n<p class=\"it-form-title\">Demandez une d\u00e9monstration<\/p>\n\n\n\n<div class=\"wp-block-group has-global-padding is-layout-constrained wp-container-core-group-is-layout-7bc66994 wp-block-group-is-layout-constrained\">\n<div class=\"wp-block-interactiv-technologies-it-field it-form-field it-form-field-status it-form-field--required it-form-field--is-floating form-floating is-style-floating\" data-field-name=\"status\" data-field-type=\"status\" data-field-label=\"Vous \u00eates\" data-field-required=\"true\"><select id=\"it_form_status\" class=\"it-form-field-control form-select\" name=\"status\" required><option value=\"\" disabled selected>S\u00e9lectionner un statut<\/option><option value=\"company\">Une soci\u00e9t\u00e9<\/option><option value=\"agency\">Une agence<\/option><option value=\"freelance\">Un(e) freelance<\/option><option value=\"association\">Une association<\/option><option value=\"individual\">Un particulier<\/option><\/select><label class=\"it-form-field-label\" for=\"it_form_status\">Vous \u00eates<\/label><div class=\"invalid-feedback\"><\/div><\/div>\n\n\n\n<div class=\"wp-block-interactiv-technologies-it-field it-form-field it-form-field-text it-form-field--is-floating form-floating is-style-floating\" data-field-name=\"society\" data-field-type=\"text\" data-field-label=\"Soci\u00e9t\u00e9\" data-field-required=\"false\"><input id=\"it_form_society\" class=\"it-form-field-control form-control\" type=\"text\" name=\"society\" placeholder=\"Soci\u00e9t\u00e9\"\/><label class=\"it-form-field-label\" for=\"it_form_society\">Soci\u00e9t\u00e9<\/label><div class=\"invalid-feedback\"><\/div><\/div>\n\n\n\n<div class=\"wp-block-interactiv-technologies-it-field it-form-field it-form-field-text it-form-field--required it-form-field--is-floating form-floating is-style-floating\" data-field-name=\"identity\" data-field-type=\"text\" data-field-label=\"Nom Pr\u00e9nom\" data-field-required=\"true\"><input id=\"it_form_identity\" class=\"it-form-field-control form-control\" type=\"text\" name=\"identity\" placeholder=\"Nom Pr\u00e9nom\" required\/><label class=\"it-form-field-label\" for=\"it_form_identity\">Nom Pr\u00e9nom<\/label><div class=\"invalid-feedback\"><\/div><\/div>\n\n\n\n<div class=\"wp-block-interactiv-technologies-it-field it-form-field it-form-field-email it-form-field--required it-form-field--is-floating form-floating is-style-floating\" data-field-name=\"mail\" data-field-type=\"email\" data-field-label=\"E-mail\" data-field-required=\"true\"><input id=\"it_form_mail\" class=\"it-form-field-control form-control\" type=\"email\" name=\"mail\" placeholder=\"\" required\/><label class=\"it-form-field-label\" for=\"it_form_mail\">E-mail<\/label><div class=\"invalid-feedback\"><\/div><\/div>\n\n\n\n<div class=\"wp-block-interactiv-technologies-it-field it-form-field it-form-field-text it-form-field--required it-form-field--is-floating form-floating is-style-floating\" data-field-name=\"phone\" data-field-type=\"text\" data-field-label=\"T\u00e9l\u00e9phone\" data-field-required=\"true\"><input id=\"it_form_phone\" class=\"it-form-field-control form-control\" type=\"text\" name=\"phone\" placeholder=\"T\u00e9l\u00e9phone\" required\/><label class=\"it-form-field-label\" for=\"it_form_phone\">T\u00e9l\u00e9phone<\/label><div class=\"invalid-feedback\"><\/div><\/div>\n\n\n\n<div class=\"wp-block-interactiv-technologies-it-field it-form-field it-form-field-consent it-form-field--consent form-check it-form-field--required\" data-field-name=\"consent\" data-field-type=\"consent\" data-field-label=\"\" data-field-required=\"true\" style=\"margin-top:var(--wp--preset--spacing--30)\"><input id=\"it_form_consent\" class=\"it-form-field-control form-check-input\" type=\"checkbox\" name=\"consent\" value=\"ok\" required\/><label class=\"it-form-field-inputs-label form-check-label\" for=\"it_form_consent\">En soumettant ce formulaire, j\u2019accepte que les informations saisies soient exploit\u00e9es dans le cadre de la demande de d\u00e9monstration et la relation commerciale qui peut en d\u00e9couler.<br \/>\r\nPour connaitre et exercer vos droits, veuillez consulter notre <a href=\"https:\/\/www.interactiv-technologies.com\/fr\/politique-de-confidentialite-relative-aux-donnees-personnelles\/\">politique de confidentialit\u00e9<\/a>.<\/label><div class=\"invalid-feedback\"><\/div><\/div>\n<\/div>\n<div class=\"wp-block-interactiv-technologies-it-field it-form-field it-form-field-email it-form-field--is-floating form-floating is-style-floating hasNoName\" data-field-name=\"mail_double_check\" data-field-type=\"email\" data-field-label=\"Enter email again\" data-field-required=\"false\"><input class=\"it-form-field-control form-control\" type=\"email\" name=\"mail_double_check\" id=\"it_form_mail_double_check\" placeholder=\"Enter email again\"\/><label class=\"it-form-field-label\" for=\"it_form_mail_double_check\">Enter email again<\/label><div class=\"invalid-feedback\"><\/div><\/div><input type=\"hidden\" name=\"name\" value=\"Demandez une d\u00e9monstration\"\/><input type=\"hidden\" name=\"product\" value=\"itpublisher\"\/><input type=\"hidden\" name=\"tpl\" value=\"31\"\/><input type=\"hidden\" name=\"landing\" value=\"950\"\/><button class=\"btn-form-submit it-form-submit-btn\" type=\"submit\">Je valide<\/button><input type=\"hidden\" id=\"_wpnonce\" name=\"_wpnonce\" value=\"97439b5f24\" \/><input type=\"hidden\" name=\"_wp_http_referer\" value=\"\/fr\/wp-json\/wp\/v2\/pages\/3157\" \/><\/form>\n<\/div>\n<\/div>\n<\/div>\n\n\n\n<section class=\"wp-block-group alignfull has-gris-clair-background-color has-background has-global-padding is-layout-constrained wp-container-core-group-is-layout-b42db63c wp-block-group-is-layout-constrained\" style=\"margin-top:0;margin-bottom:0;padding-top:var(--wp--preset--spacing--80);padding-right:var(--wp--preset--spacing--50);padding-bottom:var(--wp--preset--spacing--80);padding-left:var(--wp--preset--spacing--50)\">\n<h2 class=\"wp-block-heading has-text-align-center has-gris-moyen-color has-text-color has-link-color has-large-font-size wp-elements-e56fcacd89a557a20bd94798a9b4f476\" style=\"margin-top:0;margin-bottom:var(--wp--preset--spacing--80)\">Consultez ces articles au sujet de la mise en page automatis\u00e9e<\/h2>\n\n\n\n<div class=\"wp-block-group alignwide has-global-padding is-layout-constrained wp-container-core-group-is-layout-c5bbea69 wp-block-group-is-layout-constrained\">\n<div class=\"wp-block-columns alignwide is-layout-flex wp-container-core-columns-is-layout-f5a44f5b wp-block-columns-is-layout-flex\">\n<div class=\"wp-block-column is-vertically-aligned-stretch is-layout-flow wp-block-column-is-layout-flow\" style=\"flex-basis:33.34%\">\n<aside class=\"wp-block-group it-pattern-card has-blanc-background-color has-background wp-container-content-9cfa9a5a has-global-padding is-layout-constrained wp-block-group-is-layout-constrained\" style=\"min-height:100%\">\n<h3 class=\"wp-block-heading has-text-align-center has-violet-accent-color has-text-color has-link-color wp-elements-7c07f07e7337c284979436e292133a36\"><a href=\"\/fr\/plaquette-commerciale-interactive\/\"><\/a><a href=\"https:\/\/www.interactiv-technologies.com\/fr\/automatisation-catalogues-indesign\/nouveautes-adobe-indesign-cc-2026\/\" target=\"_blank\" rel=\"noreferrer noopener\">Nouveaut\u00e9s InDesign CC 2026<\/a><\/h3>\n\n\n\n<p class=\"has-text-align-center\">Que d\u2019am\u00e9liorations cette ann\u00e9e ! Prenez connaissance des nombreux changements effectu\u00e9s pour cette nouvelle version d\u2019Adobe InDesign en lisant cet article\u2026<\/p>\n<\/aside>\n<\/div>\n\n\n\n<div class=\"wp-block-column is-vertically-aligned-stretch is-layout-flow wp-block-column-is-layout-flow\" style=\"flex-basis:33.34%\">\n<aside class=\"wp-block-group it-pattern-card has-blanc-background-color has-background wp-container-content-9cfa9a5a has-global-padding is-layout-constrained wp-block-group-is-layout-constrained\" style=\"min-height:100%\">\n<h3 class=\"wp-block-heading has-text-align-center has-violet-accent-color has-text-color has-link-color wp-elements-836f221d9a304c9944830afaf6a200d0\"><a href=\"\/fr\/catalogue-interactif\/service-click-and-collect-outils-logiciels\/\"><\/a><a href=\"https:\/\/www.interactiv-technologies.com\/fr\/automatisation-catalogues-indesign\/tutos-videos-easycatalog\/\" target=\"_blank\" rel=\"noreferrer noopener\">Didacticiels EasyCatalog (InDesign)<\/a><\/h3>\n\n\n\n<p class=\"has-text-align-center\">Ces didacticiels au sujet d\u2019EasyCatalog, plug-in d\u2019InDesign, vous pr\u00e9senteront les m\u00e9thodes d\u2019automatisation de la cr\u00e9ation et la mise en page de vos catalogues, brochures, flyers\u2026<\/p>\n<\/aside>\n<\/div>\n\n\n\n<div class=\"wp-block-column is-vertically-aligned-stretch is-layout-flow wp-block-column-is-layout-flow\" style=\"flex-basis:33.33%\">\n<aside class=\"wp-block-group it-pattern-card has-blanc-background-color has-background wp-container-content-9cfa9a5a has-global-padding is-layout-constrained wp-block-group-is-layout-constrained\" style=\"min-height:100%\">\n<h3 class=\"wp-block-heading has-text-align-center has-violet-accent-color has-text-color has-link-color wp-elements-6ceb5f8880e3f75e952d5496794d1615\"><a href=\"\/fr\/catalogue-interactif\/publier-catalogue-google\/\"><\/a><a href=\"https:\/\/www.interactiv-technologies.com\/fr\/automatisation-catalogues-indesign\/conseils-creer-catalogue-produits-realisation\/\" target=\"_blank\" rel=\"noreferrer noopener\">12 astuces pour la cr\u00e9ation de catalogue<\/a><\/h3>\n\n\n\n<p class=\"has-text-align-center\">Gagnez en temps, professionalisme, pr\u00e9cision\u2026 C\u2019est possible avec les 12 conseils suivants : vous am\u00e9liorez le rendu de vos cr\u00e9ations, limitez les erreurs\u2026<\/p>\n<\/aside>\n<\/div>\n<\/div>\n<\/div>\n<\/section>\n","protected":false},"excerpt":{"rendered":"<p>G\u00e9n\u00e9rez une mise en page automatique dans InDesign Introduction La production de catalogues, brochures ou rapports annuels sous InDesign est souvent chronophage et source d\u2019erreurs. Les \u00e9quipes doivent copier-coller des donn\u00e9es issues de multiples fichiers (Excel, PIM, ERP), ajuster manuellement les mises en page et recommencer \u00e0 chaque mise \u00e0 jour produit. Au final, vos [&hellip;]<\/p>\n","protected":false},"author":1,"featured_media":0,"parent":3043,"menu_order":0,"comment_status":"closed","ping_status":"closed","template":"","meta":{"_seopress_robots_primary_cat":"","_seopress_titles_title":"Mise en page automatique sur InDesign via EasyCatalog","_seopress_titles_desc":"G\u00e9n\u00e9rez une mise en page automatique de vos documents sur InDesign, gr\u00e2ce au plug-in \"EasyCatalog\", en liant vos donn\u00e9es \u00e0 InDesign.","_seopress_robots_index":"","_it_page_product":"ITPublisher","_it_call_to_action":["{\"url\":\"https:\/\/www.interactiv-technologies.com\/fr\/interactiv-publisher\/telecharger-easycatalog\/\",\"text\":\"T\u00e9l\u00e9chargez EasyCatalog\"}","{\"text\":\"Demandez une d\u00e9mo\",\"url\":\"https:\/\/www.interactiv-technologies.com\/fr\/automatisation-catalogues-indesign\/formulaire-demonstration-easycatalog\/\"}","{\"text\":\"Testez gratuitement\",\"url\":\"https:\/\/www.interactiv-technologies.com\/fr\/automatisation-catalogues-indesign\/formulaire-essai-gratuit-easycatalog\/\"}","{\"text\":\"Obtenez votre tarif\",\"url\":\"https:\/\/www.interactiv-technologies.com\/fr\/automatisation-catalogues-indesign\/prix-devis-easycatalog\/\"}"],"footnotes":""},"class_list":["post-3157","page","type-page","status-publish","hentry"],"_links":{"self":[{"href":"https:\/\/www.interactiv-technologies.com\/fr\/wp-json\/wp\/v2\/pages\/3157","targetHints":{"allow":["GET"]}}],"collection":[{"href":"https:\/\/www.interactiv-technologies.com\/fr\/wp-json\/wp\/v2\/pages"}],"about":[{"href":"https:\/\/www.interactiv-technologies.com\/fr\/wp-json\/wp\/v2\/types\/page"}],"author":[{"embeddable":true,"href":"https:\/\/www.interactiv-technologies.com\/fr\/wp-json\/wp\/v2\/users\/1"}],"replies":[{"embeddable":true,"href":"https:\/\/www.interactiv-technologies.com\/fr\/wp-json\/wp\/v2\/comments?post=3157"}],"version-history":[{"count":17,"href":"https:\/\/www.interactiv-technologies.com\/fr\/wp-json\/wp\/v2\/pages\/3157\/revisions"}],"predecessor-version":[{"id":15572,"href":"https:\/\/www.interactiv-technologies.com\/fr\/wp-json\/wp\/v2\/pages\/3157\/revisions\/15572"}],"up":[{"embeddable":true,"href":"https:\/\/www.interactiv-technologies.com\/fr\/wp-json\/wp\/v2\/pages\/3043"}],"wp:attachment":[{"href":"https:\/\/www.interactiv-technologies.com\/fr\/wp-json\/wp\/v2\/media?parent=3157"}],"curies":[{"name":"wp","href":"https:\/\/api.w.org\/{rel}","templated":true}]}}