{"id":3147,"date":"2019-12-09T17:51:55","date_gmt":"2019-12-09T16:51:55","guid":{"rendered":"https:\/\/www.interactiv-technologies.com\/fr\/base-de-donnees-produits-pim\/nouveautes-interactiv-database-automne-2019\/"},"modified":"2024-04-18T17:49:36","modified_gmt":"2024-04-18T15:49:36","slug":"nouveautes-database-automne-2019","status":"publish","type":"page","link":"https:\/\/www.interactiv-technologies.com\/fr\/base-de-donnees-produits-pim\/nouveautes-interactiv-database-automne-2019\/","title":{"rendered":"Nouveaut\u00e9s Database &#8211; Automne 2019"},"content":{"rendered":"\n\n<div class=\"wp-block-group is-layout-flow wp-block-group-is-layout-flow\">\n        <div class=\"wp-block-columns is-layout-flex wp-container-core-columns-is-layout-a54e0cfc wp-block-columns-is-layout-flex\" style=\"padding-top:var(--wp--preset--spacing--60);padding-bottom:var(--wp--preset--spacing--60)\">\n        <div class=\"wp-block-column is-layout-flow wp-block-column-is-layout-flow\" style=\"flex-basis: 50%;\">\n        \n        <div aria-hidden=\"true\" class=\"wp-block-spacer\" style=\"height: 75px\"><\/div>\n        \n        <h1 style=\"line-height: 50px;\"><span style=\"color: #ffffff;font-size:60px;\">NOUVEAUT\u00c9S<br>\n<strong>INTERACTIV&rsquo; DATABASE<\/strong><br>\nAUTOMNE 2019<\/span><\/h1>        \n        <p style=\"color:#ffffff;font-size: 1.2em;width: 850px;line-height:28px;font-weight: 300;\">Pour cet Automne 2019, nous avons le plaisir de vous d\u00e9tailler<br> les nouveaut\u00e9s qui sont disponibles sur votre base de donn\u00e9es<\/br>Interactiv\u2019 DataBase :<\/p>        \n        <div aria-hidden=\"true\" class=\"wp-block-spacer\" style=\"height: 125px\"><\/div>\n                <\/div><div class=\"wp-block-column is-layout-flow wp-block-column-is-layout-flow\" style=\"flex-basis: 50%;\">\n        \n        <figure class=\"wp-block-image size-full\"><img decoding=\"async\" src=\"https:\/\/www.interactiv-technologies.com\/app\/uploads\/MockupDatabaseWithoutScreen2.png\" alt=\"\" title=\"\" \/><\/figure>                <\/div>        <\/div><div class=\"wp-block-columns is-layout-flex wp-container-core-columns-is-layout-a54e0cfc wp-block-columns-is-layout-flex\" style=\"padding-top:var(--wp--preset--spacing--60);padding-bottom:var(--wp--preset--spacing--60)\">\n        <div class=\"wp-block-column is-layout-flow wp-block-column-is-layout-flow\" style=\"flex-basis: 100%;\">\n        \n        <figure class=\"wp-block-image size-full\"><img decoding=\"async\" src=\"https:\/\/www.interactiv-technologies.com\/app\/uploads\/Plan-de-travail-1.png\" alt=\"\" title=\"\" \/><\/figure>                <\/div>        <\/div>        <\/div><div class=\"wp-block-group is-layout-flow wp-block-group-is-layout-flow\">\n        <div class=\"wp-block-columns is-layout-flex wp-container-core-columns-is-layout-a54e0cfc wp-block-columns-is-layout-flex\" style=\"padding-top:var(--wp--preset--spacing--60);padding-bottom:var(--wp--preset--spacing--60)\">\n        <div class=\"wp-block-column is-layout-flow wp-block-column-is-layout-flow\" style=\"flex-basis: 25%;\">\n        \n        <figure class=\"wp-block-image size-full\"><img decoding=\"async\" src=\"https:\/\/www.interactiv-technologies.com\/app\/uploads\/ValeurCommunesDanslEditionMultiple.png\" alt=\"Editions multiple - PIM - Interactiv' Database\" title=\"\" \/><\/figure>                <\/div><div class=\"wp-block-column is-layout-flow wp-block-column-is-layout-flow\" style=\"flex-basis: 75%;\">\n        \n        <h4>Valeurs communes dans l\u2019\u00e9dition multiple<\/h4>\n&nbsp;        \n        En s\u00e9lectionnant <strong>plusieurs produits<\/strong>, vous pouvez acc\u00e9der \u00e0 l\u2019\u00e9dition multiple. D\u00e9sormais, vous pouvez voir les donn\u00e9es communes, puisque seules les <strong>valeurs indiqu\u00e9es dans les champs sont des valeurs communes<\/strong> aux produits s\u00e9lectionn\u00e9s. Vous pouvez ainsi <strong>modifier un champ commun<\/strong>, pour r\u00e9percuter la modification de ce champ dans tous les produits s\u00e9lectionn\u00e9s. \n\nCet affichage permet de voir rapidement les valeurs d\u2019attributs communes des produits s\u00e9lectionn\u00e9s, pour \u00e9viter les erreurs dans l\u2019\u00e9dition multiple et gagner du temps.                <\/div>        <\/div>        <\/div><div class=\"wp-block-group is-layout-flow wp-block-group-is-layout-flow\">\n        <div class=\"wp-block-columns is-layout-flex wp-container-core-columns-is-layout-a54e0cfc wp-block-columns-is-layout-flex\" style=\"padding-top:var(--wp--preset--spacing--60);padding-bottom:var(--wp--preset--spacing--60)\">\n        <div class=\"wp-block-column is-layout-flow wp-block-column-is-layout-flow\" style=\"flex-basis: 75%;\">\n        \n        <h4>La comparaison<\/h4>        \n        Cette fonctionnalit\u00e9 est pr\u00e9sente dans l\u2019\u00e9dition des produits. Elle permet de <strong>comparer les valeurs<\/strong> pour un m\u00eame produit dans une <strong>configuration diff\u00e9rente<\/strong> (langue ou canal diff\u00e9rent), et donne la possibilit\u00e9 de r\u00e9percuter les valeurs d\u2019un contexte vers un autre. \n\nLes int\u00e9r\u00eats sont multiples : coller des valeurs d\u2019un m\u00eame produit dans un canal diff\u00e9rent, pouvoir ainsi traduire en ayant le texte de r\u00e9f\u00e9rence \u00e0 c\u00f4t\u00e9, visualiser les valeurs d\u2019un produit dans deux configurations diff\u00e9rentes pour les comparer et les modifier.                <\/div><div class=\"wp-block-column is-layout-flow wp-block-column-is-layout-flow\" style=\"flex-basis: 25%;\">\n        \n        <figure class=\"wp-block-image size-full\"><img decoding=\"async\" src=\"https:\/\/www.interactiv-technologies.com\/app\/uploads\/Comparaison.png\" alt=\"Comparaison - PIM - Interactiv' Database\" title=\"\" \/><\/figure>                <\/div>        <\/div>        <\/div><div class=\"wp-block-group is-layout-flow wp-block-group-is-layout-flow\">\n        <div class=\"wp-block-columns is-layout-flex wp-container-core-columns-is-layout-a54e0cfc wp-block-columns-is-layout-flex\" style=\"padding-top:var(--wp--preset--spacing--60);padding-bottom:var(--wp--preset--spacing--60)\">\n        <div class=\"wp-block-column is-layout-flow wp-block-column-is-layout-flow\" style=\"flex-basis: 25%;\">\n        \n        <figure class=\"wp-block-image size-full\"><img decoding=\"async\" src=\"https:\/\/www.interactiv-technologies.com\/app\/uploads\/Compl\u00e9tude.png\" alt=\"Compl\u00e9tude - PIM - Interactiv' Database\" title=\"\" \/><\/figure>                <\/div><div class=\"wp-block-column is-layout-flow wp-block-column-is-layout-flow\" style=\"flex-basis: 75%;\">\n        \n        <h4>La compl\u00e9tude <\/h4>\n&nbsp;        \n        Elle permet d\u2019indiquer le <strong>niveau de remplissage<\/strong> de votre base de donn\u00e9es. Le taux de compl\u00e9tude (en %) vous indique ainsi si les attributs devant \u00eatre obligatoirement renseign\u00e9s ont tous des valeurs. \n\nCela vous permet donc d\u2019identifier d\u2019un coup d\u2019\u0153il les champs vous restant \u00e0 remplir.                <\/div>        <\/div>        <\/div><div class=\"wp-block-group is-layout-flow wp-block-group-is-layout-flow\">\n        <div class=\"wp-block-columns is-layout-flex wp-container-core-columns-is-layout-a54e0cfc wp-block-columns-is-layout-flex\" style=\"padding-top:var(--wp--preset--spacing--60);padding-bottom:var(--wp--preset--spacing--60)\">\n        <div class=\"wp-block-column is-layout-flow wp-block-column-is-layout-flow\" style=\"flex-basis: 75%;\">\n        \n        <h4>L\u2019affichage du contexte<\/h4>        \n        Dans l\u2019\u00e9dition d\u2019un produit, au-dessus de chaque attribut, vous pouvez <strong>voir<\/strong> instantan\u00e9ment si celui-ci est <strong>d\u00e9clinable ou non par langue et\/ou par canal<\/strong>. Si le nom d\u2019un canal figure au-dessus d\u2019un attribut, cela signifie que ce dernier est d\u00e9clinable par canal (et donc peut avoir une valeur diff\u00e9rente par canal) ; si l\u2019abr\u00e9viation d\u2019une langue figure au-dessus d\u2019un attribut, cela signifie que ce dernier est d\u00e9clinable par langue (et peut donc avoir une valeur diff\u00e9rente par langue). \n\nVous pouvez ainsi rapidement identifier les attributs qui sont d\u00e9clinables ou pas.                <\/div><div class=\"wp-block-column is-layout-flow wp-block-column-is-layout-flow\" style=\"flex-basis: 25%;\">\n        \n        <figure class=\"wp-block-image size-full\"><img decoding=\"async\" src=\"https:\/\/www.interactiv-technologies.com\/app\/uploads\/affichage-du-contexte.png\" alt=\"Affichage du contexte - PIM - Interactiv' Database\" title=\"\" \/><\/figure>                <\/div>        <\/div>        <\/div><div class=\"wp-block-group is-layout-flow wp-block-group-is-layout-flow\">\n        <div class=\"wp-block-columns is-layout-flex wp-container-core-columns-is-layout-a54e0cfc wp-block-columns-is-layout-flex\" style=\"padding-top:var(--wp--preset--spacing--60);padding-bottom:var(--wp--preset--spacing--60)\">\n        <div class=\"wp-block-column is-layout-flow wp-block-column-is-layout-flow\" style=\"flex-basis: 75%;\">\n        \n        <p style=\"font-size: 52px; text-transform: uppercase; font-weight: 800; color: #b82735;\">Des Questions?<\/p>\n<p style=\"font-size: 22px; line-height: 25px;\">Nous nous tenons \u00e0 votre disposition pour vous accompagner sur notre outil<br \/> et sur ces nouvelles fonctionnalit\u00e9s. N\u2019h\u00e9sitez pas \u00e0 nous contacter<br \/> au <strong>04 81 07 25 99<\/strong> ou par e-mail \u00e0 <strong>support-database@interactiv.tech<\/strong><\/p>                <\/div><div class=\"wp-block-column is-layout-flow wp-block-column-is-layout-flow\" style=\"flex-basis: 25%;\">\n                <\/div>        <\/div>        <\/div>\n\n","protected":false},"excerpt":{"rendered":"","protected":false},"author":1,"featured_media":0,"parent":1559,"menu_order":0,"comment_status":"closed","ping_status":"closed","template":"","meta":{"_seopress_robots_primary_cat":"","_seopress_titles_title":"Nouveaut\u00e9s Interactiv&#039; DataBase - Automne 2019","_seopress_titles_desc":"D\u00e9couvrez les nouveaut\u00e9s de notre PIM Interactiv&#039; DataBase","_seopress_robots_index":"","_it_page_product":"ITDataBase","_it_call_to_action":["{\"text\":\"Demandez une d\u00e9mo\",\"url\":\"14039 (not found)\"}","{\"text\":\"Testez gratuitement\",\"url\":\"14045 (not found)\"}","{\"text\":\"Obtenez votre tarif\",\"url\":\"8814 (not found)\"}"],"footnotes":""},"class_list":["post-3147","page","type-page","status-publish","hentry"],"_links":{"self":[{"href":"https:\/\/www.interactiv-technologies.com\/fr\/wp-json\/wp\/v2\/pages\/3147","targetHints":{"allow":["GET"]}}],"collection":[{"href":"https:\/\/www.interactiv-technologies.com\/fr\/wp-json\/wp\/v2\/pages"}],"about":[{"href":"https:\/\/www.interactiv-technologies.com\/fr\/wp-json\/wp\/v2\/types\/page"}],"author":[{"embeddable":true,"href":"https:\/\/www.interactiv-technologies.com\/fr\/wp-json\/wp\/v2\/users\/1"}],"replies":[{"embeddable":true,"href":"https:\/\/www.interactiv-technologies.com\/fr\/wp-json\/wp\/v2\/comments?post=3147"}],"version-history":[{"count":1,"href":"https:\/\/www.interactiv-technologies.com\/fr\/wp-json\/wp\/v2\/pages\/3147\/revisions"}],"predecessor-version":[{"id":4110,"href":"https:\/\/www.interactiv-technologies.com\/fr\/wp-json\/wp\/v2\/pages\/3147\/revisions\/4110"}],"up":[{"embeddable":true,"href":"https:\/\/www.interactiv-technologies.com\/fr\/wp-json\/wp\/v2\/pages\/1559"}],"wp:attachment":[{"href":"https:\/\/www.interactiv-technologies.com\/fr\/wp-json\/wp\/v2\/media?parent=3147"}],"curies":[{"name":"wp","href":"https:\/\/api.w.org\/{rel}","templated":true}]}}