{"id":3145,"date":"2019-02-28T12:46:02","date_gmt":"2019-02-28T11:46:02","guid":{"rendered":"https:\/\/www.interactiv-technologies.com\/master-data-management-mdm\/"},"modified":"2024-05-20T12:14:29","modified_gmt":"2024-05-20T10:14:29","slug":"master-data-management-mdm","status":"publish","type":"page","link":"https:\/\/www.interactiv-technologies.com\/fr\/base-de-donnees-produits-pim\/master-data-management-mdm\/","title":{"rendered":"Master Data Management (MDM)"},"content":{"rendered":"\n<div class=\"wp-block-group alignfull has-rouge-accent-background-color has-background has-global-padding is-layout-constrained wp-block-group-is-layout-constrained\" style=\"padding-top:var(--wp--preset--spacing--40);padding-bottom:var(--wp--preset--spacing--60)\">\n<div class=\"wp-block-group alignwide has-blanc-color has-text-color has-link-color has-small-font-size wp-elements-c841a1b92e5602c57e0ccc8a7ec884c5 has-global-padding is-layout-constrained wp-block-group-is-layout-constrained\"><div class=\"alignwide wp-block-wpseopress-breadcrumbs\"><nav  aria-label=\"Fil d&#039;Ariane\"><ol class=\"breadcrumb\" itemscope itemtype=\"https:\/\/schema.org\/BreadcrumbList\"><li class=\"breadcrumb-item active\" aria-current=\"page\" itemprop=\"itemListElement\" itemscope itemtype=\"https:\/\/schema.org\/ListItem\"><span itemprop=\"name\">Accueil<\/span><meta itemprop=\"position\" content=\"1\"><\/li><\/ol><\/nav><\/div><\/div>\n\n\n\n<h1 class=\"wp-block-heading has-text-align-center has-blanc-color has-text-color has-link-color wp-elements-c327ed9bb1a1046a4dd56e41b1a631ad\">Le Master Data Management<\/h1>\n<\/div>\n\n\n\n<div class=\"wp-block-columns is-layout-flex wp-container-core-columns-is-layout-a54e0cfc wp-block-columns-is-layout-flex\" style=\"padding-top:var(--wp--preset--spacing--60);padding-bottom:var(--wp--preset--spacing--60)\">\n<div class=\"wp-block-column is-vertically-aligned-top is-layout-flow wp-block-column-is-layout-flow\" style=\"flex-basis:66.666666666667%\">\n<p>La mise en place d&rsquo;une solution <strong>MDM<\/strong> (pour <strong>Master Data Management<\/strong>) permet de centraliser vos <strong>informations Produits<\/strong> dans une seule base de donn\u00e9es et de maintenir la coh\u00e9rence de vos donn\u00e9es commerciales \u00e0 travers tous vos <strong>canaux de diffusion<\/strong>.<\/p>\n\n\n\n<p>De nombreuses entreprises sont confront\u00e9es \u00e0 des probl\u00e8mes de mise \u00e0 jour et de diffusion des donn\u00e9es Produits entre leurs canaux de ventes ou de communication, ce qui peut impacter le chiffre d&rsquo;affaires et la relation entre vos diff\u00e9rents prestataires. Concentrer dans un <strong>seul et unique logiciel<\/strong> l\u2019ensemble de ces informations est devenu indispensable.<\/p>\n\n\n\n<p>Semblable \u00e0 une base de donn\u00e9es <strong>en ligne<\/strong>, un logiciel de <strong>Master Data Management<\/strong> \u00e9clairci le <strong>traitement<\/strong> et la <strong>diffusion<\/strong> des informations Produits, assurant leur <strong>int\u00e9grit\u00e9 et leur maintien en temps r\u00e9el<\/strong>.<\/p>\n\n\n\n<p>Le <a href=\"https:\/\/www.interactiv-technologies.com\/fr\/base-de-donnees-produits-pim\/\">PIM<\/a> est une alternative moins on\u00e9reuse et mieux adapt\u00e9e pour les TPE\/PME qu&rsquo;une solution MDM.<\/p>\n<\/div>\n\n\n\n<div class=\"wp-block-column is-vertically-aligned-center is-layout-flow wp-block-column-is-layout-flow\" style=\"flex-basis:33.333333333333%\">\n<figure class=\"wp-block-image aligncenter is-resized\"><img decoding=\"async\" src=\"https:\/\/www.interactiv-technologies.com\/app\/uploads\/schema-produit-attributs-2.png\" alt=\"\" style=\"width:353px;height:auto\" title=\"\"\/><\/figure>\n<\/div>\n<\/div>\n\n\n\n<div class=\"wp-block-columns are-vertically-aligned-center is-layout-flex wp-container-core-columns-is-layout-a54e0cfc wp-block-columns-is-layout-flex\" style=\"padding-top:var(--wp--preset--spacing--60);padding-bottom:var(--wp--preset--spacing--60)\">\n<div class=\"wp-block-column is-vertically-aligned-center is-layout-flow wp-block-column-is-layout-flow\" style=\"flex-basis:33.333333333333%\">\n<figure class=\"wp-block-image aligncenter is-resized\"><img decoding=\"async\" src=\"https:\/\/www.interactiv-technologies.com\/app\/uploads\/DAM.png\" alt=\"\" style=\"width:320px\" title=\"\"\/><\/figure>\n<\/div>\n\n\n\n<div class=\"wp-block-column is-vertically-aligned-center is-layout-flow wp-block-column-is-layout-flow\" style=\"flex-basis:66.666666666667%\">\n<p>Le Master Data Management met au service du <strong>consommateur<\/strong> ou du <strong>distributeur<\/strong> des donn\u00e9es Produits pertinentes selon les sp\u00e9cificit\u00e9s de chaque canal de diffusion. Notre outil permet d&rsquo;<strong>importer<\/strong> ou d&rsquo;<strong>exporter<\/strong> des donn\u00e9es Produits, textuelles ou m\u00e9dias, pour augmenter votre productivit\u00e9 et soutenir vos activit\u00e9s commerciales.\n\nInteractiv\u2019 Technologies dispense des <strong>formations<\/strong> (r\u00e9f\u00e9renc\u00e9es DataDoc\u2019) vous permettant d\u2019utiliser la plateforme de mani\u00e8re optimale selon vos contraintes m\u00e9tiers. Le <strong>support t\u00e9l\u00e9phonique<\/strong> est disponible les jours ouvr\u00e9s jusqu&rsquo;\u00e0 18h pour vous accompagner dans l&rsquo;int\u00e9gration de vos donn\u00e9es et leur traitement op\u00e9rationnel selon vos besoins.<\/p>\n\n\n\n<div class=\"wp-block-buttons is-content-justification-left is-layout-flex wp-container-core-buttons-is-layout-fc4fd283 wp-block-buttons-is-layout-flex\">\n<div class=\"wp-block-button is-style-fill\"><a class=\"wp-block-button__link wp-element-button\" href=\"https:\/\/www.interactiv-technologies.com\/fr\/base-de-donnees-produits-pim\/\">\n                    D\u00e9couvrez notre PIM &#8211; DAM                <\/a><\/div>\n<\/div>\n<\/div>\n<\/div>\n\n\n\n<section class=\"wp-block-group alignfull has-gris-clair-background-color has-background has-global-padding is-layout-constrained wp-container-core-group-is-layout-b42db63c wp-block-group-is-layout-constrained\" style=\"margin-top:0;margin-bottom:0;padding-top:var(--wp--preset--spacing--80);padding-right:var(--wp--preset--spacing--50);padding-bottom:var(--wp--preset--spacing--80);padding-left:var(--wp--preset--spacing--50)\">\n<h2 class=\"wp-block-heading has-text-align-center has-gris-moyen-color has-text-color has-link-color has-large-font-size wp-elements-b942c245677b778bbf487e886087ba45\" style=\"margin-top:0;margin-bottom:var(--wp--preset--spacing--80)\">Autres cas d&rsquo;utilisation<\/h2>\n\n\n\n<div class=\"wp-block-group alignwide has-global-padding is-layout-constrained wp-container-core-group-is-layout-c5bbea69 wp-block-group-is-layout-constrained\">\n<div class=\"wp-block-columns alignwide is-layout-flex wp-container-core-columns-is-layout-f5a44f5b wp-block-columns-is-layout-flex\">\n<div class=\"wp-block-column is-vertically-aligned-stretch is-layout-flow wp-block-column-is-layout-flow\" style=\"flex-basis:50%\">\n<aside class=\"wp-block-group it-pattern-card has-blanc-background-color has-background wp-container-content-9cfa9a5a has-global-padding is-layout-constrained wp-block-group-is-layout-constrained\" style=\"min-height:100%\">\n<h3 class=\"wp-block-heading has-text-align-center is-style-rouge-accent has-rouge-accent-color has-text-color has-link-color wp-elements-18fde08178a0af02e29f39a18252804c\"><a href=\"\/fr\/catalogue-virtuel-interactif\/\"><strong><a style=\"font-weight: 700\" href=\"https:\/\/www.interactiv-technologies.com\/fr\/gestion-produit-marketing\/\">Gestion de donn\u00e9es marketing produits<\/a><\/strong><\/a><\/h3>\n\n\n\n<p class=\"has-text-align-center\">Avec la multitude des canaux de diffusion de vos informations produits, il est de plus en plus important de structurer sa gestion de produits marketing autour d\u2019un PIM. Nous vous proposons un logiciel \u00e0 la fois complet et accessible, qui s\u2019adapte \u00e0 la taille de votre entreprise et vos besoins. Vous disposez d\u2019un support fran\u00e7ais bas\u00e9 pr\u00e8s de Lyon et nous sommes \u00e0 votre \u00e9coute pour faire \u00e9voluer notre solution selon vos attentes&#8230;<\/p>\n<\/aside>\n<\/div>\n\n\n\n<div class=\"wp-block-column is-vertically-aligned-stretch is-layout-flow wp-block-column-is-layout-flow\" style=\"flex-basis:50%\">\n<aside class=\"wp-block-group it-pattern-card has-blanc-background-color has-background wp-container-content-9cfa9a5a has-global-padding is-layout-constrained wp-block-group-is-layout-constrained\" style=\"min-height:100%\">\n<h3 class=\"wp-block-heading has-text-align-center is-style-rouge-accent has-rouge-accent-color has-text-color has-link-color wp-elements-417d93c80cd8f46174d09bc24dbced09\" style=\"text-decoration:underline\"><a href=\"\/fr\/catalogue-interactif\/service-click-and-collect-outils-logiciels\/\"><strong><a style=\"font-weight: 700\" href=\"https:\/\/www.interactiv-technologies.com\/fr\/logiciel-de-gestion-produit\/\">Solution PIM : Logiciel de gestion produit centralis\u00e9<\/a><\/strong><\/a><\/h3>\n\n\n\n<p class=\"has-text-align-center\">Le management d\u2019informations Produits (ou PIM pour Product Information Management) peut \u00eatre d\u00e9fini comme la collecte et la gestion de donn\u00e9es Produits afin de les r\u00e9injecter dans les diff\u00e9rents m\u00e9canismes de l\u2019entreprise : conception, r\u00e9alisation, diffusion ou encore promotion. Aujourd\u2019hui au centre des processus entrepreneuriaux, la data n\u00e9cessite d\u2019\u00eatre conserv\u00e9e et manipul\u00e9e avec soin afin d\u2019\u00e9viter les probl\u00e8mes inh\u00e9rents \u00e0 la d\u00e9sinformation&#8230;<\/p>\n<\/aside>\n<\/div>\n<\/div>\n\n\n\n<div class=\"wp-block-columns alignwide is-layout-flex wp-container-core-columns-is-layout-f5a44f5b wp-block-columns-is-layout-flex\">\n<div class=\"wp-block-column is-vertically-aligned-stretch is-layout-flow wp-block-column-is-layout-flow\" style=\"flex-basis:50%\">\n<aside class=\"wp-block-group it-pattern-card has-blanc-background-color has-background wp-container-content-9cfa9a5a has-global-padding is-layout-constrained wp-block-group-is-layout-constrained\" style=\"min-height:100%\">\n<h3 class=\"wp-block-heading has-text-align-center has-rouge-accent-color has-text-color has-link-color wp-elements-8aba1bef2b490b5855f7b89d4ac8cc8b\" style=\"text-decoration:underline\"><a href=\"\/fr\/catalogue-interactif\/publier-catalogue-google\/\"><strong><a style=\"font-weight: 700\" href=\"https:\/\/www.interactiv-technologies.com\/fr\/article-pim-ecommerce\/\">Le PIM e-commerce<\/a><\/strong><\/a><\/h3>\n\n\n\n<p class=\"has-text-align-center\">Le e-commerce repose de plus en plus sur la communication \u00ab multicanal \u00bb. L\u2019utilisation de multiples canaux de diffusion implique une coh\u00e9rence des donn\u00e9es Produits parfaites pour \u00e9viter les erreurs de prix, de donn\u00e9es Produits (sp\u00e9cifications, caract\u00e9ristiques, argumentaires commerciaux\u2026). Cette incoh\u00e9rence peut entra\u00eener aussi des difficult\u00e9s en terme de marketing&#8230;<\/p>\n<\/aside>\n<\/div>\n\n\n\n<div class=\"wp-block-column is-vertically-aligned-stretch is-layout-flow wp-block-column-is-layout-flow\" style=\"flex-basis:50%\">\n<aside class=\"wp-block-group it-pattern-card has-blanc-background-color has-background wp-container-content-9cfa9a5a has-global-padding is-layout-constrained wp-block-group-is-layout-constrained\" style=\"min-height:100%\">\n<h3 class=\"wp-block-heading has-text-align-center has-rouge-accent-color has-text-color has-link-color wp-elements-1f3ad124eb05ba79cb34c0e8c54f2a2d\" style=\"text-decoration:underline\"><a href=\"\/fr\/creer-document-interactif\/\"><strong><a style=\"font-weight: 700\" href=\"https:\/\/www.interactiv-technologies.com\/fr\/article-valeur-logiciel-pim\/\">Quelle est la valeur d\u2019un logiciel PIM ?<\/a><\/strong><\/a><\/h3>\n\n\n\n<p class=\"has-text-align-center\">Comme vous le savez surement d\u00e9j\u00e0, un PIM est une plateforme digitale facilitant la gestion de donn\u00e9es Produits. De l\u2019import \u00e0 l\u2019export en passant par le stockage, l\u2019organisation, le maintien ou encore la traduction de vos donn\u00e9es, le logiciel PIM sera l\u00e0 pour vous accompagner. Mais quelles sont les raisons concr\u00e8tes qui poussent \u00e0 l\u2019utilisation d\u2019un PIM ?<\/p>\n<\/aside>\n<\/div>\n<\/div>\n<\/div>\n<\/section>\n","protected":false},"excerpt":{"rendered":"<p>Le Master Data Management La mise en place d&rsquo;une solution MDM (pour Master Data Management) permet de centraliser vos informations Produits dans une seule base de donn\u00e9es et de maintenir la coh\u00e9rence de vos donn\u00e9es commerciales \u00e0 travers tous vos canaux de diffusion. De nombreuses entreprises sont confront\u00e9es \u00e0 des probl\u00e8mes de mise \u00e0 jour [&hellip;]<\/p>\n","protected":false},"author":1,"featured_media":0,"parent":1559,"menu_order":0,"comment_status":"closed","ping_status":"closed","template":"","meta":{"_seopress_robots_primary_cat":"","_seopress_titles_title":"Master Data Management | La donn\u00e9e Produit au service de tous","_seopress_titles_desc":"","_seopress_robots_index":"","_it_page_product":"ITDataBase","_it_call_to_action":["{\"text\":\"Demandez une d\u00e9mo du PIM \/ DAM\",\"url\":\"https:\/\/www.interactiv-technologies.com\/fr\/base-de-donnees-produits-pim\/formulaire-demonstration-pim\/\"}","{\"text\":\"Testez notre PIM \/ DAM gratuitement \",\"url\":\"https:\/\/www.interactiv-technologies.com\/fr\/base-de-donnees-produits-pim\/formulaire-essai-gratuit-pim\/\"}","{\"text\":\"Obtenez votre tarif du PIM \/ DAM\",\"url\":\"https:\/\/www.interactiv-technologies.com\/fr\/base-de-donnees-produits-pim\/prix-devis-pim\/\"}"],"footnotes":""},"class_list":["post-3145","page","type-page","status-publish","hentry"],"_links":{"self":[{"href":"https:\/\/www.interactiv-technologies.com\/fr\/wp-json\/wp\/v2\/pages\/3145","targetHints":{"allow":["GET"]}}],"collection":[{"href":"https:\/\/www.interactiv-technologies.com\/fr\/wp-json\/wp\/v2\/pages"}],"about":[{"href":"https:\/\/www.interactiv-technologies.com\/fr\/wp-json\/wp\/v2\/types\/page"}],"author":[{"embeddable":true,"href":"https:\/\/www.interactiv-technologies.com\/fr\/wp-json\/wp\/v2\/users\/1"}],"replies":[{"embeddable":true,"href":"https:\/\/www.interactiv-technologies.com\/fr\/wp-json\/wp\/v2\/comments?post=3145"}],"version-history":[{"count":9,"href":"https:\/\/www.interactiv-technologies.com\/fr\/wp-json\/wp\/v2\/pages\/3145\/revisions"}],"predecessor-version":[{"id":14881,"href":"https:\/\/www.interactiv-technologies.com\/fr\/wp-json\/wp\/v2\/pages\/3145\/revisions\/14881"}],"up":[{"embeddable":true,"href":"https:\/\/www.interactiv-technologies.com\/fr\/wp-json\/wp\/v2\/pages\/1559"}],"wp:attachment":[{"href":"https:\/\/www.interactiv-technologies.com\/fr\/wp-json\/wp\/v2\/media?parent=3145"}],"curies":[{"name":"wp","href":"https:\/\/api.w.org\/{rel}","templated":true}]}}