{"id":3141,"date":"2019-02-11T16:46:05","date_gmt":"2019-02-11T15:46:05","guid":{"rendered":"https:\/\/www.interactiv-technologies.com\/fr\/modeles-de-page-sommaire\/"},"modified":"2024-07-02T15:14:04","modified_gmt":"2024-07-02T13:14:04","slug":"modeles-de-page-sommaire","status":"publish","type":"page","link":"https:\/\/www.interactiv-technologies.com\/fr\/modeles-de-page-sommaire\/","title":{"rendered":"Mod\u00e8les de pages sommaire"},"content":{"rendered":"\n<div class=\"wp-block-group alignfull has-bleu-accent-background-color has-background has-global-padding is-layout-constrained wp-block-group-is-layout-constrained\" style=\"padding-top:var(--wp--preset--spacing--40);padding-bottom:var(--wp--preset--spacing--60)\">\n<div class=\"wp-block-group alignwide has-blanc-color has-text-color has-link-color has-small-font-size wp-elements-c841a1b92e5602c57e0ccc8a7ec884c5 has-global-padding is-layout-constrained wp-block-group-is-layout-constrained\"><div class=\"alignwide wp-block-wpseopress-breadcrumbs\"><nav  aria-label=\"Fil d&#039;Ariane\"><ol class=\"breadcrumb\" itemscope itemtype=\"https:\/\/schema.org\/BreadcrumbList\"><li class=\"breadcrumb-item active\" aria-current=\"page\" itemprop=\"itemListElement\" itemscope itemtype=\"https:\/\/schema.org\/ListItem\"><span itemprop=\"name\">Accueil<\/span><meta itemprop=\"position\" content=\"1\"><\/li><\/ol><\/nav><\/div><\/div>\n\n\n\n<h1 class=\"wp-block-heading has-text-align-center has-blanc-color has-text-color has-link-color wp-elements-d213483036200ce3ed5f8b2b0160587b\">Mod\u00e8les de pages &#8211; pages d&rsquo;accueil<\/h1>\n<\/div>\n\n\n\n<div class=\"wp-block-columns is-layout-flex wp-container-core-columns-is-layout-28f84493 wp-block-columns-is-layout-flex\">\n<div class=\"wp-block-column is-layout-flow wp-block-column-is-layout-flow\" style=\"flex-basis:66.66%\">\n<h2 class=\"wp-block-heading\">PAGES D&rsquo;ACCUEIL<\/h2>\n\n\n\n<p>Choisissez parmi ces diff\u00e9rents mod\u00e8les. Nous les adapterons \u00e0 votre catalogue. (Possibilit\u00e9 de cr\u00e9ation personnalis\u00e9e sur devis).<\/p>\n<\/div>\n\n\n\n<div class=\"wp-block-column is-layout-flow wp-block-column-is-layout-flow\" style=\"flex-basis:33.33%\">\n<figure class=\"wp-block-image size-full\"><img loading=\"lazy\" decoding=\"async\" width=\"565\" height=\"470\" src=\"https:\/\/www.interactiv-technologies.com\/app\/uploads\/2024\/06\/STORISTES-1.gif\" alt=\"\" class=\"wp-image-6546\"\/><\/figure>\n<\/div>\n<\/div>\n\n\n\n<h2 class=\"wp-block-heading\">MOD\u00c8LES DE PAGES SOMMAIRE<\/h2>\n\n\n\n<div class=\"wp-block-columns is-layout-flex wp-container-core-columns-is-layout-28f84493 wp-block-columns-is-layout-flex\">\n<div class=\"wp-block-column is-layout-flow wp-block-column-is-layout-flow\">\n<figure class=\"wp-block-image size-large\"><img loading=\"lazy\" decoding=\"async\" width=\"1024\" height=\"518\" src=\"https:\/\/www.interactiv-technologies.com\/app\/uploads\/2024\/06\/MDC-1024x518.png\" alt=\"\" class=\"wp-image-6548\" srcset=\"https:\/\/www.interactiv-technologies.com\/app\/uploads\/2024\/06\/MDC-1024x518.png 1024w, https:\/\/www.interactiv-technologies.com\/app\/uploads\/2024\/06\/MDC-300x152.png 300w, https:\/\/www.interactiv-technologies.com\/app\/uploads\/2024\/06\/MDC-768x388.png 768w, https:\/\/www.interactiv-technologies.com\/app\/uploads\/2024\/06\/MDC-1536x776.png 1536w, https:\/\/www.interactiv-technologies.com\/app\/uploads\/2024\/06\/MDC.png 1921w\" sizes=\"auto, (max-width: 1024px) 100vw, 1024px\" \/><\/figure>\n\n\n\n<div class=\"wp-block-buttons is-content-justification-center is-layout-flex wp-container-core-buttons-is-layout-a89b3969 wp-block-buttons-is-layout-flex\">\n<div class=\"wp-block-button\"><a class=\"wp-block-button__link wp-element-button\" href=\"https:\/\/it1v7.interactiv-doc.fr\/html\/la_maison_du_chocolat_pdf_copie_614\/\">Voir l&rsquo;exemple 1<\/a><\/div>\n<\/div>\n<\/div>\n\n\n\n<div class=\"wp-block-column is-layout-flow wp-block-column-is-layout-flow\">\n<figure class=\"wp-block-image size-large\"><img loading=\"lazy\" decoding=\"async\" width=\"1024\" height=\"517\" src=\"https:\/\/www.interactiv-technologies.com\/app\/uploads\/2024\/06\/storistes-1024x517.png\" alt=\"\" class=\"wp-image-6550\" srcset=\"https:\/\/www.interactiv-technologies.com\/app\/uploads\/2024\/06\/storistes-1024x517.png 1024w, https:\/\/www.interactiv-technologies.com\/app\/uploads\/2024\/06\/storistes-300x151.png 300w, https:\/\/www.interactiv-technologies.com\/app\/uploads\/2024\/06\/storistes-768x388.png 768w, https:\/\/www.interactiv-technologies.com\/app\/uploads\/2024\/06\/storistes-1536x775.png 1536w, https:\/\/www.interactiv-technologies.com\/app\/uploads\/2024\/06\/storistes.png 1924w\" sizes=\"auto, (max-width: 1024px) 100vw, 1024px\" \/><\/figure>\n\n\n\n<div class=\"wp-block-buttons is-content-justification-center is-layout-flex wp-container-core-buttons-is-layout-a89b3969 wp-block-buttons-is-layout-flex\">\n<div class=\"wp-block-button\"><a class=\"wp-block-button__link wp-element-button\" href=\"https:\/\/it1v7.interactiv-doc.fr\/html\/les_storistes_de_france_pdf_copie_614\/\">Voir l&rsquo;exemple 2<\/a><\/div>\n<\/div>\n<\/div>\n\n\n\n<div class=\"wp-block-column is-layout-flow wp-block-column-is-layout-flow\">\n<figure class=\"wp-block-image size-large\"><img loading=\"lazy\" decoding=\"async\" width=\"1024\" height=\"522\" src=\"https:\/\/www.interactiv-technologies.com\/app\/uploads\/2024\/06\/brossette-1024x522.png\" alt=\"\" class=\"wp-image-6552\" srcset=\"https:\/\/www.interactiv-technologies.com\/app\/uploads\/2024\/06\/brossette-1024x522.png 1024w, https:\/\/www.interactiv-technologies.com\/app\/uploads\/2024\/06\/brossette-300x153.png 300w, https:\/\/www.interactiv-technologies.com\/app\/uploads\/2024\/06\/brossette-768x391.png 768w, https:\/\/www.interactiv-technologies.com\/app\/uploads\/2024\/06\/brossette-1536x783.png 1536w, https:\/\/www.interactiv-technologies.com\/app\/uploads\/2024\/06\/brossette.png 1901w\" sizes=\"auto, (max-width: 1024px) 100vw, 1024px\" \/><\/figure>\n\n\n\n<div class=\"wp-block-buttons is-content-justification-center is-layout-flex wp-container-core-buttons-is-layout-a89b3969 wp-block-buttons-is-layout-flex\">\n<div class=\"wp-block-button\"><a class=\"wp-block-button__link wp-element-button\" href=\"https:\/\/it1v7.interactiv-doc.fr\/html\/brossette_pdf_copie_614\/\">Voir l&rsquo;exemple 3<\/a><\/div>\n<\/div>\n<\/div>\n<\/div>\n\n\n\n<div class=\"wp-block-columns is-layout-flex wp-container-core-columns-is-layout-28f84493 wp-block-columns-is-layout-flex\">\n<div class=\"wp-block-column is-layout-flow wp-block-column-is-layout-flow\">\n<figure class=\"wp-block-image size-large\"><img loading=\"lazy\" decoding=\"async\" width=\"1024\" height=\"522\" src=\"https:\/\/www.interactiv-technologies.com\/app\/uploads\/2024\/06\/envie-bain-1024x522.png\" alt=\"\" class=\"wp-image-6554\" srcset=\"https:\/\/www.interactiv-technologies.com\/app\/uploads\/2024\/06\/envie-bain-1024x522.png 1024w, https:\/\/www.interactiv-technologies.com\/app\/uploads\/2024\/06\/envie-bain-300x153.png 300w, https:\/\/www.interactiv-technologies.com\/app\/uploads\/2024\/06\/envie-bain-768x391.png 768w, https:\/\/www.interactiv-technologies.com\/app\/uploads\/2024\/06\/envie-bain-1536x783.png 1536w, https:\/\/www.interactiv-technologies.com\/app\/uploads\/2024\/06\/envie-bain.png 1901w\" sizes=\"auto, (max-width: 1024px) 100vw, 1024px\" \/><\/figure>\n\n\n\n<div class=\"wp-block-buttons is-content-justification-center is-layout-flex wp-container-core-buttons-is-layout-a89b3969 wp-block-buttons-is-layout-flex\">\n<div class=\"wp-block-button\"><a class=\"wp-block-button__link wp-element-button\" href=\"https:\/\/it1v7.interactiv-doc.fr\/html\/envie_de_salle_de_bain_pdf_copie_614\/\">Voir l&rsquo;exemple 4<\/a><\/div>\n<\/div>\n<\/div>\n\n\n\n<div class=\"wp-block-column is-layout-flow wp-block-column-is-layout-flow\">\n<figure class=\"wp-block-image size-large\"><img loading=\"lazy\" decoding=\"async\" width=\"1024\" height=\"518\" src=\"https:\/\/www.interactiv-technologies.com\/app\/uploads\/2024\/06\/CEDEO-1-1024x518.png\" alt=\"\" class=\"wp-image-6558\" srcset=\"https:\/\/www.interactiv-technologies.com\/app\/uploads\/2024\/06\/CEDEO-1-1024x518.png 1024w, https:\/\/www.interactiv-technologies.com\/app\/uploads\/2024\/06\/CEDEO-1-300x152.png 300w, https:\/\/www.interactiv-technologies.com\/app\/uploads\/2024\/06\/CEDEO-1-768x389.png 768w, https:\/\/www.interactiv-technologies.com\/app\/uploads\/2024\/06\/CEDEO-1-1536x777.png 1536w, https:\/\/www.interactiv-technologies.com\/app\/uploads\/2024\/06\/CEDEO-1.png 1919w\" sizes=\"auto, (max-width: 1024px) 100vw, 1024px\" \/><\/figure>\n\n\n\n<div class=\"wp-block-buttons is-content-justification-center is-layout-flex wp-container-core-buttons-is-layout-a89b3969 wp-block-buttons-is-layout-flex\">\n<div class=\"wp-block-button\"><a class=\"wp-block-button__link wp-element-button\" href=\"https:\/\/it1v7.interactiv-doc.fr\/html\/cedeo_copie_614\/\">Voir l&rsquo;exemple 5<\/a><\/div>\n<\/div>\n<\/div>\n<\/div>\n","protected":false},"excerpt":{"rendered":"<p>Mod\u00e8les de pages &#8211; pages d&rsquo;accueil PAGES D&rsquo;ACCUEIL Choisissez parmi ces diff\u00e9rents mod\u00e8les. Nous les adapterons \u00e0 votre catalogue. (Possibilit\u00e9 de cr\u00e9ation personnalis\u00e9e sur devis). MOD\u00c8LES DE PAGES SOMMAIRE<\/p>\n","protected":false},"author":1,"featured_media":0,"parent":3126,"menu_order":0,"comment_status":"closed","ping_status":"closed","template":"","meta":{"_seopress_robots_primary_cat":"","_seopress_titles_title":"%%post_title%% %%sep%% %%sitetitle%%","_seopress_titles_desc":"","_seopress_robots_index":"","_it_page_product":"Divers","_it_call_to_action":["{\"text\":\"\",\"url\":\"\"}","{\"text\":\"\",\"url\":\"\"}","{\"text\":\"\",\"url\":\"\"}","{\"text\":\"\",\"url\":\"\"}"],"footnotes":""},"class_list":["post-3141","page","type-page","status-publish","hentry"],"_links":{"self":[{"href":"https:\/\/www.interactiv-technologies.com\/fr\/wp-json\/wp\/v2\/pages\/3141","targetHints":{"allow":["GET"]}}],"collection":[{"href":"https:\/\/www.interactiv-technologies.com\/fr\/wp-json\/wp\/v2\/pages"}],"about":[{"href":"https:\/\/www.interactiv-technologies.com\/fr\/wp-json\/wp\/v2\/types\/page"}],"author":[{"embeddable":true,"href":"https:\/\/www.interactiv-technologies.com\/fr\/wp-json\/wp\/v2\/users\/1"}],"replies":[{"embeddable":true,"href":"https:\/\/www.interactiv-technologies.com\/fr\/wp-json\/wp\/v2\/comments?post=3141"}],"version-history":[{"count":8,"href":"https:\/\/www.interactiv-technologies.com\/fr\/wp-json\/wp\/v2\/pages\/3141\/revisions"}],"predecessor-version":[{"id":7162,"href":"https:\/\/www.interactiv-technologies.com\/fr\/wp-json\/wp\/v2\/pages\/3141\/revisions\/7162"}],"up":[{"embeddable":true,"href":"https:\/\/www.interactiv-technologies.com\/fr\/wp-json\/wp\/v2\/pages\/3126"}],"wp:attachment":[{"href":"https:\/\/www.interactiv-technologies.com\/fr\/wp-json\/wp\/v2\/media?parent=3141"}],"curies":[{"name":"wp","href":"https:\/\/api.w.org\/{rel}","templated":true}]}}