{"id":3140,"date":"2018-01-17T10:52:50","date_gmt":"2018-01-17T09:52:50","guid":{"rendered":"https:\/\/www.interactiv-technologies.com\/faq-it-prestations\/411-revision-v1\/telechargement-interactiv-apps\/"},"modified":"2024-07-29T15:22:04","modified_gmt":"2024-07-29T13:22:04","slug":"telechargement-interactiv-apps","status":"publish","type":"page","link":"https:\/\/www.interactiv-technologies.com\/fr\/catalogue-interactif\/telechargement-interactiv-apps\/","title":{"rendered":"T\u00e9l\u00e9chargement Interactiv&rsquo; Apps"},"content":{"rendered":"\n<div class=\"wp-block-group alignfull has-vert-accent-background-color has-background has-global-padding is-layout-constrained wp-block-group-is-layout-constrained\" style=\"padding-top:var(--wp--preset--spacing--40);padding-bottom:var(--wp--preset--spacing--60)\">\n<div class=\"wp-block-group alignwide has-blanc-color has-text-color has-link-color has-small-font-size wp-elements-c841a1b92e5602c57e0ccc8a7ec884c5 has-global-padding is-layout-constrained wp-block-group-is-layout-constrained\"><div class=\"alignwide wp-block-wpseopress-breadcrumbs\"><nav  aria-label=\"Fil d&#039;Ariane\"><ol class=\"breadcrumb\" itemscope itemtype=\"https:\/\/schema.org\/BreadcrumbList\"><li class=\"breadcrumb-item active\" aria-current=\"page\" itemprop=\"itemListElement\" itemscope itemtype=\"https:\/\/schema.org\/ListItem\"><span itemprop=\"name\">Accueil<\/span><meta itemprop=\"position\" content=\"1\"><\/li><\/ol><\/nav><\/div><\/div>\n\n\n\n<h1 class=\"wp-block-heading has-text-align-center has-blanc-color has-text-color has-link-color wp-elements-b95f43f7dd95ab3c6424dfd1396ecfd0\">T\u00e9l\u00e9chargement Interactiv&rsquo; Apps<\/h1>\n<\/div>\n\n\n\n<div class=\"wp-block-columns are-vertically-aligned-center is-layout-flex wp-container-core-columns-is-layout-eae17e81 wp-block-columns-is-layout-flex\" style=\"margin-top:var(--wp--preset--spacing--70);margin-bottom:var(--wp--preset--spacing--70)\">\n<div class=\"wp-block-column is-vertically-aligned-center is-layout-flow wp-block-column-is-layout-flow\" style=\"flex-basis:70%\">\n<p><strong>Interactiv\u2019&nbsp;Apps&nbsp;<\/strong>vous permet de consulter des documents&nbsp;<strong>PDF interactifs<\/strong>.&nbsp;<\/p>\n\n\n\n<p>Ces documents, initialement d\u00e9pos\u00e9s sur&nbsp;la plateforme&nbsp;<strong><a href=\"https:\/\/www.interactiv-technologies.com\/fr\/catalogue-interactif\/\">Interactiv\u2019 Doc<\/a><\/strong>, permettront aux lecteurs de consulter \u00e0 tout moment des documents divers&nbsp;(catalogues,&nbsp;fiches techniques, brochures\u2026)&nbsp;toujours \u00e0 jour tant en ligne qu\u2019en mode d\u00e9connect\u00e9.&nbsp;Ces documents consult\u00e9s peuvent comprendre diff\u00e9rents&nbsp;<strong>enrichissements&nbsp;<\/strong>(sommaire, signets, liens, vid\u00e9os\u2026)&nbsp;et&nbsp;int\u00e8grent syst\u00e9matiquement un&nbsp;<strong>moteur de recherche<\/strong>&nbsp;permettant au lecteur de trouver rapidement les informations&nbsp;souhait\u00e9es.<\/p>\n<\/div>\n\n\n\n<div class=\"wp-block-column is-vertically-aligned-center is-layout-flow wp-block-column-is-layout-flow\" style=\"flex-basis:30%\">\n<div class=\"wp-block-group is-vertical is-layout-flex wp-container-core-group-is-layout-fe9cc265 wp-block-group-is-layout-flex\">\n<figure class=\"wp-block-image aligncenter size-large is-resized\"><img loading=\"lazy\" decoding=\"async\" width=\"1024\" height=\"173\" src=\"https:\/\/www.interactiv-technologies.com\/app\/uploads\/2024\/07\/Logo_IT_APPS_COULEUR_ALLONGE-1024x173.png\" alt=\"\" class=\"wp-image-7667\" style=\"width:395px;height:auto\" srcset=\"https:\/\/www.interactiv-technologies.com\/app\/uploads\/2024\/07\/Logo_IT_APPS_COULEUR_ALLONGE-1024x173.png 1024w, https:\/\/www.interactiv-technologies.com\/app\/uploads\/2024\/07\/Logo_IT_APPS_COULEUR_ALLONGE-300x51.png 300w, https:\/\/www.interactiv-technologies.com\/app\/uploads\/2024\/07\/Logo_IT_APPS_COULEUR_ALLONGE-768x130.png 768w, https:\/\/www.interactiv-technologies.com\/app\/uploads\/2024\/07\/Logo_IT_APPS_COULEUR_ALLONGE.png 1152w\" sizes=\"auto, (max-width: 1024px) 100vw, 1024px\" \/><\/figure>\n\n\n\n<figure class=\"wp-block-image aligncenter size-full\"><img loading=\"lazy\" decoding=\"async\" width=\"642\" height=\"419\" src=\"https:\/\/www.interactiv-technologies.com\/app\/uploads\/2024\/07\/APPS_Responsive_Fonce_UBD.png\" alt=\"\" class=\"wp-image-7657\" srcset=\"https:\/\/www.interactiv-technologies.com\/app\/uploads\/2024\/07\/APPS_Responsive_Fonce_UBD.png 642w, https:\/\/www.interactiv-technologies.com\/app\/uploads\/2024\/07\/APPS_Responsive_Fonce_UBD-300x196.png 300w\" sizes=\"auto, (max-width: 642px) 100vw, 642px\" \/><\/figure>\n<\/div>\n<\/div>\n<\/div>\n\n\n\n<section class=\"wp-block-group alignfull has-gris-clair-background-color has-background has-global-padding is-layout-constrained wp-container-core-group-is-layout-5e1fba9a wp-block-group-is-layout-constrained\" style=\"min-height:0px;margin-top:0;margin-bottom:0;padding-top:3rem;padding-right:0;padding-bottom:3rem;padding-left:0\">\n<div class=\"wp-block-group has-global-padding is-layout-constrained wp-container-core-group-is-layout-ff778368 wp-block-group-is-layout-constrained\" style=\"padding-right:var(--wp--preset--spacing--30);padding-left:var(--wp--preset--spacing--30)\">\n<h2 class=\"wp-block-heading has-text-align-center\" style=\"padding-top:0;padding-bottom:var(--wp--preset--spacing--60);text-transform:none\">Cliquez sur l\u2019ic\u00f4ne adapt\u00e9e \u00e0 votre support et vous serez redirig\u00e9(e) sur la page de t\u00e9l\u00e9chargement :<\/h2>\n<\/div>\n\n\n\n<div class=\"wp-block-columns is-layout-flex wp-container-core-columns-is-layout-e477a36d wp-block-columns-is-layout-flex\" style=\"padding-bottom:var(--wp--preset--spacing--60)\">\n<div class=\"wp-block-column is-layout-flow wp-block-column-is-layout-flow\">\n<aside class=\"wp-block-group it-pattern-card has-blanc-background-color has-background is-vertical is-content-justification-center is-layout-flex wp-container-core-group-is-layout-ce155fab wp-block-group-is-layout-flex\" style=\"min-height:100%\">\n<figure class=\"wp-block-image aligncenter size-full\"><a href=\"https:\/\/apps.apple.com\/fr\/app\/interactiv-apps\/id1329982248\"><img loading=\"lazy\" decoding=\"async\" width=\"128\" height=\"128\" src=\"https:\/\/www.interactiv-technologies.com\/app\/uploads\/2024\/05\/logo-apple.png\" alt=\"\" class=\"wp-image-5666\"\/><\/a><\/figure>\n\n\n\n<p class=\"has-text-align-center has-vert-accent-color has-text-color has-link-color wp-elements-157d346f05fce8b5cdde941731d62208\" style=\"font-style:normal;font-weight:700\"><a href=\"https:\/\/apps.apple.com\/fr\/app\/interactiv-apps\/id1329982248\">App Store<\/a><\/p>\n<\/aside>\n<\/div>\n\n\n\n<div class=\"wp-block-column is-layout-flow wp-block-column-is-layout-flow\">\n<aside class=\"wp-block-group it-pattern-card has-blanc-background-color has-background is-vertical is-content-justification-center is-layout-flex wp-container-core-group-is-layout-ce155fab wp-block-group-is-layout-flex\" style=\"min-height:100%\">\n<figure class=\"wp-block-image aligncenter size-full\"><a href=\"https:\/\/apps.microsoft.com\/detail\/9nblggh5lhxd?hl=fr-fr&amp;gl=FR\"><img loading=\"lazy\" decoding=\"async\" width=\"128\" height=\"128\" src=\"https:\/\/www.interactiv-technologies.com\/app\/uploads\/2024\/05\/logo-windows.png\" alt=\"\" class=\"wp-image-5664\"\/><\/a><\/figure>\n\n\n\n<p class=\"has-text-align-center has-vert-accent-color has-text-color has-link-color wp-elements-213766e58ee0477d61f910a03d46034e\" style=\"font-style:normal;font-weight:700\"><a href=\"https:\/\/apps.microsoft.com\/detail\/9nblggh5lhxd?hl=fr-fr&amp;gl=FR\">Microsoft Store<\/a><\/p>\n<\/aside>\n<\/div>\n\n\n\n<div class=\"wp-block-column is-layout-flow wp-block-column-is-layout-flow\">\n<aside class=\"wp-block-group it-pattern-card has-blanc-background-color has-background is-vertical is-content-justification-center is-layout-flex wp-container-core-group-is-layout-ce155fab wp-block-group-is-layout-flex\" style=\"min-height:100%\">\n<figure class=\"wp-block-image aligncenter size-full is-resized\"><a href=\"https:\/\/play.google.com\/store\/apps\/details?id=com.InteractivTechnologies.ITApps&amp;pli=1\"><img loading=\"lazy\" decoding=\"async\" width=\"3334\" height=\"3334\" src=\"https:\/\/www.interactiv-technologies.com\/app\/uploads\/2024\/06\/logo-google-playstore-01.png\" alt=\"\" class=\"wp-image-6894\" style=\"width:135px;height:auto\" srcset=\"https:\/\/www.interactiv-technologies.com\/app\/uploads\/2024\/06\/logo-google-playstore-01.png 3334w, https:\/\/www.interactiv-technologies.com\/app\/uploads\/2024\/06\/logo-google-playstore-01-300x300.png 300w, https:\/\/www.interactiv-technologies.com\/app\/uploads\/2024\/06\/logo-google-playstore-01-1024x1024.png 1024w, https:\/\/www.interactiv-technologies.com\/app\/uploads\/2024\/06\/logo-google-playstore-01-150x150.png 150w, https:\/\/www.interactiv-technologies.com\/app\/uploads\/2024\/06\/logo-google-playstore-01-768x768.png 768w, https:\/\/www.interactiv-technologies.com\/app\/uploads\/2024\/06\/logo-google-playstore-01-1536x1536.png 1536w, https:\/\/www.interactiv-technologies.com\/app\/uploads\/2024\/06\/logo-google-playstore-01-2048x2048.png 2048w\" sizes=\"auto, (max-width: 3334px) 100vw, 3334px\" \/><\/a><\/figure>\n\n\n\n<p class=\"has-text-align-center has-vert-accent-color has-text-color has-link-color wp-elements-450f92edf86ea5bda2e2267359569666\" style=\"font-style:normal;font-weight:700\"><a href=\"https:\/\/play.google.com\/store\/apps\/details?id=com.InteractivTechnologies.ITApps&amp;pli=1\">Google Play Store<\/a><\/p>\n<\/aside>\n<\/div>\n<\/div>\n\n\n\n<div class=\"wp-block-group has-global-padding is-layout-constrained wp-container-core-group-is-layout-ff778368 wp-block-group-is-layout-constrained\" style=\"padding-right:var(--wp--preset--spacing--30);padding-left:var(--wp--preset--spacing--30)\">\n<p class=\"has-text-align-center\">N\u2019h\u00e9sitez pas \u00e0 contacter notre support client au&nbsp;<strong>+33 (0)4 81 07 25 99<\/strong>&nbsp;si vous avez besoin d\u2019assistance.<\/p>\n<\/div>\n<\/section>\n\n\n\n<div class=\"wp-block-group has-global-padding is-layout-constrained wp-block-group-is-layout-constrained\" style=\"margin-top:var(--wp--preset--spacing--60);margin-bottom:0\">\n<h2 class=\"wp-block-heading has-text-align-center\">Retrouvez les derni\u00e8res nouveaut\u00e9s de nos solutions ! <\/h2>\n\n\n\n<div class=\"wp-block-buttons is-content-justification-center is-layout-flex wp-container-core-buttons-is-layout-a89b3969 wp-block-buttons-is-layout-flex\">\n<div class=\"wp-block-button\"><a class=\"wp-block-button__link wp-element-button\" href=\"https:\/\/www.interactiv-technologies.com\/fr\/\">D\u00e9couvrez nos produits<\/a><\/div>\n<\/div>\n<\/div>\n","protected":false},"excerpt":{"rendered":"<p>T\u00e9l\u00e9chargement Interactiv&rsquo; Apps Interactiv\u2019&nbsp;Apps&nbsp;vous permet de consulter des documents&nbsp;PDF interactifs.&nbsp; Ces documents, initialement d\u00e9pos\u00e9s sur&nbsp;la plateforme&nbsp;Interactiv\u2019 Doc, permettront aux lecteurs de consulter \u00e0 tout moment des documents divers&nbsp;(catalogues,&nbsp;fiches techniques, brochures\u2026)&nbsp;toujours \u00e0 jour tant en ligne qu\u2019en mode d\u00e9connect\u00e9.&nbsp;Ces documents consult\u00e9s peuvent comprendre diff\u00e9rents&nbsp;enrichissements&nbsp;(sommaire, signets, liens, vid\u00e9os\u2026)&nbsp;et&nbsp;int\u00e8grent syst\u00e9matiquement un&nbsp;moteur de recherche&nbsp;permettant au lecteur de trouver rapidement [&hellip;]<\/p>\n","protected":false},"author":1,"featured_media":0,"parent":1289,"menu_order":0,"comment_status":"closed","ping_status":"closed","template":"","meta":{"_seopress_robots_primary_cat":"","_seopress_titles_title":"%%post_title%% %%sep%% %%sitetitle%%","_seopress_titles_desc":"","_seopress_robots_index":"","_it_page_product":"ITDoc","_it_call_to_action":["{\"text\":\"Testez gratuitement\",\"url\":\"https:\/\/www.interactiv-technologies.com\/fr\/catalogue-interactif\/formulaire-essai-gratuit-flipbooks\/\"}","{\"text\":\"Demandez une d\u00e9mo\",\"url\":\"https:\/\/www.interactiv-technologies.com\/fr\/catalogue-interactif\/formulaire-demonstration-flipbooks\/\"}","{\"text\":\"Obtenez votre tarif\",\"url\":\"https:\/\/www.interactiv-technologies.com\/fr\/catalogue-interactif\/prix-devis-flipbook\/\"}"],"footnotes":""},"class_list":["post-3140","page","type-page","status-publish","hentry"],"_links":{"self":[{"href":"https:\/\/www.interactiv-technologies.com\/fr\/wp-json\/wp\/v2\/pages\/3140","targetHints":{"allow":["GET"]}}],"collection":[{"href":"https:\/\/www.interactiv-technologies.com\/fr\/wp-json\/wp\/v2\/pages"}],"about":[{"href":"https:\/\/www.interactiv-technologies.com\/fr\/wp-json\/wp\/v2\/types\/page"}],"author":[{"embeddable":true,"href":"https:\/\/www.interactiv-technologies.com\/fr\/wp-json\/wp\/v2\/users\/1"}],"replies":[{"embeddable":true,"href":"https:\/\/www.interactiv-technologies.com\/fr\/wp-json\/wp\/v2\/comments?post=3140"}],"version-history":[{"count":20,"href":"https:\/\/www.interactiv-technologies.com\/fr\/wp-json\/wp\/v2\/pages\/3140\/revisions"}],"predecessor-version":[{"id":7677,"href":"https:\/\/www.interactiv-technologies.com\/fr\/wp-json\/wp\/v2\/pages\/3140\/revisions\/7677"}],"up":[{"embeddable":true,"href":"https:\/\/www.interactiv-technologies.com\/fr\/wp-json\/wp\/v2\/pages\/1289"}],"wp:attachment":[{"href":"https:\/\/www.interactiv-technologies.com\/fr\/wp-json\/wp\/v2\/media?parent=3140"}],"curies":[{"name":"wp","href":"https:\/\/api.w.org\/{rel}","templated":true}]}}