{"id":3126,"date":"2019-02-11T16:44:58","date_gmt":"2019-02-11T15:44:58","guid":{"rendered":"https:\/\/www.interactiv-technologies.com\/prestation-sommaire\/"},"modified":"2024-07-02T15:12:30","modified_gmt":"2024-07-02T13:12:30","slug":"prestation-sommaire","status":"publish","type":"page","link":"https:\/\/www.interactiv-technologies.com\/fr\/prestation-sommaire\/","title":{"rendered":"Prestation Sommaire"},"content":{"rendered":"\n<div class=\"wp-block-group alignfull has-bleu-accent-background-color has-background has-global-padding is-layout-constrained wp-block-group-is-layout-constrained\" style=\"padding-top:var(--wp--preset--spacing--40);padding-bottom:var(--wp--preset--spacing--60)\">\n<div class=\"wp-block-group alignwide has-blanc-color has-text-color has-link-color has-small-font-size wp-elements-c841a1b92e5602c57e0ccc8a7ec884c5 has-global-padding is-layout-constrained wp-block-group-is-layout-constrained\"><div class=\"alignwide wp-block-wpseopress-breadcrumbs\"><nav  aria-label=\"Fil d&#039;Ariane\"><ol class=\"breadcrumb\" itemscope itemtype=\"https:\/\/schema.org\/BreadcrumbList\"><li class=\"breadcrumb-item active\" aria-current=\"page\" itemprop=\"itemListElement\" itemscope itemtype=\"https:\/\/schema.org\/ListItem\"><span itemprop=\"name\">Accueil<\/span><meta itemprop=\"position\" content=\"1\"><\/li><\/ol><\/nav><\/div><\/div>\n\n\n\n<h1 class=\"wp-block-heading has-text-align-center has-blanc-color has-text-color has-link-color wp-elements-b26cccd76c7c6bc299a07170529e7ff0\">Prestations sommaires pour Interactiv\u2019 Doc<\/h1>\n<\/div>\n\n\n\n<div class=\"wp-block-group is-layout-flow wp-block-group-is-layout-flow\">\n<div class=\"wp-block-columns are-vertically-aligned-top is-layout-flex wp-container-core-columns-is-layout-a54e0cfc wp-block-columns-is-layout-flex\" style=\"padding-top:var(--wp--preset--spacing--60);padding-bottom:var(--wp--preset--spacing--60)\">\n<div class=\"wp-block-column is-vertically-aligned-top is-layout-flow wp-block-column-is-layout-flow\" style=\"flex-basis:66.66%\">\n<h2 class=\"wp-block-heading\">PAGES D&rsquo;ACCUEIL<\/h2>\n\n\n\n<p>Choisissez parmi ces diff\u00e9rents mod\u00e8les. Nous les adapterons \u00e0 votre catalogue. (Possibilit\u00e9 de cr\u00e9ation personnalis\u00e9e sur devis).<\/p>\n<\/div>\n\n\n\n<div class=\"wp-block-column is-vertically-aligned-top is-layout-flow wp-block-column-is-layout-flow\" style=\"flex-basis:33%\">\n<figure class=\"wp-block-image\"><img decoding=\"async\" src=\"https:\/\/www.interactiv-technologies.com\/app\/uploads\/STORISTES-1.gif\" alt=\"\" title=\"\"\/><\/figure>\n<\/div>\n<\/div>\n<\/div>\n\n\n\n<div class=\"wp-block-group is-layout-flow wp-block-group-is-layout-flow\">\n<div class=\"wp-block-columns is-layout-flex wp-container-core-columns-is-layout-a54e0cfc wp-block-columns-is-layout-flex\" style=\"padding-top:var(--wp--preset--spacing--60);padding-bottom:var(--wp--preset--spacing--60)\">\n<div class=\"wp-block-column is-layout-flow wp-block-column-is-layout-flow\" style=\"flex-basis:33.333333333333%\">\n<figure class=\"wp-block-image\"><img decoding=\"async\" src=\"https:\/\/www.interactiv-technologies.com\/app\/uploads\/MDC.png\" alt=\"\" title=\"\"\/><\/figure>\n\n\n\n<div class=\"wp-block-buttons is-content-justification-center is-layout-flex wp-container-core-buttons-is-layout-a89b3969 wp-block-buttons-is-layout-flex\">\n<div class=\"wp-block-button is-style-fill\"><a class=\"wp-block-button__link wp-element-button\" href=\"https:\/\/it1v7.interactiv-doc.fr\/html\/la_maison_du_chocolat_pdf_copie_614\/\">Voir l&rsquo;exemple 1 <\/a><\/div>\n<\/div>\n<\/div>\n\n\n\n<div class=\"wp-block-column is-layout-flow wp-block-column-is-layout-flow\" style=\"flex-basis:33.333333333333%\">\n<figure class=\"wp-block-image\"><img decoding=\"async\" src=\"https:\/\/www.interactiv-technologies.com\/app\/uploads\/storistes.png\" alt=\"\" title=\"\"\/><\/figure>\n\n\n\n<div class=\"wp-block-buttons is-content-justification-center is-layout-flex wp-container-core-buttons-is-layout-a89b3969 wp-block-buttons-is-layout-flex\">\n<div class=\"wp-block-button is-style-fill\"><a class=\"wp-block-button__link wp-element-button\" href=\"https:\/\/it1v7.interactiv-doc.fr\/html\/les_storistes_de_france_pdf_copie_614\/\">Voir l&rsquo;exemple 2 <\/a><\/div>\n<\/div>\n<\/div>\n\n\n\n<div class=\"wp-block-column is-layout-flow wp-block-column-is-layout-flow\" style=\"flex-basis:33.333333333333%\">\n<figure class=\"wp-block-image\"><img decoding=\"async\" src=\"https:\/\/www.interactiv-technologies.com\/app\/uploads\/brossette.png\" alt=\"\" title=\"\"\/><\/figure>\n\n\n\n<div class=\"wp-block-buttons is-content-justification-center is-layout-flex wp-container-core-buttons-is-layout-a89b3969 wp-block-buttons-is-layout-flex\">\n<div class=\"wp-block-button is-style-fill\"><a class=\"wp-block-button__link wp-element-button\" href=\"https:\/\/it1v7.interactiv-doc.fr\/html\/brossette_pdf_copie_614\/\">Voir l&rsquo;exemple 3 <\/a><\/div>\n<\/div>\n<\/div>\n<\/div>\n<\/div>\n\n\n\n<div class=\"wp-block-buttons is-content-justification-right is-layout-flex wp-container-core-buttons-is-layout-d445cf74 wp-block-buttons-is-layout-flex\">\n<div class=\"wp-block-button is-style-outline is-style-outline--1\"><a class=\"wp-block-button__link wp-element-button\" href=\"https:\/\/www.interactiv-technologies.com\/fr\/modeles-de-page-sommaire\/\">Plus de mod\u00e8les <\/a><\/div>\n<\/div>\n\n\n\n<hr class=\"wp-block-separator has-alpha-channel-opacity\"\/>\n\n\n\n<div class=\"wp-block-group is-layout-flow wp-block-group-is-layout-flow\">\n<div class=\"wp-block-columns are-vertically-aligned-top is-layout-flex wp-container-core-columns-is-layout-a54e0cfc wp-block-columns-is-layout-flex\" style=\"padding-top:var(--wp--preset--spacing--60);padding-bottom:var(--wp--preset--spacing--60)\">\n<div class=\"wp-block-column is-vertically-aligned-top is-layout-flow wp-block-column-is-layout-flow\" style=\"flex-basis:33%\">\n<figure class=\"wp-block-image\"><img decoding=\"async\" src=\"https:\/\/www.interactiv-technologies.com\/app\/uploads\/MACPNG-Picture-1.gif\" alt=\"\" title=\"\"\/><\/figure>\n<\/div>\n\n\n\n<div class=\"wp-block-column is-vertically-aligned-top is-layout-flow wp-block-column-is-layout-flow\" style=\"flex-basis:66.66%\">\n<h2 class=\"wp-block-heading\">OPTION ANIMATION<\/h2>\n\n\n\n<p>Choisissez parmi ces diff\u00e9rents mod\u00e8les. Nous y int\u00e9grerons votre logo.<\/p>\n<\/div>\n<\/div>\n<\/div>\n\n\n\n<div class=\"wp-block-group is-layout-flow wp-block-group-is-layout-flow\">\n<div class=\"wp-block-columns is-layout-flex wp-container-core-columns-is-layout-a54e0cfc wp-block-columns-is-layout-flex\" style=\"padding-top:var(--wp--preset--spacing--60);padding-bottom:var(--wp--preset--spacing--60)\">\n<div class=\"wp-block-column is-layout-flow wp-block-column-is-layout-flow\" style=\"flex-basis:33.333333333333%\">\n<figure class=\"wp-block-image\"><img decoding=\"async\" src=\"https:\/\/www.interactiv-technologies.com\/app\/uploads\/Animation-1.png\" alt=\"\" title=\"\"\/><\/figure>\n\n\n\n<div class=\"wp-block-buttons is-content-justification-center is-layout-flex wp-container-core-buttons-is-layout-a89b3969 wp-block-buttons-is-layout-flex\">\n<div class=\"wp-block-button is-style-fill\"><a class=\"wp-block-button__link wp-element-button\" href=\"http:\/\/it4resources.interactiv-doc.fr\/specClient\/animation\/sommaire\/Animation_1\/Animation_1.html\">Voir l&rsquo;animation 1 <\/a><\/div>\n<\/div>\n<\/div>\n\n\n\n<div class=\"wp-block-column is-layout-flow wp-block-column-is-layout-flow\" style=\"flex-basis:33.333333333333%\">\n<figure class=\"wp-block-image\"><img decoding=\"async\" src=\"https:\/\/www.interactiv-technologies.com\/app\/uploads\/Animation-2.png\" alt=\"\" title=\"\"\/><\/figure>\n\n\n\n<div class=\"wp-block-buttons is-content-justification-center is-layout-flex wp-container-core-buttons-is-layout-a89b3969 wp-block-buttons-is-layout-flex\">\n<div class=\"wp-block-button is-style-fill\"><a class=\"wp-block-button__link wp-element-button\" href=\"http:\/\/it4resources.interactiv-doc.fr\/specClient\/animation\/sommaire\/Animation_2\/Animation_2.html\">Voir l&rsquo;animation 2 <\/a><\/div>\n<\/div>\n<\/div>\n\n\n\n<div class=\"wp-block-column is-layout-flow wp-block-column-is-layout-flow\" style=\"flex-basis:33.333333333333%\">\n<figure class=\"wp-block-image\"><img decoding=\"async\" src=\"https:\/\/www.interactiv-technologies.com\/app\/uploads\/Animation-3.png\" alt=\"\" title=\"\"\/><\/figure>\n\n\n\n<div class=\"wp-block-buttons is-content-justification-center is-layout-flex wp-container-core-buttons-is-layout-a89b3969 wp-block-buttons-is-layout-flex\">\n<div class=\"wp-block-button is-style-fill\"><a class=\"wp-block-button__link wp-element-button\" href=\"http:\/\/it4resources.interactiv-doc.fr\/specClient\/animation\/sommaire\/Animation_3\/Animation_3.html\">Voir l&rsquo;animation 3 <\/a><\/div>\n<\/div>\n<\/div>\n<\/div>\n<\/div>\n\n\n\n<div class=\"wp-block-buttons is-content-justification-right is-layout-flex wp-container-core-buttons-is-layout-d445cf74 wp-block-buttons-is-layout-flex\">\n<div class=\"wp-block-button is-style-outline is-style-outline--2\"><a class=\"wp-block-button__link wp-element-button\" href=\"https:\/\/www.interactiv-technologies.com\/fr\/modeles-page-sommaire-animation\/\">Plus de mod\u00e8les<\/a><\/div>\n<\/div>\n","protected":false},"excerpt":{"rendered":"<p>Prestations sommaires pour Interactiv\u2019 Doc PAGES D&rsquo;ACCUEIL Choisissez parmi ces diff\u00e9rents mod\u00e8les. Nous les adapterons \u00e0 votre catalogue. (Possibilit\u00e9 de cr\u00e9ation personnalis\u00e9e sur devis). OPTION ANIMATION Choisissez parmi ces diff\u00e9rents mod\u00e8les. Nous y int\u00e9grerons votre logo.<\/p>\n","protected":false},"author":1,"featured_media":0,"parent":0,"menu_order":0,"comment_status":"closed","ping_status":"closed","template":"","meta":{"_seopress_robots_primary_cat":"","_seopress_titles_title":"%%post_title%% %%sep%% %%sitetitle%%","_seopress_titles_desc":"","_seopress_robots_index":"","_it_page_product":"Divers","_it_call_to_action":["{\"text\":\"\",\"url\":\"\"}","{\"text\":\"\",\"url\":\"\"}","{\"text\":\"\",\"url\":\"\"}","{\"text\":\"\",\"url\":\"\"}"],"footnotes":""},"class_list":["post-3126","page","type-page","status-publish","hentry"],"_links":{"self":[{"href":"https:\/\/www.interactiv-technologies.com\/fr\/wp-json\/wp\/v2\/pages\/3126","targetHints":{"allow":["GET"]}}],"collection":[{"href":"https:\/\/www.interactiv-technologies.com\/fr\/wp-json\/wp\/v2\/pages"}],"about":[{"href":"https:\/\/www.interactiv-technologies.com\/fr\/wp-json\/wp\/v2\/types\/page"}],"author":[{"embeddable":true,"href":"https:\/\/www.interactiv-technologies.com\/fr\/wp-json\/wp\/v2\/users\/1"}],"replies":[{"embeddable":true,"href":"https:\/\/www.interactiv-technologies.com\/fr\/wp-json\/wp\/v2\/comments?post=3126"}],"version-history":[{"count":19,"href":"https:\/\/www.interactiv-technologies.com\/fr\/wp-json\/wp\/v2\/pages\/3126\/revisions"}],"predecessor-version":[{"id":7161,"href":"https:\/\/www.interactiv-technologies.com\/fr\/wp-json\/wp\/v2\/pages\/3126\/revisions\/7161"}],"wp:attachment":[{"href":"https:\/\/www.interactiv-technologies.com\/fr\/wp-json\/wp\/v2\/media?parent=3126"}],"curies":[{"name":"wp","href":"https:\/\/api.w.org\/{rel}","templated":true}]}}