{"id":2081,"date":"2024-02-06T15:36:44","date_gmt":"2024-02-06T14:36:44","guid":{"rendered":"https:\/\/www.interactiv-technologies.com\/?page_id=2081"},"modified":"2026-04-14T12:27:24","modified_gmt":"2026-04-14T10:27:24","slug":"publier-un-catalogue-sur-google","status":"publish","type":"page","link":"https:\/\/www.interactiv-technologies.com\/fr\/catalogue-interactif\/publier-catalogue-google\/","title":{"rendered":"Publier un catalogue sur Google"},"content":{"rendered":"\n<div class=\"wp-block-group alignfull has-vert-accent-background-color has-background has-global-padding is-layout-constrained wp-block-group-is-layout-constrained\" style=\"padding-top:var(--wp--preset--spacing--40);padding-bottom:var(--wp--preset--spacing--60)\">\n<div class=\"wp-block-group alignwide has-blanc-color has-text-color has-link-color has-small-font-size wp-elements-bf8c93ea3ef9660c3f317439d4e72dba has-global-padding is-layout-constrained wp-block-group-is-layout-constrained\"><div class=\"alignwide wp-block-wpseopress-breadcrumbs\"><nav  aria-label=\"Fil d&#039;Ariane\"><ol class=\"breadcrumb\" itemscope itemtype=\"https:\/\/schema.org\/BreadcrumbList\"><li class=\"breadcrumb-item active\" aria-current=\"page\" itemprop=\"itemListElement\" itemscope itemtype=\"https:\/\/schema.org\/ListItem\"><span itemprop=\"name\">Accueil<\/span><meta itemprop=\"position\" content=\"1\"><\/li><\/ol><\/nav><\/div><\/div>\n\n\n\n<h1 class=\"wp-block-heading has-text-align-center has-blanc-color has-text-color has-link-color wp-elements-9ae1df771a888300a9c4660827feb58e\">Publier un catalogue sur Google <br>et am\u00e9liorer son r\u00e9f\u00e9rencement SEO<\/h1>\n<\/div>\n\n\n\n<section class=\"wp-block-group has-blanc-background-color has-background has-global-padding is-layout-constrained wp-block-group-is-layout-constrained\" style=\"padding-top:var(--wp--preset--spacing--60);padding-bottom:var(--wp--preset--spacing--60)\">\n<div class=\"wp-block-media-text has-media-on-the-right is-stacked-on-mobile\" style=\"grid-template-columns:auto 33%\"><div class=\"wp-block-media-text__content\">\n<h2 class=\"wp-block-heading\">R\u00e9f\u00e9rencer son PDF interactif sur Google<\/h2>\n\n\n\n<p>Interactiv\u2019 Technologies a con\u00e7u un algorithme unique appel\u00e9&nbsp;<strong>RNA (<em>R\u00e9f\u00e9rencement Naturel Automatis\u00e9)<\/em><\/strong>, int\u00e9gr\u00e9 \u00e0 notre solution de cr\u00e9ation de catalogue interactif et&nbsp;<strong>flipbook en ligne<\/strong>,&nbsp;qui permet de&nbsp;<strong>publier et r\u00e9f\u00e9rencer le contenu de vos catalogues&nbsp;<u><strong>page par page<\/strong><\/u>&nbsp;sur Google<\/strong>&nbsp;et les autres moteurs de recherche (comme Bing).<\/p>\n\n\n\n<p>Chaque page de votre<strong> catalogue<\/strong> <strong>en ligne<\/strong>&nbsp;devient une vraie page de site internet \u00e0 part enti\u00e8re, avec ses balises, son contenu et son arborescence. En fonction des recherches des internautes, ceux-ci sont&nbsp;<strong>redirig\u00e9s vers la page de votre catalogue qui r\u00e9pond le mieux \u00e0 leur demande<\/strong>. Cela permet d\u2019\u00eatre mieux r\u00e9f\u00e9renc\u00e9, plus visible, et donc de g\u00e9n\u00e9rer davantage d\u2019affaires.<\/p>\n\n\n\n<p><a href=\"https:\/\/www.interactiv-technologies.com\/fr\/catalogue-interactif\/\" target=\"_blank\" rel=\"noreferrer noopener\">Interactiv\u2019 Doc<\/a>&nbsp;est<strong>&nbsp;le seul \u00ab feuilleteur \u00bb&nbsp;du march\u00e9<\/strong>&nbsp;qui offre une visibilit\u00e9 sur Google<strong>&nbsp;\u00e0 chacune de vos r\u00e9f\u00e9rences pr\u00e9sent\u00e9es dans votre catalogue<\/strong>. Ce r\u00e9f\u00e9rencement SEO vous permet d\u2019augmenter votre trafic sur votre catalogue en ligne, sur votre site internet et ainsi de booster potentiellement vos demandes de contacts sans efforts !<\/p>\n<\/div><figure class=\"wp-block-media-text__media\"><img loading=\"lazy\" decoding=\"async\" width=\"800\" height=\"450\" src=\"https:\/\/www.interactiv-technologies.com\/app\/uploads\/2026\/04\/GIF-Comatec-DOC.gif\" alt=\"GIF montrant le catalogue interactif de Comatec sur un \u00e9cran d'ordinateur\" class=\"wp-image-16331 size-full\"\/><\/figure><\/div>\n<\/section>\n\n\n\n<section class=\"wp-block-group has-blanc-background-color has-background has-global-padding is-layout-constrained wp-block-group-is-layout-constrained\" style=\"padding-top:var(--wp--preset--spacing--60);padding-bottom:var(--wp--preset--spacing--60)\">\n<div class=\"wp-block-media-text is-stacked-on-mobile\" style=\"grid-template-columns:33% auto\"><figure class=\"wp-block-media-text__media\"><img loading=\"lazy\" decoding=\"async\" width=\"1024\" height=\"576\" src=\"https:\/\/www.interactiv-technologies.com\/app\/uploads\/2026\/04\/Visuels-Flat-Design-DOC-2026-2-1024x576.jpg\" alt=\"Ecran d'ordinateur portable avec un catalogue interactif ouvert sur un onglet Google\" class=\"wp-image-16482 size-full\" srcset=\"https:\/\/www.interactiv-technologies.com\/app\/uploads\/2026\/04\/Visuels-Flat-Design-DOC-2026-2-1024x576.jpg 1024w, https:\/\/www.interactiv-technologies.com\/app\/uploads\/2026\/04\/Visuels-Flat-Design-DOC-2026-2-300x169.jpg 300w, https:\/\/www.interactiv-technologies.com\/app\/uploads\/2026\/04\/Visuels-Flat-Design-DOC-2026-2-768x432.jpg 768w, https:\/\/www.interactiv-technologies.com\/app\/uploads\/2026\/04\/Visuels-Flat-Design-DOC-2026-2-1536x864.jpg 1536w, https:\/\/www.interactiv-technologies.com\/app\/uploads\/2026\/04\/Visuels-Flat-Design-DOC-2026-2.jpg 1920w\" sizes=\"auto, (max-width: 1024px) 100vw, 1024px\" \/><\/figure><div class=\"wp-block-media-text__content\">\n<h2 class=\"wp-block-heading\">Un catalogue innovant \u00e0 publier sur Google<\/h2>\n\n\n\n<p>En t\u00e9l\u00e9chargeant votre catalogue au format PDF sur Interactiv\u2019 Doc, vous dynamisez votre support pour profiter des opportunit\u00e9s du Web 2.0 :<\/p>\n\n\n\n<ul class=\"wp-block-list\">\n<li>Il devient&nbsp;<strong>parfaitement lisible sur mobiles et tablettes<\/strong>.<\/li>\n\n\n\n<li>Il peut comporter des&nbsp;<strong>vid\u00e9os<\/strong>, des&nbsp;<strong>animations<\/strong>, un&nbsp;<strong>sommaire<\/strong>, des&nbsp;<strong>signets<\/strong>, etc.<\/li>\n\n\n\n<li>Il propose des fonctionnalit\u00e9s d\u2019<strong>achat en ligne directement depuis le catalogue<\/strong>.<\/li>\n\n\n\n<li>Il peut \u00eatre&nbsp;<strong>traduit facilement en plusieurs langues<\/strong>.<\/li>\n\n\n\n<li>Il&nbsp;<strong>collecte des adresses mails et des donn\u00e9es prospects<\/strong>&nbsp;utiles en prospection commerciale.<\/li>\n\n\n\n<li>Il&nbsp;<strong>analyse le comportement des internautes<\/strong>&nbsp;afin de vous permettre de mieux appr\u00e9hender leurs attentes.<\/li>\n\n\n\n<li>Et bien d\u2019autres fonctionnalit\u00e9s !<\/li>\n<\/ul>\n\n\n\n<div class=\"wp-block-buttons is-layout-flex wp-block-buttons-is-layout-flex\">\n<div class=\"wp-block-button\"><a class=\"wp-block-button__link wp-element-button\" href=\"#cr\u00e9ez-votre-flipbook\">Importez votre PDF ici<\/a><\/div>\n<\/div>\n<\/div><\/div>\n<\/section>\n\n\n\n<section class=\"wp-block-group has-blanc-background-color has-background has-global-padding is-layout-constrained wp-block-group-is-layout-constrained\" style=\"padding-top:var(--wp--preset--spacing--60);padding-bottom:var(--wp--preset--spacing--60)\">\n<div class=\"wp-block-media-text has-media-on-the-right is-stacked-on-mobile\" style=\"grid-template-columns:auto 32%\"><div class=\"wp-block-media-text__content\">\n<h2 class=\"wp-block-heading\">Plus de 1 000 clients nous font confiance<\/h2>\n\n\n\n<p>Notre pari est de&nbsp;<strong>rendre nos clients autonomes<\/strong>&nbsp;dans la cr\u00e9ation de leur catalogue interactif et son r\u00e9f\u00e9rencement. Et \u00e7a marche : plus de 1000 grosses entreprises, des PME et TPE nous font confiance,&nbsp;<strong>depuis 2008<\/strong>&nbsp;! Nous sommes ainsi un acteur historique du <strong>flipbook en ligne<\/strong>, en France.<\/p>\n\n\n\n<p>Notre logiciel enti\u00e8rement en ligne propose<strong>&nbsp;plus de 500 fonctionnalit\u00e9s<\/strong>&nbsp;et nous d\u00e9veloppons sur demande des fonctionnalit\u00e9s sur mesure pour r\u00e9pondre aux besoins les plus pointus.<\/p>\n\n\n\n<p>En tant qu\u2019\u00e9diteur de logiciels, nous d\u00e9veloppons nos propres solutions et avons \u00e0 c\u0153ur d\u2019int\u00e9grer les<strong>&nbsp;derni\u00e8res technologies de pointe \u00e0 nos catalogues interactifs \/ flipbooks en ligne<\/strong>. Pour vous conseiller et vous assister, notre \u00e9quipe dynamique bas\u00e9e \u00e0 Lyon assure un support par t\u00e9l\u00e9phone tous les jours ouvr\u00e9s de 9h \u00e0 18h.<\/p>\n\n\n\n<p>Pour&nbsp;mettre en ligne votre fichier PDF sur Google d\u00e8s maintenant, il suffit de remplir&nbsp;<a href=\"https:\/\/www.interactiv-technologies.com\/fr\/catalogue-interactif\/publier-catalogue-google\/#formulaire\">ce formulaire<\/a>.<\/p>\n\n\n\n<div class=\"wp-block-buttons is-layout-flex wp-block-buttons-is-layout-flex\">\n<div class=\"wp-block-button\"><a class=\"wp-block-button__link wp-element-button\" href=\"#cr\u00e9ez-votre-flipbook\">Testez gratuitement<\/a><\/div>\n<\/div>\n<\/div><figure class=\"wp-block-media-text__media\"><img loading=\"lazy\" decoding=\"async\" width=\"1024\" height=\"576\" src=\"https:\/\/www.interactiv-technologies.com\/app\/uploads\/2026\/04\/Visuels-Flat-Design-DOC-2026-2.0-3-1024x576.jpg\" alt=\"Carte du monde avec des exemples de clients d'Interactiv' Technologies\" class=\"wp-image-16341 size-full\" srcset=\"https:\/\/www.interactiv-technologies.com\/app\/uploads\/2026\/04\/Visuels-Flat-Design-DOC-2026-2.0-3-1024x576.jpg 1024w, https:\/\/www.interactiv-technologies.com\/app\/uploads\/2026\/04\/Visuels-Flat-Design-DOC-2026-2.0-3-300x169.jpg 300w, https:\/\/www.interactiv-technologies.com\/app\/uploads\/2026\/04\/Visuels-Flat-Design-DOC-2026-2.0-3-768x432.jpg 768w, https:\/\/www.interactiv-technologies.com\/app\/uploads\/2026\/04\/Visuels-Flat-Design-DOC-2026-2.0-3-1536x864.jpg 1536w, https:\/\/www.interactiv-technologies.com\/app\/uploads\/2026\/04\/Visuels-Flat-Design-DOC-2026-2.0-3.jpg 1920w\" sizes=\"auto, (max-width: 1024px) 100vw, 1024px\" \/><\/figure><\/div>\n<\/section>\n\n\n\n<hr class=\"wp-block-separator has-alpha-channel-opacity\"\/>\n\n\n\n<section class=\"wp-block-group has-global-padding is-layout-constrained wp-block-group-is-layout-constrained\">\n<h2 class=\"wp-block-heading has-text-align-center is-style-vert-accent\" id=\"cr\u00e9ez-votre-flipbook\">Cr\u00e9ez votre flipbook interactif en ligne \u00e0 partir de votre propre PDF<\/h2>\n\n\n\n<div class=\"wp-block-columns is-layout-flex wp-container-core-columns-is-layout-28f84493 wp-block-columns-is-layout-flex\">\n<div class=\"wp-block-column is-vertically-aligned-center is-layout-flow wp-block-column-is-layout-flow\">\n<figure class=\"wp-block-image size-full is-resized\"><img loading=\"lazy\" decoding=\"async\" width=\"1920\" height=\"1080\" src=\"https:\/\/www.interactiv-technologies.com\/app\/uploads\/2017\/03\/Visuels-Flat-Design-DOC-2026-2.0-8.jpg\" alt=\"Transformation d'un simple fichier PDF en un catalogue interactif automatis\u00e9\" class=\"wp-image-16357\" style=\"width:538px;height:auto\" srcset=\"https:\/\/www.interactiv-technologies.com\/app\/uploads\/2017\/03\/Visuels-Flat-Design-DOC-2026-2.0-8.jpg 1920w, https:\/\/www.interactiv-technologies.com\/app\/uploads\/2017\/03\/Visuels-Flat-Design-DOC-2026-2.0-8-300x169.jpg 300w, https:\/\/www.interactiv-technologies.com\/app\/uploads\/2017\/03\/Visuels-Flat-Design-DOC-2026-2.0-8-1024x576.jpg 1024w, https:\/\/www.interactiv-technologies.com\/app\/uploads\/2017\/03\/Visuels-Flat-Design-DOC-2026-2.0-8-768x432.jpg 768w, https:\/\/www.interactiv-technologies.com\/app\/uploads\/2017\/03\/Visuels-Flat-Design-DOC-2026-2.0-8-1536x864.jpg 1536w\" sizes=\"auto, (max-width: 1920px) 100vw, 1920px\" \/><\/figure>\n<\/div>\n\n\n\n<div class=\"wp-block-column is-vertically-aligned-center is-layout-flow wp-block-column-is-layout-flow\">\n<div class=\"wp-block-group has-global-padding is-layout-constrained wp-block-group-is-layout-constrained\">\n<form class=\"wp-block-interactiv-technologies-it-form needs-validation it-pattern-form-simple it-pattern-form-simple--file it-pattern-card\" novalidate action=\"\" method=\"post\" enctype=\"multipart\/form-data\"><div class=\"it-form-ribbon\">D\u00e9di\u00e9 aux professionnels<\/div>\n<p class=\"it-form-title\">Testez gratuitement<\/p>\n\n\n\n<div class=\"wp-block-group has-global-padding is-layout-constrained wp-container-core-group-is-layout-7bc66994 wp-block-group-is-layout-constrained\">\n<div class=\"wp-block-interactiv-technologies-it-field it-form-field it-form-field-status it-form-field--required it-form-field--is-floating form-floating is-style-floating\" data-field-name=\"status\" data-field-type=\"status\" data-field-label=\"Vous \u00eates\" data-field-required=\"true\"><select id=\"it_form_status\" class=\"it-form-field-control form-select\" name=\"status\" required><option value=\"\" disabled selected>S\u00e9lectionner un statut<\/option><option value=\"company\">Une soci\u00e9t\u00e9<\/option><option value=\"agency\">Une agence<\/option><option value=\"freelance\">Un(e) freelance<\/option><option value=\"association\">Une association<\/option><option value=\"individual\">Un particulier<\/option><\/select><label class=\"it-form-field-label\" for=\"it_form_status\">Vous \u00eates<\/label><div class=\"invalid-feedback\"><\/div><\/div>\n\n\n\n<div class=\"wp-block-interactiv-technologies-it-field it-form-field it-form-field-text it-form-field--is-floating form-floating is-style-floating\" data-field-name=\"society\" data-field-type=\"text\" data-field-label=\"Soci\u00e9t\u00e9\" data-field-required=\"false\"><input id=\"it_form_society\" class=\"it-form-field-control form-control\" type=\"text\" name=\"society\" placeholder=\"Soci\u00e9t\u00e9\"\/><label class=\"it-form-field-label\" for=\"it_form_society\">Soci\u00e9t\u00e9<\/label><div class=\"invalid-feedback\"><\/div><\/div>\n\n\n\n<div class=\"wp-block-interactiv-technologies-it-field it-form-field it-form-field-text it-form-field--required it-form-field--is-floating form-floating is-style-floating\" data-field-name=\"identity\" data-field-type=\"text\" data-field-label=\"Nom Pr\u00e9nom\" data-field-required=\"true\"><input id=\"it_form_identity\" class=\"it-form-field-control form-control\" type=\"text\" name=\"identity\" placeholder=\"Nom Pr\u00e9nom\" required\/><label class=\"it-form-field-label\" for=\"it_form_identity\">Nom Pr\u00e9nom<\/label><div class=\"invalid-feedback\"><\/div><\/div>\n\n\n\n<div class=\"wp-block-interactiv-technologies-it-field it-form-field it-form-field-email it-form-field--required it-form-field--is-floating form-floating is-style-floating\" data-field-name=\"mail\" data-field-type=\"email\" data-field-label=\"E-mail\" data-field-required=\"true\"><input id=\"it_form_mail\" class=\"it-form-field-control form-control\" type=\"email\" name=\"mail\" placeholder=\"\" required\/><label class=\"it-form-field-label\" for=\"it_form_mail\">E-mail<\/label><div class=\"invalid-feedback\"><\/div><\/div>\n\n\n\n<div class=\"wp-block-interactiv-technologies-it-field it-form-field it-form-field-text it-form-field--required it-form-field--is-floating form-floating is-style-floating\" data-field-name=\"phone\" data-field-type=\"text\" data-field-label=\"T\u00e9l\u00e9phone\" data-field-required=\"true\"><input id=\"it_form_phone\" class=\"it-form-field-control form-control\" type=\"text\" name=\"phone\" placeholder=\"T\u00e9l\u00e9phone\" required\/><label class=\"it-form-field-label\" for=\"it_form_phone\">T\u00e9l\u00e9phone<\/label><div class=\"invalid-feedback\"><\/div><\/div>\n\n\n\n<div class=\"wp-block-interactiv-technologies-it-field it-form-field it-form-field-file it-form-field--is-stacked is-style-stacked\" data-field-name=\"pdf\" data-field-type=\"file\" data-field-label=\"Chargez votre fichier (facultatif)\" data-field-required=\"false\" style=\"margin-top:var(--wp--preset--spacing--40)\"><input type=\"hidden\" class=\"it-form-field-control-accept\" name=\"pdf_accept\" value=\"\"\/><input id=\"it_form_pdf\" class=\"it-form-field-control form-control\" type=\"file\" name=\"pdf\" accept=\"\"\/><label class=\"it-form-field-label\" for=\"it_form_pdf\">Chargez votre fichier (facultatif)<\/label><div class=\"invalid-feedback\"><\/div><\/div>\n\n\n\n<div class=\"wp-block-interactiv-technologies-it-field it-form-field it-form-field-consent it-form-field--consent form-check it-form-field--required\" data-field-name=\"consent\" data-field-type=\"consent\" data-field-label=\"\" data-field-required=\"true\" style=\"margin-top:var(--wp--preset--spacing--30)\"><input id=\"it_form_consent\" class=\"it-form-field-control form-check-input\" type=\"checkbox\" name=\"consent\" value=\"ok\" required\/><label class=\"it-form-field-inputs-label form-check-label\" for=\"it_form_consent\">En soumettant ce formulaire, j\u2019accepte que les informations saisies soient exploit\u00e9es dans le cadre de la demande de d\u00e9monstration et la relation commerciale qui peut en d\u00e9couler.<br \/>\r\nPour connaitre et exercer vos droits, veuillez consulter notre <a href=\"https:\/\/www.interactiv-technologies.com\/fr\/politique-de-confidentialite-relative-aux-donnees-personnelles\/\">politique de confidentialit\u00e9<\/a>.<\/label><div class=\"invalid-feedback\"><\/div><\/div>\n<\/div>\n<div class=\"wp-block-interactiv-technologies-it-field it-form-field it-form-field-email it-form-field--is-floating form-floating is-style-floating hasNoName\" data-field-name=\"mail_double_check\" data-field-type=\"email\" data-field-label=\"Enter email again\" data-field-required=\"false\"><input class=\"it-form-field-control form-control\" type=\"email\" name=\"mail_double_check\" id=\"it_form_mail_double_check\" placeholder=\"Enter email again\"\/><label class=\"it-form-field-label\" for=\"it_form_mail_double_check\">Enter email again<\/label><div class=\"invalid-feedback\"><\/div><\/div><input type=\"hidden\" name=\"name\" value=\"Testez gratuitement\"\/><input type=\"hidden\" name=\"product\" value=\"itdoc\"\/><input type=\"hidden\" name=\"tpl\" value=\"2711\"\/><input type=\"hidden\" name=\"landing\" value=\"950\"\/><button class=\"btn-form-submit it-form-submit-btn\" type=\"submit\">Je valide<\/button><input type=\"hidden\" id=\"_wpnonce\" name=\"_wpnonce\" value=\"cd8dd10aa7\" \/><input type=\"hidden\" name=\"_wp_http_referer\" value=\"\/fr\/wp-json\/wp\/v2\/pages\/2081\" \/><\/form>\n<\/div>\n<\/div>\n<\/div>\n<\/section>\n\n\n\n<hr class=\"wp-block-separator has-alpha-channel-opacity\"\/>\n\n\n\n<section class=\"wp-block-group alignfull has-gris-clair-background-color has-background has-global-padding is-layout-constrained wp-container-core-group-is-layout-b42db63c wp-block-group-is-layout-constrained\" style=\"margin-top:0;margin-bottom:0;padding-top:var(--wp--preset--spacing--80);padding-right:var(--wp--preset--spacing--50);padding-bottom:var(--wp--preset--spacing--80);padding-left:var(--wp--preset--spacing--50)\">\n<h2 class=\"wp-block-heading has-text-align-center is-style-vert-accent\" style=\"margin-top:0;margin-bottom:var(--wp--preset--spacing--80)\">Retrouvez nos exemples de supports \u00e0 publier sur Google<\/h2>\n\n\n\n<div class=\"wp-block-group alignwide has-global-padding is-layout-constrained wp-container-core-group-is-layout-c5bbea69 wp-block-group-is-layout-constrained\">\n<div class=\"wp-block-columns alignwide is-layout-flex wp-container-core-columns-is-layout-f5a44f5b wp-block-columns-is-layout-flex\">\n<div class=\"wp-block-column is-vertically-aligned-stretch is-layout-flow wp-block-column-is-layout-flow\" style=\"flex-basis:33.34%\">\n<aside class=\"wp-block-group it-pattern-card has-blanc-background-color has-background wp-container-content-9cfa9a5a has-global-padding is-layout-constrained wp-block-group-is-layout-constrained\" style=\"min-height:100%\">\n<h2 class=\"wp-block-heading has-text-align-center is-style-vert-accent\">Brochures interactives <br>en ligne<\/h2>\n\n\n\n<p class=\"has-text-align-center\">Transformez votre&nbsp;<strong>brochure commerciale<\/strong>&nbsp;ou flyer au format PDF en&nbsp;<strong>brochure interactive en ligne<\/strong>&nbsp;pour renforcer le nombre de mises en relations avec votre entreprise. Collectez facilement des e-mails de prospects.<\/p>\n\n\n\n<div class=\"wp-block-buttons is-content-justification-center is-layout-flex wp-container-core-buttons-is-layout-a89b3969 wp-block-buttons-is-layout-flex\">\n<div class=\"wp-block-button\"><a class=\"wp-block-button__link wp-element-button\" href=\"https:\/\/www.interactiv-technologies.com\/fr\/convertir-pdf-brochure-interactive\/\" target=\"_blank\" rel=\"noreferrer noopener\">Cr\u00e9er une brochure interactive<\/a><\/div>\n<\/div>\n<\/aside>\n<\/div>\n\n\n\n<div class=\"wp-block-column is-vertically-aligned-stretch is-layout-flow wp-block-column-is-layout-flow\" style=\"flex-basis:33.34%\">\n<aside class=\"wp-block-group it-pattern-card has-blanc-background-color has-background wp-container-content-9cfa9a5a has-global-padding is-layout-constrained wp-block-group-is-layout-constrained\" style=\"min-height:100%\">\n<h2 class=\"wp-block-heading has-text-align-center is-style-vert-accent\">Catalogue virtuel interactif<\/h2>\n\n\n\n<p class=\"has-text-align-center\" style=\"padding-right:var(--wp--preset--spacing--30);padding-left:var(--wp--preset--spacing--30)\">Dynamisez un catalogue au format PDF en ajoutant un sommaire, des&nbsp;<strong>zones cliquables<\/strong>, ou m\u00eame&nbsp;<strong>un panier e-commerce<\/strong>&nbsp;pour permette d\u2019acheter directement vos produits. G\u00e9n\u00e9rez du chiffre d\u2019affaires additionnel facilement !<\/p>\n\n\n\n<div class=\"wp-block-buttons is-content-justification-center is-layout-flex wp-container-core-buttons-is-layout-a89b3969 wp-block-buttons-is-layout-flex\">\n<div class=\"wp-block-button\"><a class=\"wp-block-button__link wp-element-button\" href=\"https:\/\/www.interactiv-technologies.com\/fr\/catalogue-virtuel-interactif\/\" target=\"_blank\" rel=\"noreferrer noopener\">Cr\u00e9er un catalogue virtuel<\/a><\/div>\n<\/div>\n<\/aside>\n<\/div>\n\n\n\n<div class=\"wp-block-column is-vertically-aligned-stretch is-layout-flow wp-block-column-is-layout-flow\" style=\"flex-basis:33.33%\">\n<aside class=\"wp-block-group it-pattern-card has-blanc-background-color has-background wp-container-content-9cfa9a5a has-global-padding is-layout-constrained wp-block-group-is-layout-constrained\" style=\"min-height:100%\">\n<h2 class=\"wp-block-heading has-text-align-center is-style-vert-accent\">Document virtuel interactif<\/h2>\n\n\n\n<p class=\"has-text-align-center\">Passez du PDF statique au&nbsp;<strong>document interactif anim\u00e9<\/strong>, avec des vid\u00e9os, des zones cliquables, etc. Proposez un moteur de recherche performant, analysez les recherches et adaptez votre strat\u00e9gie digitale !<\/p>\n\n\n\n<div class=\"wp-block-buttons is-content-justification-center is-layout-flex wp-container-core-buttons-is-layout-a89b3969 wp-block-buttons-is-layout-flex\">\n<div class=\"wp-block-button\"><a class=\"wp-block-button__link wp-element-button\" href=\"https:\/\/www.interactiv-technologies.com\/fr\/creer-document-interactif\/\" target=\"_blank\" rel=\"noreferrer noopener\">Cr\u00e9er un document interactif<\/a><\/div>\n<\/div>\n<\/aside>\n<\/div>\n<\/div>\n<\/div>\n<\/section>\n","protected":false},"excerpt":{"rendered":"<p>Publier un catalogue sur Google et am\u00e9liorer son r\u00e9f\u00e9rencement SEO R\u00e9f\u00e9rencer son PDF interactif sur Google Interactiv\u2019 Technologies a con\u00e7u un algorithme unique appel\u00e9&nbsp;RNA (R\u00e9f\u00e9rencement Naturel Automatis\u00e9), int\u00e9gr\u00e9 \u00e0 notre solution de cr\u00e9ation de catalogue interactif et&nbsp;flipbook en ligne,&nbsp;qui permet de&nbsp;publier et r\u00e9f\u00e9rencer le contenu de vos catalogues&nbsp;page par page&nbsp;sur Google&nbsp;et les autres moteurs de [&hellip;]<\/p>\n","protected":false},"author":2,"featured_media":0,"parent":1289,"menu_order":0,"comment_status":"closed","ping_status":"closed","template":"","meta":{"_seopress_robots_primary_cat":"","_seopress_titles_title":"%%post_title%%","_seopress_titles_desc":"Publiez et r\u00e9f\u00e9rencez votre catalogue PDF sur Google. Avantages du flipbook interactif pour la visibilit\u00e9 SEO, trafic qualifi\u00e9 et g\u00e9n\u00e9ration de leads.","_seopress_robots_index":"","_it_page_product":"ITDoc","_it_call_to_action":["{\"text\":\"Testez gratuitement\",\"url\":\"https:\/\/www.interactiv-technologies.com\/fr\/catalogue-interactif\/formulaire-essai-gratuit-flipbooks\/\"}","{\"text\":\"Demandez une d\u00e9mo\",\"url\":\"https:\/\/www.interactiv-technologies.com\/fr\/catalogue-interactif\/formulaire-demonstration-flipbooks\/\"}","{\"text\":\"Obtenez votre tarif\",\"url\":\"https:\/\/www.interactiv-technologies.com\/fr\/catalogue-interactif\/prix-devis-flipbook\/\"}","{\"text\":\"\",\"url\":\"\"}"],"footnotes":""},"class_list":["post-2081","page","type-page","status-publish","hentry"],"_links":{"self":[{"href":"https:\/\/www.interactiv-technologies.com\/fr\/wp-json\/wp\/v2\/pages\/2081","targetHints":{"allow":["GET"]}}],"collection":[{"href":"https:\/\/www.interactiv-technologies.com\/fr\/wp-json\/wp\/v2\/pages"}],"about":[{"href":"https:\/\/www.interactiv-technologies.com\/fr\/wp-json\/wp\/v2\/types\/page"}],"author":[{"embeddable":true,"href":"https:\/\/www.interactiv-technologies.com\/fr\/wp-json\/wp\/v2\/users\/2"}],"replies":[{"embeddable":true,"href":"https:\/\/www.interactiv-technologies.com\/fr\/wp-json\/wp\/v2\/comments?post=2081"}],"version-history":[{"count":13,"href":"https:\/\/www.interactiv-technologies.com\/fr\/wp-json\/wp\/v2\/pages\/2081\/revisions"}],"predecessor-version":[{"id":16485,"href":"https:\/\/www.interactiv-technologies.com\/fr\/wp-json\/wp\/v2\/pages\/2081\/revisions\/16485"}],"up":[{"embeddable":true,"href":"https:\/\/www.interactiv-technologies.com\/fr\/wp-json\/wp\/v2\/pages\/1289"}],"wp:attachment":[{"href":"https:\/\/www.interactiv-technologies.com\/fr\/wp-json\/wp\/v2\/media?parent=2081"}],"curies":[{"name":"wp","href":"https:\/\/api.w.org\/{rel}","templated":true}]}}