{"id":1748,"date":"2024-02-05T08:34:06","date_gmt":"2024-02-05T07:34:06","guid":{"rendered":"https:\/\/www.interactiv-technologies.com\/?page_id=1748"},"modified":"2024-04-30T15:46:28","modified_gmt":"2024-04-30T13:46:28","slug":"nouveautes-indesign-cc-2024","status":"publish","type":"page","link":"https:\/\/www.interactiv-technologies.com\/fr\/automatisation-catalogues-indesign\/nouveautes-version-indesign-cc-2024\/","title":{"rendered":"Nouveaut\u00e9s Adobe InDesign CC 2024"},"content":{"rendered":"\n<div class=\"wp-block-group alignfull has-violet-accent-background-color has-background has-global-padding is-layout-constrained wp-block-group-is-layout-constrained\" style=\"padding-top:var(--wp--preset--spacing--40);padding-bottom:var(--wp--preset--spacing--60)\">\n<div class=\"wp-block-group alignwide has-blanc-color has-text-color has-link-color has-small-font-size wp-elements-c841a1b92e5602c57e0ccc8a7ec884c5 has-global-padding is-layout-constrained wp-block-group-is-layout-constrained\"><div class=\"alignwide wp-block-wpseopress-breadcrumbs\"><nav  aria-label=\"Fil d&#039;Ariane\"><ol class=\"breadcrumb\" itemscope itemtype=\"https:\/\/schema.org\/BreadcrumbList\"><li class=\"breadcrumb-item active\" aria-current=\"page\" itemprop=\"itemListElement\" itemscope itemtype=\"https:\/\/schema.org\/ListItem\"><span itemprop=\"name\">Accueil<\/span><meta itemprop=\"position\" content=\"1\"><\/li><\/ol><\/nav><\/div><\/div>\n\n\n\n<h1 class=\"wp-block-heading has-text-align-center has-blanc-color has-text-color has-link-color wp-elements-f227909e20f8f27e6578140d992b6d2a\">Nouveaut\u00e9s InDesign CC 2024<\/h1>\n<\/div>\n\n\n\n<div class=\"wp-block-columns is-layout-flex wp-container-core-columns-is-layout-e477a36d wp-block-columns-is-layout-flex\" style=\"padding-bottom:var(--wp--preset--spacing--60)\">\n<div class=\"wp-block-column is-layout-flow wp-block-column-is-layout-flow\" style=\"flex-basis:66.66%\">\n<h2 class=\"wp-block-heading\">Ce qu\u2019annonce la version CC 2024 d\u2019InDesign<\/h2>\n\n\n\n<p>Il y a de \u00e7a quelques jours, Adobe a publi\u00e9 la mise \u00e0 jour annuelle d\u2019InDesign, la tr\u00e8s attendue CC2024\u202f! Nous vous proposons donc un r\u00e9capitulatif des derni\u00e8res nouveaut\u00e9s et am\u00e9liorations d\u00e9ploy\u00e9es avec cette nouvelle version 19.0\u202f:&nbsp;<\/p>\n\n\n\n<ul class=\"wp-block-list\">\n<li>Masquage des planches<\/li>\n\n\n\n<li>Suffixe de nom de fichiers dans les exportations au format JPEG et PNG<\/li>\n\n\n\n<li>Recherche de texte et personnalisation de l\u2019analyse dans des documents publi\u00e9s<\/li>\n\n\n\n<li>\u2026<\/li>\n<\/ul>\n\n\n\n<figure class=\"wp-block-image alignleft size-large is-resized\"><img loading=\"lazy\" decoding=\"async\" width=\"1024\" height=\"998\" src=\"https:\/\/www.interactiv-technologies.com\/app\/uploads\/2024\/02\/Logo_InDesign_CC21_icon.svg_-1024x998.png\" alt=\"\" class=\"wp-image-1751\" style=\"width:125px;height:auto\" srcset=\"https:\/\/www.interactiv-technologies.com\/app\/uploads\/2024\/02\/Logo_InDesign_CC21_icon.svg_-1024x998.png 1024w, https:\/\/www.interactiv-technologies.com\/app\/uploads\/2024\/02\/Logo_InDesign_CC21_icon.svg_-300x293.png 300w, https:\/\/www.interactiv-technologies.com\/app\/uploads\/2024\/02\/Logo_InDesign_CC21_icon.svg_-768x749.png 768w, https:\/\/www.interactiv-technologies.com\/app\/uploads\/2024\/02\/Logo_InDesign_CC21_icon.svg_.png 1200w\" sizes=\"auto, (max-width: 1024px) 100vw, 1024px\" \/><\/figure>\n<\/div>\n\n\n\n<div class=\"wp-block-column is-layout-flow wp-block-column-is-layout-flow\" style=\"flex-basis:33.33%\">\n<div class=\"wp-block-group has-global-padding is-layout-constrained wp-block-group-is-layout-constrained\">\n<form class=\"wp-block-interactiv-technologies-it-form needs-validation it-pattern-form-simple it-pattern-form-simple--msg it-pattern-card\" novalidate action=\"\" method=\"post\" enctype=\"multipart\/form-data\"><div class=\"it-form-ribbon\">D\u00e9di\u00e9 aux professionnels<\/div>\n<p class=\"it-form-title\">Parlons de votre projet !<\/p>\n\n\n\n<div class=\"wp-block-group has-global-padding is-layout-constrained wp-container-core-group-is-layout-7bc66994 wp-block-group-is-layout-constrained\">\n<div class=\"wp-block-interactiv-technologies-it-field it-form-field it-form-field-status it-form-field--required it-form-field--is-floating form-floating is-style-floating\" data-field-name=\"status\" data-field-type=\"status\" data-field-label=\"Vous \u00eates\" data-field-required=\"true\"><select id=\"it_form_status\" class=\"it-form-field-control form-select\" name=\"status\" required><option value=\"\" disabled selected>S\u00e9lectionner un statut<\/option><option value=\"company\">Une soci\u00e9t\u00e9<\/option><option value=\"agency\">Une agence<\/option><option value=\"freelance\">Un(e) freelance<\/option><option value=\"association\">Une association<\/option><option value=\"individual\">Un particulier<\/option><\/select><label class=\"it-form-field-label\" for=\"it_form_status\">Vous \u00eates<\/label><div class=\"invalid-feedback\"><\/div><\/div>\n\n\n\n<div class=\"wp-block-interactiv-technologies-it-field it-form-field it-form-field-text it-form-field--is-floating form-floating is-style-floating\" data-field-name=\"society\" data-field-type=\"text\" data-field-label=\"Soci\u00e9t\u00e9\" data-field-required=\"false\"><input id=\"it_form_society\" class=\"it-form-field-control form-control\" type=\"text\" name=\"society\" placeholder=\"Soci\u00e9t\u00e9\"\/><label class=\"it-form-field-label\" for=\"it_form_society\">Soci\u00e9t\u00e9<\/label><div class=\"invalid-feedback\"><\/div><\/div>\n\n\n\n<div class=\"wp-block-interactiv-technologies-it-field it-form-field it-form-field-text it-form-field--required it-form-field--is-floating form-floating is-style-floating\" data-field-name=\"identity\" data-field-type=\"text\" data-field-label=\"Nom Pr\u00e9nom\" data-field-required=\"true\"><input id=\"it_form_identity\" class=\"it-form-field-control form-control\" type=\"text\" name=\"identity\" placeholder=\"Nom Pr\u00e9nom\" required\/><label class=\"it-form-field-label\" for=\"it_form_identity\">Nom Pr\u00e9nom<\/label><div class=\"invalid-feedback\"><\/div><\/div>\n\n\n\n<div class=\"wp-block-interactiv-technologies-it-field it-form-field it-form-field-email it-form-field--required it-form-field--is-floating form-floating is-style-floating\" data-field-name=\"mail\" data-field-type=\"email\" data-field-label=\"E-mail\" data-field-required=\"true\"><input id=\"it_form_mail\" class=\"it-form-field-control form-control\" type=\"email\" name=\"mail\" placeholder=\"\" required\/><label class=\"it-form-field-label\" for=\"it_form_mail\">E-mail<\/label><div class=\"invalid-feedback\"><\/div><\/div>\n\n\n\n<div class=\"wp-block-interactiv-technologies-it-field it-form-field it-form-field-text it-form-field--required it-form-field--is-floating form-floating is-style-floating\" data-field-name=\"phone\" data-field-type=\"text\" data-field-label=\"T\u00e9l\u00e9phone\" data-field-required=\"true\"><input id=\"it_form_phone\" class=\"it-form-field-control form-control\" type=\"text\" name=\"phone\" placeholder=\"T\u00e9l\u00e9phone\" required\/><label class=\"it-form-field-label\" for=\"it_form_phone\">T\u00e9l\u00e9phone<\/label><div class=\"invalid-feedback\"><\/div><\/div>\n\n\n\n<div class=\"wp-block-interactiv-technologies-it-field it-form-field it-form-field-textarea it-form-field--is-floating form-floating is-style-floating\" data-field-name=\"msg\" data-field-type=\"textarea\" data-field-label=\"Message (facultatif)\" data-field-required=\"false\"><textarea id=\"it_form_msg\" class=\"it-form-field-control form-control\" name=\"msg\" placeholder=\"Message\" style=\"height:4.2rem\"><\/textarea><label class=\"it-form-field-label\" for=\"it_form_msg\">Message (facultatif)<\/label><div class=\"invalid-feedback\"><\/div><\/div>\n\n\n\n<div class=\"wp-block-interactiv-technologies-it-field it-form-field it-form-field-consent it-form-field--consent form-check it-form-field--required\" data-field-name=\"consent\" data-field-type=\"consent\" data-field-label=\"\" data-field-required=\"true\" style=\"margin-top:var(--wp--preset--spacing--30)\"><input id=\"it_form_consent\" class=\"it-form-field-control form-check-input\" type=\"checkbox\" name=\"consent\" value=\"ok\" required\/><label class=\"it-form-field-inputs-label form-check-label\" for=\"it_form_consent\">En soumettant ce formulaire, j\u2019accepte que les informations saisies soient exploit\u00e9es dans le cadre de la demande de d\u00e9monstration et la relation commerciale qui peut en d\u00e9couler.<br \/>\r\nPour connaitre et exercer vos droits, veuillez consulter notre <a href=\"https:\/\/www.interactiv-technologies.com\/fr\/politique-de-confidentialite-relative-aux-donnees-personnelles\/\">politique de confidentialit\u00e9<\/a>.<\/label><div class=\"invalid-feedback\"><\/div><\/div>\n<\/div>\n<div class=\"wp-block-interactiv-technologies-it-field it-form-field it-form-field-email it-form-field--is-floating form-floating is-style-floating hasNoName\" data-field-name=\"mail_double_check\" data-field-type=\"email\" data-field-label=\"Enter email again\" data-field-required=\"false\"><input class=\"it-form-field-control form-control\" type=\"email\" name=\"mail_double_check\" id=\"it_form_mail_double_check\" placeholder=\"Enter email again\"\/><label class=\"it-form-field-label\" for=\"it_form_mail_double_check\">Enter email again<\/label><div class=\"invalid-feedback\"><\/div><\/div><input type=\"hidden\" name=\"name\" value=\"Formulaire de contact\"\/><input type=\"hidden\" name=\"product\" value=\"itpublisher\"\/><input type=\"hidden\" name=\"tpl\" value=\"2710\"\/><input type=\"hidden\" name=\"landing\" value=\"950\"\/><button class=\"btn-form-submit it-form-submit-btn\" type=\"submit\">Je valide<\/button><input type=\"hidden\" id=\"_wpnonce\" name=\"_wpnonce\" value=\"718ea306a7\" \/><input type=\"hidden\" name=\"_wp_http_referer\" value=\"\/fr\/wp-json\/wp\/v2\/pages\/1748\" \/><\/form>\n<\/div>\n<\/div>\n<\/div>\n\n\n\n<section class=\"wp-block-group alignfull has-gris-clair-background-color has-background has-global-padding is-layout-constrained wp-container-core-group-is-layout-5e1fba9a wp-block-group-is-layout-constrained\" style=\"min-height:0px;margin-top:0;margin-bottom:0;padding-top:3rem;padding-right:0;padding-bottom:3rem;padding-left:0\">\n<h2 class=\"wp-block-heading has-text-align-center\" style=\"padding-top:0;padding-bottom:var(--wp--preset--spacing--60);text-transform:none\">Les principales nouveaut\u00e9s de la version InDesign CC 2024<\/h2>\n\n\n\n<div class=\"wp-block-columns is-layout-flex wp-container-core-columns-is-layout-e477a36d wp-block-columns-is-layout-flex\" style=\"padding-bottom:var(--wp--preset--spacing--60)\">\n<div class=\"wp-block-column is-layout-flow wp-block-column-is-layout-flow\">\n<aside class=\"wp-block-group it-pattern-card has-blanc-background-color has-background is-vertical is-content-justification-center is-layout-flex wp-container-core-group-is-layout-ce155fab wp-block-group-is-layout-flex\" style=\"min-height:100%\">\n<h3 class=\"wp-block-heading has-text-align-center\">Application d\u2019un style automatique \u00e0 plusieurs blocs de texte, cr\u00e9ation et gestion des packs de styles<\/h3>\n\n\n\n<p class=\"has-text-align-center\">InDesign CC2024 permet d\u2019appliquer un style \u00e0 plusieurs blocs de texte en une seule fois, ce qui facilite les t\u00e2ches de stylisation complexes. Vous pouvez utiliser au choix des packs de styles pr\u00e9d\u00e9finis ou cr\u00e9er vos propres packs pour des modifications sp\u00e9cifiques \u00e0 un document.<br>Pour en savoir plus sur les styles automatiques, vous pouvez consulter\u00a0<a href=\"https:\/\/helpx.adobe.com\/fr\/indesign\/using\/auto-style-text.html\">cette page<\/a>.<\/p>\n<\/aside>\n<\/div>\n\n\n\n<div class=\"wp-block-column is-layout-flow wp-block-column-is-layout-flow\">\n<aside class=\"wp-block-group it-pattern-card has-blanc-background-color has-background is-vertical is-content-justification-center is-layout-flex wp-container-core-group-is-layout-ce155fab wp-block-group-is-layout-flex\" style=\"min-height:100%\">\n<h3 class=\"wp-block-heading has-text-align-center\">Recherche de texte et personnalisation de l\u2019analyse dans des documents publi\u00e9s<\/h3>\n\n\n\n<p class=\"has-text-align-center\">Gr\u00e2ce \u00e0 la mise \u00e0 jour CC2024, vous pouvez d\u00e9sormais mesurer le trafic et l\u2019engagement des documents publi\u00e9s en int\u00e9grant votre ID de mesure Google.<br>De plus, vous avez dor\u00e9navant la possibilit\u00e9 de rechercher du texte dans les documents publi\u00e9s depuis n\u2019importe quel appareil, et copier le texte trouv\u00e9 quand vous naviguez sur un PC ou un ordinateur portable.<\/p>\n<\/aside>\n<\/div>\n\n\n\n<div class=\"wp-block-column is-layout-flow wp-block-column-is-layout-flow\">\n<aside class=\"wp-block-group it-pattern-card has-blanc-background-color has-background is-vertical is-content-justification-center is-layout-flex wp-container-core-group-is-layout-ce155fab wp-block-group-is-layout-flex\" style=\"min-height:100%\">\n<h3 class=\"wp-block-heading has-text-align-center\">Suffixe de nom de fichiers dans les exportations au format JPEG et PNG<\/h3>\n\n\n\n<p class=\"has-text-align-center\">Depuis la version 19.0, vous pouvez choisir d\u2019<a href=\"https:\/\/helpx.adobe.com\/fr\/indesign\/using\/export-jpeg-format.html\">ajouter des suffixes<\/a>\u00a0aux noms de fichiers export\u00e9s au format JPEG ou PNG. Vous pouvez par exemple d\u00e9cider de faire apparaitre un nombre incr\u00e9mentiel, le num\u00e9ro de page ou encore la taille de la page.<br>Ainsi, vous pourrez facilement distinguer et filtrer le m\u00eame fichier enregistr\u00e9 dans diff\u00e9rentes tailles pour diff\u00e9rentes plateformes gr\u00e2ce aux suffixes automatiques.<\/p>\n<\/aside>\n<\/div>\n<\/div>\n\n\n\n<div class=\"wp-block-columns is-layout-flex wp-container-core-columns-is-layout-e477a36d wp-block-columns-is-layout-flex\" style=\"padding-bottom:var(--wp--preset--spacing--60)\">\n<div class=\"wp-block-column is-layout-flow wp-block-column-is-layout-flow\">\n<aside class=\"wp-block-group it-pattern-card has-blanc-background-color has-background is-vertical is-content-justification-center is-layout-flex wp-container-core-group-is-layout-ce155fab wp-block-group-is-layout-flex\" style=\"min-height:100%\">\n<h3 class=\"wp-block-heading has-text-align-center\">Masquage des planches<\/h3>\n\n\n\n<p class=\"has-text-align-center\">Gr\u00e2ce \u00e0 cette nouveaut\u00e9, vous avez maintenant la possibilit\u00e9 de\u00a0<a href=\"https:\/\/helpx.adobe.com\/fr\/indesign\/using\/pages-spreads-1.html\">masquer des planches<\/a>\u00a0pour les exclure du mode Pr\u00e9sentation ou de l\u2019exportation au format PNG,JPEG,PDF impression ou PDF interactif. Cela peut \u00eatre utile pour cacher des brouillons de planches ou des \u00e9l\u00e9ments que vous ne souhaitez pas partager.\u00a0<\/p>\n<\/aside>\n<\/div>\n\n\n\n<div class=\"wp-block-column is-layout-flow wp-block-column-is-layout-flow\">\n<aside class=\"wp-block-group it-pattern-card has-blanc-background-color has-background is-vertical is-content-justification-center is-layout-flex wp-container-core-group-is-layout-ce155fab wp-block-group-is-layout-flex\" style=\"min-height:100%\">\n<h3 class=\"wp-block-heading has-text-align-center\">HarfBuzz, nouveau moteur de mise en forme par d\u00e9faut<\/h3>\n\n\n\n<p class=\"has-text-align-center\">HarfBuzz est d\u00e9sormais le moteur de rendu par d\u00e9faut dans le compositeur universel d\u2019InDesign. Il am\u00e9liore la mise en forme et le rendu des glyphes dans les langues d\u2019Inde, d\u2019Afrique du Nord et du Moyen-Orient.<\/p>\n<\/aside>\n<\/div>\n<\/div>\n<\/section>\n\n\n\n<div class=\"wp-block-columns is-layout-flex wp-container-core-columns-is-layout-28f84493 wp-block-columns-is-layout-flex\">\n<div class=\"wp-block-column is-vertically-aligned-bottom is-layout-flow wp-block-column-is-layout-flow\">\n<figure class=\"wp-block-image aligncenter size-large is-resized\"><img loading=\"lazy\" decoding=\"async\" width=\"1024\" height=\"213\" src=\"https:\/\/www.interactiv-technologies.com\/app\/uploads\/2024\/02\/EasyCatalog-3-1024x213.png\" alt=\"\" class=\"wp-image-2060\" style=\"width:453px\" srcset=\"https:\/\/www.interactiv-technologies.com\/app\/uploads\/2024\/02\/EasyCatalog-3-1024x213.png 1024w, https:\/\/www.interactiv-technologies.com\/app\/uploads\/2024\/02\/EasyCatalog-3-300x62.png 300w, https:\/\/www.interactiv-technologies.com\/app\/uploads\/2024\/02\/EasyCatalog-3-768x160.png 768w, https:\/\/www.interactiv-technologies.com\/app\/uploads\/2024\/02\/EasyCatalog-3-1536x319.png 1536w, https:\/\/www.interactiv-technologies.com\/app\/uploads\/2024\/02\/EasyCatalog-3-2048x425.png 2048w\" sizes=\"auto, (max-width: 1024px) 100vw, 1024px\" \/><\/figure>\n\n\n\n<div class=\"wp-block-buttons is-content-justification-center is-layout-flex wp-container-core-buttons-is-layout-a89b3969 wp-block-buttons-is-layout-flex\">\n<div class=\"wp-block-button\"><a class=\"wp-block-button__link wp-element-button\" href=\"https:\/\/www.interactiv-technologies.com\/fr\/interactiv-publisher\/telecharger-easycatalog\/\">T\u00e9l\u00e9chargez EasyCatalog gratuitement<\/a><\/div>\n<\/div>\n<\/div>\n\n\n\n<div class=\"wp-block-column is-layout-flow wp-block-column-is-layout-flow\">\n<div class=\"wp-block-group has-global-padding is-layout-constrained wp-block-group-is-layout-constrained\">\n<h2 class=\"wp-block-heading has-text-align-center\">Plug-in EasyCatalog<\/h2>\n\n\n\n<p class=\"has-text-align-center\"><strong>Concernant EasyCatalog, il s\u2019agit d\u2019un plug-in d\u2019InDesign.\u00a0<\/strong>Il permet l\u2019automatisation de la mise en page de vos documents (catalogues, annuaires, fiches produits \/ techniques \u2026) en liant ceux-ci \u00e0 vos bases de donn\u00e9es. Il est d\u2019ores et d\u00e9j\u00e0 disponible dans sa\u00a0<strong>version CC 2024.<\/strong><\/p>\n\n\n\n<div class=\"wp-block-buttons is-content-justification-center is-layout-flex wp-container-core-buttons-is-layout-a89b3969 wp-block-buttons-is-layout-flex\">\n<div class=\"wp-block-button\"><a class=\"wp-block-button__link wp-element-button\" href=\"https:\/\/www.interactiv-technologies.com\/fr\/automatisation-catalogues-indesign\/nouveautes-version-easycatalog-cc-2024\/\">Nouveaut\u00e9s EasyCatalog 2024<\/a><\/div>\n<\/div>\n<\/div>\n<\/div>\n<\/div>\n\n\n\n<hr class=\"wp-block-separator has-alpha-channel-opacity\"\/>\n\n\n\n<div class=\"wp-block-group has-global-padding is-layout-constrained wp-block-group-is-layout-constrained\">\n<h2 class=\"wp-block-heading has-text-align-center\">Informations concernant la version CC 2024<\/h2>\n\n\n\n<p>InDesign CC2024 \u00e9tant arriv\u00e9e, une nouvelle version d\u2019<strong>EasyCatalog<\/strong>&nbsp;est d\u00e9sormais disponible.<br>De nombreuses am\u00e9liorations ont \u00e9t\u00e9 apport\u00e9es \u00e0 EasyCatalog et sont disponibles dans cette derni\u00e8re version.<br>(Attention : certaines nouvelles fonctionnalit\u00e9s ne peuvent pas \u00eatre incluses dans les versions pr\u00e9c\u00e9dentes du module.)<\/p>\n\n\n\n<p>N\u2019h\u00e9sitez pas \u00e0 nous contacter si vous d\u00e9sirez une mise \u00e0 jour de votre logiciel.<\/p>\n\n\n\n<p><strong>ATTENTION : Comme pour toute mise \u00e0 jour de logiciel, veillez \u00e0 toujours sauvegarder votre espace de travail EasyCatalog (Workspace, documents et configurations\u2026) avant de passer \u00e0 la nouvelle version.<\/strong><\/p>\n<\/div>\n","protected":false},"excerpt":{"rendered":"<p>Nouveaut\u00e9s InDesign CC 2024 Ce qu\u2019annonce la version CC 2024 d\u2019InDesign Il y a de \u00e7a quelques jours, Adobe a publi\u00e9 la mise \u00e0 jour annuelle d\u2019InDesign, la tr\u00e8s attendue CC2024\u202f! Nous vous proposons donc un r\u00e9capitulatif des derni\u00e8res nouveaut\u00e9s et am\u00e9liorations d\u00e9ploy\u00e9es avec cette nouvelle version 19.0\u202f:&nbsp; Les principales nouveaut\u00e9s de la version InDesign [&hellip;]<\/p>\n","protected":false},"author":3,"featured_media":0,"parent":3043,"menu_order":0,"comment_status":"closed","ping_status":"closed","template":"","meta":{"_seopress_robots_primary_cat":"","_seopress_titles_title":"%%post_title%% %%sep%% %%sitetitle%%","_seopress_titles_desc":"","_seopress_robots_index":"","_it_page_product":"ITPublisher","_it_call_to_action":["{\"text\":\"\",\"url\":\"\"}","{\"text\":\"\",\"url\":\"\"}","{\"text\":\"\",\"url\":\"\"}","{\"text\":\"\",\"url\":\"\"}"],"footnotes":""},"class_list":["post-1748","page","type-page","status-publish","hentry"],"_links":{"self":[{"href":"https:\/\/www.interactiv-technologies.com\/fr\/wp-json\/wp\/v2\/pages\/1748","targetHints":{"allow":["GET"]}}],"collection":[{"href":"https:\/\/www.interactiv-technologies.com\/fr\/wp-json\/wp\/v2\/pages"}],"about":[{"href":"https:\/\/www.interactiv-technologies.com\/fr\/wp-json\/wp\/v2\/types\/page"}],"author":[{"embeddable":true,"href":"https:\/\/www.interactiv-technologies.com\/fr\/wp-json\/wp\/v2\/users\/3"}],"replies":[{"embeddable":true,"href":"https:\/\/www.interactiv-technologies.com\/fr\/wp-json\/wp\/v2\/comments?post=1748"}],"version-history":[{"count":7,"href":"https:\/\/www.interactiv-technologies.com\/fr\/wp-json\/wp\/v2\/pages\/1748\/revisions"}],"predecessor-version":[{"id":4852,"href":"https:\/\/www.interactiv-technologies.com\/fr\/wp-json\/wp\/v2\/pages\/1748\/revisions\/4852"}],"up":[{"embeddable":true,"href":"https:\/\/www.interactiv-technologies.com\/fr\/wp-json\/wp\/v2\/pages\/3043"}],"wp:attachment":[{"href":"https:\/\/www.interactiv-technologies.com\/fr\/wp-json\/wp\/v2\/media?parent=1748"}],"curies":[{"name":"wp","href":"https:\/\/api.w.org\/{rel}","templated":true}]}}