{"id":1745,"date":"2021-03-30T10:56:40","date_gmt":"2021-03-30T08:56:40","guid":{"rendered":"https:\/\/www.interactiv-technologies.com\/?page_id=1745"},"modified":"2025-06-11T14:30:27","modified_gmt":"2025-06-11T12:30:27","slug":"formulaire-de-contact","status":"publish","type":"page","link":"https:\/\/www.interactiv-technologies.com\/fr\/formulaire-de-contact\/","title":{"rendered":"Formulaire de contact"},"content":{"rendered":"\n<div class=\"wp-block-group alignfull has-bleu-accent-background-color has-background has-global-padding is-layout-constrained wp-block-group-is-layout-constrained\" style=\"padding-top:var(--wp--preset--spacing--40);padding-bottom:var(--wp--preset--spacing--60)\">\n<div class=\"wp-block-group alignwide has-blanc-color has-text-color has-link-color has-small-font-size wp-elements-bf8c93ea3ef9660c3f317439d4e72dba has-global-padding is-layout-constrained wp-block-group-is-layout-constrained\"><div class=\"alignwide wp-block-wpseopress-breadcrumbs\"><nav  aria-label=\"Fil d&#039;Ariane\"><ol class=\"breadcrumb\" itemscope itemtype=\"https:\/\/schema.org\/BreadcrumbList\"><li class=\"breadcrumb-item active\" aria-current=\"page\" itemprop=\"itemListElement\" itemscope itemtype=\"https:\/\/schema.org\/ListItem\"><span itemprop=\"name\">Accueil<\/span><meta itemprop=\"position\" content=\"1\"><\/li><\/ol><\/nav><\/div><\/div>\n\n\n\n<h1 class=\"wp-block-heading has-text-align-center has-blanc-color has-text-color has-link-color wp-elements-663ef64898a06c0be9b56c177921132a\">Formulaire de contact<\/h1>\n<\/div>\n\n\n\n<div class=\"wp-block-columns alignwide are-vertically-aligned-top is-layout-flex wp-container-core-columns-is-layout-ceb339ea wp-block-columns-is-layout-flex\" style=\"padding-top:var(--wp--preset--spacing--60)\">\n<div class=\"wp-block-column is-vertically-aligned-top is-layout-flow wp-block-column-is-layout-flow\" style=\"flex-basis:70%\">\n<h2 class=\"wp-block-heading\">Contactez-nous d\u00e8s maintenant !<\/h2>\n\n\n\n<p class=\"has-text-align-left\">Vous avez besoin d&rsquo;un renseignement ? Vous avez une question sp\u00e9cifique ? Vous souhaitez nous faire part de votre probl\u00e9matique autour de la gestion de vos donn\u00e9es produits ? <strong>Nos \u00e9quipes sont l\u00e0 pour vous conseiller et vous accompagner.<\/strong><\/p>\n\n\n\n<p class=\"has-text-align-left\"><strong>Remplissez d\u00e8s maintenant le formulaire de contact ci-contre <\/strong>: transmettez-nous vos coordonn\u00e9es et votre demande en seulement quelques clics. L&rsquo;un de nos experts prendra ensuite contact avec vous dans les plus brefs d\u00e9lais pour \u00e9changer autour de vos enjeux.<\/p>\n\n\n\n<p class=\"has-text-align-left\"><strong>Vous pr\u00e9f\u00e9rez un contact direct ? <\/strong>N&rsquo;h\u00e9sitez pas \u00e0 nous appeler directement au <strong><mark style=\"background-color:rgba(0, 0, 0, 0)\" class=\"has-inline-color has-bleu-accent-color\">0 970 248 990<\/mark><\/strong> (Appel non surtax\u00e9 &#8211; Prix d&rsquo;un appel local). Nous sommes disponibles du lundi au vendredi, de 9h \u00e0 18h.<\/p>\n\n\n\n<p class=\"has-text-align-left\">\u00c0 tr\u00e8s bient\u00f4t, nous avons h\u00e2te d&rsquo;\u00e9changer avec vous ! \ud83e\udd1d<\/p>\n\n\n\n<div class=\"wp-block-group has-global-padding is-layout-constrained wp-block-group-is-layout-constrained\" style=\"padding-top:var(--wp--preset--spacing--40)\">\n<h3 class=\"wp-block-heading\">Ils sont +1 000 \u00e0 nous faire confiance<\/h3>\n\n\n\n<div class=\"wp-block-group is-layout-grid wp-container-core-group-is-layout-a6a5bd83 wp-block-group-is-layout-grid\" style=\"min-height:140px\">\n<figure class=\"wp-block-image size-full\" style=\"margin-top:var(--wp--preset--spacing--40)\"><img loading=\"lazy\" decoding=\"async\" width=\"201\" height=\"49\" src=\"https:\/\/www.interactiv-technologies.com\/app\/uploads\/2024\/02\/Raja.png\" alt=\"Logo RAJA ; client d'Interactiv' Technologies et dot\u00e9 de la solution logicielle Interactiv' Doc\" class=\"wp-image-2480\" style=\"object-fit:cover\"\/><\/figure>\n\n\n\n<figure class=\"wp-block-image size-full\" style=\"margin-top:var(--wp--preset--spacing--40)\"><img loading=\"lazy\" decoding=\"async\" width=\"203\" height=\"45\" src=\"https:\/\/www.interactiv-technologies.com\/app\/uploads\/2024\/04\/Jeremias.png\" alt=\"Logo Jeremias ; client d'Interactiv' Technologies, dot\u00e9 des logiciels PIM\/DAM Interactiv' DataBase, EasyCatalog le plugin d'InDesign et d'Interactiv' Doc\" class=\"wp-image-3296\"\/><\/figure>\n\n\n\n<figure class=\"wp-block-image size-full\" style=\"margin-top:var(--wp--preset--spacing--40)\"><img loading=\"lazy\" decoding=\"async\" width=\"201\" height=\"64\" src=\"https:\/\/www.interactiv-technologies.com\/app\/uploads\/2024\/02\/Aubade.png\" alt=\"Logo Aubade ; client d'Interactiv' Technologies\" class=\"wp-image-2452\"\/><\/figure>\n\n\n\n<figure class=\"wp-block-image size-full\" style=\"margin-top:var(--wp--preset--spacing--40)\"><img loading=\"lazy\" decoding=\"async\" width=\"201\" height=\"45\" src=\"https:\/\/www.interactiv-technologies.com\/app\/uploads\/2024\/02\/Schmidt.png\" alt=\"Logo Schmidt ; client d'Interactiv' Technologies et dot\u00e9 du logiciel Interactiv' Doc, plateforme SaaS pour cr\u00e9er des documents interactifs \u00e9volu\u00e9s\" class=\"wp-image-2484\"\/><\/figure>\n\n\n\n<figure class=\"wp-block-image size-full wp-container-content-f561b980\" style=\"margin-top:var(--wp--preset--spacing--30)\"><img loading=\"lazy\" decoding=\"async\" width=\"201\" height=\"114\" src=\"https:\/\/www.interactiv-technologies.com\/app\/uploads\/2024\/02\/Banana-Moon.png\" alt=\"Logo Banana Moon ; client d'Interactiv' Technologies avec la solution Interactiv' Publisher, l'extension EasyCatalog d'InDesign\" class=\"wp-image-2456\"\/><\/figure>\n\n\n\n<figure class=\"wp-block-image size-full\" style=\"margin-top:var(--wp--preset--spacing--50)\"><img loading=\"lazy\" decoding=\"async\" width=\"201\" height=\"47\" src=\"https:\/\/www.interactiv-technologies.com\/app\/uploads\/2024\/04\/AFDB.png\" alt=\"Logo AFDB - Au Forum Du Batiment ; client d'Interactiv' Technologies pour la r\u00e9alisation de leur catalogue produits avec EasyCatalog, service Interactiv' Prestations\" class=\"wp-image-3307\"\/><\/figure>\n\n\n\n<figure class=\"wp-block-image size-full\" style=\"margin-top:var(--wp--preset--spacing--50)\"><img loading=\"lazy\" decoding=\"async\" width=\"201\" height=\"58\" src=\"https:\/\/www.interactiv-technologies.com\/app\/uploads\/2024\/02\/Rubix.png\" alt=\"Logo RUBIX ; client d'Interactiv' Technologies et dot\u00e9 du logiciel Interactiv' Doc\" class=\"wp-image-2482\"\/><\/figure>\n\n\n\n<figure class=\"wp-block-image size-full wp-container-content-f561b980\"><img loading=\"lazy\" decoding=\"async\" width=\"425\" height=\"381\" src=\"https:\/\/www.interactiv-technologies.com\/app\/uploads\/2025\/06\/Maximo.png\" alt=\"Logo Maximo ; client d'Interactiv' Technologies et dot\u00e9 du logiciel flipbook interactif \u00e9volu\u00e9 Interactiv' Doc \" class=\"wp-image-12089\" style=\"object-fit:cover\" srcset=\"https:\/\/www.interactiv-technologies.com\/app\/uploads\/2025\/06\/Maximo.png 425w, https:\/\/www.interactiv-technologies.com\/app\/uploads\/2025\/06\/Maximo-300x269.png 300w\" sizes=\"auto, (max-width: 425px) 100vw, 425px\" \/><\/figure>\n\n\n\n<figure class=\"wp-block-image size-full\" style=\"margin-top:var(--wp--preset--spacing--50)\"><img loading=\"lazy\" decoding=\"async\" width=\"201\" height=\"53\" src=\"https:\/\/www.interactiv-technologies.com\/app\/uploads\/2024\/02\/Somfy.png\" alt=\"Logo Somfy ; client d'Interactiv' Technologies dot\u00e9 du module EasyCatalog pour InDesign et du logiciel flipbook Interactiv' Doc\" class=\"wp-image-2490\"\/><\/figure>\n\n\n\n<figure class=\"wp-block-image size-full\" style=\"margin-top:var(--wp--preset--spacing--40)\"><img loading=\"lazy\" decoding=\"async\" width=\"201\" height=\"108\" src=\"https:\/\/www.interactiv-technologies.com\/app\/uploads\/2024\/04\/Graines-Voltz.png\" alt=\"Logo Graines Voltz ; client d'Interactiv' Technologies et dot\u00e9 du PIM\/DAM Interactiv' DataBase, de l'extension EasyCatalog et du logiciel Interactiv' Doc\" class=\"wp-image-3311\"\/><\/figure>\n\n\n\n<figure class=\"wp-block-image size-full wp-container-content-6ff8dc18\" style=\"margin-top:var(--wp--preset--spacing--60)\"><img loading=\"lazy\" decoding=\"async\" width=\"750\" height=\"197\" src=\"https:\/\/www.interactiv-technologies.com\/app\/uploads\/2025\/04\/Comatec.png\" alt=\"Logo Comatec ; client d'Interactiv' Technologies dot\u00e9 du module EasyCatalog pour InDesign, du logiciel flipbook Interactiv' Doc et du PIM\/DAM Interactiv' DataBase. R\u00e9alisation de leur catalogue sous InDesign avec le service Interactiv' Prestations\" class=\"wp-image-11428\" srcset=\"https:\/\/www.interactiv-technologies.com\/app\/uploads\/2025\/04\/Comatec.png 750w, https:\/\/www.interactiv-technologies.com\/app\/uploads\/2025\/04\/Comatec-300x79.png 300w\" sizes=\"auto, (max-width: 750px) 100vw, 750px\" \/><\/figure>\n\n\n\n<figure class=\"wp-block-image size-full\" style=\"margin-top:var(--wp--preset--spacing--60)\"><img loading=\"lazy\" decoding=\"async\" width=\"285\" height=\"81\" src=\"https:\/\/www.interactiv-technologies.com\/app\/uploads\/2025\/04\/top-accessoires.png\" alt=\"Logo top accessoires ; client d'Interactiv' Technologies dot\u00e9 de la solution logicielle PIM\/DAM base de donn\u00e9es produits Interactiv' DataBase\" class=\"wp-image-11418\"\/><\/figure>\n\n\n\n<figure class=\"wp-block-image size-full\" style=\"margin-top:var(--wp--preset--spacing--50)\"><img loading=\"lazy\" decoding=\"async\" width=\"201\" height=\"136\" src=\"https:\/\/www.interactiv-technologies.com\/app\/uploads\/2024\/04\/Euromaster.png\" alt=\"Logo Euromaster ; client d'Interactiv' Technologies et dot\u00e9 d'Interactiv' Doc\" class=\"wp-image-3305\"\/><\/figure>\n\n\n\n<figure class=\"wp-block-image size-full wp-container-content-f561b980\" style=\"margin-top:var(--wp--preset--spacing--60)\"><img loading=\"lazy\" decoding=\"async\" width=\"601\" height=\"189\" src=\"https:\/\/www.interactiv-technologies.com\/app\/uploads\/2024\/02\/Trigano.png\" alt=\"Logo Trigano ; client d'Interactiv' Technologies et dot\u00e9 de la base de donn\u00e9es produits PIM\/DAM Interactiv' DataBase\" class=\"wp-image-2496\" style=\"object-fit:cover\" srcset=\"https:\/\/www.interactiv-technologies.com\/app\/uploads\/2024\/02\/Trigano.png 601w, https:\/\/www.interactiv-technologies.com\/app\/uploads\/2024\/02\/Trigano-300x94.png 300w\" sizes=\"auto, (max-width: 601px) 100vw, 601px\" \/><\/figure>\n\n\n\n<figure class=\"wp-block-image size-full\" style=\"margin-top:var(--wp--preset--spacing--60)\"><img loading=\"lazy\" decoding=\"async\" width=\"200\" height=\"74\" src=\"https:\/\/www.interactiv-technologies.com\/app\/uploads\/2024\/02\/Smoby.png\" alt=\"Logo smoby ; client d'Interactiv' Technologies dot\u00e9 d'EasyCatalog et d'Interactiv' Doc\" class=\"wp-image-2488\"\/><\/figure>\n\n\n\n<figure class=\"wp-block-image size-full\" style=\"margin-top:var(--wp--preset--spacing--60)\"><img loading=\"lazy\" decoding=\"async\" width=\"201\" height=\"52\" src=\"https:\/\/www.interactiv-technologies.com\/app\/uploads\/2024\/04\/Legallais.png\" alt=\"Logo Legallais ; client d'Interactiv' Technologies dot\u00e9 du PIM\/DAM Interactiv' DataBase\" class=\"wp-image-3313\"\/><\/figure>\n\n\n\n<figure class=\"wp-block-image size-full wp-container-content-6ff8dc18\" style=\"margin-top:var(--wp--preset--spacing--60)\"><img loading=\"lazy\" decoding=\"async\" width=\"800\" height=\"99\" src=\"https:\/\/www.interactiv-technologies.com\/app\/uploads\/2025\/04\/PRESTO-e1745334172577.jpg\" alt=\"Logo PRESTO ; client d'Interactiv' Technologies dot\u00e9 du PIM\/DAM Interactiv' DataBase\" class=\"wp-image-11420\" srcset=\"https:\/\/www.interactiv-technologies.com\/app\/uploads\/2025\/04\/PRESTO-e1745334172577.jpg 800w, https:\/\/www.interactiv-technologies.com\/app\/uploads\/2025\/04\/PRESTO-e1745334172577-300x37.jpg 300w, https:\/\/www.interactiv-technologies.com\/app\/uploads\/2025\/04\/PRESTO-e1745334172577-768x95.jpg 768w\" sizes=\"auto, (max-width: 800px) 100vw, 800px\" \/><\/figure>\n\n\n\n<figure class=\"wp-block-image size-full\" style=\"margin-top:var(--wp--preset--spacing--40)\"><img loading=\"lazy\" decoding=\"async\" width=\"300\" height=\"165\" src=\"https:\/\/www.interactiv-technologies.com\/app\/uploads\/2025\/04\/Louis-Tellier.png\" alt=\"Logo Louis Tellier ; client d'Interactiv' Technologies et dot\u00e9 du PIM\/DAM Interactiv' DataBase, base de donn\u00e9es produits\" class=\"wp-image-11424\"\/><\/figure>\n<\/div>\n<\/div>\n<\/div>\n\n\n\n<div class=\"wp-block-column is-vertically-aligned-top has-global-padding is-content-justification-right is-layout-constrained wp-container-core-column-is-layout-f1f2ed93 wp-block-column-is-layout-constrained\" style=\"flex-basis:30%\">\n<div class=\"wp-block-group has-global-padding is-layout-constrained wp-block-group-is-layout-constrained\">\n<form class=\"wp-block-interactiv-technologies-it-form needs-validation it-pattern-form-simple it-pattern-form-simple--msg it-pattern-card\" novalidate action=\"\" method=\"post\" enctype=\"multipart\/form-data\"><div class=\"it-form-ribbon\">D\u00e9di\u00e9 aux professionnels<\/div>\n<p class=\"it-form-title\">Formulaire de contact<\/p>\n\n\n\n<div class=\"wp-block-group has-global-padding is-layout-constrained wp-container-core-group-is-layout-7bc66994 wp-block-group-is-layout-constrained\">\n<div class=\"wp-block-interactiv-technologies-it-field it-form-field it-form-field-status it-form-field--required it-form-field--is-floating form-floating is-style-floating\" data-field-name=\"status\" data-field-type=\"status\" data-field-label=\"Vous \u00eates\" data-field-required=\"true\"><select id=\"it_form_status\" class=\"it-form-field-control form-select\" name=\"status\" required><option value=\"\" disabled selected>S\u00e9lectionner un statut<\/option><option value=\"company\">Une soci\u00e9t\u00e9<\/option><option value=\"agency\">Une agence<\/option><option value=\"freelance\">Un(e) freelance<\/option><option value=\"association\">Une association<\/option><option value=\"individual\">Un particulier<\/option><\/select><label class=\"it-form-field-label\" for=\"it_form_status\">Vous \u00eates<\/label><div class=\"invalid-feedback\"><\/div><\/div>\n\n\n\n<div class=\"wp-block-interactiv-technologies-it-field it-form-field it-form-field-text it-form-field--is-floating form-floating is-style-floating\" data-field-name=\"society\" data-field-type=\"text\" data-field-label=\"Soci\u00e9t\u00e9\" data-field-required=\"false\"><input id=\"it_form_society\" class=\"it-form-field-control form-control\" type=\"text\" name=\"society\" placeholder=\"Soci\u00e9t\u00e9\"\/><label class=\"it-form-field-label\" for=\"it_form_society\">Soci\u00e9t\u00e9<\/label><div class=\"invalid-feedback\"><\/div><\/div>\n\n\n\n<div class=\"wp-block-interactiv-technologies-it-field it-form-field it-form-field-text it-form-field--required it-form-field--is-floating form-floating is-style-floating\" data-field-name=\"identity\" data-field-type=\"text\" data-field-label=\"Nom Pr\u00e9nom\" data-field-required=\"true\"><input id=\"it_form_identity\" class=\"it-form-field-control form-control\" type=\"text\" name=\"identity\" placeholder=\"Nom Pr\u00e9nom\" required\/><label class=\"it-form-field-label\" for=\"it_form_identity\">Nom Pr\u00e9nom<\/label><div class=\"invalid-feedback\"><\/div><\/div>\n\n\n\n<div class=\"wp-block-interactiv-technologies-it-field it-form-field it-form-field-email it-form-field--required it-form-field--is-floating form-floating is-style-floating\" data-field-name=\"mail\" data-field-type=\"email\" data-field-label=\"E-mail\" data-field-required=\"true\"><input id=\"it_form_mail\" class=\"it-form-field-control form-control\" type=\"email\" name=\"mail\" placeholder=\"\" required\/><label class=\"it-form-field-label\" for=\"it_form_mail\">E-mail<\/label><div class=\"invalid-feedback\"><\/div><\/div>\n\n\n\n<div class=\"wp-block-interactiv-technologies-it-field it-form-field it-form-field-text it-form-field--required it-form-field--is-floating form-floating is-style-floating\" data-field-name=\"phone\" data-field-type=\"text\" data-field-label=\"T\u00e9l\u00e9phone\" data-field-required=\"true\"><input id=\"it_form_phone\" class=\"it-form-field-control form-control\" type=\"text\" name=\"phone\" placeholder=\"T\u00e9l\u00e9phone\" required\/><label class=\"it-form-field-label\" for=\"it_form_phone\">T\u00e9l\u00e9phone<\/label><div class=\"invalid-feedback\"><\/div><\/div>\n\n\n\n<div class=\"wp-block-interactiv-technologies-it-field it-form-field it-form-field-textarea it-form-field--is-floating form-floating is-style-floating\" data-field-name=\"msg\" data-field-type=\"textarea\" data-field-label=\"Message (facultatif)\" data-field-required=\"false\"><textarea id=\"it_form_msg\" class=\"it-form-field-control form-control\" name=\"msg\" placeholder=\"Message\" style=\"height:4.2rem\"><\/textarea><label class=\"it-form-field-label\" for=\"it_form_msg\">Message (facultatif)<\/label><div class=\"invalid-feedback\"><\/div><\/div>\n\n\n\n<div class=\"wp-block-interactiv-technologies-it-field it-form-field it-form-field-consent it-form-field--consent form-check it-form-field--required\" data-field-name=\"consent\" data-field-type=\"consent\" data-field-label=\"\" data-field-required=\"true\" style=\"margin-top:var(--wp--preset--spacing--30)\"><input id=\"it_form_consent\" class=\"it-form-field-control form-check-input\" type=\"checkbox\" name=\"consent\" value=\"ok\" required\/><label class=\"it-form-field-inputs-label form-check-label\" for=\"it_form_consent\">En soumettant ce formulaire, j\u2019accepte que les informations saisies soient exploit\u00e9es dans le cadre de la demande de d\u00e9monstration et la relation commerciale qui peut en d\u00e9couler.<br \/>\r\nPour connaitre et exercer vos droits, veuillez consulter notre <a href=\"https:\/\/www.interactiv-technologies.com\/fr\/politique-de-confidentialite-relative-aux-donnees-personnelles\/\">politique de confidentialit\u00e9<\/a>.<\/label><div class=\"invalid-feedback\"><\/div><\/div>\n<\/div>\n<div class=\"wp-block-interactiv-technologies-it-field it-form-field it-form-field-email it-form-field--is-floating form-floating is-style-floating hasNoName\" data-field-name=\"mail_double_check\" data-field-type=\"email\" data-field-label=\"Enter email again\" data-field-required=\"false\"><input class=\"it-form-field-control form-control\" type=\"email\" name=\"mail_double_check\" id=\"it_form_mail_double_check\" placeholder=\"Enter email again\"\/><label class=\"it-form-field-label\" for=\"it_form_mail_double_check\">Enter email again<\/label><div class=\"invalid-feedback\"><\/div><\/div><input type=\"hidden\" name=\"name\" value=\"Formulaire de contact\"\/><input type=\"hidden\" name=\"product\" value=\"contact\"\/><input type=\"hidden\" name=\"tpl\" value=\"2710\"\/><input type=\"hidden\" name=\"landing\" value=\"950\"\/><button class=\"btn-form-submit it-form-submit-btn\" type=\"submit\">Je valide<\/button><input type=\"hidden\" id=\"_wpnonce\" name=\"_wpnonce\" value=\"48e2d68e8a\" \/><input type=\"hidden\" name=\"_wp_http_referer\" value=\"\/fr\/wp-json\/wp\/v2\/pages\/1745\" \/><\/form>\n<\/div>\n<\/div>\n<\/div>\n","protected":false},"excerpt":{"rendered":"<p>Formulaire de contact Contactez-nous d\u00e8s maintenant ! Vous avez besoin d&rsquo;un renseignement ? Vous avez une question sp\u00e9cifique ? Vous souhaitez nous faire part de votre probl\u00e9matique autour de la gestion de vos donn\u00e9es produits ? Nos \u00e9quipes sont l\u00e0 pour vous conseiller et vous accompagner. Remplissez d\u00e8s maintenant le formulaire de contact ci-contre : [&hellip;]<\/p>\n","protected":false},"author":2,"featured_media":0,"parent":0,"menu_order":0,"comment_status":"closed","ping_status":"closed","template":"","meta":{"_seopress_robots_primary_cat":"","_seopress_titles_title":"%%post_title%% %%sep%% %%sitetitle%%","_seopress_titles_desc":"Contactez-nous pour toute question sur la gestion et diffusion de vos donn\u00e9es produits : PIM\/DAM, EasyCatalog avec InDesign, flipbook interactif \u00e9volu\u00e9...","_seopress_robots_index":"","_it_page_product":"contact","_it_call_to_action":["{\"text\":\"\",\"url\":\"\"}","{\"text\":\"\",\"url\":\"\"}","{\"text\":\"\",\"url\":\"\"}","{\"text\":\"\",\"url\":\"\"}"],"footnotes":""},"class_list":["post-1745","page","type-page","status-publish","hentry"],"_links":{"self":[{"href":"https:\/\/www.interactiv-technologies.com\/fr\/wp-json\/wp\/v2\/pages\/1745","targetHints":{"allow":["GET"]}}],"collection":[{"href":"https:\/\/www.interactiv-technologies.com\/fr\/wp-json\/wp\/v2\/pages"}],"about":[{"href":"https:\/\/www.interactiv-technologies.com\/fr\/wp-json\/wp\/v2\/types\/page"}],"author":[{"embeddable":true,"href":"https:\/\/www.interactiv-technologies.com\/fr\/wp-json\/wp\/v2\/users\/2"}],"replies":[{"embeddable":true,"href":"https:\/\/www.interactiv-technologies.com\/fr\/wp-json\/wp\/v2\/comments?post=1745"}],"version-history":[{"count":35,"href":"https:\/\/www.interactiv-technologies.com\/fr\/wp-json\/wp\/v2\/pages\/1745\/revisions"}],"predecessor-version":[{"id":12313,"href":"https:\/\/www.interactiv-technologies.com\/fr\/wp-json\/wp\/v2\/pages\/1745\/revisions\/12313"}],"wp:attachment":[{"href":"https:\/\/www.interactiv-technologies.com\/fr\/wp-json\/wp\/v2\/media?parent=1745"}],"curies":[{"name":"wp","href":"https:\/\/api.w.org\/{rel}","templated":true}]}}