{"id":1715,"date":"2024-02-02T14:54:10","date_gmt":"2024-02-02T13:54:10","guid":{"rendered":"https:\/\/www.interactiv-technologies.com\/?page_id=1715"},"modified":"2026-04-20T16:25:38","modified_gmt":"2026-04-20T14:25:38","slug":"e-catalogue-interactif","status":"publish","type":"page","link":"https:\/\/www.interactiv-technologies.com\/fr\/catalogue-interactif\/e-catalogue-interactif\/","title":{"rendered":"Le E-catalogue interactif"},"content":{"rendered":"\n<div class=\"wp-block-group alignfull has-vert-accent-background-color has-background has-global-padding is-layout-constrained wp-block-group-is-layout-constrained\" style=\"padding-top:var(--wp--preset--spacing--40);padding-bottom:var(--wp--preset--spacing--60)\">\n<div class=\"wp-block-group alignwide has-blanc-color has-text-color has-link-color has-small-font-size wp-elements-bf8c93ea3ef9660c3f317439d4e72dba has-global-padding is-layout-constrained wp-block-group-is-layout-constrained\"><div class=\"alignwide wp-block-wpseopress-breadcrumbs\"><nav  aria-label=\"Fil d&#039;Ariane\"><ol class=\"breadcrumb\" itemscope itemtype=\"https:\/\/schema.org\/BreadcrumbList\"><li class=\"breadcrumb-item active\" aria-current=\"page\" itemprop=\"itemListElement\" itemscope itemtype=\"https:\/\/schema.org\/ListItem\"><span itemprop=\"name\">Accueil<\/span><meta itemprop=\"position\" content=\"1\"><\/li><\/ol><\/nav><\/div><\/div>\n\n\n\n<h1 class=\"wp-block-heading has-text-align-center has-blanc-color has-text-color has-link-color wp-elements-ca5355a9932bfd43370e067c024be269\">Le E-catalogue interactif<\/h1>\n<\/div>\n\n\n\n<section class=\"wp-block-group has-blanc-background-color has-background has-global-padding is-layout-constrained wp-block-group-is-layout-constrained\" style=\"padding-top:var(--wp--preset--spacing--60);padding-bottom:var(--wp--preset--spacing--60)\">\n<div class=\"wp-block-media-text has-media-on-the-right is-stacked-on-mobile\" style=\"grid-template-columns:auto 38%\"><div class=\"wp-block-media-text__content\">\n<h2 class=\"wp-block-heading has-vert-accent-color has-text-color has-link-color wp-elements-2ffb0c469fe84c3ce53e531f28a23fb7\">Le E-catalogue Interactif 2.0<\/h2>\n\n\n\n<p>Vous avez un catalogue papier que vous avez adapt\u00e9 au<strong>&nbsp;format PDF.<\/strong><\/p>\n\n\n\n<p>Vous souhaitez le rendre plus&nbsp;<strong>ludique et dynamique<\/strong>&nbsp;pour trouver de&nbsp;<strong>nouveaux clients en parall\u00e8le de votre site internet ?<\/strong><\/p>\n\n\n\n<p class=\"has-link-color wp-elements-d3305bc04adc92e4b17d5b9d6fa1e1be\"><strong><a href=\"https:\/\/www.interactiv-technologies.com\/fr\/catalogue-interactif\/\"><mark style=\"background-color:rgba(0, 0, 0, 0)\" class=\"has-inline-color has-vert-accent-color\">Interactiv\u2019 Doc<\/mark><\/a><\/strong> vous permet,&nbsp;<strong>sans efforts et rapidement, de convertir un fichier PDF en e-catalogue interactif \u00e9volu\u00e9.<\/strong>&nbsp;Interactiv\u2019 Doc est la solution de r\u00e9f\u00e9rence pour r\u00e9pondre \u00e0 vos besoins les plus sp\u00e9cifiques.<\/p>\n\n\n\n<div class=\"wp-block-group has-global-padding is-layout-constrained wp-block-group-is-layout-constrained\" style=\"padding-top:var(--wp--preset--spacing--40)\">\n<div class=\"wp-block-buttons is-layout-flex wp-block-buttons-is-layout-flex\">\n<div class=\"wp-block-button\"><a class=\"wp-block-button__link wp-element-button\" href=\"#testez-votre-doc\">Testez gratuitement<\/a><\/div>\n<\/div>\n<\/div>\n<\/div><figure class=\"wp-block-media-text__media\"><img loading=\"lazy\" decoding=\"async\" width=\"1024\" height=\"576\" src=\"https:\/\/www.interactiv-technologies.com\/app\/uploads\/2026\/04\/Visuels-Flat-Design-DOC-2026-8-1024x576.jpg\" alt=\"Exemple d' E-catalogue interactif 2.0, capable de r\u00e9pondre \u00e0 vos besoins les plus sp\u00e9cifiques.\" class=\"wp-image-16603 size-full\" srcset=\"https:\/\/www.interactiv-technologies.com\/app\/uploads\/2026\/04\/Visuels-Flat-Design-DOC-2026-8-1024x576.jpg 1024w, https:\/\/www.interactiv-technologies.com\/app\/uploads\/2026\/04\/Visuels-Flat-Design-DOC-2026-8-300x169.jpg 300w, https:\/\/www.interactiv-technologies.com\/app\/uploads\/2026\/04\/Visuels-Flat-Design-DOC-2026-8-768x432.jpg 768w, https:\/\/www.interactiv-technologies.com\/app\/uploads\/2026\/04\/Visuels-Flat-Design-DOC-2026-8-1536x864.jpg 1536w, https:\/\/www.interactiv-technologies.com\/app\/uploads\/2026\/04\/Visuels-Flat-Design-DOC-2026-8.jpg 1920w\" sizes=\"auto, (max-width: 1024px) 100vw, 1024px\" \/><\/figure><\/div>\n<\/section>\n\n\n\n<section class=\"wp-block-group has-blanc-background-color has-background has-global-padding is-layout-constrained wp-block-group-is-layout-constrained\" style=\"padding-top:var(--wp--preset--spacing--60);padding-bottom:var(--wp--preset--spacing--60)\">\n<div class=\"wp-block-media-text is-stacked-on-mobile\" style=\"grid-template-columns:35% auto\"><figure class=\"wp-block-media-text__media\"><img loading=\"lazy\" decoding=\"async\" width=\"624\" height=\"350\" src=\"https:\/\/www.interactiv-technologies.com\/app\/uploads\/2024\/02\/Mockup-avec-PUCES_Doc.png\" alt=\"Les avantages de plateforme Interactiv' Doc pour votre E-catalogue: Facile, Autonomie, Evolu\u00e9, Interactif\" class=\"wp-image-1717 size-full\" srcset=\"https:\/\/www.interactiv-technologies.com\/app\/uploads\/2024\/02\/Mockup-avec-PUCES_Doc.png 624w, https:\/\/www.interactiv-technologies.com\/app\/uploads\/2024\/02\/Mockup-avec-PUCES_Doc-300x168.png 300w\" sizes=\"auto, (max-width: 624px) 100vw, 624px\" \/><\/figure><div class=\"wp-block-media-text__content\">\n<h2 class=\"wp-block-heading has-vert-accent-color has-text-color has-link-color wp-elements-cd6f795ac8d4d52c9a3aa8e0e55ad244\">Facile \u00e0 r\u00e9aliser, dynamique et efficace !<\/h2>\n\n\n\n<p>Interactiv\u2019 Doc propose&nbsp;<strong>plus de 25 fonctionnalit\u00e9s<\/strong>&nbsp;dont certaines&nbsp;<strong>in\u00e9dites sur le march\u00e9 fran\u00e7ais<\/strong>. Vos&nbsp;<a href=\"https:\/\/www.interactiv-technologies.com\/fr\/catalogue-interactif\/definition-catalogue-interactif-flipbook\/\" target=\"_blank\" rel=\"noreferrer noopener\">catalogues interactifs<\/a>&nbsp;collectent les adresses mails des internautes qui consultent votre catalogue. Nous proc\u00e9dons au r\u00e9f\u00e9rencement naturel automatis\u00e9 (NRA) de votre catalogue sur Google et pr\u00e9sentons des statistiques pr\u00e9cises pour comprendre comment vos lecteurs consultent vos documentations. Nous proposons aussi un&nbsp;<strong>sommaire cliquable<\/strong>, un mode de&nbsp;<strong>lecture audio<\/strong>, des&nbsp;<strong>liens entre les pages<\/strong>, un&nbsp;<strong>feuilleteur 100% compatible mobile et tablettes<\/strong>, une&nbsp;<strong>lecture hors-ligne<\/strong>&nbsp;etc.<\/p>\n\n\n\n<p>Avec Interactiv\u2019 Doc, vous acc\u00e9dez \u00e0 un service qui vous permet de soutenir les efforts commerciaux de votre entit\u00e9 gr\u00e2ce au logiciel. Notre \u00e9quipe est \u00e0 votre disposition pour vous aider, m\u00eame si notre logiciel ne n\u00e9cessite&nbsp;d&rsquo;<strong>aucune comp\u00e9tence technique ou graphique particuli\u00e8re<\/strong>. Notre solution fait l\u2019objet d\u2019am\u00e9liorations permanentes dont vous b\u00e9n\u00e9ficiez syst\u00e9matiquement.<\/p>\n\n\n\n<p>Le e-catalogue interactif est un moyen&nbsp;<strong>simple et peu on\u00e9reux<\/strong>&nbsp;de renforcer la visibilit\u00e9 de vos produits et services sur internet.&nbsp;<strong>Plus de 450 entreprises<\/strong>&nbsp;utilisent nos produits tous les jours, alors pourquoi pas la v\u00f4tre ?<\/p>\n\n\n\n<div class=\"wp-block-group has-global-padding is-layout-constrained wp-block-group-is-layout-constrained\" style=\"padding-top:var(--wp--preset--spacing--40)\">\n<div class=\"wp-block-buttons is-layout-flex wp-block-buttons-is-layout-flex\">\n<div class=\"wp-block-button\"><a class=\"wp-block-button__link wp-element-button\" href=\"https:\/\/www.interactiv-technologies.com\/fr\/catalogue-interactif\/\">En savoir plus<\/a><\/div>\n<\/div>\n<\/div>\n<\/div><\/div>\n<\/section>\n\n\n\n<hr class=\"wp-block-separator has-alpha-channel-opacity\"\/>\n\n\n\n<div class=\"wp-block-group has-global-padding is-layout-constrained wp-block-group-is-layout-constrained\" style=\"padding-top:var(--wp--preset--spacing--60);padding-bottom:var(--wp--preset--spacing--60)\">\n<h2 class=\"wp-block-heading has-text-align-center\" id=\"testez-votre-doc\">En un clic, passez d&rsquo;un simple fichier PDF \u00e0 un catalogue interactif \u00e9volu\u00e9<\/h2>\n\n\n\n<div class=\"wp-block-columns is-layout-flex wp-container-core-columns-is-layout-12a0b04b wp-block-columns-is-layout-flex\" style=\"padding-top:var(--wp--preset--spacing--40)\">\n<div class=\"wp-block-column is-vertically-aligned-center is-layout-flow wp-block-column-is-layout-flow\">\n<figure class=\"wp-block-image size-full\"><img loading=\"lazy\" decoding=\"async\" width=\"1920\" height=\"1080\" src=\"https:\/\/www.interactiv-technologies.com\/app\/uploads\/2017\/03\/Visuels-Flat-Design-DOC-2026-2.0-8.jpg\" alt=\"Transformation d'un simple fichier PDF en un E-catalogue interactif \u00e9volu\u00e9, gr\u00e2ce \u00e0 la plateforme Interactiv' Doc\" class=\"wp-image-16357\" srcset=\"https:\/\/www.interactiv-technologies.com\/app\/uploads\/2017\/03\/Visuels-Flat-Design-DOC-2026-2.0-8.jpg 1920w, https:\/\/www.interactiv-technologies.com\/app\/uploads\/2017\/03\/Visuels-Flat-Design-DOC-2026-2.0-8-300x169.jpg 300w, https:\/\/www.interactiv-technologies.com\/app\/uploads\/2017\/03\/Visuels-Flat-Design-DOC-2026-2.0-8-1024x576.jpg 1024w, https:\/\/www.interactiv-technologies.com\/app\/uploads\/2017\/03\/Visuels-Flat-Design-DOC-2026-2.0-8-768x432.jpg 768w, https:\/\/www.interactiv-technologies.com\/app\/uploads\/2017\/03\/Visuels-Flat-Design-DOC-2026-2.0-8-1536x864.jpg 1536w\" sizes=\"auto, (max-width: 1920px) 100vw, 1920px\" \/><\/figure>\n<\/div>\n\n\n\n<div class=\"wp-block-column is-vertically-aligned-center is-layout-flow wp-block-column-is-layout-flow\">\n<div class=\"wp-block-group has-global-padding is-layout-constrained wp-block-group-is-layout-constrained\">\n<form class=\"wp-block-interactiv-technologies-it-form needs-validation it-pattern-form-simple it-pattern-form-simple--file it-pattern-card\" novalidate action=\"\" method=\"post\" enctype=\"multipart\/form-data\"><div class=\"it-form-ribbon\">D\u00e9di\u00e9 aux professionnels<\/div>\n<p class=\"it-form-title\">Testez gratuitement<\/p>\n\n\n\n<div class=\"wp-block-group has-global-padding is-layout-constrained wp-container-core-group-is-layout-7bc66994 wp-block-group-is-layout-constrained\">\n<div class=\"wp-block-interactiv-technologies-it-field it-form-field it-form-field-status it-form-field--required it-form-field--is-floating form-floating is-style-floating\" data-field-name=\"status\" data-field-type=\"status\" data-field-label=\"Vous \u00eates\" data-field-required=\"true\"><select id=\"it_form_status\" class=\"it-form-field-control form-select\" name=\"status\" required><option value=\"\" disabled selected>S\u00e9lectionner un statut<\/option><option value=\"company\">Une soci\u00e9t\u00e9<\/option><option value=\"agency\">Une agence<\/option><option value=\"freelance\">Un(e) freelance<\/option><option value=\"association\">Une association<\/option><option value=\"individual\">Un particulier<\/option><\/select><label class=\"it-form-field-label\" for=\"it_form_status\">Vous \u00eates<\/label><div class=\"invalid-feedback\"><\/div><\/div>\n\n\n\n<div class=\"wp-block-interactiv-technologies-it-field it-form-field it-form-field-text it-form-field--is-floating form-floating is-style-floating\" data-field-name=\"society\" data-field-type=\"text\" data-field-label=\"Soci\u00e9t\u00e9\" data-field-required=\"false\"><input id=\"it_form_society\" class=\"it-form-field-control form-control\" type=\"text\" name=\"society\" placeholder=\"Soci\u00e9t\u00e9\"\/><label class=\"it-form-field-label\" for=\"it_form_society\">Soci\u00e9t\u00e9<\/label><div class=\"invalid-feedback\"><\/div><\/div>\n\n\n\n<div class=\"wp-block-interactiv-technologies-it-field it-form-field it-form-field-text it-form-field--required it-form-field--is-floating form-floating is-style-floating\" data-field-name=\"identity\" data-field-type=\"text\" data-field-label=\"Nom Pr\u00e9nom\" data-field-required=\"true\"><input id=\"it_form_identity\" class=\"it-form-field-control form-control\" type=\"text\" name=\"identity\" placeholder=\"Nom Pr\u00e9nom\" required\/><label class=\"it-form-field-label\" for=\"it_form_identity\">Nom Pr\u00e9nom<\/label><div class=\"invalid-feedback\"><\/div><\/div>\n\n\n\n<div class=\"wp-block-interactiv-technologies-it-field it-form-field it-form-field-email it-form-field--required it-form-field--is-floating form-floating is-style-floating\" data-field-name=\"mail\" data-field-type=\"email\" data-field-label=\"E-mail\" data-field-required=\"true\"><input id=\"it_form_mail\" class=\"it-form-field-control form-control\" type=\"email\" name=\"mail\" placeholder=\"\" required\/><label class=\"it-form-field-label\" for=\"it_form_mail\">E-mail<\/label><div class=\"invalid-feedback\"><\/div><\/div>\n\n\n\n<div class=\"wp-block-interactiv-technologies-it-field it-form-field it-form-field-text it-form-field--required it-form-field--is-floating form-floating is-style-floating\" data-field-name=\"phone\" data-field-type=\"text\" data-field-label=\"T\u00e9l\u00e9phone\" data-field-required=\"true\"><input id=\"it_form_phone\" class=\"it-form-field-control form-control\" type=\"text\" name=\"phone\" placeholder=\"T\u00e9l\u00e9phone\" required\/><label class=\"it-form-field-label\" for=\"it_form_phone\">T\u00e9l\u00e9phone<\/label><div class=\"invalid-feedback\"><\/div><\/div>\n\n\n\n<div class=\"wp-block-interactiv-technologies-it-field it-form-field it-form-field-file it-form-field--is-stacked is-style-stacked\" data-field-name=\"pdf\" data-field-type=\"file\" data-field-label=\"Chargez votre fichier (facultatif)\" data-field-required=\"false\" style=\"margin-top:var(--wp--preset--spacing--40)\"><input type=\"hidden\" class=\"it-form-field-control-accept\" name=\"pdf_accept\" value=\"\"\/><input id=\"it_form_pdf\" class=\"it-form-field-control form-control\" type=\"file\" name=\"pdf\" accept=\"\"\/><label class=\"it-form-field-label\" for=\"it_form_pdf\">Chargez votre fichier (facultatif)<\/label><div class=\"invalid-feedback\"><\/div><\/div>\n\n\n\n<div class=\"wp-block-interactiv-technologies-it-field it-form-field it-form-field-consent it-form-field--consent form-check it-form-field--required\" data-field-name=\"consent\" data-field-type=\"consent\" data-field-label=\"\" data-field-required=\"true\" style=\"margin-top:var(--wp--preset--spacing--30)\"><input id=\"it_form_consent\" class=\"it-form-field-control form-check-input\" type=\"checkbox\" name=\"consent\" value=\"ok\" required\/><label class=\"it-form-field-inputs-label form-check-label\" for=\"it_form_consent\">En soumettant ce formulaire, j\u2019accepte que les informations saisies soient exploit\u00e9es dans le cadre de la demande de d\u00e9monstration et la relation commerciale qui peut en d\u00e9couler.<br \/>\r\nPour connaitre et exercer vos droits, veuillez consulter notre <a href=\"https:\/\/www.interactiv-technologies.com\/fr\/politique-de-confidentialite-relative-aux-donnees-personnelles\/\">politique de confidentialit\u00e9<\/a>.<\/label><div class=\"invalid-feedback\"><\/div><\/div>\n<\/div>\n<div class=\"wp-block-interactiv-technologies-it-field it-form-field it-form-field-email it-form-field--is-floating form-floating is-style-floating hasNoName\" data-field-name=\"mail_double_check\" data-field-type=\"email\" data-field-label=\"Enter email again\" data-field-required=\"false\"><input class=\"it-form-field-control form-control\" type=\"email\" name=\"mail_double_check\" id=\"it_form_mail_double_check\" placeholder=\"Enter email again\"\/><label class=\"it-form-field-label\" for=\"it_form_mail_double_check\">Enter email again<\/label><div class=\"invalid-feedback\"><\/div><\/div><input type=\"hidden\" name=\"name\" value=\"Testez gratuitement\"\/><input type=\"hidden\" name=\"product\" value=\"itdoc\"\/><input type=\"hidden\" name=\"tpl\" value=\"2711\"\/><input type=\"hidden\" name=\"landing\" value=\"950\"\/><button class=\"btn-form-submit it-form-submit-btn\" type=\"submit\">Je valide<\/button><input type=\"hidden\" id=\"_wpnonce\" name=\"_wpnonce\" value=\"6bc82eb038\" \/><input type=\"hidden\" name=\"_wp_http_referer\" value=\"\/fr\/wp-json\/wp\/v2\/pages\/1715\" \/><\/form>\n<\/div>\n<\/div>\n<\/div>\n<\/div>\n\n\n\n<section class=\"wp-block-group alignfull has-vert-accent-background-color has-background has-global-padding is-content-justification-center is-layout-constrained wp-container-core-group-is-layout-487f564d wp-block-group-is-layout-constrained\" style=\"min-height:0px;margin-top:0;margin-bottom:0;padding-top:3rem;padding-right:0;padding-bottom:3rem;padding-left:0\">\n<h2 class=\"wp-block-heading has-blanc-color has-text-color has-link-color wp-elements-6100a28a18b8c5625ecb9f69a2c4422a\" style=\"padding-top:var(--wp--preset--spacing--30);padding-bottom:var(--wp--preset--spacing--60)\">Consultez notre guide pour cr\u00e9er votre support interactif d\u00e8s aujourd&rsquo;hui !<\/h2>\n\n\n\n<div class=\"wp-block-columns is-layout-flex wp-container-core-columns-is-layout-e477a36d wp-block-columns-is-layout-flex\" style=\"padding-bottom:var(--wp--preset--spacing--60)\">\n<div class=\"wp-block-column is-layout-flow wp-block-column-is-layout-flow\">\n<aside class=\"wp-block-group it-pattern-card has-blanc-background-color has-background is-vertical is-content-justification-center is-layout-flex wp-container-core-group-is-layout-ce155fab wp-block-group-is-layout-flex\" style=\"min-height:100%\">\n<h2 class=\"wp-block-heading has-text-align-center\">Brochures <br>interactives<\/h2>\n\n\n\n<p class=\"has-text-align-center\">Transformez votre&nbsp;brochure commerciale&nbsp;ou flyer au format PDF en&nbsp;brochure interactive en ligne&nbsp;pour renforcer le nombre de mises en relations avec votre entreprise. <\/p>\n\n\n\n<p class=\"has-text-align-center\"><strong>Collectez facilement des e-mails <\/strong><br><strong>de prospects !<\/strong><\/p>\n\n\n\n<div class=\"wp-block-buttons is-content-justification-center is-layout-flex wp-container-core-buttons-is-layout-a89b3969 wp-block-buttons-is-layout-flex\">\n<div class=\"wp-block-button\"><a class=\"wp-block-button__link wp-element-button\" href=\"https:\/\/www.interactiv-technologies.com\/fr\/convertir-pdf-brochure-interactive\/\">Cr\u00e9er une brochure interactive<\/a><\/div>\n<\/div>\n<\/aside>\n<\/div>\n\n\n\n<div class=\"wp-block-column is-layout-flow wp-block-column-is-layout-flow\">\n<aside class=\"wp-block-group it-pattern-card has-blanc-background-color has-background is-vertical is-content-justification-center is-layout-flex wp-container-core-group-is-layout-ce155fab wp-block-group-is-layout-flex\" style=\"min-height:100%\">\n<h2 class=\"wp-block-heading has-text-align-center\">Catalogue virtuel interactif<\/h2>\n\n\n\n<p class=\"has-text-align-center\">Dynamisez un catalogue au format PDF en ajoutant un sommaire, des&nbsp;zones cliquables, ou m\u00eame&nbsp;un panier e-commerce&nbsp;pour permettre d\u2019acheter directement vos produits. <\/p>\n\n\n\n<p class=\"has-text-align-center\"><strong>G\u00e9n\u00e9rez du chiffre d\u2019affaires additionnel facilement !<\/strong><\/p>\n\n\n\n<div class=\"wp-block-buttons is-content-justification-center is-layout-flex wp-container-core-buttons-is-layout-a89b3969 wp-block-buttons-is-layout-flex\">\n<div class=\"wp-block-button\"><a class=\"wp-block-button__link wp-element-button\" href=\"https:\/\/www.interactiv-technologies.com\/fr\/catalogue-virtuel-interactif\/\">Cr\u00e9er un catalogue virtuel<\/a><\/div>\n<\/div>\n<\/aside>\n<\/div>\n\n\n\n<div class=\"wp-block-column is-layout-flow wp-block-column-is-layout-flow\">\n<aside class=\"wp-block-group it-pattern-card has-blanc-background-color has-background is-vertical is-content-justification-center is-layout-flex wp-container-core-group-is-layout-ce155fab wp-block-group-is-layout-flex\" style=\"min-height:100%\">\n<h2 class=\"wp-block-heading has-text-align-center\">Document virtuel interactif<\/h2>\n\n\n\n<p class=\"has-text-align-center\">Passez du PDF statique au&nbsp;document interactif anim\u00e9, avec des vid\u00e9os, des zones cliquables, etc. Proposez un moteur de recherche performant, analysez les recherches et adaptez votre strat\u00e9gie digitale !<\/p>\n\n\n\n<p><strong>Identifiez les besoins de vos prospects !<\/strong><\/p>\n\n\n\n<div class=\"wp-block-buttons is-horizontal is-content-justification-center is-layout-flex wp-container-core-buttons-is-layout-03627597 wp-block-buttons-is-layout-flex\">\n<div class=\"wp-block-button\"><a class=\"wp-block-button__link wp-element-button\" href=\"https:\/\/www.interactiv-technologies.com\/fr\/creer-document-interactif\/\">Cr\u00e9er un document interactif<\/a><\/div>\n<\/div>\n<\/aside>\n<\/div>\n<\/div>\n<\/section>\n\n\n\n<section class=\"wp-block-group alignfull has-gris-clair-background-color has-background has-global-padding is-layout-constrained wp-container-core-group-is-layout-b42db63c wp-block-group-is-layout-constrained\" style=\"margin-top:0;margin-bottom:0;padding-top:var(--wp--preset--spacing--80);padding-right:var(--wp--preset--spacing--50);padding-bottom:var(--wp--preset--spacing--80);padding-left:var(--wp--preset--spacing--50)\">\n<h2 class=\"wp-block-heading has-text-align-center is-style-vert-accent\" style=\"margin-top:0;margin-bottom:var(--wp--preset--spacing--80)\">D\u00e9couvrez les avantages cl\u00e9s des e-catalogues et e-documents interactifs pour votre business<\/h2>\n\n\n\n<div class=\"wp-block-group alignwide has-global-padding is-layout-constrained wp-container-core-group-is-layout-c5bbea69 wp-block-group-is-layout-constrained\">\n<div class=\"wp-block-columns alignwide is-layout-flex wp-container-core-columns-is-layout-f5a44f5b wp-block-columns-is-layout-flex\">\n<div class=\"wp-block-column is-vertically-aligned-stretch is-layout-flow wp-block-column-is-layout-flow\" style=\"flex-basis:33.34%\">\n<aside class=\"wp-block-group it-pattern-card has-blanc-background-color has-background wp-container-content-9cfa9a5a is-vertical is-content-justification-center is-layout-flex wp-container-core-group-is-layout-ce155fab wp-block-group-is-layout-flex\" style=\"min-height:100%\">\n<h3 class=\"wp-block-heading has-text-align-center has-vert-accent-color has-text-color has-link-color wp-elements-def314d017ff1fd6513285d6939493cd\"><a href=\"https:\/\/www.interactiv-technologies.com\/fr\/catalogue-interactif\/publier-catalogue-google\/\">Le r\u00e9f\u00e9rencement pour vos catalogues<\/a><\/h3>\n\n\n\n<p class=\"has-text-align-center\">R\u00e9f\u00e9rencez enti\u00e8rement le contenu de vos catalogues avec le module de r\u00e9f\u00e9rencement naturel d\u2019Interactiv\u2019 Doc\u2026<\/p>\n<\/aside>\n<\/div>\n\n\n\n<div class=\"wp-block-column is-vertically-aligned-stretch is-layout-flow wp-block-column-is-layout-flow\" style=\"flex-basis:33.34%\">\n<aside class=\"wp-block-group it-pattern-card has-blanc-background-color has-background wp-container-content-9cfa9a5a has-global-padding is-layout-constrained wp-block-group-is-layout-constrained\" style=\"min-height:100%\">\n<h3 class=\"wp-block-heading has-text-align-center has-vert-accent-color has-text-color has-link-color wp-elements-93e736b710c4006c0f3011cd651a8f07\"><a href=\"https:\/\/www.interactiv-technologies.com\/fr\/catalogue-interactif\/service-click-and-collect-outils-logiciels\/\">Click and Collect<\/a><\/h3>\n\n\n\n<p class=\"has-text-align-center\">Permettez \u00e0 vos clients de passer commande sur vos catalogues et de venir les chercher en magasin gr\u00e2ce \u00e0 Interactiv\u2019 Doc. Comprenez pourquoi et comment mettre en place un service de Click and Collect.<\/p>\n<\/aside>\n<\/div>\n\n\n\n<div class=\"wp-block-column is-vertically-aligned-stretch is-layout-flow wp-block-column-is-layout-flow\" style=\"flex-basis:33.33%\">\n<aside class=\"wp-block-group it-pattern-card has-blanc-background-color has-background wp-container-content-9cfa9a5a has-global-padding is-layout-constrained wp-block-group-is-layout-constrained\" style=\"min-height:100%\">\n<h3 class=\"wp-block-heading has-text-align-center has-vert-accent-color has-text-color has-link-color wp-elements-0d1cecff65124a3f18b30cba62f1580e\"><a href=\"https:\/\/www.interactiv-technologies.com\/fr\/catalogue-interactif\/collectez-mails-prospects-catalogue-interactif\/\">La collecte de prospect avec un catalogue en ligne<\/a><\/h3>\n\n\n\n<p class=\"has-text-align-center\">Grace aux diff\u00e9rentes fonctionnalit\u00e9s telles que le panier, le formulaire de contact\u2026 vous r\u00e9coltez plus de prospects et g\u00e9n\u00e9rez aussi du chiffre d\u2019affaires additionnel\u2026<\/p>\n<\/aside>\n<\/div>\n<\/div>\n<\/div>\n<\/section>\n\n\n\n<p><\/p>\n","protected":false},"excerpt":{"rendered":"<p>Le E-catalogue interactif Le E-catalogue Interactif 2.0 Vous avez un catalogue papier que vous avez adapt\u00e9 au&nbsp;format PDF. Vous souhaitez le rendre plus&nbsp;ludique et dynamique&nbsp;pour trouver de&nbsp;nouveaux clients en parall\u00e8le de votre site internet ? Interactiv\u2019 Doc vous permet,&nbsp;sans efforts et rapidement, de convertir un fichier PDF en e-catalogue interactif \u00e9volu\u00e9.&nbsp;Interactiv\u2019 Doc est la solution [&hellip;]<\/p>\n","protected":false},"author":2,"featured_media":0,"parent":1289,"menu_order":0,"comment_status":"closed","ping_status":"closed","template":"","meta":{"_seopress_robots_primary_cat":"","_seopress_titles_title":"Comment cr\u00e9er un e-catalogue interactif en toute autonomie ?","_seopress_titles_desc":"T\u00e9l\u00e9chargez votre fichier PDF et cr\u00e9ez un e-catalogue interactif avec des animations, des vid\u00e9os et r\u00e9f\u00e9renc\u00e9 sur Google.","_seopress_robots_index":"","_it_page_product":"ITDoc","_it_call_to_action":["{\"text\":\"Testez gratuitement\",\"url\":\"https:\/\/www.interactiv-technologies.com\/fr\/catalogue-interactif\/formulaire-essai-gratuit-flipbooks\/\"}","{\"text\":\"Demandez une d\u00e9mo\",\"url\":\"https:\/\/www.interactiv-technologies.com\/fr\/catalogue-interactif\/formulaire-demonstration-flipbooks\/\"}","{\"text\":\"Obtenez votre tarif\",\"url\":\"https:\/\/www.interactiv-technologies.com\/fr\/catalogue-interactif\/prix-devis-flipbook\/\"}","{\"text\":\"\",\"url\":\"\"}"],"footnotes":""},"class_list":["post-1715","page","type-page","status-publish","hentry"],"_links":{"self":[{"href":"https:\/\/www.interactiv-technologies.com\/fr\/wp-json\/wp\/v2\/pages\/1715","targetHints":{"allow":["GET"]}}],"collection":[{"href":"https:\/\/www.interactiv-technologies.com\/fr\/wp-json\/wp\/v2\/pages"}],"about":[{"href":"https:\/\/www.interactiv-technologies.com\/fr\/wp-json\/wp\/v2\/types\/page"}],"author":[{"embeddable":true,"href":"https:\/\/www.interactiv-technologies.com\/fr\/wp-json\/wp\/v2\/users\/2"}],"replies":[{"embeddable":true,"href":"https:\/\/www.interactiv-technologies.com\/fr\/wp-json\/wp\/v2\/comments?post=1715"}],"version-history":[{"count":23,"href":"https:\/\/www.interactiv-technologies.com\/fr\/wp-json\/wp\/v2\/pages\/1715\/revisions"}],"predecessor-version":[{"id":16807,"href":"https:\/\/www.interactiv-technologies.com\/fr\/wp-json\/wp\/v2\/pages\/1715\/revisions\/16807"}],"up":[{"embeddable":true,"href":"https:\/\/www.interactiv-technologies.com\/fr\/wp-json\/wp\/v2\/pages\/1289"}],"wp:attachment":[{"href":"https:\/\/www.interactiv-technologies.com\/fr\/wp-json\/wp\/v2\/media?parent=1715"}],"curies":[{"name":"wp","href":"https:\/\/api.w.org\/{rel}","templated":true}]}}