{"id":1704,"date":"2024-02-02T14:12:48","date_gmt":"2024-02-02T13:12:48","guid":{"rendered":"https:\/\/www.interactiv-technologies.com\/?page_id=1704"},"modified":"2024-07-05T10:06:29","modified_gmt":"2024-07-05T08:06:29","slug":"easycatalog-sur-indesign-formation-avancee","status":"publish","type":"page","link":"https:\/\/www.interactiv-technologies.com\/fr\/formation-easycatalog-adobe-indesign\/formation-easycatalog-avancee\/","title":{"rendered":"Formation Avanc\u00e9e EasyCatalog"},"content":{"rendered":"<div style=\"padding-top:var(--wp--preset--spacing--40);\" class=\"alignwide wp-block-wpseopress-breadcrumbs has-small-font-size\"><nav  aria-label=\"Fil d&#039;Ariane\"><ol class=\"breadcrumb\" itemscope itemtype=\"https:\/\/schema.org\/BreadcrumbList\"><li class=\"breadcrumb-item active\" aria-current=\"page\" itemprop=\"itemListElement\" itemscope itemtype=\"https:\/\/schema.org\/ListItem\"><span itemprop=\"name\">Accueil<\/span><meta itemprop=\"position\" content=\"1\"><\/li><\/ol><\/nav><\/div>\n\n\n<div class=\"wp-block-columns is-layout-flex wp-container-core-columns-is-layout-3e1d588b wp-block-columns-is-layout-flex\" style=\"margin-top:var(--wp--preset--spacing--70)\">\n<div class=\"wp-block-column is-layout-flow wp-block-column-is-layout-flow\" style=\"flex-basis:66.66%\">\n<h1 class=\"wp-block-heading\" id=\"formation-avanc\u00e9e\">EasyCatalog (sur InDesign) : formation avanc\u00e9e<\/h1>\n\n\n\n<p><strong>Pour les graphistes et professionnels de la mise en page<\/strong><\/p>\n\n\n\n<ul class=\"wp-block-list\">\n<li><strong>Pr\u00e9requis :<\/strong>&nbsp;\u00catre un utilisateur d\u2019InDesign et avoir suivi une formation de base \u00e0 EasyCatalog.<\/li>\n\n\n\n<li><strong>Objectifs :<\/strong>&nbsp;Apprendre les notions avanc\u00e9es d\u2019EasyCatalog (plug-in d\u2019InDesign), adopter les m\u00e9thodes et outils adapt\u00e9s.<\/li>\n\n\n\n<li><strong>Dur\u00e9e :<\/strong>&nbsp;1 jour<\/li>\n\n\n\n<li><strong>Financement<\/strong>&nbsp;: Formations certifi\u00e9es (Qualiopi) pouvant \u00eatre prises en charge financi\u00e8rement (OPCO, FNE-Formations, \u2026).<\/li>\n<\/ul>\n\n\n\n<div class=\"wp-block-group has-global-padding is-layout-constrained wp-block-group-is-layout-constrained\" style=\"padding-top:var(--wp--preset--spacing--40)\">\n<div class=\"wp-block-buttons is-layout-flex wp-block-buttons-is-layout-flex\">\n<div class=\"wp-block-button\"><a class=\"wp-block-button__link wp-element-button\" href=\"https:\/\/www.interactiv-technologies.com\/fr\/formation-easycatalog-adobe-indesign\/\">D\u00e9couvrez toutes nos formations<\/a><\/div>\n\n\n\n<div class=\"wp-block-button is-style-outline is-style-outline--1\"><a class=\"wp-block-button__link wp-element-button\" href=\"https:\/\/www.interactiv-technologies.com\/fr\/formation-easycatalog-adobe-indesign\/prix-devis-formation\/\">Besoin d&rsquo;une estimation tarifaire ?<\/a><\/div>\n<\/div>\n<\/div>\n<\/div>\n\n\n\n<div class=\"wp-block-column is-vertically-aligned-center is-layout-flow wp-block-column-is-layout-flow\" style=\"flex-basis:33.33%\" id=\"formulaire\">\n<div class=\"wp-block-group has-global-padding is-layout-constrained wp-block-group-is-layout-constrained\">\n<form class=\"wp-block-interactiv-technologies-it-form needs-validation it-pattern-form-simple it-pattern-form-simple--msg it-pattern-card\" novalidate action=\"\" method=\"post\" enctype=\"multipart\/form-data\"><div class=\"it-form-ribbon\">D\u00e9di\u00e9 aux professionnels<\/div>\n<p class=\"it-form-title\">Parlons de votre projet !<\/p>\n\n\n\n<div class=\"wp-block-group has-global-padding is-layout-constrained wp-container-core-group-is-layout-7bc66994 wp-block-group-is-layout-constrained\">\n<div class=\"wp-block-interactiv-technologies-it-field it-form-field it-form-field-status it-form-field--required it-form-field--is-floating form-floating is-style-floating\" data-field-name=\"status\" data-field-type=\"status\" data-field-label=\"Vous \u00eates\" data-field-required=\"true\"><select id=\"it_form_status\" class=\"it-form-field-control form-select\" name=\"status\" required><option value=\"\" disabled selected>S\u00e9lectionner un statut<\/option><option value=\"company\">Une soci\u00e9t\u00e9<\/option><option value=\"agency\">Une agence<\/option><option value=\"freelance\">Un(e) freelance<\/option><option value=\"association\">Une association<\/option><option value=\"individual\">Un particulier<\/option><\/select><label class=\"it-form-field-label\" for=\"it_form_status\">Vous \u00eates<\/label><div class=\"invalid-feedback\"><\/div><\/div>\n\n\n\n<div class=\"wp-block-interactiv-technologies-it-field it-form-field it-form-field-text it-form-field--is-floating form-floating is-style-floating\" data-field-name=\"society\" data-field-type=\"text\" data-field-label=\"Soci\u00e9t\u00e9\" data-field-required=\"false\"><input id=\"it_form_society\" class=\"it-form-field-control form-control\" type=\"text\" name=\"society\" placeholder=\"Soci\u00e9t\u00e9\"\/><label class=\"it-form-field-label\" for=\"it_form_society\">Soci\u00e9t\u00e9<\/label><div class=\"invalid-feedback\"><\/div><\/div>\n\n\n\n<div class=\"wp-block-interactiv-technologies-it-field it-form-field it-form-field-text it-form-field--required it-form-field--is-floating form-floating is-style-floating\" data-field-name=\"identity\" data-field-type=\"text\" data-field-label=\"Nom Pr\u00e9nom\" data-field-required=\"true\"><input id=\"it_form_identity\" class=\"it-form-field-control form-control\" type=\"text\" name=\"identity\" placeholder=\"Nom Pr\u00e9nom\" required\/><label class=\"it-form-field-label\" for=\"it_form_identity\">Nom Pr\u00e9nom<\/label><div class=\"invalid-feedback\"><\/div><\/div>\n\n\n\n<div class=\"wp-block-interactiv-technologies-it-field it-form-field it-form-field-email it-form-field--required it-form-field--is-floating form-floating is-style-floating\" data-field-name=\"mail\" data-field-type=\"email\" data-field-label=\"E-mail\" data-field-required=\"true\"><input id=\"it_form_mail\" class=\"it-form-field-control form-control\" type=\"email\" name=\"mail\" placeholder=\"\" required\/><label class=\"it-form-field-label\" for=\"it_form_mail\">E-mail<\/label><div class=\"invalid-feedback\"><\/div><\/div>\n\n\n\n<div class=\"wp-block-interactiv-technologies-it-field it-form-field it-form-field-text it-form-field--required it-form-field--is-floating form-floating is-style-floating\" data-field-name=\"phone\" data-field-type=\"text\" data-field-label=\"T\u00e9l\u00e9phone\" data-field-required=\"true\"><input id=\"it_form_phone\" class=\"it-form-field-control form-control\" type=\"text\" name=\"phone\" placeholder=\"T\u00e9l\u00e9phone\" required\/><label class=\"it-form-field-label\" for=\"it_form_phone\">T\u00e9l\u00e9phone<\/label><div class=\"invalid-feedback\"><\/div><\/div>\n\n\n\n<div class=\"wp-block-interactiv-technologies-it-field it-form-field it-form-field-textarea it-form-field--is-floating form-floating is-style-floating\" data-field-name=\"msg\" data-field-type=\"textarea\" data-field-label=\"Message (facultatif)\" data-field-required=\"false\"><textarea id=\"it_form_msg\" class=\"it-form-field-control form-control\" name=\"msg\" placeholder=\"Message\" style=\"height:4.2rem\"><\/textarea><label class=\"it-form-field-label\" for=\"it_form_msg\">Message (facultatif)<\/label><div class=\"invalid-feedback\"><\/div><\/div>\n\n\n\n<div class=\"wp-block-interactiv-technologies-it-field it-form-field it-form-field-consent it-form-field--consent form-check it-form-field--required\" data-field-name=\"consent\" data-field-type=\"consent\" data-field-label=\"\" data-field-required=\"true\" style=\"margin-top:var(--wp--preset--spacing--30)\"><input id=\"it_form_consent\" class=\"it-form-field-control form-check-input\" type=\"checkbox\" name=\"consent\" value=\"ok\" required\/><label class=\"it-form-field-inputs-label form-check-label\" for=\"it_form_consent\">En soumettant ce formulaire, j\u2019accepte que les informations saisies soient exploit\u00e9es dans le cadre de la demande de d\u00e9monstration et la relation commerciale qui peut en d\u00e9couler.<br \/>\r\nPour connaitre et exercer vos droits, veuillez consulter notre <a href=\"https:\/\/www.interactiv-technologies.com\/fr\/politique-de-confidentialite-relative-aux-donnees-personnelles\/\">politique de confidentialit\u00e9<\/a>.<\/label><div class=\"invalid-feedback\"><\/div><\/div>\n<\/div>\n<div class=\"wp-block-interactiv-technologies-it-field it-form-field it-form-field-email it-form-field--is-floating form-floating is-style-floating hasNoName\" data-field-name=\"mail_double_check\" data-field-type=\"email\" data-field-label=\"Enter email again\" data-field-required=\"false\"><input class=\"it-form-field-control form-control\" type=\"email\" name=\"mail_double_check\" id=\"it_form_mail_double_check\" placeholder=\"Enter email again\"\/><label class=\"it-form-field-label\" for=\"it_form_mail_double_check\">Enter email again<\/label><div class=\"invalid-feedback\"><\/div><\/div><input type=\"hidden\" name=\"name\" value=\"Parlons de votre projet\"\/><input type=\"hidden\" name=\"product\" value=\"formation\"\/><input type=\"hidden\" name=\"tpl\" value=\"2710\"\/><input type=\"hidden\" name=\"landing\" value=\"950\"\/><button class=\"btn-form-submit it-form-submit-btn\" type=\"submit\">Contactez-moi<\/button><input type=\"hidden\" id=\"_wpnonce\" name=\"_wpnonce\" value=\"0164ba4db4\" \/><input type=\"hidden\" name=\"_wp_http_referer\" value=\"\/fr\/wp-json\/wp\/v2\/pages\/1704\" \/><\/form>\n<\/div>\n<\/div>\n<\/div>\n\n\n\n<hr class=\"wp-block-separator has-alpha-channel-opacity\"\/>\n\n\n\n<section class=\"wp-block-group has-blanc-background-color has-background has-global-padding is-layout-constrained wp-block-group-is-layout-constrained\" style=\"padding-top:var(--wp--preset--spacing--60);padding-bottom:var(--wp--preset--spacing--60)\">\n<div class=\"wp-block-media-text is-stacked-on-mobile\" style=\"grid-template-columns:30% auto\"><figure class=\"wp-block-media-text__media\"><img decoding=\"async\" src=\"https:\/\/www.interactiv-technologies.com\/app\/uploads\/2024\/01\/Logo-Qualiopi-2021-baseline-002.png\" alt=\"\" class=\"wp-image-1266 size-full\"\/><\/figure><div class=\"wp-block-media-text__content\">\n<h2 class=\"wp-block-heading\">La formation avanc\u00e9e EasyCatalog c\u2019est :<\/h2>\n\n\n\n<p>Cette formation avanc\u00e9e \u00e0 EasyCatalog vous permet d\u2019apprendre en un jour les&nbsp;<strong>notions plus avanc\u00e9es<\/strong>&nbsp;du plug-in d\u2019InDesign EasyCatalog : aide \u00e0 la cr\u00e9ation de gabarits produits en fonction du projet, mise en place de r\u00e8gles, aide sur la gestion de la source de donn\u00e9es (champs de regroupement, champs sp\u00e9cifiques, nettoyage, etc.), \u2026 Cette formation s\u2019adapte aux besoins des personnes souhaitant \u00eatre form\u00e9es.<\/p>\n\n\n\n<p>Cette formation repose sur une&nbsp;<strong>d\u00e9marche p\u00e9dagogique structur\u00e9e&nbsp;<\/strong>:<strong><\/strong><\/p>\n\n\n\n<ul class=\"wp-block-list\">\n<li>plusieurs&nbsp;<strong>exercices acad\u00e9miques&nbsp;<\/strong>et des&nbsp;<strong>tutoriels<\/strong>, qui permettent de bien appr\u00e9hender la technologie,<\/li>\n\n\n\n<li>une documentation en fran\u00e7ais \u00e0 jour et adapt\u00e9e (un manuel de formation fourni), qui vous permettra de revenir sur les&nbsp;<strong>points importants<\/strong>&nbsp;abord\u00e9s ult\u00e9rieurement<\/li>\n<\/ul>\n\n\n\n<p>Nous vous proposons aussi bien une formation priv\u00e9e, uniquement pour votre soci\u00e9t\u00e9, qu\u2019une formation interentreprise en fonction de votre projet et de vos besoins. N\u2019h\u00e9sitez pas \u00e0 nous contacter pour demander des informations, un&nbsp;<strong>devis<\/strong>&nbsp;ou des&nbsp;<strong>dates<\/strong><\/p>\n<\/div><\/div>\n<\/section>\n\n\n\n<section class=\"wp-block-group alignfull has-gris-clair-background-color has-background has-global-padding is-layout-constrained wp-container-core-group-is-layout-5e1fba9a wp-block-group-is-layout-constrained\" style=\"min-height:0px;margin-top:0;margin-bottom:0;padding-top:3rem;padding-right:0;padding-bottom:3rem;padding-left:0\">\n<h2 class=\"wp-block-heading has-text-align-center\" style=\"padding-top:0;padding-bottom:var(--wp--preset--spacing--60);text-transform:none\">Programme de la formation avanc\u00e9e EasyCatalog<\/h2>\n\n\n\n<div class=\"wp-block-columns is-layout-flex wp-container-core-columns-is-layout-e477a36d wp-block-columns-is-layout-flex\" style=\"padding-bottom:var(--wp--preset--spacing--60)\">\n<div class=\"wp-block-column is-layout-flow wp-block-column-is-layout-flow\">\n<aside class=\"wp-block-group it-pattern-card has-blanc-background-color has-background is-vertical is-content-justification-center is-layout-flex wp-container-core-group-is-layout-ce155fab wp-block-group-is-layout-flex\" style=\"min-height:100%\">\n<svg aria-hidden=\"true\" focusable=\"false\" data-prefix=\"fas\" data-icon=\"table\" class=\"svg-inline--fa fa-table fa-3x wp-block-interactiv-technologies-it-fa-icon\" role=\"img\" xmlns=\"http:\/\/www.w3.org\/2000\/svg\" viewBox=\"0 0 512 512\" style=\"width:1em\"><path fill=\"currentColor\" d=\"M64 256V160H224v96H64zm0 64H224v96H64V320zm224 96V320H448v96H288zM448 256H288V160H448v96zM64 32C28.7 32 0 60.7 0 96V416c0 35.3 28.7 64 64 64H448c35.3 0 64-28.7 64-64V96c0-35.3-28.7-64-64-64H64z\"><\/path><\/svg>\n\n\n\n<h3 class=\"wp-block-heading has-text-align-center\">G\u00e9rer la source de donn\u00e9es<\/h3>\n\n\n\n<p class=\"has-text-align-center\">Champs de regroupement, champs sp\u00e9cifiques, nettoyage.<\/p>\n<\/aside>\n<\/div>\n\n\n\n<div class=\"wp-block-column is-layout-flow wp-block-column-is-layout-flow\">\n<aside class=\"wp-block-group it-pattern-card has-blanc-background-color has-background is-vertical is-content-justification-center is-layout-flex wp-container-core-group-is-layout-ce155fab wp-block-group-is-layout-flex\" style=\"min-height:100%\">\n<svg aria-hidden=\"true\" focusable=\"false\" data-prefix=\"fas\" data-icon=\"puzzle-piece\" class=\"svg-inline--fa fa-puzzle-piece fa-3x wp-block-interactiv-technologies-it-fa-icon\" role=\"img\" xmlns=\"http:\/\/www.w3.org\/2000\/svg\" viewBox=\"0 0 512 512\" style=\"width:1em\"><path fill=\"currentColor\" d=\"M192 104.8c0-9.2-5.8-17.3-13.2-22.8C167.2 73.3 160 61.3 160 48c0-26.5 28.7-48 64-48s64 21.5 64 48c0 13.3-7.2 25.3-18.8 34c-7.4 5.5-13.2 13.6-13.2 22.8c0 12.8 10.4 23.2 23.2 23.2H336c26.5 0 48 21.5 48 48v56.8c0 12.8 10.4 23.2 23.2 23.2c9.2 0 17.3-5.8 22.8-13.2c8.7-11.6 20.7-18.8 34-18.8c26.5 0 48 28.7 48 64s-21.5 64-48 64c-13.3 0-25.3-7.2-34-18.8c-5.5-7.4-13.6-13.2-22.8-13.2c-12.8 0-23.2 10.4-23.2 23.2V464c0 26.5-21.5 48-48 48H279.2c-12.8 0-23.2-10.4-23.2-23.2c0-9.2 5.8-17.3 13.2-22.8c11.6-8.7 18.8-20.7 18.8-34c0-26.5-28.7-48-64-48s-64 21.5-64 48c0 13.3 7.2 25.3 18.8 34c7.4 5.5 13.2 13.6 13.2 22.8c0 12.8-10.4 23.2-23.2 23.2H48c-26.5 0-48-21.5-48-48V343.2C0 330.4 10.4 320 23.2 320c9.2 0 17.3 5.8 22.8 13.2C54.7 344.8 66.7 352 80 352c26.5 0 48-28.7 48-64s-21.5-64-48-64c-13.3 0-25.3 7.2-34 18.8C40.5 250.2 32.4 256 23.2 256C10.4 256 0 245.6 0 232.8V176c0-26.5 21.5-48 48-48H168.8c12.8 0 23.2-10.4 23.2-23.2z\"><\/path><\/svg>\n\n\n\n<h3 class=\"wp-block-heading has-text-align-center\">Mettre en place des r\u00e8gles<\/h3>\n\n\n\n<p class=\"has-text-align-center\">Selon les besoins de la personne form\u00e9e.<\/p>\n<\/aside>\n<\/div>\n<\/div>\n\n\n\n<div class=\"wp-block-columns is-layout-flex wp-container-core-columns-is-layout-e477a36d wp-block-columns-is-layout-flex\" style=\"padding-bottom:var(--wp--preset--spacing--60)\">\n<div class=\"wp-block-column is-layout-flow wp-block-column-is-layout-flow\">\n<aside class=\"wp-block-group it-pattern-card has-blanc-background-color has-background is-vertical is-content-justification-center is-layout-flex wp-container-core-group-is-layout-ce155fab wp-block-group-is-layout-flex\" style=\"min-height:100%\">\n<svg aria-hidden=\"true\" focusable=\"false\" data-prefix=\"fas\" data-icon=\"object-group\" class=\"svg-inline--fa fa-object-group fa-3x wp-block-interactiv-technologies-it-fa-icon\" role=\"img\" xmlns=\"http:\/\/www.w3.org\/2000\/svg\" viewBox=\"0 0 576 512\" style=\"width:1em\"><path fill=\"currentColor\" d=\"M32 119.4C12.9 108.4 0 87.7 0 64C0 28.7 28.7 0 64 0c23.7 0 44.4 12.9 55.4 32H456.6C467.6 12.9 488.3 0 512 0c35.3 0 64 28.7 64 64c0 23.7-12.9 44.4-32 55.4V392.6c19.1 11.1 32 31.7 32 55.4c0 35.3-28.7 64-64 64c-23.7 0-44.4-12.9-55.4-32H119.4c-11.1 19.1-31.7 32-55.4 32c-35.3 0-64-28.7-64-64c0-23.7 12.9-44.4 32-55.4V119.4zM456.6 96H119.4c-5.6 9.7-13.7 17.8-23.4 23.4V392.6c9.7 5.6 17.8 13.7 23.4 23.4H456.6c5.6-9.7 13.7-17.8 23.4-23.4V119.4c-9.7-5.6-17.8-13.7-23.4-23.4zM128 160c0-17.7 14.3-32 32-32H288c17.7 0 32 14.3 32 32v96c0 17.7-14.3 32-32 32H160c-17.7 0-32-14.3-32-32V160zM256 320h32c35.3 0 64-28.7 64-64V224h64c17.7 0 32 14.3 32 32v96c0 17.7-14.3 32-32 32H288c-17.7 0-32-14.3-32-32V320z\"><\/path><\/svg>\n\n\n\n<h3 class=\"wp-block-heading has-text-align-center\">Examiner \/ revoir les gabarits produits<\/h3>\n\n\n\n<p class=\"has-text-align-center\">Nombre de gabarits produits, utilit\u00e9, etc.<\/p>\n<\/aside>\n<\/div>\n\n\n\n<div class=\"wp-block-column is-layout-flow wp-block-column-is-layout-flow\">\n<aside class=\"wp-block-group it-pattern-card has-blanc-background-color has-background is-vertical is-content-justification-center is-layout-flex wp-container-core-group-is-layout-ce155fab wp-block-group-is-layout-flex\" style=\"min-height:100%\">\n<svg aria-hidden=\"true\" focusable=\"false\" data-prefix=\"fas\" data-icon=\"file-import\" class=\"svg-inline--fa fa-file-import fa-3x wp-block-interactiv-technologies-it-fa-icon\" role=\"img\" xmlns=\"http:\/\/www.w3.org\/2000\/svg\" viewBox=\"0 0 512 512\" style=\"width:1em\"><path fill=\"currentColor\" d=\"M128 64c0-35.3 28.7-64 64-64H352V128c0 17.7 14.3 32 32 32H512V448c0 35.3-28.7 64-64 64H192c-35.3 0-64-28.7-64-64V336H302.1l-39 39c-9.4 9.4-9.4 24.6 0 33.9s24.6 9.4 33.9 0l80-80c9.4-9.4 9.4-24.6 0-33.9l-80-80c-9.4-9.4-24.6-9.4-33.9 0s-9.4 24.6 0 33.9l39 39H128V64zm0 224v48H24c-13.3 0-24-10.7-24-24s10.7-24 24-24H128zM512 128H384V0L512 128z\"><\/path><\/svg>\n\n\n\n<h3 class=\"wp-block-heading has-text-align-center\">Examiner \/ revoir les m\u00e9thodes de r\u00e9\u00e9quilibrage<\/h3>\n\n\n\n<p class=\"has-text-align-center\">En fonction des besoins de la personne form\u00e9e.<\/p>\n<\/aside>\n<\/div>\n<\/div>\n\n\n\n<div class=\"wp-block-buttons is-content-justification-center is-layout-flex wp-container-core-buttons-is-layout-a89b3969 wp-block-buttons-is-layout-flex\">\n<div class=\"wp-block-button\"><a class=\"wp-block-button__link wp-element-button\" href=\"#formation-avanc\u00e9e\">Inscrivez-vous<\/a><\/div>\n<\/div>\n<\/section>\n\n\n\n<div class=\"wp-block-columns is-layout-flex wp-container-core-columns-is-layout-28f84493 wp-block-columns-is-layout-flex\">\n<div class=\"wp-block-column is-layout-flow wp-block-column-is-layout-flow\" style=\"padding-left:5rem;flex-basis:80%\">\n<h2 class=\"wp-block-heading\">EasyCatalog en r\u00e9sum\u00e9 : c\u2019est le plug-in d\u2019InDesign qui permet d\u2019automatiser la mise en page de vos documents<\/h2>\n\n\n\n<p>EasyCatalog est un&nbsp;plug-in d\u2019InDesign qui permet la mise en page automatis\u00e9e gr\u00e2ce \u00e0 la liaison entre des donn\u00e9es produit structur\u00e9es et le contenu d\u2019un document InDesign. Ce&nbsp;<strong>lien<\/strong>&nbsp;est&nbsp;<strong>bidirectionnel<\/strong>&nbsp;: tout changement fait dans la source de donn\u00e9es peut se r\u00e9percuter dans le document, et inversement aussi.<\/p>\n\n\n\n<div class=\"wp-block-buttons is-layout-flex wp-block-buttons-is-layout-flex\">\n<div class=\"wp-block-button\"><a class=\"wp-block-button__link wp-element-button\" href=\"https:\/\/www.interactiv-technologies.com\/fr\/telecharger-easycatalog\/\">Testez EasyCatalog<\/a><\/div>\n<\/div>\n<\/div>\n\n\n\n<div class=\"wp-block-column is-vertically-aligned-center is-layout-flow wp-block-column-is-layout-flow\" style=\"flex-basis:33.33%\">\n<figure class=\"wp-block-image aligncenter size-full is-resized\"><img loading=\"lazy\" decoding=\"async\" width=\"670\" height=\"321\" src=\"https:\/\/www.interactiv-technologies.com\/app\/uploads\/2024\/07\/Logo_EASYCATALOG_COULEUR_BASELINE_BLEU-2.png\" alt=\"\" class=\"wp-image-7307\" style=\"width:239px;height:auto\" srcset=\"https:\/\/www.interactiv-technologies.com\/app\/uploads\/2024\/07\/Logo_EASYCATALOG_COULEUR_BASELINE_BLEU-2.png 670w, https:\/\/www.interactiv-technologies.com\/app\/uploads\/2024\/07\/Logo_EASYCATALOG_COULEUR_BASELINE_BLEU-2-300x144.png 300w\" sizes=\"auto, (max-width: 670px) 100vw, 670px\" \/><\/figure>\n<\/div>\n<\/div>\n","protected":false},"excerpt":{"rendered":"<p>EasyCatalog (sur InDesign) : formation avanc\u00e9e Pour les graphistes et professionnels de la mise en page La formation avanc\u00e9e EasyCatalog c\u2019est : Cette formation avanc\u00e9e \u00e0 EasyCatalog vous permet d\u2019apprendre en un jour les&nbsp;notions plus avanc\u00e9es&nbsp;du plug-in d\u2019InDesign EasyCatalog : aide \u00e0 la cr\u00e9ation de gabarits produits en fonction du projet, mise en place de [&hellip;]<\/p>\n","protected":false},"author":2,"featured_media":0,"parent":3047,"menu_order":0,"comment_status":"closed","ping_status":"closed","template":"","meta":{"_seopress_robots_primary_cat":"","_seopress_titles_title":"Formation Avanc\u00e9e EasyCatalog - Formateurs certifi\u00e9s par 65bit","_seopress_titles_desc":"Formation avanc\u00e9e EasyCatalog pour simplifier la mise en page automatique de vos catalogues. Devenez alors expert d'EasyCatalog.","_seopress_robots_index":"","_it_page_product":"contact","_it_call_to_action":["{\"text\":\"T\u00e9l\u00e9chargez EasyCatalog\",\"url\":\"https:\/\/www.interactiv-technologies.com\/fr\/telecharger-easycatalog\/\"}","{\"text\":\"Obtenez votre tarif\",\"url\":\"https:\/\/www.interactiv-technologies.com\/fr\/formation-easycatalog-adobe-indesign\/prix-devis-formation\/\"}","{\"text\":\"\",\"url\":\"\"}","{\"text\":\"\",\"url\":\"\"}"],"footnotes":""},"class_list":["post-1704","page","type-page","status-publish","hentry"],"_links":{"self":[{"href":"https:\/\/www.interactiv-technologies.com\/fr\/wp-json\/wp\/v2\/pages\/1704","targetHints":{"allow":["GET"]}}],"collection":[{"href":"https:\/\/www.interactiv-technologies.com\/fr\/wp-json\/wp\/v2\/pages"}],"about":[{"href":"https:\/\/www.interactiv-technologies.com\/fr\/wp-json\/wp\/v2\/types\/page"}],"author":[{"embeddable":true,"href":"https:\/\/www.interactiv-technologies.com\/fr\/wp-json\/wp\/v2\/users\/2"}],"replies":[{"embeddable":true,"href":"https:\/\/www.interactiv-technologies.com\/fr\/wp-json\/wp\/v2\/comments?post=1704"}],"version-history":[{"count":10,"href":"https:\/\/www.interactiv-technologies.com\/fr\/wp-json\/wp\/v2\/pages\/1704\/revisions"}],"predecessor-version":[{"id":7320,"href":"https:\/\/www.interactiv-technologies.com\/fr\/wp-json\/wp\/v2\/pages\/1704\/revisions\/7320"}],"up":[{"embeddable":true,"href":"https:\/\/www.interactiv-technologies.com\/fr\/wp-json\/wp\/v2\/pages\/3047"}],"wp:attachment":[{"href":"https:\/\/www.interactiv-technologies.com\/fr\/wp-json\/wp\/v2\/media?parent=1704"}],"curies":[{"name":"wp","href":"https:\/\/api.w.org\/{rel}","templated":true}]}}