{"id":13482,"date":"2025-11-13T09:53:50","date_gmt":"2025-11-13T08:53:50","guid":{"rendered":"https:\/\/www.interactiv-technologies.com\/?page_id=13482"},"modified":"2026-02-20T11:17:32","modified_gmt":"2026-02-20T10:17:32","slug":"livre-blanc-les-erreurs-conseils-pour-la-gestion-des-donnees-produits","status":"publish","type":"page","link":"https:\/\/www.interactiv-technologies.com\/fr\/base-de-donnees-produits-pim\/livre-blanc-les-erreurs-conseils-pour-la-gestion-des-donnees-produits\/","title":{"rendered":"Livre blanc &#8211; Les erreurs &amp; conseils pour la gestion des donn\u00e9es produits"},"content":{"rendered":"\n<main class=\"wp-block-group alignfull has-global-padding is-layout-constrained wp-block-group-is-layout-constrained\">\n<div class=\"wp-block-group alignfull has-rouge-accent-background-color has-background has-global-padding is-layout-constrained wp-block-group-is-layout-constrained\" style=\"padding-top:var(--wp--preset--spacing--40);padding-bottom:var(--wp--preset--spacing--60)\">\n<div class=\"wp-block-group alignwide has-blanc-color has-text-color has-link-color has-small-font-size wp-elements-bf8c93ea3ef9660c3f317439d4e72dba has-global-padding is-layout-constrained wp-block-group-is-layout-constrained\"><div class=\"alignwide wp-block-wpseopress-breadcrumbs\"><nav  aria-label=\"Fil d&#039;Ariane\"><ol class=\"breadcrumb\" itemscope itemtype=\"https:\/\/schema.org\/BreadcrumbList\"><li class=\"breadcrumb-item active\" aria-current=\"page\" itemprop=\"itemListElement\" itemscope itemtype=\"https:\/\/schema.org\/ListItem\"><span itemprop=\"name\">Accueil<\/span><meta itemprop=\"position\" content=\"1\"><\/li><\/ol><\/nav><\/div><\/div>\n\n\n\n<h1 class=\"wp-block-heading has-text-align-center has-blanc-color has-text-color has-link-color wp-elements-8deba5cb56e2a80e9724522452b2e7bf\" style=\"font-size:clamp(23.54px, 1.471rem + ((1vw - 3.2px) * 1.208), 39px);\">T\u00e9l\u00e9chargez notre livre blanc PIM :<br>\u00ab\u00a05 erreurs courantes dans la gestion des donn\u00e9es produits (et comment les \u00e9viter ?)\u00a0\u00bb<\/h1>\n<\/div>\n<\/main>\n\n\n\n<div class=\"wp-block-columns are-vertically-aligned-top is-layout-flex wp-container-core-columns-is-layout-12a0b04b wp-block-columns-is-layout-flex\" style=\"padding-top:var(--wp--preset--spacing--40)\">\n<div class=\"wp-block-column is-vertically-aligned-top is-layout-flow wp-block-column-is-layout-flow\" style=\"flex-basis:50%\">\n<div class=\"wp-block-group is-nowrap is-layout-flex wp-container-core-group-is-layout-cd9ab148 wp-block-group-is-layout-flex\">\n<div class=\"wp-block-group has-global-padding is-layout-constrained wp-block-group-is-layout-constrained\">\n<h2 class=\"wp-block-heading\" style=\"font-size:clamp(17.905px, 1.119rem + ((1vw - 3.2px) * 0.789), 28px);\">La gestion des donn\u00e9es est un d\u00e9fi majeur pour les entreprises<\/h2>\n\n\n\n<p style=\"font-size:clamp(14px, 0.875rem + ((1vw - 3.2px) * 0.313), 18px);\">Que vous soyez responsable marketing, responsable e-commerce, secr\u00e9taire administratif des ventes, ou encore PDG dans une entreprise qui commercialise des produits, vous savez \u00e0 quel point il peut \u00eatre difficile et chronophage de maintenir des donn\u00e9es produits correctes, claires et \u00e0 jour.<\/p>\n\n\n\n<p style=\"font-size:clamp(14px, 0.875rem + ((1vw - 3.2px) * 0.313), 18px);\"> C&rsquo;est pourquoi nous avons regroup\u00e9 dans ce guide les erreurs les plus courantes ainsi que des recommandations concr\u00e8tes pour \u00e9viter chacune d&rsquo;entre elles et vous aider \u00e0 optimiser le traitement de vos donn\u00e9es !<\/p>\n\n\n\n<p>Retrouvez \u00e9galement plus d&rsquo;informations sur notre <strong>solution PIM\/DAM<\/strong> <a href=\"https:\/\/www.interactiv-technologies.com\/fr\/base-de-donnees-produits-pim\/\">Interactiv&rsquo; Database<\/a>, le logiciel pour centraliser et organiser vos donn\u00e9es.<\/p>\n\n\n\n<figure class=\"wp-block-image aligncenter size-large is-resized\"><img loading=\"lazy\" decoding=\"async\" width=\"1024\" height=\"663\" src=\"https:\/\/www.interactiv-technologies.com\/app\/uploads\/2025\/11\/Officiel-Livre-blanc-20-raisons-dacquerir-un-PIM-et-3-raisons-de-ne-pas-le-faire-1-1024x663.png\" alt=\"Livre blanc &quot;5 erreurs courantes dans la gestion des donn\u00e9es produits (et comment les \u00e9viter ?)&quot; ouvert\" class=\"wp-image-13495\" style=\"width:365px;height:auto\" srcset=\"https:\/\/www.interactiv-technologies.com\/app\/uploads\/2025\/11\/Officiel-Livre-blanc-20-raisons-dacquerir-un-PIM-et-3-raisons-de-ne-pas-le-faire-1-1024x663.png 1024w, https:\/\/www.interactiv-technologies.com\/app\/uploads\/2025\/11\/Officiel-Livre-blanc-20-raisons-dacquerir-un-PIM-et-3-raisons-de-ne-pas-le-faire-1-300x194.png 300w, https:\/\/www.interactiv-technologies.com\/app\/uploads\/2025\/11\/Officiel-Livre-blanc-20-raisons-dacquerir-un-PIM-et-3-raisons-de-ne-pas-le-faire-1-768x498.png 768w, https:\/\/www.interactiv-technologies.com\/app\/uploads\/2025\/11\/Officiel-Livre-blanc-20-raisons-dacquerir-un-PIM-et-3-raisons-de-ne-pas-le-faire-1-1536x995.png 1536w, https:\/\/www.interactiv-technologies.com\/app\/uploads\/2025\/11\/Officiel-Livre-blanc-20-raisons-dacquerir-un-PIM-et-3-raisons-de-ne-pas-le-faire-1.png 1616w\" sizes=\"auto, (max-width: 1024px) 100vw, 1024px\" \/><\/figure>\n<\/div>\n<\/div>\n<\/div>\n\n\n\n<div class=\"wp-block-column is-layout-flow wp-block-column-is-layout-flow\" style=\"padding-top:var(--wp--preset--spacing--50);padding-bottom:var(--wp--preset--spacing--50);flex-basis:50%\">\n<div class=\"wp-block-group has-global-padding is-layout-constrained wp-block-group-is-layout-constrained\" style=\"padding-top:0;padding-bottom:0\">\n<form class=\"wp-block-interactiv-technologies-it-form needs-validation it-pattern-form-simple it-pattern-card\" novalidate action=\"\" method=\"post\" enctype=\"multipart\/form-data\"><div class=\"it-form-ribbon\">D\u00e9di\u00e9 aux professionnels<\/div>\n<p class=\"it-form-title\" style=\"border-style:none;border-width:0px\">T\u00e9l\u00e9chargez le livre blanc \u00ab\u00a05 erreurs courantes dans la gestion des donn\u00e9es\u00a0\u00bb<\/p>\n\n\n\n<div class=\"wp-block-group has-global-padding is-layout-constrained wp-container-core-group-is-layout-7bc66994 wp-block-group-is-layout-constrained\">\n<div class=\"wp-block-interactiv-technologies-it-field it-form-field it-form-field-status it-form-field--required it-form-field--is-floating form-floating is-style-floating\" data-field-name=\"status\" data-field-type=\"status\" data-field-label=\"Vous \u00eates\" data-field-required=\"true\"><select id=\"it_form_status\" class=\"it-form-field-control form-select\" name=\"status\" required><option value=\"\" disabled selected>S\u00e9lectionner un statut<\/option><option value=\"company\">Une soci\u00e9t\u00e9<\/option><option value=\"agency\">Une agence<\/option><option value=\"freelance\">Un(e) freelance<\/option><option value=\"association\">Une association<\/option><option value=\"individual\">Un particulier<\/option><\/select><label class=\"it-form-field-label\" for=\"it_form_status\">Vous \u00eates<\/label><div class=\"invalid-feedback\"><\/div><\/div>\n\n\n\n<div class=\"wp-block-interactiv-technologies-it-field it-form-field it-form-field-text it-form-field--is-floating form-floating is-style-floating\" data-field-name=\"society\" data-field-type=\"text\" data-field-label=\"Soci\u00e9t\u00e9\" data-field-required=\"false\"><input id=\"it_form_society\" class=\"it-form-field-control form-control\" type=\"text\" name=\"society\" placeholder=\"Soci\u00e9t\u00e9\"\/><label class=\"it-form-field-label\" for=\"it_form_society\">Soci\u00e9t\u00e9<\/label><div class=\"invalid-feedback\"><\/div><\/div>\n\n\n\n<div class=\"wp-block-interactiv-technologies-it-field it-form-field it-form-field-text it-form-field--required it-form-field--is-floating form-floating is-style-floating\" data-field-name=\"identity\" data-field-type=\"text\" data-field-label=\"Nom Pr\u00e9nom\" data-field-required=\"true\"><input id=\"it_form_identity\" class=\"it-form-field-control form-control\" type=\"text\" name=\"identity\" placeholder=\"Nom Pr\u00e9nom\" required\/><label class=\"it-form-field-label\" for=\"it_form_identity\">Nom Pr\u00e9nom<\/label><div class=\"invalid-feedback\"><\/div><\/div>\n\n\n\n<div class=\"wp-block-interactiv-technologies-it-field it-form-field it-form-field-email it-form-field--required it-form-field--is-floating form-floating is-style-floating\" data-field-name=\"mail\" data-field-type=\"email\" data-field-label=\"E-mail\" data-field-required=\"true\"><input id=\"it_form_mail\" class=\"it-form-field-control form-control\" type=\"email\" name=\"mail\" placeholder=\"\" required\/><label class=\"it-form-field-label\" for=\"it_form_mail\">E-mail<\/label><div class=\"invalid-feedback\"><\/div><\/div>\n\n\n\n<div class=\"wp-block-interactiv-technologies-it-field it-form-field it-form-field-text it-form-field--required it-form-field--is-floating form-floating is-style-floating\" data-field-name=\"phone\" data-field-type=\"text\" data-field-label=\"T\u00e9l\u00e9phone\" data-field-required=\"true\"><input id=\"it_form_phone\" class=\"it-form-field-control form-control\" type=\"text\" name=\"phone\" placeholder=\"T\u00e9l\u00e9phone\" required\/><label class=\"it-form-field-label\" for=\"it_form_phone\">T\u00e9l\u00e9phone<\/label><div class=\"invalid-feedback\"><\/div><\/div>\n\n\n\n<div class=\"wp-block-interactiv-technologies-it-field it-form-field it-form-field-consent it-form-field--consent form-check it-form-field--required\" data-field-name=\"consent\" data-field-type=\"consent\" data-field-label=\"\" data-field-required=\"true\" style=\"margin-top:var(--wp--preset--spacing--30)\"><input id=\"it_form_consent\" class=\"it-form-field-control form-check-input\" type=\"checkbox\" name=\"consent\" value=\"ok\" required\/><label class=\"it-form-field-inputs-label form-check-label\" for=\"it_form_consent\">En soumettant ce formulaire, j\u2019accepte que les informations saisies soient exploit\u00e9es dans le cadre de la demande de d\u00e9monstration et la relation commerciale qui peut en d\u00e9couler.<br \/>\r\nPour connaitre et exercer vos droits, veuillez consulter notre <a href=\"https:\/\/www.interactiv-technologies.com\/fr\/politique-de-confidentialite-relative-aux-donnees-personnelles\/\">politique de confidentialit\u00e9<\/a>.<\/label><div class=\"invalid-feedback\"><\/div><\/div>\n<\/div>\n<div class=\"wp-block-interactiv-technologies-it-field it-form-field it-form-field-email it-form-field--is-floating form-floating is-style-floating hasNoName\" data-field-name=\"mail_double_check\" data-field-type=\"email\" data-field-label=\"Enter email again\" data-field-required=\"false\"><input class=\"it-form-field-control form-control\" type=\"email\" name=\"mail_double_check\" id=\"it_form_mail_double_check\" placeholder=\"Enter email again\"\/><label class=\"it-form-field-label\" for=\"it_form_mail_double_check\">Enter email again<\/label><div class=\"invalid-feedback\"><\/div><\/div><input type=\"hidden\" name=\"name\" value=\"T\u00e9l\u00e9chargez le livre blanc &quot;5 erreurs courantes dans la gestion des donn\u00e9es&quot;\"\/><input type=\"hidden\" name=\"product\" value=\"itdatabase\"\/><input type=\"hidden\" name=\"tpl\" value=\"31\"\/><input type=\"hidden\" name=\"usertpl\" value=\"13489\"\/><input type=\"hidden\" name=\"landing\" value=\"13615\"\/><button class=\"btn-form-submit it-form-submit-btn\" type=\"submit\">Je valide<\/button><input type=\"hidden\" id=\"_wpnonce\" name=\"_wpnonce\" value=\"48e2d68e8a\" \/><input type=\"hidden\" name=\"_wp_http_referer\" value=\"\/fr\/wp-json\/wp\/v2\/pages\/13482\" \/><\/form>\n<\/div>\n<\/div>\n<\/div>\n\n\n\n<div class=\"wp-block-columns are-vertically-aligned-top is-layout-flex wp-container-core-columns-is-layout-0adb00f3 wp-block-columns-is-layout-flex\" style=\"padding-top:var(--wp--preset--spacing--50)\">\n<div class=\"wp-block-column is-vertically-aligned-top is-layout-flow wp-block-column-is-layout-flow\" style=\"flex-basis:66%\">\n<div class=\"wp-block-group is-nowrap is-layout-flex wp-container-core-group-is-layout-cd9ab148 wp-block-group-is-layout-flex\">\n<div class=\"wp-block-group has-global-padding is-layout-constrained wp-block-group-is-layout-constrained\">\n<h3 class=\"wp-block-heading\">Des erreurs aux cons\u00e9quences malencontreuses<\/h3>\n\n\n\n<p style=\"font-size:clamp(14px, 0.875rem + ((1vw - 3.2px) * 0.313), 18px);\">Doublons, mises \u00e0 jour en retard, erreurs de donn\u00e9es&#8230; Prises \u00e0 part, ces incoh\u00e9rences semblent insignifiantes mais elles peuvent vous faire perdre du temps, de l&rsquo;argent et provoquer du stress et de la confusion aupr\u00e8s de vos collaborateurs et de vos clients.<\/p>\n\n\n\n<p style=\"font-size:clamp(14px, 0.875rem + ((1vw - 3.2px) * 0.313), 18px);\">Gr\u00e2ce \u00e0 nos \u00e9changes avec un millier d&rsquo;entreprises autour de ce sujet, nous avons identifi\u00e9 les 5 erreurs principales qui vous font perdre du temps dans le traitement de vos donn\u00e9es.<\/p>\n\n\n\n<h3 class=\"wp-block-heading\">Pourquoi t\u00e9l\u00e9chargez ce livre blanc ?<\/h3>\n\n\n\n<p style=\"font-size:clamp(14px, 0.875rem + ((1vw - 3.2px) * 0.156), 16px);\">Ce livre blanc ne compile pas seulement les points d&rsquo;attention sur lesquels se focaliser pour vos donn\u00e9es produits, il vous fournit \u00e9galement des recommandations concr\u00e8tes pour les organiser et vous faire gagner du temps !<\/p>\n\n\n\n<p style=\"font-size:clamp(14px, 0.875rem + ((1vw - 3.2px) * 0.156), 16px);\">Conseils, vid\u00e9os, solutions cl\u00e9s, vous trouverez tout ce qu&rsquo;il faut savoir sur la gestion des donn\u00e9es produits afin de vous assurer d&rsquo;avoir une base toujours correcte, \u00e0 jour et optimis\u00e9e. <\/p>\n<\/div>\n<\/div>\n<\/div>\n\n\n\n<div class=\"wp-block-column is-layout-flow wp-block-column-is-layout-flow\" style=\"padding-top:0;padding-bottom:0;flex-basis:33%\">\n<figure class=\"wp-block-image aligncenter size-full is-resized\" style=\"margin-top:var(--wp--preset--spacing--20);margin-right:0;margin-bottom:var(--wp--preset--spacing--20);margin-left:0\"><img loading=\"lazy\" decoding=\"async\" width=\"1414\" height=\"2000\" src=\"https:\/\/www.interactiv-technologies.com\/app\/uploads\/2025\/11\/Officiel-Livre-blanc-5-erreurs-courantes-dans-la-gestion-des-donnees-produits-et-comment-les-eviter.png\" alt=\"Image du livre blanc &quot;5 erreurs courantes dans la gestion des donn\u00e9es produits (et comment les \u00e9viter ?)&quot;\" class=\"wp-image-13504\" style=\"object-fit:cover;width:262px;height:auto\" srcset=\"https:\/\/www.interactiv-technologies.com\/app\/uploads\/2025\/11\/Officiel-Livre-blanc-5-erreurs-courantes-dans-la-gestion-des-donnees-produits-et-comment-les-eviter.png 1414w, https:\/\/www.interactiv-technologies.com\/app\/uploads\/2025\/11\/Officiel-Livre-blanc-5-erreurs-courantes-dans-la-gestion-des-donnees-produits-et-comment-les-eviter-212x300.png 212w, https:\/\/www.interactiv-technologies.com\/app\/uploads\/2025\/11\/Officiel-Livre-blanc-5-erreurs-courantes-dans-la-gestion-des-donnees-produits-et-comment-les-eviter-724x1024.png 724w, https:\/\/www.interactiv-technologies.com\/app\/uploads\/2025\/11\/Officiel-Livre-blanc-5-erreurs-courantes-dans-la-gestion-des-donnees-produits-et-comment-les-eviter-768x1086.png 768w, https:\/\/www.interactiv-technologies.com\/app\/uploads\/2025\/11\/Officiel-Livre-blanc-5-erreurs-courantes-dans-la-gestion-des-donnees-produits-et-comment-les-eviter-1086x1536.png 1086w\" sizes=\"auto, (max-width: 1414px) 100vw, 1414px\" \/><\/figure>\n<\/div>\n<\/div>\n\n\n\n<div class=\"wp-block-columns are-vertically-aligned-top is-layout-flex wp-container-core-columns-is-layout-23d1ce95 wp-block-columns-is-layout-flex\" style=\"padding-top:var(--wp--preset--spacing--40);padding-bottom:var(--wp--preset--spacing--50)\">\n<div class=\"wp-block-column is-vertically-aligned-top is-layout-flow wp-block-column-is-layout-flow\" style=\"flex-basis:66%\">\n<div class=\"wp-block-group is-nowrap is-layout-flex wp-container-core-group-is-layout-cd9ab148 wp-block-group-is-layout-flex\">\n<div class=\"wp-block-group has-global-padding is-layout-constrained wp-block-group-is-layout-constrained\"><figure style=\"padding-top:0;padding-bottom:0;padding-left:var(--wp--preset--spacing--30);padding-right:var(--wp--preset--spacing--30);\" class=\"wp-block-post-featured-image\"><a href=\"https:\/\/www.interactiv-technologies.com\/fr\/base-de-donnees-produits-pim\/livre-blanc-les-erreurs-conseils-pour-la-gestion-des-donnees-produits\/\" target=\"_blank\" rel=\"https:\/\/www.interactiv-technologies.com\/fr\/base-de-donnees-produits-pim\/\" ><img loading=\"lazy\" decoding=\"async\" width=\"1920\" height=\"1080\" src=\"https:\/\/www.interactiv-technologies.com\/app\/uploads\/2024\/07\/Schema-nuage-Interactiv-DATABASE_Export-pour-le-web.png\" class=\"attachment-post-thumbnail size-post-thumbnail wp-post-image\" alt=\"Livre blanc &#8211; Les erreurs &amp; conseils pour la gestion des donn\u00e9es produits\" style=\"object-fit:cover;\" srcset=\"https:\/\/www.interactiv-technologies.com\/app\/uploads\/2024\/07\/Schema-nuage-Interactiv-DATABASE_Export-pour-le-web.png 1920w, https:\/\/www.interactiv-technologies.com\/app\/uploads\/2024\/07\/Schema-nuage-Interactiv-DATABASE_Export-pour-le-web-300x169.png 300w, https:\/\/www.interactiv-technologies.com\/app\/uploads\/2024\/07\/Schema-nuage-Interactiv-DATABASE_Export-pour-le-web-1024x576.png 1024w, https:\/\/www.interactiv-technologies.com\/app\/uploads\/2024\/07\/Schema-nuage-Interactiv-DATABASE_Export-pour-le-web-768x432.png 768w, https:\/\/www.interactiv-technologies.com\/app\/uploads\/2024\/07\/Schema-nuage-Interactiv-DATABASE_Export-pour-le-web-1536x864.png 1536w\" sizes=\"auto, (max-width: 1920px) 100vw, 1920px\" \/><\/a><\/figure><\/div>\n<\/div>\n<\/div>\n\n\n\n<div class=\"wp-block-column is-layout-flow wp-block-column-is-layout-flow\" style=\"padding-top:0;padding-bottom:0;flex-basis:33%\">\n<h3 class=\"wp-block-heading\">Comment un PIM peut vous aider \u00e0 organiser vos donn\u00e9es produits ?<\/h3>\n\n\n\n<p style=\"font-size:clamp(14px, 0.875rem + ((1vw - 3.2px) * 0.313), 18px);\">Gr\u00e2ce \u00e0 une base de donn\u00e9es produits <strong>PIM (Product Information Management)<\/strong> et <strong>DAM (Digital Asset Management)<\/strong> comme <strong>Interactiv\u2019 DataBase<\/strong>, vos informations produits seront centralis\u00e9es dans un seul et m\u00eame endroit, accessible via une seule connexion internet.<\/p>\n\n\n\n<p style=\"font-size:clamp(14px, 0.875rem + ((1vw - 3.2px) * 0.313), 18px);\">Certaines solutions PIM int\u00e8grent \u00e9galement des DAM et vous permettent de regrouper tous vos visuels au m\u00eame endroit enfin d&rsquo;en disposer en un clic et d&rsquo;enrichir vos donn\u00e9es produits en toute facilit\u00e9.<\/p>\n\n\n\n<p style=\"font-size:clamp(14px, 0.875rem + ((1vw - 3.2px) * 0.313), 18px);\">Diffusion facilit\u00e9 sur tous vos canaux, validation pr\u00e9alable des modifications, enrichissement automatiquement des pages produits&#8230; D\u00e9couvrez dans notre livre blanc pourquoi le <strong>PIM Interactiv&rsquo; Database<\/strong> est LA solution \u00e0 vos probl\u00e8mes !<\/p>\n<\/div>\n<\/div>\n\n\n\n<div class=\"wp-block-group alignfull has-gris-clair-background-color has-background has-global-padding is-layout-constrained wp-block-group-is-layout-constrained\">\n<div class=\"wp-block-columns alignfull has-gris-clair-background-color has-background is-layout-flex wp-container-core-columns-is-layout-47fb5b9c wp-block-columns-is-layout-flex\" style=\"margin-top:var(--wp--preset--spacing--60);margin-bottom:var(--wp--preset--spacing--60);padding-top:var(--wp--preset--spacing--50);padding-bottom:var(--wp--preset--spacing--50)\">\n<div class=\"wp-block-column is-vertically-aligned-stretch is-layout-flow wp-block-column-is-layout-flow\">\n<section class=\"wp-block-group alignfull has-gris-clair-background-color has-background has-global-padding is-layout-constrained wp-container-core-group-is-layout-11910ff2 wp-block-group-is-layout-constrained\" style=\"margin-top:0;margin-bottom:0;padding-top:0;padding-right:var(--wp--preset--spacing--50);padding-bottom:var(--wp--preset--spacing--50);padding-left:var(--wp--preset--spacing--50)\">\n<h2 class=\"wp-block-heading has-text-align-center has-rouge-accent-color has-text-color has-link-color has-large-font-size wp-elements-b4a54c2e1f4b1b374f5e615962348e86\" style=\"margin-top:var(--wp--preset--spacing--50);margin-bottom:var(--wp--preset--spacing--70)\">Articles et informations suppl\u00e9mentaires sur le PIM \/ DAM<\/h2>\n\n\n\n<div class=\"wp-block-group alignwide has-global-padding is-layout-constrained wp-container-core-group-is-layout-c5bbea69 wp-block-group-is-layout-constrained\">\n<div class=\"wp-block-columns alignwide is-layout-flex wp-container-core-columns-is-layout-5b2dd8d7 wp-block-columns-is-layout-flex\" style=\"padding-top:var(--wp--preset--spacing--30);padding-bottom:var(--wp--preset--spacing--30)\">\n<div class=\"wp-block-column is-vertically-aligned-stretch is-layout-flow wp-block-column-is-layout-flow\" style=\"flex-basis:33.34%\">\n<aside class=\"wp-block-group it-pattern-card has-blanc-background-color has-background wp-container-content-9cfa9a5a has-global-padding is-layout-constrained wp-block-group-is-layout-constrained\" style=\"min-height:100%\">\n<h3 class=\"wp-block-heading has-text-align-center has-rouge-accent-color has-text-color has-link-color wp-elements-622a519914ada5bc23ce2eb3aa9e559b\"><a href=\"https:\/\/www.interactiv-technologies.com\/fr\/base-de-donnees-produits-pim\/quest-quun-pim-definition\/\">Qu\u2019est-ce qu\u2019un PIM ? D\u00e9finition du PIM<\/a><\/h3>\n\n\n\n<p class=\"has-text-align-center has-border-color has-blanc-border-color\" style=\"border-width:10px\">Qu\u2019est-ce qu\u2019un PIM ? D\u00e9finition, avantages et inconv\u00e9nients du PIM. PIM est l\u2019acronyme de Product Information Management que l\u2019on d\u00e9signe par Gestion \u2026<\/p>\n<\/aside>\n<\/div>\n\n\n\n<div class=\"wp-block-column is-vertically-aligned-stretch is-layout-flow wp-block-column-is-layout-flow\" style=\"flex-basis:33.34%\">\n<aside class=\"wp-block-group it-pattern-card has-blanc-background-color has-background wp-container-content-9cfa9a5a has-global-padding is-layout-constrained wp-block-group-is-layout-constrained\" style=\"min-height:100%\">\n<h3 class=\"wp-block-heading has-text-align-center has-rouge-accent-color has-text-color has-link-color wp-elements-91da517692725809e568f0114c4647f7\"><a href=\"\/fr\/differences-pim-dam-plm-mdm-erp\/\">Diff\u00e9rences entre PIM, DAM, ERP, PLM, \u2026<\/a><\/h3>\n\n\n\n<p class=\"has-text-align-center\">Difficile de se retrouver parmi tous ces logiciels. D\u00e9couvrez les diff\u00e9rences entre une base de donn\u00e9es produits PIM, un DAM, un ERP, \u2026<\/p>\n<\/aside>\n<\/div>\n\n\n\n<div class=\"wp-block-column is-vertically-aligned-stretch is-layout-flow wp-block-column-is-layout-flow\" style=\"flex-basis:33.33%\">\n<aside class=\"wp-block-group it-pattern-card has-blanc-background-color has-background wp-container-content-9cfa9a5a has-global-padding is-layout-constrained wp-block-group-is-layout-constrained\" style=\"min-height:100%\">\n<h3 class=\"wp-block-heading has-text-align-center has-rouge-accent-color has-text-color has-link-color wp-elements-b1ff5101d0088a91d7f00f2b98132226\"><a href=\"\/fr\/base-de-donnees-produits-pim\/logiciel-gestion-produits-pim\/\">Logiciel de gestion de produits PIM<\/a><\/h3>\n\n\n\n<p class=\"has-text-align-center has-border-color has-blanc-border-color\" style=\"border-width:10px\">En savoir plus sur les logiciels de gestion de produits PIM. Pourquoi faire appel \u00e0 un logiciel PIM ? Quelles sont les forces de la base de donn\u00e9es produits PIM ? \u2026<\/p>\n<\/aside>\n<\/div>\n<\/div>\n<\/div>\n<\/section>\n<\/div>\n<\/div>\n<\/div>\n\n\n\n<p><\/p>\n","protected":false},"excerpt":{"rendered":"<p>T\u00e9l\u00e9chargez notre livre blanc PIM :\u00ab\u00a05 erreurs courantes dans la gestion des donn\u00e9es produits (et comment les \u00e9viter ?)\u00a0\u00bb La gestion des donn\u00e9es est un d\u00e9fi majeur pour les entreprises Que vous soyez responsable marketing, responsable e-commerce, secr\u00e9taire administratif des ventes, ou encore PDG dans une entreprise qui commercialise des produits, vous savez \u00e0 quel [&hellip;]<\/p>\n","protected":false},"author":6,"featured_media":7613,"parent":1559,"menu_order":0,"comment_status":"closed","ping_status":"closed","template":"","meta":{"_seopress_robots_primary_cat":"","_seopress_titles_title":"Livre blanc - 5 erreurs courantes dans la gestion des donn\u00e9es","_seopress_titles_desc":"Retrouvez dans notre dernier livre blanc les 5 erreurs courantes dans la gestion de vos donn\u00e9es produits ainsi que nos recommandations concr\u00e8tes pour les \u00e9viter !","_seopress_robots_index":"","_it_page_product":"ITDataBase","_it_call_to_action":["{\"text\":\"\",\"url\":\"\"}","{\"text\":\"\",\"url\":\"\"}","{\"text\":\"\",\"url\":\"\"}","{\"text\":\"\",\"url\":\"\"}"],"footnotes":""},"class_list":["post-13482","page","type-page","status-publish","has-post-thumbnail","hentry"],"_links":{"self":[{"href":"https:\/\/www.interactiv-technologies.com\/fr\/wp-json\/wp\/v2\/pages\/13482","targetHints":{"allow":["GET"]}}],"collection":[{"href":"https:\/\/www.interactiv-technologies.com\/fr\/wp-json\/wp\/v2\/pages"}],"about":[{"href":"https:\/\/www.interactiv-technologies.com\/fr\/wp-json\/wp\/v2\/types\/page"}],"author":[{"embeddable":true,"href":"https:\/\/www.interactiv-technologies.com\/fr\/wp-json\/wp\/v2\/users\/6"}],"replies":[{"embeddable":true,"href":"https:\/\/www.interactiv-technologies.com\/fr\/wp-json\/wp\/v2\/comments?post=13482"}],"version-history":[{"count":17,"href":"https:\/\/www.interactiv-technologies.com\/fr\/wp-json\/wp\/v2\/pages\/13482\/revisions"}],"predecessor-version":[{"id":14088,"href":"https:\/\/www.interactiv-technologies.com\/fr\/wp-json\/wp\/v2\/pages\/13482\/revisions\/14088"}],"up":[{"embeddable":true,"href":"https:\/\/www.interactiv-technologies.com\/fr\/wp-json\/wp\/v2\/pages\/1559"}],"wp:featuredmedia":[{"embeddable":true,"href":"https:\/\/www.interactiv-technologies.com\/fr\/wp-json\/wp\/v2\/media\/7613"}],"wp:attachment":[{"href":"https:\/\/www.interactiv-technologies.com\/fr\/wp-json\/wp\/v2\/media?parent=13482"}],"curies":[{"name":"wp","href":"https:\/\/api.w.org\/{rel}","templated":true}]}}