{"id":13265,"date":"2025-10-23T11:07:15","date_gmt":"2025-10-23T09:07:15","guid":{"rendered":"https:\/\/www.interactiv-technologies.com\/?page_id=13265"},"modified":"2025-10-27T17:32:46","modified_gmt":"2025-10-27T16:32:46","slug":"formulaire-formations-nouveautes-easycatalog-cc-2026","status":"publish","type":"page","link":"https:\/\/www.interactiv-technologies.com\/fr\/automatisation-catalogues-indesign\/formulaire-formations-nouveautes-easycatalog-cc-2026\/","title":{"rendered":"Formulaire Formations Nouveaut\u00e9s EasyCatalog CC 2026"},"content":{"rendered":"\n<div class=\"wp-block-group alignfull has-violet-accent-background-color has-background has-global-padding is-layout-constrained wp-block-group-is-layout-constrained\" style=\"padding-top:var(--wp--preset--spacing--40);padding-bottom:var(--wp--preset--spacing--60)\">\n<div class=\"wp-block-group alignwide has-blanc-color has-text-color has-link-color has-small-font-size wp-elements-bf8c93ea3ef9660c3f317439d4e72dba has-global-padding is-layout-constrained wp-block-group-is-layout-constrained\"><div class=\"alignwide wp-block-wpseopress-breadcrumbs\"><nav  aria-label=\"Fil d&#039;Ariane\"><ol class=\"breadcrumb\" itemscope itemtype=\"https:\/\/schema.org\/BreadcrumbList\"><li class=\"breadcrumb-item active\" aria-current=\"page\" itemprop=\"itemListElement\" itemscope itemtype=\"https:\/\/schema.org\/ListItem\"><span itemprop=\"name\">Accueil<\/span><meta itemprop=\"position\" content=\"1\"><\/li><\/ol><\/nav><\/div><\/div>\n\n\n\n<h1 class=\"wp-block-heading has-text-align-center has-blanc-color has-text-color has-link-color wp-elements-4dfe4dfdc26a0f6a7d1779806e37f37e\">Formations Nouveaut\u00e9s EasyCatalog CC 2026<\/h1>\n<\/div>\n\n\n\n<div class=\"wp-block-columns is-layout-flex wp-container-core-columns-is-layout-0adb00f3 wp-block-columns-is-layout-flex\" style=\"padding-top:var(--wp--preset--spacing--50)\">\n<div class=\"wp-block-column is-layout-flow wp-block-column-is-layout-flow\" style=\"flex-basis:66.66%\">\n<figure class=\"wp-block-image size-full is-resized\"><img loading=\"lazy\" decoding=\"async\" width=\"638\" height=\"83\" src=\"https:\/\/www.interactiv-technologies.com\/app\/uploads\/2024\/07\/Logo_EASYCATALOG_COULEUR_FRANCE.png\" alt=\"Logo EasyCatalog, plugin d'InDesign ; Interactiv' Technologies, 1er revendeur fran\u00e7ais\" class=\"wp-image-7321\" style=\"width:445px;height:auto\" srcset=\"https:\/\/www.interactiv-technologies.com\/app\/uploads\/2024\/07\/Logo_EASYCATALOG_COULEUR_FRANCE.png 638w, https:\/\/www.interactiv-technologies.com\/app\/uploads\/2024\/07\/Logo_EASYCATALOG_COULEUR_FRANCE-300x39.png 300w\" sizes=\"auto, (max-width: 638px) 100vw, 638px\" \/><\/figure>\n\n\n\n<p>Vous utilisez Adobe InDesign dans le cadre de votre activit\u00e9 (entreprise, agence, freelance, association&#8230;) et souhaitez vous former sur<a href=\"https:\/\/www.interactiv-technologies.com\/fr\/automatisation-catalogues-indesign\/nouveautes-easycatalog-version-cc-2026\/\" data-type=\"link\" data-id=\"https:\/\/www.interactiv-technologies.com\/fr\/automatisation-catalogues-indesign\/nouveautes-easycatalog-version-cc-2026\/\"> les nouveaut\u00e9s du plugin d&rsquo;automatisation EasyCatalog 2026<\/a> (ou sur les \u00e9volutions sorties ces derni\u00e8res ann\u00e9es) ?<\/p>\n\n\n\n<p><strong>Notre \u00e9quipe de consultants certifi\u00e9s et experts est l\u00e0 pour vous former et vous accompagner pour tirer le meilleur de parti de ce plugin !<\/strong><\/p>\n\n\n\n<p>Interactiv&rsquo; Technologies est une soci\u00e9t\u00e9 fran\u00e7aise experte dans la gestion, l&rsquo;automatisation et la diffusion des donn\u00e9es produits depuis 2008. Organisme agr\u00e9\u00e9 et certifi\u00e9 Qualiopi, nos formations peuvent \u00eatre prises en charge par vos cr\u00e9dits de formation, votre entreprise ou encore par votre OPCO.<\/p>\n\n\n\n<p>Pour vous offrir la formation la mieux adapt\u00e9e \u00e0 vos besoins, faites-nous part de votre niveau d&rsquo;exp\u00e9rience sur EasyCatalog (jamais form\u00e9(e) \/ form\u00e9(e) en 2025&#8230;) dans le<strong> formulaire ci-contre<\/strong>, ou contactez nous directement au <strong>09 70 24 89 90<\/strong>.<\/p>\n<\/div>\n\n\n\n<div class=\"wp-block-column is-layout-flow wp-block-column-is-layout-flow\" style=\"flex-basis:33.33%\">\n<div class=\"wp-block-group has-global-padding is-layout-constrained wp-block-group-is-layout-constrained\">\n<form class=\"wp-block-interactiv-technologies-it-form needs-validation it-pattern-form-simple it-pattern-form-simple--disability-feasibility it-pattern-card\" novalidate action=\"\" method=\"post\" enctype=\"multipart\/form-data\"><div class=\"it-form-ribbon\">D\u00e9di\u00e9 aux professionnels<\/div>\n<p class=\"it-form-title\">Formation EasyCatalog 2026<\/p>\n\n\n\n<div class=\"wp-block-group has-global-padding is-layout-constrained wp-container-core-group-is-layout-7bc66994 wp-block-group-is-layout-constrained\">\n<div class=\"wp-block-interactiv-technologies-it-field it-form-field it-form-field-status it-form-field--required it-form-field--is-floating form-floating is-style-floating\" data-field-name=\"status\" data-field-type=\"status\" data-field-label=\"Vous \u00eates\" data-field-required=\"true\"><select id=\"it_form_status\" class=\"it-form-field-control form-select\" name=\"status\" required><option value=\"\" disabled selected>S\u00e9lectionner un statut<\/option><option value=\"company\">Une soci\u00e9t\u00e9<\/option><option value=\"agency\">Une agence<\/option><option value=\"freelance\">Un(e) freelance<\/option><option value=\"association\">Une association<\/option><option value=\"individual\">Un particulier<\/option><\/select><label class=\"it-form-field-label\" for=\"it_form_status\">Vous \u00eates<\/label><div class=\"invalid-feedback\"><\/div><\/div>\n\n\n\n<div class=\"wp-block-interactiv-technologies-it-field it-form-field it-form-field-text it-form-field--is-floating form-floating is-style-floating\" data-field-name=\"society\" data-field-type=\"text\" data-field-label=\"Soci\u00e9t\u00e9\" data-field-required=\"false\"><input id=\"it_form_society\" class=\"it-form-field-control form-control\" type=\"text\" name=\"society\" placeholder=\"Soci\u00e9t\u00e9\"\/><label class=\"it-form-field-label\" for=\"it_form_society\">Soci\u00e9t\u00e9<\/label><div class=\"invalid-feedback\"><\/div><\/div>\n\n\n\n<div class=\"wp-block-interactiv-technologies-it-field it-form-field it-form-field-text it-form-field--required it-form-field--is-floating form-floating is-style-floating\" data-field-name=\"identity\" data-field-type=\"text\" data-field-label=\"Nom Pr\u00e9nom\" data-field-required=\"true\"><input id=\"it_form_identity\" class=\"it-form-field-control form-control\" type=\"text\" name=\"identity\" placeholder=\"Nom Pr\u00e9nom\" required\/><label class=\"it-form-field-label\" for=\"it_form_identity\">Nom Pr\u00e9nom<\/label><div class=\"invalid-feedback\"><\/div><\/div>\n\n\n\n<div class=\"wp-block-interactiv-technologies-it-field it-form-field it-form-field-email it-form-field--required it-form-field--is-floating form-floating is-style-floating\" data-field-name=\"mail\" data-field-type=\"email\" data-field-label=\"E-mail\" data-field-required=\"true\"><input id=\"it_form_mail\" class=\"it-form-field-control form-control\" type=\"email\" name=\"mail\" placeholder=\"\" required\/><label class=\"it-form-field-label\" for=\"it_form_mail\">E-mail<\/label><div class=\"invalid-feedback\"><\/div><\/div>\n\n\n\n<div class=\"wp-block-interactiv-technologies-it-field it-form-field it-form-field-text it-form-field--required it-form-field--is-floating form-floating is-style-floating\" data-field-name=\"phone\" data-field-type=\"text\" data-field-label=\"T\u00e9l\u00e9phone\" data-field-required=\"true\"><input id=\"it_form_phone\" class=\"it-form-field-control form-control\" type=\"text\" name=\"phone\" placeholder=\"T\u00e9l\u00e9phone\" required\/><label class=\"it-form-field-label\" for=\"it_form_phone\">T\u00e9l\u00e9phone<\/label><div class=\"invalid-feedback\"><\/div><\/div>\n\n\n\n<div class=\"wp-block-interactiv-technologies-it-field it-form-field it-form-field-select\" data-field-name=\"anneeformation\" data-field-type=\"select\" data-field-label=\"En quelle ann\u00e9e avez-vous \u00e9t\u00e9 form\u00e9(e) sur EasyCatalog ? (facultatif)\" data-field-required=\"false\"><select id=\"it_form_anneeformation\" class=\"it-form-field-control form-select\" name=\"anneeformation\"><option value=\"Je ne sais pas\">Je ne sais pas<\/option><option value=\"Je n'ai jamais \u00e9t\u00e9 form\u00e9(e)\">Je n&rsquo;ai jamais \u00e9t\u00e9 form\u00e9(e)<\/option><option value=\"J'ai d\u00e9j\u00e0 \u00e9t\u00e9 form\u00e9(e) avant 2020\">J&rsquo;ai d\u00e9j\u00e0 \u00e9t\u00e9 form\u00e9(e) avant 2020<\/option><option value=\"J'ai d\u00e9j\u00e0 \u00e9t\u00e9 form\u00e9(e) en 2020\">J&rsquo;ai d\u00e9j\u00e0 \u00e9t\u00e9 form\u00e9(e) en 2020<\/option><option value=\"J'ai d\u00e9j\u00e0 \u00e9t\u00e9 form\u00e9(e) en 2021\">J&rsquo;ai d\u00e9j\u00e0 \u00e9t\u00e9 form\u00e9(e) en 2021<\/option><option value=\"J'ai d\u00e9j\u00e0 \u00e9t\u00e9 form\u00e9(e) en 2022\">J&rsquo;ai d\u00e9j\u00e0 \u00e9t\u00e9 form\u00e9(e) en 2022<\/option><option value=\"J'ai d\u00e9j\u00e0 \u00e9t\u00e9 form\u00e9(e) en 2023\">J&rsquo;ai d\u00e9j\u00e0 \u00e9t\u00e9 form\u00e9(e) en 2023<\/option><option value=\"J'ai d\u00e9j\u00e0 \u00e9t\u00e9 form\u00e9(e) en 2024\">J&rsquo;ai d\u00e9j\u00e0 \u00e9t\u00e9 form\u00e9(e) en 2024<\/option><option value=\"J'ai d\u00e9j\u00e0 \u00e9t\u00e9 form\u00e9(e) en 2025\">J&rsquo;ai d\u00e9j\u00e0 \u00e9t\u00e9 form\u00e9(e) en 2025<\/option><\/select><label class=\"it-form-field-label\" for=\"it_form_anneeformation\">En quelle ann\u00e9e avez-vous \u00e9t\u00e9 form\u00e9(e) sur EasyCatalog ? (facultatif)<\/label><div class=\"invalid-feedback\"><\/div><\/div>\n\n\n\n<div class=\"wp-block-interactiv-technologies-it-field it-form-field it-form-field-textarea it-form-field--is-floating form-floating is-style-floating\" data-field-name=\"msg\" data-field-type=\"textarea\" data-field-label=\"Message (facultatif)\" data-field-required=\"false\"><textarea id=\"it_form_msg\" class=\"it-form-field-control form-control\" name=\"msg\" placeholder=\"Message\" style=\"height:4.2rem\"><\/textarea><label class=\"it-form-field-label\" for=\"it_form_msg\">Message (facultatif)<\/label><div class=\"invalid-feedback\"><\/div><\/div>\n\n\n\n<div class=\"wp-block-interactiv-technologies-it-field it-form-field it-form-field-consent it-form-field--consent form-check it-form-field--required\" data-field-name=\"consent\" data-field-type=\"consent\" data-field-label=\"\" data-field-required=\"true\" style=\"margin-top:var(--wp--preset--spacing--30)\"><input id=\"it_form_consent\" class=\"it-form-field-control form-check-input\" type=\"checkbox\" name=\"consent\" value=\"ok\" required\/><label class=\"it-form-field-inputs-label form-check-label\" for=\"it_form_consent\">En soumettant ce formulaire, j\u2019accepte que les informations saisies soient exploit\u00e9es dans le cadre de la demande de d\u00e9monstration et la relation commerciale qui peut en d\u00e9couler.<br \/>\r\nPour connaitre et exercer vos droits, veuillez consulter notre <a href=\"https:\/\/www.interactiv-technologies.com\/fr\/politique-de-confidentialite-relative-aux-donnees-personnelles\/\">politique de confidentialit\u00e9<\/a>.<\/label><div class=\"invalid-feedback\"><\/div><\/div>\n<\/div>\n<div class=\"wp-block-interactiv-technologies-it-field it-form-field it-form-field-email it-form-field--is-floating form-floating is-style-floating hasNoName\" data-field-name=\"mail_double_check\" data-field-type=\"email\" data-field-label=\"Enter email again\" data-field-required=\"false\"><input class=\"it-form-field-control form-control\" type=\"email\" name=\"mail_double_check\" id=\"it_form_mail_double_check\" placeholder=\"Enter email again\"\/><label class=\"it-form-field-label\" for=\"it_form_mail_double_check\">Enter email again<\/label><div class=\"invalid-feedback\"><\/div><\/div><input type=\"hidden\" name=\"name\" value=\"Formation EasyCatalog 2026\"\/><input type=\"hidden\" name=\"product\" value=\"itpublisher\"\/><input type=\"hidden\" name=\"tpl\" value=\"8280\"\/><input type=\"hidden\" name=\"landing\" value=\"950\"\/><button class=\"btn-form-submit it-form-submit-btn\" type=\"submit\">Je valide<\/button><input type=\"hidden\" id=\"_wpnonce\" name=\"_wpnonce\" value=\"af7bbb042b\" \/><input type=\"hidden\" name=\"_wp_http_referer\" value=\"\/fr\/wp-json\/wp\/v2\/pages\/13265\" \/><\/form>\n<\/div>\n<\/div>\n<\/div>\n","protected":false},"excerpt":{"rendered":"<p>Formations Nouveaut\u00e9s EasyCatalog CC 2026 Vous utilisez Adobe InDesign dans le cadre de votre activit\u00e9 (entreprise, agence, freelance, association&#8230;) et souhaitez vous former sur les nouveaut\u00e9s du plugin d&rsquo;automatisation EasyCatalog 2026 (ou sur les \u00e9volutions sorties ces derni\u00e8res ann\u00e9es) ? Notre \u00e9quipe de consultants certifi\u00e9s et experts est l\u00e0 pour vous former et vous accompagner [&hellip;]<\/p>\n","protected":false},"author":2,"featured_media":0,"parent":0,"menu_order":0,"comment_status":"closed","ping_status":"closed","template":"","meta":{"_seopress_robots_primary_cat":"","_seopress_titles_title":"%%post_title%% %%sep%% %%sitetitle%%","_seopress_titles_desc":"B\u00e9n\u00e9ficiez d'une formation d'EasyCatalog 2026 par notre \u00e9quipe de consultants.","_seopress_robots_index":"","_it_page_product":"ITPublisher","_it_call_to_action":["{\"text\":\"\",\"url\":\"\"}","{\"text\":\"\",\"url\":\"\"}","{\"text\":\"\",\"url\":\"\"}","{\"text\":\"\",\"url\":\"\"}"],"footnotes":""},"class_list":["post-13265","page","type-page","status-publish","hentry"],"_links":{"self":[{"href":"https:\/\/www.interactiv-technologies.com\/fr\/wp-json\/wp\/v2\/pages\/13265","targetHints":{"allow":["GET"]}}],"collection":[{"href":"https:\/\/www.interactiv-technologies.com\/fr\/wp-json\/wp\/v2\/pages"}],"about":[{"href":"https:\/\/www.interactiv-technologies.com\/fr\/wp-json\/wp\/v2\/types\/page"}],"author":[{"embeddable":true,"href":"https:\/\/www.interactiv-technologies.com\/fr\/wp-json\/wp\/v2\/users\/2"}],"replies":[{"embeddable":true,"href":"https:\/\/www.interactiv-technologies.com\/fr\/wp-json\/wp\/v2\/comments?post=13265"}],"version-history":[{"count":6,"href":"https:\/\/www.interactiv-technologies.com\/fr\/wp-json\/wp\/v2\/pages\/13265\/revisions"}],"predecessor-version":[{"id":13346,"href":"https:\/\/www.interactiv-technologies.com\/fr\/wp-json\/wp\/v2\/pages\/13265\/revisions\/13346"}],"wp:attachment":[{"href":"https:\/\/www.interactiv-technologies.com\/fr\/wp-json\/wp\/v2\/media?parent=13265"}],"curies":[{"name":"wp","href":"https:\/\/api.w.org\/{rel}","templated":true}]}}