{"id":11965,"date":"2025-05-21T10:35:34","date_gmt":"2025-05-21T08:35:34","guid":{"rendered":"https:\/\/www.interactiv-technologies.com\/?page_id=11965"},"modified":"2025-06-25T09:27:01","modified_gmt":"2025-06-25T07:27:01","slug":"video-de-presentation-des-formations-pao-easycatalog-indesign-illustrator-a-distance-et-ou-en-presentiel","status":"publish","type":"page","link":"https:\/\/www.interactiv-technologies.com\/fr\/video-de-presentation-des-formations-pao-easycatalog-indesign-illustrator-a-distance-et-ou-en-presentiel\/","title":{"rendered":"Vid\u00e9o de pr\u00e9sentation des formations PAO (EasyCatalog, InDesign, Illustrator&#8230;) \u00e0 distance et\/ou en pr\u00e9sentiel"},"content":{"rendered":"\n<div class=\"wp-block-group alignfull has-bleu-accent-background-color has-background has-global-padding is-layout-constrained wp-block-group-is-layout-constrained\" style=\"padding-top:var(--wp--preset--spacing--40);padding-bottom:var(--wp--preset--spacing--60)\">\n<div class=\"wp-block-group alignwide has-blanc-color has-text-color has-link-color has-small-font-size wp-elements-bf8c93ea3ef9660c3f317439d4e72dba has-global-padding is-layout-constrained wp-block-group-is-layout-constrained\"><div class=\"alignwide wp-block-wpseopress-breadcrumbs\"><nav  aria-label=\"Fil d&#039;Ariane\"><ol class=\"breadcrumb\" itemscope itemtype=\"https:\/\/schema.org\/BreadcrumbList\"><li class=\"breadcrumb-item active\" aria-current=\"page\" itemprop=\"itemListElement\" itemscope itemtype=\"https:\/\/schema.org\/ListItem\"><span itemprop=\"name\">Accueil<\/span><meta itemprop=\"position\" content=\"1\"><\/li><\/ol><\/nav><\/div><\/div>\n\n\n\n<h1 class=\"wp-block-heading has-text-align-center has-blanc-color has-text-color has-link-color wp-elements-94cd06d710a288e5a495aaf8280346cd\">Vid\u00e9o de pr\u00e9sentation des formations PAO certifi\u00e9es : EasyCatalog (pour la mise en page auto), InDesign, Illustrator&#8230;<\/h1>\n<\/div>\n\n\n\n<div class=\"wp-block-group has-global-padding is-layout-constrained wp-block-group-is-layout-constrained\" style=\"padding-bottom:var(--wp--preset--spacing--60)\">\n<div class=\"wp-block-interactiv-technologies-it-youtube-embed\"><lite-youtube title=\"Interactiv' Formations : D\u00e9couvrez nos formations PAO et EasyCatalog\" videoid=\"D85WZs0YXo8\" style=\"background-image:url(https:\/\/i.ytimg.com\/vi_webp\/D85WZs0YXo8\/maxresdefault.webp)\"><\/lite-youtube><\/div>\n\n\n\n<div class=\"wp-block-buttons is-content-justification-center is-layout-flex wp-container-core-buttons-is-layout-a89b3969 wp-block-buttons-is-layout-flex\">\n<div class=\"wp-block-button\"><a class=\"wp-block-button__link wp-element-button\" href=\"https:\/\/www.interactiv-technologies.com\/fr\/formation-easycatalog-adobe-indesign\/\">En savoir plus sur nos formations PAO<\/a><\/div>\n<\/div>\n<\/div>\n\n\n\n<hr class=\"wp-block-separator has-alpha-channel-opacity\"\/>\n\n\n\n<div class=\"wp-block-group has-global-padding is-layout-constrained wp-container-core-group-is-layout-748ecc84 wp-block-group-is-layout-constrained\" style=\"padding-top:var(--wp--preset--spacing--60)\">\n<h2 class=\"wp-block-heading has-text-align-center is-style-default\">Consultez d&rsquo;autres vid\u00e9os sur l&rsquo;automatisation de catalogue sur InDesign avec EasyCatalog et nos autres logiciels<\/h2>\n\n\n\n<div class=\"wp-block-columns is-layout-flex wp-container-core-columns-is-layout-28f84493 wp-block-columns-is-layout-flex\">\n<div class=\"wp-block-column is-layout-flow wp-block-column-is-layout-flow\">\n<div class=\"wp-block-interactiv-technologies-it-youtube-embed\"><lite-youtube title=\"Automatisez votre mise en page sous Adobe InDesign avec EasyCatalog\" videoid=\"8ulq-bUdW88\" style=\"background-image:url(https:\/\/i.ytimg.com\/vi_webp\/8ulq-bUdW88\/maxresdefault.webp)\"><\/lite-youtube><\/div>\n<\/div>\n\n\n\n<div class=\"wp-block-column is-layout-flow wp-block-column-is-layout-flow\">\n<div class=\"wp-block-interactiv-technologies-it-youtube-embed\"><lite-youtube title=\"Optimisez et diffusez vos donn\u00e9es produits avec le logiciel PIM\/DAM Interactiv' DataBase\" videoid=\"LEauOFFTCCY\" style=\"background-image:url(https:\/\/i.ytimg.com\/vi_webp\/LEauOFFTCCY\/maxresdefault.webp)\"><\/lite-youtube><\/div>\n<\/div>\n<\/div>\n\n\n\n<div class=\"wp-block-columns is-layout-flex wp-container-core-columns-is-layout-28f84493 wp-block-columns-is-layout-flex\">\n<div class=\"wp-block-column is-layout-flow wp-block-column-is-layout-flow\">\n<div class=\"wp-block-interactiv-technologies-it-youtube-embed\"><lite-youtube title=\"Cr\u00e9er un flipbook interactif \u00e9volu\u00e9 \u00e0 partir d'un PDF\" videoid=\"NEitdwsWKsw\" style=\"background-image:url(https:\/\/i.ytimg.com\/vi_webp\/NEitdwsWKsw\/maxresdefault.webp)\"><\/lite-youtube><\/div>\n<\/div>\n\n\n\n<div class=\"wp-block-column is-layout-flow wp-block-column-is-layout-flow\">\n<div class=\"wp-block-interactiv-technologies-it-youtube-embed\"><lite-youtube title=\"Interactiv' Technologies : Pr\u00e9sentation de l'offre (PIM, EasyCatalog, document feuilletable ...)\" videoid=\"3V_ppuzAnQQ\" style=\"background-image:url(https:\/\/i.ytimg.com\/vi_webp\/3V_ppuzAnQQ\/maxresdefault.webp)\"><\/lite-youtube><\/div>\n<\/div>\n<\/div>\n<\/div>\n","protected":false},"excerpt":{"rendered":"<p>Vid\u00e9o de pr\u00e9sentation des formations PAO certifi\u00e9es : EasyCatalog (pour la mise en page auto), InDesign, Illustrator&#8230; Consultez d&rsquo;autres vid\u00e9os sur l&rsquo;automatisation de catalogue sur InDesign avec EasyCatalog et nos autres logiciels<\/p>\n","protected":false},"author":2,"featured_media":0,"parent":0,"menu_order":0,"comment_status":"closed","ping_status":"closed","template":"","meta":{"_seopress_robots_primary_cat":"","_seopress_titles_title":"%%post_title%% %%sep%% %%sitetitle%%","_seopress_titles_desc":"Participez \u00e0 distance\/en pr\u00e9sentiel \u00e0 nos formations PAO (InDesign, EasyCatalog, Illustrator...) certifi\u00e9es Qualiopi et accessibles pour tous niveaux : basique, avanc\u00e9e, sur-mesure... inscrivez-vous sans plus attendre !","_seopress_robots_index":"","_it_page_product":"contact","_it_call_to_action":["{\"text\":\"T\u00e9l\u00e9chargez EasyCatalog\",\"url\":\"https:\/\/www.interactiv-technologies.com\/fr\/telecharger-easycatalog\/\"}","{\"text\":\"Parlons de votre projet\",\"url\":\"https:\/\/www.interactiv-technologies.com\/fr\/formation-easycatalog-adobe-indesign\/formulaire-projet-formation\/\"}","{\"text\":\"Obtenez votre tarif\",\"url\":\"https:\/\/www.interactiv-technologies.com\/fr\/formation-easycatalog-adobe-indesign\/prix-devis-formation\/\"}","{\"text\":\"\",\"url\":\"\"}"],"footnotes":""},"class_list":["post-11965","page","type-page","status-publish","hentry"],"_links":{"self":[{"href":"https:\/\/www.interactiv-technologies.com\/fr\/wp-json\/wp\/v2\/pages\/11965","targetHints":{"allow":["GET"]}}],"collection":[{"href":"https:\/\/www.interactiv-technologies.com\/fr\/wp-json\/wp\/v2\/pages"}],"about":[{"href":"https:\/\/www.interactiv-technologies.com\/fr\/wp-json\/wp\/v2\/types\/page"}],"author":[{"embeddable":true,"href":"https:\/\/www.interactiv-technologies.com\/fr\/wp-json\/wp\/v2\/users\/2"}],"replies":[{"embeddable":true,"href":"https:\/\/www.interactiv-technologies.com\/fr\/wp-json\/wp\/v2\/comments?post=11965"}],"version-history":[{"count":5,"href":"https:\/\/www.interactiv-technologies.com\/fr\/wp-json\/wp\/v2\/pages\/11965\/revisions"}],"predecessor-version":[{"id":12754,"href":"https:\/\/www.interactiv-technologies.com\/fr\/wp-json\/wp\/v2\/pages\/11965\/revisions\/12754"}],"wp:attachment":[{"href":"https:\/\/www.interactiv-technologies.com\/fr\/wp-json\/wp\/v2\/media?parent=11965"}],"curies":[{"name":"wp","href":"https:\/\/api.w.org\/{rel}","templated":true}]}}