{"id":11964,"date":"2025-05-21T10:21:57","date_gmt":"2025-05-21T08:21:57","guid":{"rendered":"https:\/\/www.interactiv-technologies.com\/?page_id=11964"},"modified":"2025-06-25T09:15:55","modified_gmt":"2025-06-25T07:15:55","slug":"video-de-presentation-pour-creer-un-flipbook-interactif-au-format-pdf","status":"publish","type":"page","link":"https:\/\/www.interactiv-technologies.com\/fr\/video-de-presentation-pour-creer-un-flipbook-interactif-au-format-pdf\/","title":{"rendered":"Vid\u00e9o de pr\u00e9sentation pour cr\u00e9er un flipbook interactif au format pdf"},"content":{"rendered":"\n<div class=\"wp-block-group alignfull has-vert-accent-background-color has-background has-global-padding is-layout-constrained wp-block-group-is-layout-constrained\" style=\"padding-top:var(--wp--preset--spacing--40);padding-bottom:var(--wp--preset--spacing--60)\">\n<div class=\"wp-block-group alignwide has-blanc-color has-text-color has-link-color has-small-font-size wp-elements-bf8c93ea3ef9660c3f317439d4e72dba has-global-padding is-layout-constrained wp-block-group-is-layout-constrained\"><div class=\"alignwide wp-block-wpseopress-breadcrumbs\"><nav  aria-label=\"Fil d&#039;Ariane\"><ol class=\"breadcrumb\" itemscope itemtype=\"https:\/\/schema.org\/BreadcrumbList\"><li class=\"breadcrumb-item active\" aria-current=\"page\" itemprop=\"itemListElement\" itemscope itemtype=\"https:\/\/schema.org\/ListItem\"><span itemprop=\"name\">Accueil<\/span><meta itemprop=\"position\" content=\"1\"><\/li><\/ol><\/nav><\/div><\/div>\n\n\n\n<h1 class=\"wp-block-heading has-text-align-center has-blanc-color has-text-color has-link-color wp-elements-5693d7ae956044764900b91e3bf248f3\">Pr\u00e9sentation du logiciel fran\u00e7ais Interactiv&rsquo; Doc, pour transformer vos PDF au format interactif<\/h1>\n<\/div>\n\n\n\n<div class=\"wp-block-group has-global-padding is-layout-constrained wp-block-group-is-layout-constrained\" style=\"padding-bottom:var(--wp--preset--spacing--60)\">\n<div class=\"wp-block-interactiv-technologies-it-youtube-embed\"><lite-youtube title=\"Cr\u00e9er un flipbook interactif \u00e9volu\u00e9 \u00e0 partir d'un PDF\" videoid=\"NEitdwsWKsw\" style=\"background-image:url(https:\/\/i.ytimg.com\/vi_webp\/NEitdwsWKsw\/maxresdefault.webp)\"><\/lite-youtube><\/div>\n\n\n\n<div class=\"wp-block-buttons is-content-justification-center is-layout-flex wp-container-core-buttons-is-layout-a89b3969 wp-block-buttons-is-layout-flex\">\n<div class=\"wp-block-button\"><a class=\"wp-block-button__link wp-element-button\" href=\"https:\/\/www.interactiv-technologies.com\/fr\/catalogue-interactif\/\">En savoir plus sur le logiciel SaaS<\/a><\/div>\n<\/div>\n<\/div>\n\n\n\n<hr class=\"wp-block-separator has-alpha-channel-opacity\"\/>\n\n\n\n<div class=\"wp-block-group has-global-padding is-layout-constrained wp-container-core-group-is-layout-748ecc84 wp-block-group-is-layout-constrained\" style=\"padding-top:var(--wp--preset--spacing--60)\">\n<h2 class=\"wp-block-heading has-text-align-center is-style-default\">Consultez d&rsquo;autres vid\u00e9os sur le catalogue interactif et nos autres logiciels<\/h2>\n\n\n\n<div class=\"wp-block-columns is-layout-flex wp-container-core-columns-is-layout-28f84493 wp-block-columns-is-layout-flex\">\n<div class=\"wp-block-column is-layout-flow wp-block-column-is-layout-flow\">\n<div class=\"wp-block-interactiv-technologies-it-youtube-embed\"><lite-youtube title=\"G\u00e9n\u00e9rer des devis \/ commandes sur un catalogue PDF - La liste de produits - Interactiv' DOC\" videoid=\"fQ-yVv-U5YM\" style=\"background-image:url(https:\/\/i.ytimg.com\/vi_webp\/fQ-yVv-U5YM\/maxresdefault.webp)\"><\/lite-youtube><\/div>\n<\/div>\n\n\n\n<div class=\"wp-block-column is-layout-flow wp-block-column-is-layout-flow\">\n<div class=\"wp-block-interactiv-technologies-it-youtube-embed\"><lite-youtube title=\"Optimisez et diffusez vos donn\u00e9es produits avec le logiciel PIM\/DAM Interactiv' DataBase\" videoid=\"LEauOFFTCCY\" style=\"background-image:url(https:\/\/i.ytimg.com\/vi_webp\/LEauOFFTCCY\/maxresdefault.webp)\"><\/lite-youtube><\/div>\n<\/div>\n<\/div>\n\n\n\n<div class=\"wp-block-columns is-layout-flex wp-container-core-columns-is-layout-28f84493 wp-block-columns-is-layout-flex\">\n<div class=\"wp-block-column is-layout-flow wp-block-column-is-layout-flow\">\n<div class=\"wp-block-interactiv-technologies-it-youtube-embed\"><lite-youtube title=\"Automatisez votre mise en page sous Adobe InDesign avec EasyCatalog\" videoid=\"8ulq-bUdW88\" style=\"background-image:url(https:\/\/i.ytimg.com\/vi_webp\/8ulq-bUdW88\/maxresdefault.webp)\"><\/lite-youtube><\/div>\n<\/div>\n\n\n\n<div class=\"wp-block-column is-layout-flow wp-block-column-is-layout-flow\">\n<div class=\"wp-block-interactiv-technologies-it-youtube-embed\"><lite-youtube title=\"Interactiv' Technologies : Pr\u00e9sentation de l'offre (PIM, EasyCatalog, document feuilletable ...)\" videoid=\"3V_ppuzAnQQ\" style=\"background-image:url(https:\/\/i.ytimg.com\/vi_webp\/3V_ppuzAnQQ\/maxresdefault.webp)\"><\/lite-youtube><\/div>\n<\/div>\n<\/div>\n<\/div>\n","protected":false},"excerpt":{"rendered":"<p>Pr\u00e9sentation du logiciel fran\u00e7ais Interactiv&rsquo; Doc, pour transformer vos PDF au format interactif Consultez d&rsquo;autres vid\u00e9os sur le catalogue interactif et nos autres logiciels<\/p>\n","protected":false},"author":2,"featured_media":0,"parent":0,"menu_order":0,"comment_status":"closed","ping_status":"closed","template":"","meta":{"_seopress_robots_primary_cat":"","_seopress_titles_title":"%%post_title%% %%sep%% %%sitetitle%%","_seopress_titles_desc":"En moins d'1 min, d\u00e9couvrez Interactiv' Doc, le logiciel fran\u00e7ais d\u00e9velopp\u00e9 par Interactiv' Technologies; qui transforme n'importe quel pdf en flipbook interactif \u00e9volu\u00e9. Faites le test gratuitement !","_seopress_robots_index":"","_it_page_product":"ITDoc","_it_call_to_action":["{\"text\":\"Testez gratuitement\",\"url\":\"https:\/\/www.interactiv-technologies.com\/fr\/catalogue-interactif\/formulaire-essai-gratuit-flipbooks\/\"}","{\"text\":\"Demandez une d\u00e9mo\",\"url\":\"https:\/\/www.interactiv-technologies.com\/fr\/catalogue-interactif\/formulaire-demonstration-flipbooks\/\"}","{\"text\":\"Obtenez votre tarif\",\"url\":\"https:\/\/www.interactiv-technologies.com\/fr\/catalogue-interactif\/prix-devis-flipbook\/\"}","{\"text\":\"\",\"url\":\"\"}"],"footnotes":""},"class_list":["post-11964","page","type-page","status-publish","hentry"],"_links":{"self":[{"href":"https:\/\/www.interactiv-technologies.com\/fr\/wp-json\/wp\/v2\/pages\/11964","targetHints":{"allow":["GET"]}}],"collection":[{"href":"https:\/\/www.interactiv-technologies.com\/fr\/wp-json\/wp\/v2\/pages"}],"about":[{"href":"https:\/\/www.interactiv-technologies.com\/fr\/wp-json\/wp\/v2\/types\/page"}],"author":[{"embeddable":true,"href":"https:\/\/www.interactiv-technologies.com\/fr\/wp-json\/wp\/v2\/users\/2"}],"replies":[{"embeddable":true,"href":"https:\/\/www.interactiv-technologies.com\/fr\/wp-json\/wp\/v2\/comments?post=11964"}],"version-history":[{"count":4,"href":"https:\/\/www.interactiv-technologies.com\/fr\/wp-json\/wp\/v2\/pages\/11964\/revisions"}],"predecessor-version":[{"id":12748,"href":"https:\/\/www.interactiv-technologies.com\/fr\/wp-json\/wp\/v2\/pages\/11964\/revisions\/12748"}],"wp:attachment":[{"href":"https:\/\/www.interactiv-technologies.com\/fr\/wp-json\/wp\/v2\/media?parent=11964"}],"curies":[{"name":"wp","href":"https:\/\/api.w.org\/{rel}","templated":true}]}}