{"id":1126,"date":"2024-01-30T10:18:16","date_gmt":"2024-01-30T09:18:16","guid":{"rendered":"https:\/\/www.interactiv-technologies.com\/?page_id=1126"},"modified":"2026-02-27T14:07:58","modified_gmt":"2026-02-27T13:07:58","slug":"des-traductions-automatiques-de-catalogues-en-un-clic","status":"publish","type":"page","link":"https:\/\/www.interactiv-technologies.com\/fr\/automatisation-catalogues-indesign\/traduction-catalogues-automatique\/","title":{"rendered":"Comment traduire un catalogue en un clic"},"content":{"rendered":"\n<div class=\"wp-block-group alignfull has-violet-accent-background-color has-background has-global-padding is-layout-constrained wp-block-group-is-layout-constrained\" style=\"padding-top:var(--wp--preset--spacing--40);padding-bottom:var(--wp--preset--spacing--60)\">\n<div class=\"wp-block-group alignwide has-blanc-color has-text-color has-link-color has-small-font-size wp-elements-bf8c93ea3ef9660c3f317439d4e72dba has-global-padding is-layout-constrained wp-block-group-is-layout-constrained\"><div class=\"alignwide wp-block-wpseopress-breadcrumbs\"><nav  aria-label=\"Fil d&#039;Ariane\"><ol class=\"breadcrumb\" itemscope itemtype=\"https:\/\/schema.org\/BreadcrumbList\"><li class=\"breadcrumb-item active\" aria-current=\"page\" itemprop=\"itemListElement\" itemscope itemtype=\"https:\/\/schema.org\/ListItem\"><span itemprop=\"name\">Accueil<\/span><meta itemprop=\"position\" content=\"1\"><\/li><\/ol><\/nav><\/div><\/div>\n\n\n\n<h1 class=\"wp-block-heading has-text-align-center has-blanc-color has-text-color has-link-color wp-elements-82a102a73dcde13076a14e935a8654f0\">Des traductions automatiques de catalogues en un clic !&nbsp;<\/h1>\n<\/div>\n\n\n\n<div class=\"wp-block-group has-global-padding is-layout-constrained wp-block-group-is-layout-constrained\">\n<div class=\"wp-block-media-text has-media-on-the-right is-stacked-on-mobile\" style=\"grid-template-columns:auto 26%\"><div class=\"wp-block-media-text__content\">\n<h2 class=\"wp-block-heading\">Traduisez vos documents plus rapidement<\/h2>\n\n\n\n<ul class=\"wp-block-list\">\n<li>G\u00e9n\u00e9rez et r\u00e9\u00e9quilibrez une seule version de catalogue.<\/li>\n\n\n\n<li>Traduisez d\u2019une langue \u00e0 une autre en quelques clics.<\/li>\n\n\n\n<li>Gagnez un temps consid\u00e9rable pour vos traductions de documents<\/li>\n<\/ul>\n\n\n\n<div class=\"wp-block-buttons is-layout-flex wp-block-buttons-is-layout-flex\">\n<div class=\"wp-block-button\"><a class=\"wp-block-button__link wp-element-button\" href=\"https:\/\/www.interactiv-technologies.com\/fr\/automatisation-catalogues-indesign\/formulaire-essai-gratuit-easycatalog\/\">Testez gratuitement<\/a><\/div>\n<\/div>\n<\/div><figure class=\"wp-block-media-text__media\"><img loading=\"lazy\" decoding=\"async\" width=\"748\" height=\"709\" src=\"https:\/\/www.interactiv-technologies.com\/app\/uploads\/2024\/01\/indesign.png\" alt=\"Traduisez vos documents plus rapidement\" class=\"wp-image-1129 size-full\" srcset=\"https:\/\/www.interactiv-technologies.com\/app\/uploads\/2024\/01\/indesign.png 748w, https:\/\/www.interactiv-technologies.com\/app\/uploads\/2024\/01\/indesign-300x284.png 300w\" sizes=\"auto, (max-width: 748px) 100vw, 748px\" \/><\/figure><\/div>\n<\/div>\n\n\n\n<div class=\"wp-block-group has-global-padding is-layout-constrained wp-block-group-is-layout-constrained\">\n<div class=\"wp-block-media-text is-stacked-on-mobile\" style=\"grid-template-columns:26% auto\"><figure class=\"wp-block-media-text__media\"><img loading=\"lazy\" decoding=\"async\" width=\"605\" height=\"355\" src=\"https:\/\/www.interactiv-technologies.com\/app\/uploads\/2024\/01\/Telecharger-easycatalog-ou-easycatalogue-2.png\" alt=\"\" class=\"wp-image-612 size-full\" srcset=\"https:\/\/www.interactiv-technologies.com\/app\/uploads\/2024\/01\/Telecharger-easycatalog-ou-easycatalogue-2.png 605w, https:\/\/www.interactiv-technologies.com\/app\/uploads\/2024\/01\/Telecharger-easycatalog-ou-easycatalogue-2-300x176.png 300w\" sizes=\"auto, (max-width: 605px) 100vw, 605px\" \/><\/figure><div class=\"wp-block-media-text__content\">\n<h2 class=\"wp-block-heading\">Des&nbsp;documents traduits en quelques minutes<\/h2>\n\n\n\n<p><strong>Gr\u00e2ce \u00e0 Interactiv\u2019 Publisher et la technologie de EasyCatalog<\/strong>,&nbsp;les traductions d\u2019un document d\u2019une langue \u00e0 une autre sont simples et rapides. R\u00e9alisez le document InDesign en fran\u00e7ais, puis faite le pointer vers une source traduite et en un clic, votre document se mettra \u00e0 jour avec les donn\u00e9es d\u2019une autre langue.<\/p>\n\n\n\n<div class=\"wp-block-buttons is-layout-flex wp-block-buttons-is-layout-flex\">\n<div class=\"wp-block-button\"><a class=\"wp-block-button__link wp-element-button\" href=\"https:\/\/www.interactiv-technologies.com\/fr\/interactiv-publisher\/telecharger-easycatalog\/\">T\u00e9l\u00e9chargez EasyCatalog<\/a><\/div>\n\n\n\n<div class=\"wp-block-button\"><a class=\"wp-block-button__link wp-element-button\" href=\"https:\/\/www.interactiv-technologies.com\/fr\/automatisation-catalogues-indesign\/formulaire-essai-gratuit-easycatalog\/\">Testez gratuitement<\/a><\/div>\n<\/div>\n<\/div><\/div>\n<\/div>\n\n\n\n<hr class=\"wp-block-separator has-alpha-channel-opacity\"\/>\n\n\n\n<div class=\"wp-block-columns is-layout-flex wp-container-core-columns-is-layout-d7acbfb1 wp-block-columns-is-layout-flex\" style=\"padding-top:var(--wp--preset--spacing--20);padding-bottom:var(--wp--preset--spacing--60)\">\n<div class=\"wp-block-column is-vertically-aligned-center is-layout-flow wp-block-column-is-layout-flow\">\n<figure class=\"wp-block-image aligncenter size-full is-resized\"><img loading=\"lazy\" decoding=\"async\" width=\"693\" height=\"693\" src=\"https:\/\/www.interactiv-technologies.com\/app\/uploads\/2024\/01\/EcranMAC_time.png\" alt=\"\" class=\"wp-image-1155\" style=\"width:408px;height:auto\" srcset=\"https:\/\/www.interactiv-technologies.com\/app\/uploads\/2024\/01\/EcranMAC_time.png 693w, https:\/\/www.interactiv-technologies.com\/app\/uploads\/2024\/01\/EcranMAC_time-300x300.png 300w, https:\/\/www.interactiv-technologies.com\/app\/uploads\/2024\/01\/EcranMAC_time-150x150.png 150w\" sizes=\"auto, (max-width: 693px) 100vw, 693px\" \/><\/figure>\n<\/div>\n\n\n\n<div class=\"wp-block-column is-vertically-aligned-center is-layout-flow wp-block-column-is-layout-flow\">\n<div class=\"wp-block-group has-global-padding is-layout-constrained wp-block-group-is-layout-constrained\">\n<form class=\"wp-block-interactiv-technologies-it-form needs-validation it-pattern-form-simple it-pattern-card\" novalidate action=\"\" method=\"post\" enctype=\"multipart\/form-data\"><div class=\"it-form-ribbon\">D\u00e9di\u00e9 aux professionnels<\/div>\n<p class=\"it-form-title\">Demandez une d\u00e9monstration<\/p>\n\n\n\n<div class=\"wp-block-group has-global-padding is-layout-constrained wp-container-core-group-is-layout-7bc66994 wp-block-group-is-layout-constrained\">\n<div class=\"wp-block-interactiv-technologies-it-field it-form-field it-form-field-status it-form-field--required it-form-field--is-floating form-floating is-style-floating\" data-field-name=\"status\" data-field-type=\"status\" data-field-label=\"Vous \u00eates\" data-field-required=\"true\"><select id=\"it_form_status\" class=\"it-form-field-control form-select\" name=\"status\" required><option value=\"\" disabled selected>S\u00e9lectionner un statut<\/option><option value=\"company\">Une soci\u00e9t\u00e9<\/option><option value=\"agency\">Une agence<\/option><option value=\"freelance\">Un(e) freelance<\/option><option value=\"association\">Une association<\/option><option value=\"individual\">Un particulier<\/option><\/select><label class=\"it-form-field-label\" for=\"it_form_status\">Vous \u00eates<\/label><div class=\"invalid-feedback\"><\/div><\/div>\n\n\n\n<div class=\"wp-block-interactiv-technologies-it-field it-form-field it-form-field-text it-form-field--is-floating form-floating is-style-floating\" data-field-name=\"society\" data-field-type=\"text\" data-field-label=\"Soci\u00e9t\u00e9\" data-field-required=\"false\"><input id=\"it_form_society\" class=\"it-form-field-control form-control\" type=\"text\" name=\"society\" placeholder=\"Soci\u00e9t\u00e9\"\/><label class=\"it-form-field-label\" for=\"it_form_society\">Soci\u00e9t\u00e9<\/label><div class=\"invalid-feedback\"><\/div><\/div>\n\n\n\n<div class=\"wp-block-interactiv-technologies-it-field it-form-field it-form-field-text it-form-field--required it-form-field--is-floating form-floating is-style-floating\" data-field-name=\"identity\" data-field-type=\"text\" data-field-label=\"Nom Pr\u00e9nom\" data-field-required=\"true\"><input id=\"it_form_identity\" class=\"it-form-field-control form-control\" type=\"text\" name=\"identity\" placeholder=\"Nom Pr\u00e9nom\" required\/><label class=\"it-form-field-label\" for=\"it_form_identity\">Nom Pr\u00e9nom<\/label><div class=\"invalid-feedback\"><\/div><\/div>\n\n\n\n<div class=\"wp-block-interactiv-technologies-it-field it-form-field it-form-field-email it-form-field--required it-form-field--is-floating form-floating is-style-floating\" data-field-name=\"mail\" data-field-type=\"email\" data-field-label=\"E-mail\" data-field-required=\"true\"><input id=\"it_form_mail\" class=\"it-form-field-control form-control\" type=\"email\" name=\"mail\" placeholder=\"\" required\/><label class=\"it-form-field-label\" for=\"it_form_mail\">E-mail<\/label><div class=\"invalid-feedback\"><\/div><\/div>\n\n\n\n<div class=\"wp-block-interactiv-technologies-it-field it-form-field it-form-field-text it-form-field--required it-form-field--is-floating form-floating is-style-floating\" data-field-name=\"phone\" data-field-type=\"text\" data-field-label=\"T\u00e9l\u00e9phone\" data-field-required=\"true\"><input id=\"it_form_phone\" class=\"it-form-field-control form-control\" type=\"text\" name=\"phone\" placeholder=\"T\u00e9l\u00e9phone\" required\/><label class=\"it-form-field-label\" for=\"it_form_phone\">T\u00e9l\u00e9phone<\/label><div class=\"invalid-feedback\"><\/div><\/div>\n\n\n\n<div class=\"wp-block-interactiv-technologies-it-field it-form-field it-form-field-consent it-form-field--consent form-check it-form-field--required\" data-field-name=\"consent\" data-field-type=\"consent\" data-field-label=\"\" data-field-required=\"true\" style=\"margin-top:var(--wp--preset--spacing--30)\"><input id=\"it_form_consent\" class=\"it-form-field-control form-check-input\" type=\"checkbox\" name=\"consent\" value=\"ok\" required\/><label class=\"it-form-field-inputs-label form-check-label\" for=\"it_form_consent\">En soumettant ce formulaire, j\u2019accepte que les informations saisies soient exploit\u00e9es dans le cadre de la demande de d\u00e9monstration et la relation commerciale qui peut en d\u00e9couler.<br \/>\r\nPour connaitre et exercer vos droits, veuillez consulter notre <a href=\"https:\/\/www.interactiv-technologies.com\/fr\/politique-de-confidentialite-relative-aux-donnees-personnelles\/\">politique de confidentialit\u00e9<\/a>.<\/label><div class=\"invalid-feedback\"><\/div><\/div>\n<\/div>\n<div class=\"wp-block-interactiv-technologies-it-field it-form-field it-form-field-email it-form-field--is-floating form-floating is-style-floating hasNoName\" data-field-name=\"mail_double_check\" data-field-type=\"email\" data-field-label=\"Enter email again\" data-field-required=\"false\"><input class=\"it-form-field-control form-control\" type=\"email\" name=\"mail_double_check\" id=\"it_form_mail_double_check\" placeholder=\"Enter email again\"\/><label class=\"it-form-field-label\" for=\"it_form_mail_double_check\">Enter email again<\/label><div class=\"invalid-feedback\"><\/div><\/div><input type=\"hidden\" name=\"name\" value=\"Demandez une d\u00e9monstration\"\/><input type=\"hidden\" name=\"product\" value=\"itpublisher\"\/><input type=\"hidden\" name=\"tpl\" value=\"31\"\/><input type=\"hidden\" name=\"landing\" value=\"950\"\/><button class=\"btn-form-submit it-form-submit-btn\" type=\"submit\">Je valide<\/button><input type=\"hidden\" id=\"_wpnonce\" name=\"_wpnonce\" value=\"d48de5530b\" \/><input type=\"hidden\" name=\"_wp_http_referer\" value=\"\/fr\/wp-json\/wp\/v2\/pages\/1126\" \/><\/form>\n<\/div>\n<\/div>\n<\/div>\n\n\n\n<section class=\"wp-block-group alignfull has-gris-clair-background-color has-background has-global-padding is-layout-constrained wp-container-core-group-is-layout-b42db63c wp-block-group-is-layout-constrained\" style=\"margin-top:0;margin-bottom:0;padding-top:var(--wp--preset--spacing--80);padding-right:var(--wp--preset--spacing--50);padding-bottom:var(--wp--preset--spacing--80);padding-left:var(--wp--preset--spacing--50)\">\n<h2 class=\"wp-block-heading has-text-align-center has-gris-moyen-color has-text-color has-link-color has-large-font-size wp-elements-02195dc9fea2ffb2470b62236ac84d7c\" style=\"margin-top:0;margin-bottom:var(--wp--preset--spacing--80)\">Articles et informations suppl\u00e9mentaires sur Interactiv&rsquo; Publisher &#8211; EasyCatalog<\/h2>\n\n\n\n<div class=\"wp-block-group alignwide has-global-padding is-layout-constrained wp-container-core-group-is-layout-c5bbea69 wp-block-group-is-layout-constrained\">\n<div class=\"wp-block-columns alignwide is-layout-flex wp-container-core-columns-is-layout-f5a44f5b wp-block-columns-is-layout-flex\">\n<div class=\"wp-block-column is-vertically-aligned-stretch is-layout-flow wp-block-column-is-layout-flow\" style=\"flex-basis:33.34%\">\n<aside class=\"wp-block-group it-pattern-card has-blanc-background-color has-background wp-container-content-9cfa9a5a has-global-padding is-layout-constrained wp-block-group-is-layout-constrained\" style=\"min-height:100%\">\n<h3 class=\"wp-block-heading has-text-align-center is-style-violet-accent has-violet-accent-color has-text-color has-link-color wp-elements-3d41a94f4fdc1c5774b8d06b5ef851ad\"><a href=\"\/fr\/telecharger-easycatalog\/\">D\u00e9couvrez EasyCatalog : informations et t\u00e9l\u00e9chargement<\/a><\/h3>\n\n\n\n<p class=\"has-text-align-center\">Apprenez-en plus sur EasyCatalog, module officiel d\u2019InDesign. Automatisez la mise en page de vos documents. T\u00e9l\u00e9chargez EasyCatalog\u2026<\/p>\n<\/aside>\n<\/div>\n\n\n\n<div class=\"wp-block-column is-vertically-aligned-stretch is-layout-flow wp-block-column-is-layout-flow\" style=\"flex-basis:33.34%\">\n<aside class=\"wp-block-group it-pattern-card has-blanc-background-color has-background wp-container-content-9cfa9a5a has-global-padding is-layout-constrained wp-block-group-is-layout-constrained\" style=\"min-height:100%\">\n<h3 class=\"wp-block-heading has-text-align-center is-style-violet-accent has-violet-accent-color has-text-color has-link-color wp-elements-73e7a021bf6cff0ce80c9f65a593a0dd\"><a href=\"\/fr\/catalogue-interactif\/service-click-and-collect-outils-logiciels\/\"><\/a><a href=\"\/fr\/automatisation-catalogues-indesign\/tutos-videos-easycatalog\/\">Tutos EasyCatalog (sur InDesign)<\/a><\/h3>\n\n\n\n<p class=\"has-text-align-center\">Ces tutoriels EasyCatalog, plug-in officiel d\u2019InDesign, vous pr\u00e9senteront comment automatiser la production et la mise en page de vos catalogues, fiches techniques, fiches produits, annuaires\u2026<\/p>\n<\/aside>\n<\/div>\n\n\n\n<div class=\"wp-block-column is-vertically-aligned-stretch is-layout-flow wp-block-column-is-layout-flow\" style=\"flex-basis:33.33%\">\n<aside class=\"wp-block-group it-pattern-card has-blanc-background-color has-background wp-container-content-9cfa9a5a has-global-padding is-layout-constrained wp-block-group-is-layout-constrained\" style=\"min-height:100%\">\n<h3 class=\"wp-block-heading has-text-align-center is-style-violet-accent has-violet-accent-color has-text-color has-link-color wp-elements-184d19c54409d6b5867736429c0f47a6\"><a href=\"\/fr\/automatisation-catalogues-indesign\/traduction-catalogues-automatique\/\">Des traductions automatiques de catalogues en un clic<\/a><\/h3>\n\n\n\n<p class=\"has-text-align-center\">Vous ne g\u00e9n\u00e9rez et r\u00e9\u00e9quilibrez qu\u2019une seule version de document et traduisez en seulement quelques clics. Gagnez un temps consid\u00e9rable pour traduire vos catalogues\u2026<\/p>\n<\/aside>\n<\/div>\n<\/div>\n\n\n\n<div class=\"wp-block-columns alignwide is-layout-flex wp-container-core-columns-is-layout-f5a44f5b wp-block-columns-is-layout-flex\">\n<div class=\"wp-block-column is-vertically-aligned-stretch is-layout-flow wp-block-column-is-layout-flow\" style=\"flex-basis:33.34%\">\n<aside class=\"wp-block-group it-pattern-card has-blanc-background-color has-background wp-container-content-9cfa9a5a has-global-padding is-layout-constrained wp-block-group-is-layout-constrained\" style=\"min-height:100%\">\n<h3 class=\"wp-block-heading has-text-align-center is-style-violet-accent has-violet-accent-color has-text-color has-link-color wp-elements-1af6075ab58e711fc3c639f42f12b7e5\"><a href=\"\/fr\/mise-page-automatique\/\">Mise en page automatique<\/a><\/h3>\n\n\n\n<p class=\"has-text-align-center\">Automatisez la conception de vos catalogues, documents\u2026 Vos donn\u00e9es produit seront automatiquement int\u00e9gr\u00e9es dans vos cr\u00e9ations sur InDesign. Pour une communication toujours \u00e0 jour\u2026<\/p>\n<\/aside>\n<\/div>\n\n\n\n<div class=\"wp-block-column is-vertically-aligned-stretch is-layout-flow wp-block-column-is-layout-flow\" style=\"flex-basis:33.34%\">\n<aside class=\"wp-block-group it-pattern-card has-blanc-background-color has-background wp-container-content-9cfa9a5a has-global-padding is-layout-constrained wp-block-group-is-layout-constrained\" style=\"min-height:100%\">\n<h3 class=\"wp-block-heading has-text-align-center is-style-violet-accent has-violet-accent-color has-text-color has-link-color wp-elements-6feee9b84a202deecff827f7d58ef79c\"><a href=\"\/fr\/automatisation-catalogues-indesign\/importer-automatiquement-donnees-indesign\/\">Importez automatiquement vos donn\u00e9es dans InDesign<\/a><\/h3>\n\n\n\n<p class=\"has-text-align-center\">Gagnez du temps sur votre processus de production en liant votre donn\u00e9e dynamiquement \u00e0 InDesign. L\u2019import se fait en quelques clics, directement dans Adobe InDesign\u2026<\/p>\n<\/aside>\n<\/div>\n\n\n\n<div class=\"wp-block-column is-vertically-aligned-stretch is-layout-flow wp-block-column-is-layout-flow\" style=\"flex-basis:33.33%\">\n<aside class=\"wp-block-group it-pattern-card has-blanc-background-color has-background wp-container-content-9cfa9a5a has-global-padding is-layout-constrained wp-block-group-is-layout-constrained\" style=\"min-height:100%\">\n<h3 class=\"wp-block-heading has-text-align-center is-style-violet-accent has-violet-accent-color has-text-color has-link-color wp-elements-d78a42bcdde450041e92ab6a3778994f\"><a href=\"\/fr\/automatisation-catalogues-indesign\/conseils-creer-catalogue-produits-realisation\/\">12 conseils et \u00e9tapes pour r\u00e9aliser un catalogue<\/a><\/h3>\n\n\n\n<p class=\"has-text-align-center\">R\u00e9duire de 30 \u00e0 50% le temps de cr\u00e9ation de vos catalogues vous semble utopique ? Pourtant, en appliquant les 12 conseils suivants vous am\u00e9liorerez le rendu, limiterez les erreurs\u2026<\/p>\n<\/aside>\n<\/div>\n<\/div>\n\n\n\n<div class=\"wp-block-columns alignwide is-layout-flex wp-container-core-columns-is-layout-f5a44f5b wp-block-columns-is-layout-flex\">\n<div class=\"wp-block-column is-vertically-aligned-stretch is-layout-flow wp-block-column-is-layout-flow\" style=\"flex-basis:33.34%\">\n<aside class=\"wp-block-group it-pattern-card has-blanc-background-color has-background wp-container-content-9cfa9a5a has-global-padding is-layout-constrained wp-block-group-is-layout-constrained\" style=\"min-height:100%\">\n<h3 class=\"wp-block-heading has-text-align-center is-style-violet-accent has-violet-accent-color has-text-color has-link-color wp-elements-48d37ad8c1dc92dd6e8fb849901afdf4\"><a href=\"\/fr\/automatisation-catalogues-indesign\/questions-indesign-easycatalog\/\">EasyCatalog (InDesign) Questions Fr\u00e9quentes<\/a><\/h3>\n\n\n\n<p class=\"has-text-align-center\">Vous avez des questions ? Nous avons s\u00fbrement la r\u00e9ponse sur cette page. Retrouvez toutes les questions fr\u00e9quemment pos\u00e9es par les utilisateurs du plugin d\u2019automatisation de mise en page EasyCatalog\u2026<\/p>\n<\/aside>\n<\/div>\n\n\n\n<div class=\"wp-block-column is-vertically-aligned-stretch is-layout-flow wp-block-column-is-layout-flow\" style=\"flex-basis:33.34%\">\n<aside class=\"wp-block-group it-pattern-card has-blanc-background-color has-background wp-container-content-9cfa9a5a has-global-padding is-layout-constrained wp-block-group-is-layout-constrained\" style=\"min-height:100%\">\n<h3 class=\"wp-block-heading has-text-align-center is-style-violet-accent has-violet-accent-color has-text-color has-link-color wp-elements-525f164fc0bc60794a609c4a52e259fd\"><a href=\"https:\/\/www.interactiv-technologies.com\/fr\/automatisation-catalogues-indesign\/nouveautes-adobe-indesign-cc-2026\/\">Nouveaut\u00e9s InDesign CC 2026<\/a><\/h3>\n\n\n\n<p class=\"has-text-align-center\">Adobe InDesign 2026 vous r\u00e9serve bien de nouvelles surprises. D\u00e9couvrez de quelles nouveaut\u00e9s il s\u2019agit en lisant cet article\u2026<\/p>\n<\/aside>\n<\/div>\n\n\n\n<div class=\"wp-block-column is-vertically-aligned-stretch is-layout-flow wp-block-column-is-layout-flow\" style=\"flex-basis:33.33%\">\n<aside class=\"wp-block-group it-pattern-card has-blanc-background-color has-background wp-container-content-9cfa9a5a has-global-padding is-layout-constrained wp-block-group-is-layout-constrained\" style=\"min-height:100%\">\n<h3 class=\"wp-block-heading has-text-align-center is-style-violet-accent has-violet-accent-color has-text-color has-link-color wp-elements-70a48a35b74576266e2600edd47194ea\"><a href=\"\/fr\/catalogue-interactif\/fonctionnalites-document-flipbook\/\"><\/a><a href=\"https:\/\/www.interactiv-technologies.com\/fr\/automatisation-catalogues-indesign\/mise-a-jour-easycatalog-2026\/\">Nouveaut\u00e9s EasyCatalog 2026<\/a><\/h3>\n\n\n\n<p class=\"has-text-align-center\">Prenez connaissance de l\u2019ensemble des nouvelles fonctionnalit\u00e9s et debugs d\u2019EasyCatalog CC 2026 dans cet article\u2026<\/p>\n<\/aside>\n<\/div>\n<\/div>\n\n\n\n<div class=\"wp-block-columns alignwide is-layout-flex wp-container-core-columns-is-layout-f5a44f5b wp-block-columns-is-layout-flex\">\n<div class=\"wp-block-column is-vertically-aligned-stretch is-layout-flow wp-block-column-is-layout-flow\" style=\"flex-basis:50.01%\">\n<aside class=\"wp-block-group it-pattern-card has-blanc-background-color has-background wp-container-content-9cfa9a5a has-global-padding is-layout-constrained wp-block-group-is-layout-constrained\" style=\"min-height:100%\">\n<h3 class=\"wp-block-heading has-text-align-center is-style-violet-accent has-violet-accent-color has-text-color has-link-color wp-elements-1e10616f108fcd747be7093e4222a99a\"><a href=\"\/fr\/creer-flipbook-pdf\/\"><\/a><a href=\"\/fr\/automatisation-catalogues-indesign\/generer-mise-page-automatique-indesign\/\">G\u00e9n\u00e9rez une mise en page automatique dans InDesign<\/a><\/h3>\n\n\n\n<p class=\"has-text-align-center\">G\u00e9n\u00e9rez des documents de plusieurs centaines de pages rapidement. Produisez des mises en page automatis\u00e9es avec une solution polyvalente en gardant la flexibilit\u00e9 d\u2019Adobe InDesign\u2026<\/p>\n<\/aside>\n<\/div>\n\n\n\n<div class=\"wp-block-column is-vertically-aligned-stretch is-layout-flow wp-block-column-is-layout-flow\" style=\"flex-basis:49.99%\">\n<aside class=\"wp-block-group it-pattern-card has-blanc-background-color has-background wp-container-content-9cfa9a5a has-global-padding is-layout-constrained wp-block-group-is-layout-constrained\" style=\"min-height:100%\">\n<h3 class=\"wp-block-heading has-text-align-center is-style-violet-accent has-violet-accent-color has-text-color has-link-color wp-elements-b291c86e4340abfff209e03216884715\"><a href=\"\/fr\/transformer-pdf-en-catalogue-interactif\/\"><\/a><a href=\"\/fr\/automatisation-catalogues-indesign\/automatiser-creation-catalogue-produits\/\">Comment automatiser la cr\u00e9ation de votre catalogue produits ?<\/a><\/h3>\n\n\n\n<p class=\"has-text-align-center\">D\u00e9couvrez comment automatiser la cr\u00e9ation de votre catalogue produits en lisant cet article\u2026<\/p>\n<\/aside>\n<\/div>\n<\/div>\n<\/div>\n<\/section>\n","protected":false},"excerpt":{"rendered":"<p>Des traductions automatiques de catalogues en un clic !&nbsp; Traduisez vos documents plus rapidement Des&nbsp;documents traduits en quelques minutes Gr\u00e2ce \u00e0 Interactiv\u2019 Publisher et la technologie de EasyCatalog,&nbsp;les traductions d\u2019un document d\u2019une langue \u00e0 une autre sont simples et rapides. R\u00e9alisez le document InDesign en fran\u00e7ais, puis faite le pointer vers une source traduite et [&hellip;]<\/p>\n","protected":false},"author":3,"featured_media":0,"parent":3043,"menu_order":0,"comment_status":"closed","ping_status":"closed","template":"","meta":{"_seopress_robots_primary_cat":"","_seopress_titles_title":"%%post_title%% %%sep%% %%sitetitle%%","_seopress_titles_desc":"Faire une version de catalogues dans une langue, puis d\u00e9cliner ce m\u00eame catalogue dans d'autres langues peut \u00eatre facilit\u00e9 par EasyCatalog.","_seopress_robots_index":"","_it_page_product":"ITPublisher","_it_call_to_action":["{\"text\":\"T\u00e9l\u00e9chargez EasyCatalog\",\"url\":\"https:\/\/www.interactiv-technologies.com\/fr\/interactiv-publisher\/telecharger-easycatalog\/\"}","{\"text\":\"Demandez une d\u00e9mo\",\"url\":\"https:\/\/www.interactiv-technologies.com\/fr\/automatisation-catalogues-indesign\/formulaire-demonstration-easycatalog\/\"}","{\"text\":\"Testez gratuitement\",\"url\":\"https:\/\/www.interactiv-technologies.com\/fr\/automatisation-catalogues-indesign\/formulaire-essai-gratuit-easycatalog\/\"}","{\"text\":\"Obtenez votre tarif\",\"url\":\"https:\/\/www.interactiv-technologies.com\/fr\/automatisation-catalogues-indesign\/prix-devis-easycatalog\/\"}"],"footnotes":""},"class_list":["post-1126","page","type-page","status-publish","hentry"],"_links":{"self":[{"href":"https:\/\/www.interactiv-technologies.com\/fr\/wp-json\/wp\/v2\/pages\/1126","targetHints":{"allow":["GET"]}}],"collection":[{"href":"https:\/\/www.interactiv-technologies.com\/fr\/wp-json\/wp\/v2\/pages"}],"about":[{"href":"https:\/\/www.interactiv-technologies.com\/fr\/wp-json\/wp\/v2\/types\/page"}],"author":[{"embeddable":true,"href":"https:\/\/www.interactiv-technologies.com\/fr\/wp-json\/wp\/v2\/users\/3"}],"replies":[{"embeddable":true,"href":"https:\/\/www.interactiv-technologies.com\/fr\/wp-json\/wp\/v2\/comments?post=1126"}],"version-history":[{"count":28,"href":"https:\/\/www.interactiv-technologies.com\/fr\/wp-json\/wp\/v2\/pages\/1126\/revisions"}],"predecessor-version":[{"id":15559,"href":"https:\/\/www.interactiv-technologies.com\/fr\/wp-json\/wp\/v2\/pages\/1126\/revisions\/15559"}],"up":[{"embeddable":true,"href":"https:\/\/www.interactiv-technologies.com\/fr\/wp-json\/wp\/v2\/pages\/3043"}],"wp:attachment":[{"href":"https:\/\/www.interactiv-technologies.com\/fr\/wp-json\/wp\/v2\/media?parent=1126"}],"curies":[{"name":"wp","href":"https:\/\/api.w.org\/{rel}","templated":true}]}}