{"id":1001,"date":"2024-01-27T23:47:57","date_gmt":"2024-01-27T22:47:57","guid":{"rendered":"https:\/\/www.interactiv-technologies.com\/?page_id=1001"},"modified":"2024-05-22T17:00:49","modified_gmt":"2024-05-22T15:00:49","slug":"estimation-du-tarif-de-nos-formations-indesign-et-ou-easycatalog","status":"publish","type":"page","link":"https:\/\/www.interactiv-technologies.com\/fr\/formation-easycatalog-adobe-indesign\/prix-devis-formation\/","title":{"rendered":"Formulaire Formation &#8211; Estimation Tarif"},"content":{"rendered":"\n<div class=\"wp-block-group alignfull has-bleu-accent-background-color has-background has-global-padding is-layout-constrained wp-block-group-is-layout-constrained\" style=\"padding-top:var(--wp--preset--spacing--40);padding-bottom:var(--wp--preset--spacing--60)\">\n<div class=\"wp-block-group alignwide has-blanc-color has-text-color has-link-color has-small-font-size wp-elements-c841a1b92e5602c57e0ccc8a7ec884c5 has-global-padding is-layout-constrained wp-block-group-is-layout-constrained\"><div class=\"alignwide wp-block-wpseopress-breadcrumbs\"><nav  aria-label=\"Fil d&#039;Ariane\"><ol class=\"breadcrumb\" itemscope itemtype=\"https:\/\/schema.org\/BreadcrumbList\"><li class=\"breadcrumb-item active\" aria-current=\"page\" itemprop=\"itemListElement\" itemscope itemtype=\"https:\/\/schema.org\/ListItem\"><span itemprop=\"name\">Accueil<\/span><meta itemprop=\"position\" content=\"1\"><\/li><\/ol><\/nav><\/div><\/div>\n\n\n\n<h1 class=\"wp-block-heading has-text-align-center has-blanc-color has-text-color has-link-color wp-elements-bc189d84249c67c5ee8567b3fb1fb39b\">Estimation du tarif de nos formations InDesign et\/ou EasyCatalog<\/h1>\n<\/div>\n\n\n\n<div class=\"wp-block-group has-global-padding is-layout-constrained wp-block-group-is-layout-constrained\">\n<p>Le&nbsp;<strong>centre de formation<\/strong>&nbsp;d\u2019Interactiv\u2019 Technologies dispense des&nbsp;<strong>formations sur InDesign et EasyCatalog<\/strong>&nbsp;(plug-in d\u2019InDesign permettant la mise en page automatis\u00e9e). Une \u00e9quipe d\u2019une demi-douzaine de formateurs dispense&nbsp;<strong>toutes les semaines<\/strong>&nbsp;des formations, \u00e0 destination des professionnels. Les sessions peuvent \u00eatre acad\u00e9miques ou sur-mesure, g\u00e9n\u00e9ralistes ou traitant des points pr\u00e9cis. Nous proposons diff\u00e9rentes formations&nbsp;<strong>pour tout type de niveau<\/strong>, que vous soyez d\u00e9butant(e) ou confirm\u00e9(e). Nos&nbsp;<strong>formations<\/strong>,&nbsp;<strong>certifi\u00e9es Qualiopi<\/strong>, peuvent \u00eatre faites en&nbsp;<strong>pr\u00e9sentiel<\/strong>&nbsp;(en respectant toutes les mesures sanitaires), ou bien&nbsp;<strong>\u00e0 distance.&nbsp;<\/strong>Elles peuvent \u00eatre&nbsp;<strong>prises en charge financi\u00e8rement<\/strong>&nbsp;(OPCO, dispositif FNE-Formations, \u2026).<\/p>\n\n\n\n<figure class=\"wp-block-image aligncenter size-large is-resized\"><img loading=\"lazy\" decoding=\"async\" width=\"1024\" height=\"192\" src=\"https:\/\/www.interactiv-technologies.com\/app\/uploads\/2024\/01\/bandeau-qualiopi-1024x192.png\" alt=\"\" class=\"wp-image-317\" style=\"width:606px;height:auto\" srcset=\"https:\/\/www.interactiv-technologies.com\/app\/uploads\/2024\/01\/bandeau-qualiopi-1024x192.png 1024w, https:\/\/www.interactiv-technologies.com\/app\/uploads\/2024\/01\/bandeau-qualiopi-300x56.png 300w, https:\/\/www.interactiv-technologies.com\/app\/uploads\/2024\/01\/bandeau-qualiopi-768x144.png 768w, https:\/\/www.interactiv-technologies.com\/app\/uploads\/2024\/01\/bandeau-qualiopi-1536x288.png 1536w, https:\/\/www.interactiv-technologies.com\/app\/uploads\/2024\/01\/bandeau-qualiopi-2048x383.png 2048w\" sizes=\"auto, (max-width: 1024px) 100vw, 1024px\" \/><\/figure>\n\n\n\n<p>En&nbsp;<strong>3 minutes<\/strong>, r\u00e9pondez aux&nbsp;<strong>4&nbsp;questions<\/strong>&nbsp;suivantes pour avoir une estimation du&nbsp;<strong>co\u00fbt<\/strong>&nbsp;de&nbsp;<strong>formation InDesign<\/strong>&nbsp;et\/ou&nbsp;<strong>EasyCatalog<\/strong>&nbsp;en fonction de vos besoins.<\/p>\n<\/div>\n\n\n\n<div class=\"wp-block-group has-global-padding is-layout-constrained wp-block-group-is-layout-constrained\">\n<section class=\"wp-block-group it-pattern-card it-pattern-form-price-estimate-container it-pattern-form-price-estimate-container--formation is-layout-flow wp-block-group-is-layout-flow\">\n<h2 class=\"wp-block-heading has-text-align-center has-medium-font-size\">Estimation tarifaire des formations<\/h2>\n\n\n\n<form class=\"wp-block-interactiv-technologies-it-form needs-validation it-pattern-form-price-estimate it-pattern-form-price-estimate--formation\" novalidate action=\"\" method=\"post\" enctype=\"multipart\/form-data\">\n<div class=\"wp-block-columns is-layout-flex wp-container-core-columns-is-layout-28f84493 wp-block-columns-is-layout-flex\">\n<div class=\"wp-block-column is-layout-flow wp-block-column-is-layout-flow\" style=\"flex-basis:35%\">\n<p class=\"it-pattern-form-price-estimate-big-number has-large-font-size\">#1<\/p>\n\n\n\n<p>Par quelle(s) formation(s) \u00eates-vous int\u00e9ress\u00e9(e) ?<\/p>\n\n\n\n<p>(plusieurs r\u00e9ponses possibles)<\/p>\n<\/div>\n\n\n\n<div class=\"wp-block-column is-vertically-aligned-center is-layout-flow wp-block-column-is-layout-flow\">\n<div class=\"wp-block-interactiv-technologies-it-field it-form-field it-form-field-checkbox\" data-field-name=\"training[]\" data-field-type=\"checkbox\" data-field-label=\"\" data-field-required=\"false\"><div id=\"it_form_training\" class=\"it-form-field-control it-form-field-checkbox-inputs it-form-field-checkinputs it-form-field-checkinputs--column\"><div class=\"form-check\"><input class=\"it-form-field-inputs-control form-check-input\" type=\"checkbox\" name=\"training[]\" value=\"Je ne sais pas\" id=\"it_form_training_je_ne_sais_pas\"\/><label class=\"it-form-field-inputs-label form-check-label\" for=\"it_form_training_je_ne_sais_pas\">Je ne sais pas<\/label><\/div><div class=\"form-check\"><input class=\"it-form-field-inputs-control form-check-input\" type=\"checkbox\" name=\"training[]\" value=\"Formation InDesign\" id=\"it_form_training_formation_indesign\"\/><label class=\"it-form-field-inputs-label form-check-label\" for=\"it_form_training_formation_indesign\">Formation InDesign<\/label><\/div><div class=\"form-check\"><input class=\"it-form-field-inputs-control form-check-input\" type=\"checkbox\" name=\"training[]\" value=\"Formation EasyCatalog\" id=\"it_form_training_formation_easycatalog\"\/><label class=\"it-form-field-inputs-label form-check-label\" for=\"it_form_training_formation_easycatalog\">Formation EasyCatalog<\/label><\/div><div class=\"form-check\"><input class=\"it-form-field-inputs-control form-check-input\" type=\"checkbox\" name=\"training[]\" value=\"Autre type de formation\" id=\"it_form_training_autre_type_de_formation\"\/><label class=\"it-form-field-inputs-label form-check-label\" for=\"it_form_training_autre_type_de_formation\">Autre type de formation<\/label><\/div><\/div><div class=\"invalid-feedback\"><\/div><\/div>\n<\/div>\n<\/div>\n\n\n\n<div class=\"wp-block-columns is-layout-flex wp-container-core-columns-is-layout-28f84493 wp-block-columns-is-layout-flex\">\n<div class=\"wp-block-column is-layout-flow wp-block-column-is-layout-flow\" style=\"flex-basis:35%\">\n<p class=\"it-pattern-form-price-estimate-big-number has-large-font-size\">#2<\/p>\n\n\n\n<p>Qui se chargerait de payer la formation ?<\/p>\n\n\n\n<p>(facultatif)<br>Remarque : notre centre de formations \u00e9tant certifi\u00e9 Qualiopi, votre entreprise pourra tr\u00e8s probablement b\u00e9n\u00e9ficier d\u2019une prise en charge par des organismes de financement de formation professionnelle.<\/p>\n<\/div>\n\n\n\n<div class=\"wp-block-column is-vertically-aligned-center is-layout-flow wp-block-column-is-layout-flow\">\n<div class=\"wp-block-interactiv-technologies-it-field it-form-field it-form-field-radio\" data-field-name=\"payment\" data-field-type=\"radio\" data-field-label=\"\" data-field-required=\"false\"><div id=\"it_form_payment\" class=\"it-form-field-control it-form-field-radio-inputs it-form-field-checkinputs it-form-field-checkinputs--column\"><div class=\"form-check\"><input class=\"it-form-field-inputs-control form-check-input\" type=\"radio\" name=\"payment\" value=\"Je ne sais pas\" id=\"it_form_payment_je_ne_sais_pas\"\/><label class=\"it-form-field-inputs-label form-check-label\" for=\"it_form_payment_je_ne_sais_pas\">Je ne sais pas<\/label><\/div><div class=\"form-check\"><input class=\"it-form-field-inputs-control form-check-input\" type=\"radio\" name=\"payment\" value=\"Mon entreprise\" id=\"it_form_payment_mon_entreprise\"\/><label class=\"it-form-field-inputs-label form-check-label\" for=\"it_form_payment_mon_entreprise\">Mon entreprise<\/label><\/div><div class=\"form-check\"><input class=\"it-form-field-inputs-control form-check-input\" type=\"radio\" name=\"payment\" value=\"Moi-m\u00eame en tant que particulier \/ freelance\" id=\"it_form_payment_moi_m\u00eame_en_tant_que_particulier__freelance\"\/><label class=\"it-form-field-inputs-label form-check-label\" for=\"it_form_payment_moi_m\u00eame_en_tant_que_particulier__freelance\">Moi-m\u00eame en tant que particulier \/ freelance<\/label><\/div><div class=\"form-check\"><input class=\"it-form-field-inputs-control form-check-input\" type=\"radio\" name=\"payment\" value=\"L'OPCO\" id=\"it_form_payment_lopco\"\/><label class=\"it-form-field-inputs-label form-check-label\" for=\"it_form_payment_lopco\">L&rsquo;OPCO<\/label><\/div><div class=\"form-check\"><input class=\"it-form-field-inputs-control form-check-input\" type=\"radio\" name=\"payment\" value=\"Autres\" id=\"it_form_payment_autres\"\/><label class=\"it-form-field-inputs-label form-check-label\" for=\"it_form_payment_autres\">Autres<\/label><\/div><\/div><div class=\"invalid-feedback\"><\/div><\/div>\n<\/div>\n<\/div>\n\n\n\n<div class=\"wp-block-columns is-layout-flex wp-container-core-columns-is-layout-28f84493 wp-block-columns-is-layout-flex\">\n<div class=\"wp-block-column is-layout-flow wp-block-column-is-layout-flow\" style=\"flex-basis:35%\">\n<p class=\"it-pattern-form-price-estimate-big-number has-large-font-size\">#3<\/p>\n\n\n\n<p>Quel(s) format(s) de formation souhaiteriez-vous avoir ?<\/p>\n\n\n\n<p>(plusieurs r\u00e9ponses possibles)<\/p>\n<\/div>\n\n\n\n<div class=\"wp-block-column is-vertically-aligned-center is-layout-flow wp-block-column-is-layout-flow\">\n<div class=\"wp-block-interactiv-technologies-it-field it-form-field it-form-field-checkbox\" data-field-name=\"type[]\" data-field-type=\"checkbox\" data-field-label=\"\" data-field-required=\"false\"><div id=\"it_form_type\" class=\"it-form-field-control it-form-field-checkbox-inputs it-form-field-checkinputs it-form-field-checkinputs--column\"><div class=\"form-check\"><input class=\"it-form-field-inputs-control form-check-input\" type=\"checkbox\" name=\"type[]\" value=\"Je ne sais pas\" id=\"it_form_type_je_ne_sais_pas\"\/><label class=\"it-form-field-inputs-label form-check-label\" for=\"it_form_type_je_ne_sais_pas\">Je ne sais pas<\/label><\/div><div class=\"form-check\"><input class=\"it-form-field-inputs-control form-check-input\" type=\"checkbox\" name=\"type[]\" value=\"Une formation individuelle\" id=\"it_form_type_une_formation_individuelle\"\/><label class=\"it-form-field-inputs-label form-check-label\" for=\"it_form_type_une_formation_individuelle\">Une formation individuelle<\/label><\/div><div class=\"form-check\"><input class=\"it-form-field-inputs-control form-check-input\" type=\"checkbox\" name=\"type[]\" value=\"Une formation avec d\u2019autres personnes de mon entreprise\" id=\"it_form_type_une_formation_avec_dautres_personnes_de_mon_entreprise\"\/><label class=\"it-form-field-inputs-label form-check-label\" for=\"it_form_type_une_formation_avec_dautres_personnes_de_mon_entreprise\">Une formation avec d\u2019autres personnes de mon entreprise<\/label><\/div><div class=\"form-check\"><input class=\"it-form-field-inputs-control form-check-input\" type=\"checkbox\" name=\"type[]\" value=\"Une formation avec d\u2019autres entreprises\" id=\"it_form_type_une_formation_avec_dautres_entreprises\"\/><label class=\"it-form-field-inputs-label form-check-label\" for=\"it_form_type_une_formation_avec_dautres_entreprises\">Une formation avec d\u2019autres entreprises<\/label><\/div><div class=\"form-check\"><input class=\"it-form-field-inputs-control form-check-input\" type=\"checkbox\" name=\"type[]\" value=\"Cela m\u2019est \u00e9gal\" id=\"it_form_type_cela_mest_\u00e9gal\"\/><label class=\"it-form-field-inputs-label form-check-label\" for=\"it_form_type_cela_mest_\u00e9gal\">Cela m\u2019est \u00e9gal<\/label><\/div><\/div><div class=\"invalid-feedback\"><\/div><\/div>\n<\/div>\n<\/div>\n\n\n\n<div class=\"wp-block-columns is-layout-flex wp-container-core-columns-is-layout-28f84493 wp-block-columns-is-layout-flex\">\n<div class=\"wp-block-column is-layout-flow wp-block-column-is-layout-flow\" style=\"flex-basis:35%\">\n<p class=\"it-pattern-form-price-estimate-big-number has-large-font-size\">#4<\/p>\n\n\n\n<p>Si vous avez des attentes pr\u00e9cises par rapport aux formations ou des questions, merci de les pr\u00e9ciser ici :<\/p>\n\n\n\n<p>(facultatif)<\/p>\n<\/div>\n\n\n\n<div class=\"wp-block-column is-vertically-aligned-center is-layout-flow wp-block-column-is-layout-flow\">\n<div class=\"wp-block-interactiv-technologies-it-field it-form-field it-form-field-textarea it-form-field--is-floating form-floating is-style-floating\" data-field-name=\"expectations\" data-field-type=\"textarea\" data-field-label=\"Commentaires\" data-field-required=\"false\"><textarea id=\"it_form_expectations\" class=\"it-form-field-control form-control\" name=\"expectations\" placeholder=\"\" style=\"height:5rem\"><\/textarea><label class=\"it-form-field-label\" for=\"it_form_expectations\">Commentaires<\/label><div class=\"invalid-feedback\"><\/div><\/div>\n<\/div>\n<\/div>\n\n\n\n<div class=\"wp-block-columns is-layout-flex wp-container-core-columns-is-layout-28f84493 wp-block-columns-is-layout-flex\">\n<div class=\"wp-block-column is-layout-flow wp-block-column-is-layout-flow\" style=\"flex-basis:35%\">\n<p class=\"it-pattern-form-price-estimate-big-number has-large-font-size\">#5<\/p>\n\n\n\n<p>Vos informations<\/p>\n<\/div>\n\n\n\n<div class=\"wp-block-column has-global-padding is-content-justification-left is-layout-constrained wp-container-core-column-is-layout-79dd21d6 wp-block-column-is-layout-constrained\">\n<div class=\"wp-block-interactiv-technologies-it-field it-form-field it-form-field-status it-form-field--required it-form-field--is-floating form-floating is-style-floating\" data-field-name=\"status\" data-field-type=\"status\" data-field-label=\"Vous \u00eates\" data-field-required=\"true\"><select id=\"it_form_status\" class=\"it-form-field-control form-select\" name=\"status\" required><option value=\"\" disabled selected>S\u00e9lectionner un statut<\/option><option value=\"company\">Une soci\u00e9t\u00e9<\/option><option value=\"agency\">Une agence<\/option><option value=\"freelance\">Un(e) freelance<\/option><option value=\"association\">Une association<\/option><option value=\"individual\">Un particulier<\/option><\/select><label class=\"it-form-field-label\" for=\"it_form_status\">Vous \u00eates<\/label><div class=\"invalid-feedback\"><\/div><\/div>\n\n\n\n<div class=\"wp-block-interactiv-technologies-it-field it-form-field it-form-field-text it-form-field--is-floating form-floating is-style-floating\" data-field-name=\"society\" data-field-type=\"text\" data-field-label=\"Soci\u00e9t\u00e9\" data-field-required=\"false\"><input id=\"it_form_society\" class=\"it-form-field-control form-control\" type=\"text\" name=\"society\" placeholder=\"Soci\u00e9t\u00e9\"\/><label class=\"it-form-field-label\" for=\"it_form_society\">Soci\u00e9t\u00e9<\/label><div class=\"invalid-feedback\"><\/div><\/div>\n\n\n\n<div class=\"wp-block-interactiv-technologies-it-field it-form-field it-form-field-text it-form-field--required it-form-field--is-floating form-floating is-style-floating\" data-field-name=\"identity\" data-field-type=\"text\" data-field-label=\"Nom Pr\u00e9nom\" data-field-required=\"true\"><input id=\"it_form_identity\" class=\"it-form-field-control form-control\" type=\"text\" name=\"identity\" placeholder=\"Nom Pr\u00e9nom\" required\/><label class=\"it-form-field-label\" for=\"it_form_identity\">Nom Pr\u00e9nom<\/label><div class=\"invalid-feedback\"><\/div><\/div>\n\n\n\n<div class=\"wp-block-interactiv-technologies-it-field it-form-field it-form-field-email it-form-field--required it-form-field--is-floating form-floating is-style-floating\" data-field-name=\"mail\" data-field-type=\"email\" data-field-label=\"E-mail\" data-field-required=\"true\"><input id=\"it_form_mail\" class=\"it-form-field-control form-control\" type=\"email\" name=\"mail\" placeholder=\"\" required\/><label class=\"it-form-field-label\" for=\"it_form_mail\">E-mail<\/label><div class=\"invalid-feedback\"><\/div><\/div>\n\n\n\n<div class=\"wp-block-interactiv-technologies-it-field it-form-field it-form-field-text it-form-field--required it-form-field--is-floating form-floating is-style-floating\" data-field-name=\"phone\" data-field-type=\"text\" data-field-label=\"T\u00e9l\u00e9phone\" data-field-required=\"true\"><input id=\"it_form_phone\" class=\"it-form-field-control form-control\" type=\"text\" name=\"phone\" placeholder=\"T\u00e9l\u00e9phone\" required\/><label class=\"it-form-field-label\" for=\"it_form_phone\">T\u00e9l\u00e9phone<\/label><div class=\"invalid-feedback\"><\/div><\/div>\n\n\n\n<div class=\"wp-block-interactiv-technologies-it-field it-form-field it-form-field-consent it-form-field--consent form-check it-form-field--required\" data-field-name=\"consent\" data-field-type=\"consent\" data-field-label=\"\" data-field-required=\"true\" style=\"margin-top:var(--wp--preset--spacing--30)\"><input id=\"it_form_consent\" class=\"it-form-field-control form-check-input\" type=\"checkbox\" name=\"consent\" value=\"ok\" required\/><label class=\"it-form-field-inputs-label form-check-label\" for=\"it_form_consent\">En soumettant ce formulaire, j\u2019accepte que les informations saisies soient exploit\u00e9es dans le cadre de la demande de d\u00e9monstration et la relation commerciale qui peut en d\u00e9couler.<br \/>\r\nPour connaitre et exercer vos droits, veuillez consulter notre <a href=\"https:\/\/www.interactiv-technologies.com\/fr\/politique-de-confidentialite-relative-aux-donnees-personnelles\/\">politique de confidentialit\u00e9<\/a>.<\/label><div class=\"invalid-feedback\"><\/div><\/div>\n<\/div>\n<\/div>\n<div class=\"wp-block-interactiv-technologies-it-field it-form-field it-form-field-email it-form-field--is-floating form-floating is-style-floating hasNoName\" data-field-name=\"mail_double_check\" data-field-type=\"email\" data-field-label=\"Enter email again\" data-field-required=\"false\"><input class=\"it-form-field-control form-control\" type=\"email\" name=\"mail_double_check\" id=\"it_form_mail_double_check\" placeholder=\"Enter email again\"\/><label class=\"it-form-field-label\" for=\"it_form_mail_double_check\">Enter email again<\/label><div class=\"invalid-feedback\"><\/div><\/div><input type=\"hidden\" name=\"name\" value=\"Estimation tarifaire Formation\"\/><input type=\"hidden\" name=\"product\" value=\"formation\"\/><input type=\"hidden\" name=\"tpl\" value=\"2722\"\/><input type=\"hidden\" name=\"landing\" value=\"1187\"\/><button class=\"btn-form-submit it-form-submit-btn\" type=\"submit\">Je valide pour conna\u00eetre le r\u00e9sultat<\/button><input type=\"hidden\" id=\"_wpnonce\" name=\"_wpnonce\" value=\"af7bbb042b\" \/><input type=\"hidden\" name=\"_wp_http_referer\" value=\"\/fr\/wp-json\/wp\/v2\/pages\/1001\" \/><\/form>\n<\/section>\n<\/div>\n","protected":false},"excerpt":{"rendered":"<p>Estimation du tarif de nos formations InDesign et\/ou EasyCatalog Le&nbsp;centre de formation&nbsp;d\u2019Interactiv\u2019 Technologies dispense des&nbsp;formations sur InDesign et EasyCatalog&nbsp;(plug-in d\u2019InDesign permettant la mise en page automatis\u00e9e). Une \u00e9quipe d\u2019une demi-douzaine de formateurs dispense&nbsp;toutes les semaines&nbsp;des formations, \u00e0 destination des professionnels. Les sessions peuvent \u00eatre acad\u00e9miques ou sur-mesure, g\u00e9n\u00e9ralistes ou traitant des points pr\u00e9cis. Nous proposons [&hellip;]<\/p>\n","protected":false},"author":2,"featured_media":0,"parent":3047,"menu_order":0,"comment_status":"closed","ping_status":"closed","template":"","meta":{"_seopress_robots_primary_cat":"","_seopress_titles_title":"%%post_title%% %%sep%% %%sitetitle%%","_seopress_titles_desc":"Obtenez votre estimation personnalis\u00e9e du tarif (demande de prix, devis) de nos formations \u00e0 InDesign et EasyCatalog, en moins de 3 minutes !","_seopress_robots_index":"","_it_page_product":"contact","_it_call_to_action":["{\"text\":\"T\u00e9l\u00e9chargez EasyCatalog\",\"url\":\"https:\/\/www.interactiv-technologies.com\/fr\/interactiv-publisher\/telecharger-easycatalog\/\"}","{\"text\":\"Parlons de votre projet\",\"url\":\"https:\/\/www.interactiv-technologies.com\/fr\/formation-easycatalog-adobe-indesign\/formulaire-projet-formation\/\"}","{\"text\":\"\",\"url\":\"\"}","{\"text\":\"\",\"url\":\"\"}"],"footnotes":""},"class_list":["post-1001","page","type-page","status-publish","hentry"],"_links":{"self":[{"href":"https:\/\/www.interactiv-technologies.com\/fr\/wp-json\/wp\/v2\/pages\/1001","targetHints":{"allow":["GET"]}}],"collection":[{"href":"https:\/\/www.interactiv-technologies.com\/fr\/wp-json\/wp\/v2\/pages"}],"about":[{"href":"https:\/\/www.interactiv-technologies.com\/fr\/wp-json\/wp\/v2\/types\/page"}],"author":[{"embeddable":true,"href":"https:\/\/www.interactiv-technologies.com\/fr\/wp-json\/wp\/v2\/users\/2"}],"replies":[{"embeddable":true,"href":"https:\/\/www.interactiv-technologies.com\/fr\/wp-json\/wp\/v2\/comments?post=1001"}],"version-history":[{"count":14,"href":"https:\/\/www.interactiv-technologies.com\/fr\/wp-json\/wp\/v2\/pages\/1001\/revisions"}],"predecessor-version":[{"id":6141,"href":"https:\/\/www.interactiv-technologies.com\/fr\/wp-json\/wp\/v2\/pages\/1001\/revisions\/6141"}],"up":[{"embeddable":true,"href":"https:\/\/www.interactiv-technologies.com\/fr\/wp-json\/wp\/v2\/pages\/3047"}],"wp:attachment":[{"href":"https:\/\/www.interactiv-technologies.com\/fr\/wp-json\/wp\/v2\/media?parent=1001"}],"curies":[{"name":"wp","href":"https:\/\/api.w.org\/{rel}","templated":true}]}}