{"id":5415,"date":"2024-01-27T23:27:08","date_gmt":"2024-01-27T22:27:08","guid":{"rendered":"https:\/\/www.interactiv-technologies.com\/fr\/interactiv-publisher\/form-easycatalog-price-estimate\/"},"modified":"2025-06-03T10:55:10","modified_gmt":"2025-06-03T08:55:10","slug":"form-easycatalog-price-estimate","status":"publish","type":"page","link":"https:\/\/www.interactiv-technologies.com\/en\/interactiv-publisher\/form-easycatalog-price-estimate\/","title":{"rendered":"Form EasyCatalog &#8211; Price Estimate"},"content":{"rendered":"<div class=\"wp-block-group is-layout-flow wp-block-group-is-layout-flow\">\n        <div class=\"wp-block-columns is-layout-flex wp-container-core-columns-is-layout-a54e0cfc wp-block-columns-is-layout-flex\" style=\"padding-top:var(--wp--preset--spacing--60);padding-bottom:var(--wp--preset--spacing--60)\">\n        <div class=\"wp-block-column is-layout-flow wp-block-column-is-layout-flow\" style=\"flex-basis: 100%;\">\n        <div class=\"wp-block-wpseopress-breadcrumbs\"><nav  aria-label=\"breadcrumb\"><ol class=\"breadcrumb\" itemscope itemtype=\"https:\/\/schema.org\/BreadcrumbList\"><li class=\"breadcrumb-item active\" aria-current=\"page\" itemprop=\"itemListElement\" itemscope itemtype=\"https:\/\/schema.org\/ListItem\"><span itemprop=\"name\">Home<\/span><meta itemprop=\"position\" content=\"1\"><\/li><\/ol><\/nav><\/div>\n        <h1>Price estimate for automated page layout on InDesign (EasyCatalog)<\/h1>                <\/div>        <\/div>        <\/div><div class=\"wp-block-group is-layout-flow wp-block-group-is-layout-flow\">\n        <div class=\"wp-block-columns is-layout-flex wp-container-core-columns-is-layout-a54e0cfc wp-block-columns-is-layout-flex\" style=\"padding-top:var(--wp--preset--spacing--60);padding-bottom:var(--wp--preset--spacing--60)\">\n        <div class=\"wp-block-column is-layout-flow wp-block-column-is-layout-flow\" style=\"flex-basis: 100%;\">\n        \n        <p>Vous souhaitez <strong>faciliter<\/strong> la <strong>cr\u00e9ation<\/strong> de vos <strong>catalogues<\/strong>, fiches produits, annuaires, \u00e9tiquettes etc\u2026 ?<\/p>\n<p>Gr\u00e2ce au plug-in <strong>d\u2019InDesign<\/strong> de <strong>mise en page automatis\u00e9e<\/strong> (EasyCatalog), nous vous proposons des <strong>solutions<\/strong>. Vous pouvez\u00a0:<\/p>\n<ul>\n<li>soit nous confier la <strong>r\u00e9alisation<\/strong> de votre catalogue \/ votre document<\/li>\n<li>soit<strong> r\u00e9aliser vous-m\u00eames<\/strong> vos catalogues \/ documents de fa\u00e7on automatis\u00e9e gr\u00e2ce \u00e0 EasyCatalog<\/li>\n<li>soit b\u00e9n\u00e9ficier de notre <strong>accompagnement<\/strong> sur EasyCatalog<\/li>\n<\/ul>\n<p>En <strong>3 minutes<\/strong>, r\u00e9pondez aux<strong> 3 questions<\/strong> suivantes pour avoir un devis en fonction de vos besoins.<\/p>                <\/div>        <\/div>        <\/div><div class=\"wp-block-group is-layout-flow wp-block-group-is-layout-flow\">\n        <div class=\"wp-block-columns is-layout-flex wp-container-core-columns-is-layout-a54e0cfc wp-block-columns-is-layout-flex\" style=\"padding-top:var(--wp--preset--spacing--60);padding-bottom:var(--wp--preset--spacing--60)\">\n        <div class=\"wp-block-column is-layout-flow wp-block-column-is-layout-flow\" style=\"flex-basis: 100%;\">\n        \n        <div class=\"wp-block-buttons is-content-justification-center is-layout-flex wp-container-core-buttons-is-layout-a89b3969 wp-block-buttons-is-layout-flex\">\n            \n            <div class=\"wp-block-button is-style-fill\">\n                <a class=\"wp-block-button__link wp-element-button\" href=\"https:\/\/www.interactiv-technologies.com\/fr\/formulaire-de-contact\/\">\n                    Contactez-nous                <\/a>\n            <\/div>\n            \n        <\/div>\n                <\/div>        <\/div>        <\/div><div class=\"wp-block-group is-layout-flow wp-block-group-is-layout-flow\">\n        <div class=\"wp-block-columns is-layout-flex wp-container-core-columns-is-layout-a54e0cfc wp-block-columns-is-layout-flex\" style=\"padding-top:var(--wp--preset--spacing--60);padding-bottom:var(--wp--preset--spacing--60)\">\n        <div class=\"wp-block-column is-layout-flow wp-block-column-is-layout-flow\" style=\"flex-basis: 33.333333333333%;\">\n                <\/div><div class=\"wp-block-column is-layout-flow wp-block-column-is-layout-flow\" style=\"flex-basis: 66.666666666667%;\">\n                <\/div>        <\/div>        <\/div>","protected":false},"excerpt":{"rendered":"<p>Price estimate for automated page layout on InDesign (EasyCatalog) Vous souhaitez faciliter la cr\u00e9ation de vos catalogues, fiches produits, annuaires, \u00e9tiquettes etc\u2026 ? Gr\u00e2ce au plug-in d\u2019InDesign de mise en page automatis\u00e9e (EasyCatalog), nous vous proposons des solutions. Vous pouvez\u00a0: soit nous confier la r\u00e9alisation de votre catalogue \/ votre document soit r\u00e9aliser vous-m\u00eames vos [&hellip;]<\/p>\n","protected":false},"author":1,"featured_media":0,"parent":5394,"menu_order":0,"comment_status":"closed","ping_status":"closed","template":"","meta":{"_seopress_robots_primary_cat":"","_seopress_titles_title":"","_seopress_titles_desc":"","_seopress_robots_index":"yes","_it_page_product":"ITPublisher","_it_call_to_action":["{\"text\":\"\",\"url\":\"\"}","{\"text\":\"\",\"url\":\"\"}","{\"text\":\"\",\"url\":\"\"}","{\"text\":\"\",\"url\":\"\"}"],"footnotes":""},"class_list":["post-5415","page","type-page","status-publish","hentry"],"_links":{"self":[{"href":"https:\/\/www.interactiv-technologies.com\/en\/wp-json\/wp\/v2\/pages\/5415","targetHints":{"allow":["GET"]}}],"collection":[{"href":"https:\/\/www.interactiv-technologies.com\/en\/wp-json\/wp\/v2\/pages"}],"about":[{"href":"https:\/\/www.interactiv-technologies.com\/en\/wp-json\/wp\/v2\/types\/page"}],"author":[{"embeddable":true,"href":"https:\/\/www.interactiv-technologies.com\/en\/wp-json\/wp\/v2\/users\/1"}],"replies":[{"embeddable":true,"href":"https:\/\/www.interactiv-technologies.com\/en\/wp-json\/wp\/v2\/comments?post=5415"}],"version-history":[{"count":2,"href":"https:\/\/www.interactiv-technologies.com\/en\/wp-json\/wp\/v2\/pages\/5415\/revisions"}],"predecessor-version":[{"id":12023,"href":"https:\/\/www.interactiv-technologies.com\/en\/wp-json\/wp\/v2\/pages\/5415\/revisions\/12023"}],"up":[{"embeddable":true,"href":"https:\/\/www.interactiv-technologies.com\/en\/wp-json\/wp\/v2\/pages\/5394"}],"wp:attachment":[{"href":"https:\/\/www.interactiv-technologies.com\/en\/wp-json\/wp\/v2\/media?parent=5415"}],"curies":[{"name":"wp","href":"https:\/\/api.w.org\/{rel}","templated":true}]}}