{"id":16385,"date":"2025-10-23T11:15:31","date_gmt":"2025-10-23T09:15:31","guid":{"rendered":"https:\/\/www.interactiv-technologies.com\/?page_id=16385"},"modified":"2026-04-13T09:46:08","modified_gmt":"2026-04-13T07:46:08","slug":"easycatalog-2026-update","status":"publish","type":"page","link":"https:\/\/www.interactiv-technologies.com\/en\/easycatalog-2026-update\/","title":{"rendered":"EasyCatalog 2026 Update"},"content":{"rendered":"\n<div class=\"wp-block-group alignfull has-violet-accent-background-color has-background has-global-padding is-layout-constrained wp-block-group-is-layout-constrained\" style=\"padding-top:var(--wp--preset--spacing--40);padding-bottom:var(--wp--preset--spacing--60)\">\n<div class=\"wp-block-group alignwide has-blanc-color has-text-color has-link-color has-small-font-size wp-elements-bf8c93ea3ef9660c3f317439d4e72dba has-global-padding is-layout-constrained wp-block-group-is-layout-constrained\"><div class=\"alignwide wp-block-wpseopress-breadcrumbs\"><nav  aria-label=\"breadcrumb\"><ol class=\"breadcrumb\" itemscope itemtype=\"https:\/\/schema.org\/BreadcrumbList\"><li class=\"breadcrumb-item active\" aria-current=\"page\" itemprop=\"itemListElement\" itemscope itemtype=\"https:\/\/schema.org\/ListItem\"><span itemprop=\"name\">Home<\/span><meta itemprop=\"position\" content=\"1\"><\/li><\/ol><\/nav><\/div><\/div>\n\n\n\n<h1 class=\"wp-block-heading has-text-align-center has-blanc-color has-text-color has-link-color wp-elements-7c43d57f0dd6d101b5ea1bd053cf7dcb\">Download EasyCatalog 2026<\/h1>\n<\/div>\n\n\n\n<div class=\"wp-block-columns is-layout-flex wp-container-core-columns-is-layout-0adb00f3 wp-block-columns-is-layout-flex\" style=\"padding-top:var(--wp--preset--spacing--50)\">\n<div class=\"wp-block-column is-layout-flow wp-block-column-is-layout-flow\" style=\"flex-basis:66.66%\">\n<div class=\"wp-block-group has-global-padding is-layout-constrained wp-block-group-is-layout-constrained\">\n<figure class=\"wp-block-image size-full\"><img loading=\"lazy\" decoding=\"async\" width=\"638\" height=\"83\" src=\"https:\/\/www.interactiv-technologies.com\/app\/uploads\/2024\/07\/Logo_EASYCATALOG_COULEUR_FRANCE.png\" alt=\"Logo EasyCatalog, plugin d'InDesign ; Interactiv' Technologies, 1er revendeur fran\u00e7ais\" class=\"wp-image-7321\" srcset=\"https:\/\/www.interactiv-technologies.com\/app\/uploads\/2024\/07\/Logo_EASYCATALOG_COULEUR_FRANCE.png 638w, https:\/\/www.interactiv-technologies.com\/app\/uploads\/2024\/07\/Logo_EASYCATALOG_COULEUR_FRANCE-300x39.png 300w\" sizes=\"auto, (max-width: 638px) 100vw, 638px\" \/><\/figure>\n\n\n\n<p>InDesign CC 2026 is here, and with it comes the brand-new version of EasyCatalog!<\/p>\n\n\n\n<p>This update features numerous optimizations and enhanced features, designed to <strong>streamline your daily use<\/strong> of the plugin.<\/p>\n\n\n\n<p class=\"has-violet-accent-color has-text-color has-link-color wp-elements-11e3e7db727ef90645b803e1f8e432fe\">\u26a0\ufe0f <strong>Warning:<\/strong> It is critical not to open or save documents in a new InDesign version without first installing the corresponding version of EasyCatalog. Doing so may <strong>break the link<\/strong> between your documents and your data.<\/p>\n\n\n\n<p class=\"has-violet-accent-color has-text-color has-link-color wp-elements-73b5f29f835d59c2f3d114c349397252\">Finally, as with any software update, we recommend <strong>backing up<\/strong> your EasyCatalog Workspace before installing the new version.<\/p>\n\n\n\n<p>To upgrade to EasyCatalog 2026 on Windows or macOS, simply <strong>fill out the form on the right<\/strong>.<\/p>\n<\/div>\n<\/div>\n\n\n\n<div class=\"wp-block-column is-layout-flow wp-block-column-is-layout-flow\" style=\"flex-basis:33.33%\">\n<div class=\"wp-block-group has-global-padding is-layout-constrained wp-block-group-is-layout-constrained\">\n<div class=\"wp-block-group has-global-padding is-layout-constrained wp-block-group-is-layout-constrained\">\n<form class=\"wp-block-interactiv-technologies-it-form needs-validation it-pattern-form-ezcat-dl it-pattern-card\" novalidate action=\"\" method=\"post\" enctype=\"multipart\/form-data\">\n<p class=\"it-form-title\">T\u00e9l\u00e9chargez EasyCatalog<\/p>\n\n\n\n<div class=\"wp-block-group has-global-padding is-layout-constrained wp-container-core-group-is-layout-7bc66994 wp-block-group-is-layout-constrained\">\n<div class=\"wp-block-interactiv-technologies-it-field it-form-field it-form-field-status it-form-field--required it-form-field--is-floating form-floating is-style-floating\" data-field-name=\"status\" data-field-type=\"status\" data-field-label=\"Vous \u00eates\" data-field-required=\"true\"><select id=\"it_form_status\" class=\"it-form-field-control form-select\" name=\"status\" required><option value=\"\" disabled selected>S\u00e9lectionner un statut<\/option><option value=\"company\">Une soci\u00e9t\u00e9<\/option><option value=\"agency\">Une agence<\/option><option value=\"freelance\">Un(e) freelance<\/option><option value=\"association\">Une association<\/option><option value=\"individual\">Un particulier<\/option><\/select><label class=\"it-form-field-label\" for=\"it_form_status\">Vous \u00eates<\/label><div class=\"invalid-feedback\"><\/div><\/div>\n\n\n\n<div class=\"wp-block-interactiv-technologies-it-field it-form-field it-form-field-text it-form-field--is-floating form-floating is-style-floating\" data-field-name=\"society\" data-field-type=\"text\" data-field-label=\"Soci\u00e9t\u00e9\" data-field-required=\"false\"><input id=\"it_form_society\" class=\"it-form-field-control form-control\" type=\"text\" name=\"society\" placeholder=\"Soci\u00e9t\u00e9\"\/><label class=\"it-form-field-label\" for=\"it_form_society\">Soci\u00e9t\u00e9<\/label><div class=\"invalid-feedback\"><\/div><\/div>\n\n\n\n<div class=\"wp-block-interactiv-technologies-it-field it-form-field it-form-field-text it-form-field--required it-form-field--is-floating form-floating is-style-floating\" data-field-name=\"identity\" data-field-type=\"text\" data-field-label=\"Nom Pr\u00e9nom\" data-field-required=\"true\"><input id=\"it_form_identity\" class=\"it-form-field-control form-control\" type=\"text\" name=\"identity\" placeholder=\"Nom Pr\u00e9nom\" required\/><label class=\"it-form-field-label\" for=\"it_form_identity\">Nom Pr\u00e9nom<\/label><div class=\"invalid-feedback\"><\/div><\/div>\n\n\n\n<div class=\"wp-block-interactiv-technologies-it-field it-form-field it-form-field-email it-form-field--required it-form-field--is-floating form-floating is-style-floating\" data-field-name=\"mail\" data-field-type=\"email\" data-field-label=\"E-mail\" data-field-required=\"true\"><input id=\"it_form_mail\" class=\"it-form-field-control form-control\" type=\"email\" name=\"mail\" placeholder=\"\" required\/><label class=\"it-form-field-label\" for=\"it_form_mail\">E-mail<\/label><div class=\"invalid-feedback\"><\/div><\/div>\n\n\n\n<div class=\"wp-block-interactiv-technologies-it-field it-form-field it-form-field-text it-form-field--required it-form-field--is-floating form-floating is-style-floating\" data-field-name=\"phone\" data-field-type=\"text\" data-field-label=\"T\u00e9l\u00e9phone\" data-field-required=\"true\"><input id=\"it_form_phone\" class=\"it-form-field-control form-control\" type=\"text\" name=\"phone\" placeholder=\"T\u00e9l\u00e9phone\" required\/><label class=\"it-form-field-label\" for=\"it_form_phone\">T\u00e9l\u00e9phone<\/label><div class=\"invalid-feedback\"><\/div><\/div>\n\n\n\n<div class=\"wp-block-interactiv-technologies-it-field it-form-field it-form-field-os_version it-form-field--required it-form-field--is-stacked is-style-stacked\" data-field-name=\"os\" data-field-type=\"os_version\" data-field-label=\"Syst\u00e8me d'exploitation\" data-field-required=\"true\" style=\"margin-top:var(--wp--preset--spacing--50)\"><div id=\"it_form_os\" class=\"it-form-field-control it-form-field-radio-inputs it-form-field-checkinputs it-form-field-checkinputs--inline\"><div class=\"form-check form-check-inline\"><input class=\"it-form-field-inputs-control form-check-input\" type=\"radio\" name=\"os\" value=\"windows\" id=\"it_form_os_windows\" required\/><label class=\"it-form-field-inputs-label form-check-label\" for=\"it_form_os_windows\">Windows<\/label><\/div><div class=\"form-check form-check-inline\"><input class=\"it-form-field-inputs-control form-check-input\" type=\"radio\" name=\"os\" value=\"macos\" id=\"it_form_os_macos\" required\/><label class=\"it-form-field-inputs-label form-check-label\" for=\"it_form_os_macos\">Mac OS<\/label><\/div><\/div><div class=\"it-form-field-label\">Syst\u00e8me d&#8217;exploitation<\/div><div class=\"invalid-feedback\"><\/div><\/div>\n\n\n\n<p class=\"has-text-align-center has-small-font-size\" style=\"margin-top:var(--wp--preset--spacing--50)\">Pour installer EasyCatalog vous devez disposer d&#8217;une version d&#8217;Adobe InDesign sup\u00e9rieure ou \u00e9gale \u00e0 CS6.<\/p>\n\n\n\n<div class=\"wp-block-interactiv-technologies-it-field it-form-field it-form-field-indesign_version it-form-field--required it-form-field--is-stacked is-style-stacked\" data-field-name=\"version\" data-field-type=\"indesign_version\" data-field-label=\"Votre version d'InDesign\" data-field-required=\"true\" style=\"margin-top:var(--wp--preset--spacing--50)\"><select id=\"it_form_version\" class=\"it-form-field-control form-select\" name=\"version\" required><option value=\"\" disabled selected>S\u00e9lectionner une version<\/option><option value=\"CC 2026\">CC 2026<\/option><option value=\"CC 2025\">CC 2025<\/option><option value=\"CC 2024\">CC 2024<\/option><option value=\"CC 2023\">CC 2023<\/option><option value=\"CC 2022\">CC 2022<\/option><option value=\"CC 2021 (InDesign 16.3 et +)\">CC 2021 (InDesign 16.3 et +)<\/option><option value=\"CC 2021 (InDesign de 16.0 \u00e0 16.2)\">CC 2021 (InDesign de 16.0 \u00e0 16.2)<\/option><option value=\"CC 2020\">CC 2020<\/option><option value=\"CC 2019\">CC 2019<\/option><option value=\"CC 2018\">CC 2018<\/option><option value=\"CC 2017\">CC 2017<\/option><option value=\"CC 2015\">CC 2015<\/option><option value=\"CC 2014\">CC 2014<\/option><option value=\"CC (9.x)\">CC (9.x)<\/option><option value=\"CS6\">CS6<\/option><\/select><label class=\"it-form-field-label\" for=\"it_form_version\">Votre version d&#8217;InDesign<\/label><div class=\"invalid-feedback\"><\/div><\/div>\n\n\n\n<div class=\"wp-block-interactiv-technologies-it-field it-form-field it-form-field-consent it-form-field--consent form-check it-form-field--required\" data-field-name=\"consent\" data-field-type=\"consent\" data-field-label=\"\" data-field-required=\"true\" style=\"margin-top:var(--wp--preset--spacing--30)\"><input id=\"it_form_consent\" class=\"it-form-field-control form-check-input\" type=\"checkbox\" name=\"consent\" value=\"ok\" required\/><label class=\"it-form-field-inputs-label form-check-label\" for=\"it_form_consent\">En soumettant ce formulaire, j\u2019accepte que les informations saisies soient exploit\u00e9es dans le cadre de la demande de d\u00e9monstration et la relation commerciale qui peut en d\u00e9couler.<br \/>\r\nPour connaitre et exercer vos droits, veuillez consulter notre <a href=\"https:\/\/www.interactiv-technologies.com\/fr\/politique-de-confidentialite-relative-aux-donnees-personnelles\/\">politique de confidentialit\u00e9<\/a>.<\/label><div class=\"invalid-feedback\"><\/div><\/div>\n<\/div>\n<div class=\"wp-block-interactiv-technologies-it-field it-form-field it-form-field-email it-form-field--is-floating form-floating is-style-floating hasNoName\" data-field-name=\"mail_double_check\" data-field-type=\"email\" data-field-label=\"Enter email again\" data-field-required=\"false\"><input class=\"it-form-field-control form-control\" type=\"email\" name=\"mail_double_check\" id=\"it_form_mail_double_check\" placeholder=\"Enter email again\"\/><label class=\"it-form-field-label\" for=\"it_form_mail_double_check\">Enter email again<\/label><div class=\"invalid-feedback\"><\/div><\/div><input type=\"hidden\" name=\"name\" value=\"T\u00e9l\u00e9chargez EasyCatalog\"\/><input type=\"hidden\" name=\"product\" value=\"itpublisher\"\/><input type=\"hidden\" name=\"tpl\" value=\"2714\"\/><input type=\"hidden\" name=\"usertpl\" value=\"2732\"\/><input type=\"hidden\" name=\"landing\" value=\"1197\"\/><button class=\"btn-form-submit it-form-submit-btn\" type=\"submit\">Je valide<\/button><input type=\"hidden\" id=\"_wpnonce\" name=\"_wpnonce\" value=\"84f957d058\" \/><input type=\"hidden\" name=\"_wp_http_referer\" value=\"\/en\/wp-json\/wp\/v2\/pages\/16385\" \/><\/form>\n<\/div>\n<\/div>\n<\/div>\n<\/div>\n","protected":false},"excerpt":{"rendered":"<p>Download EasyCatalog 2026 InDesign CC 2026 is here, and with it comes the brand-new version of EasyCatalog! This update features numerous optimizations and enhanced features, designed to streamline your daily use of the plugin. \u26a0\ufe0f Warning: It is critical not to open or save documents in a new InDesign version without first installing the corresponding [&hellip;]<\/p>\n","protected":false},"author":8,"featured_media":0,"parent":0,"menu_order":0,"comment_status":"closed","ping_status":"closed","template":"","meta":{"_seopress_robots_primary_cat":"","_seopress_titles_title":"EasyCatalog 2026 Update - Interactiv' Technologies","_seopress_titles_desc":"Download EasyCatalog 2026 now !","_seopress_robots_index":"","_it_page_product":"ITPublisher","_it_call_to_action":["{\"text\":\"\",\"url\":\"\"}","{\"text\":\"\",\"url\":\"\"}","{\"text\":\"\",\"url\":\"\"}","{\"text\":\"\",\"url\":\"\"}"],"footnotes":""},"class_list":["post-16385","page","type-page","status-publish","hentry"],"_links":{"self":[{"href":"https:\/\/www.interactiv-technologies.com\/en\/wp-json\/wp\/v2\/pages\/16385","targetHints":{"allow":["GET"]}}],"collection":[{"href":"https:\/\/www.interactiv-technologies.com\/en\/wp-json\/wp\/v2\/pages"}],"about":[{"href":"https:\/\/www.interactiv-technologies.com\/en\/wp-json\/wp\/v2\/types\/page"}],"author":[{"embeddable":true,"href":"https:\/\/www.interactiv-technologies.com\/en\/wp-json\/wp\/v2\/users\/8"}],"replies":[{"embeddable":true,"href":"https:\/\/www.interactiv-technologies.com\/en\/wp-json\/wp\/v2\/comments?post=16385"}],"version-history":[{"count":1,"href":"https:\/\/www.interactiv-technologies.com\/en\/wp-json\/wp\/v2\/pages\/16385\/revisions"}],"predecessor-version":[{"id":16388,"href":"https:\/\/www.interactiv-technologies.com\/en\/wp-json\/wp\/v2\/pages\/16385\/revisions\/16388"}],"wp:attachment":[{"href":"https:\/\/www.interactiv-technologies.com\/en\/wp-json\/wp\/v2\/media?parent=16385"}],"curies":[{"name":"wp","href":"https:\/\/api.w.org\/{rel}","templated":true}]}}